{"id":126967,"date":"2023-08-17T10:15:12","date_gmt":"2023-08-17T08:15:12","guid":{"rendered":"https:\/\/xometry.eu\/aerospace-industry\/"},"modified":"2026-03-13T17:26:48","modified_gmt":"2026-03-13T15:26:48","slug":"industria-aeroespacial","status":"publish","type":"page","link":"https:\/\/xometry.eu\/es\/industria-aeroespacial\/","title":{"rendered":"Aerospace Industry"},"content":{"rendered":"","protected":false},"excerpt":{"rendered":"","protected":false},"author":14,"featured_media":0,"parent":0,"menu_order":0,"comment_status":"closed","ping_status":"closed","template":"","meta":{"_acf_changed":false,"inline_featured_image":false,"footnotes":""},"class_list":["post-126967","page","type-page","status-publish","hentry"],"acf":[],"yoast_head":"<!-- This site is optimized with the Yoast SEO Premium plugin v20.5 (Yoast SEO v27.3) - https:\/\/yoast.com\/product\/yoast-seo-premium-wordpress\/ -->\n<title>Prototipos y piezas de producci\u00f3n para la industria aeroespacial | Xometry<\/title>\n<meta name=\"description\" content=\"Innove m\u00e1s r\u00e1pido con acceso instant\u00e1neo a las grandes capacidades de fabricaci\u00f3n, la red y la experiencia de Xometry en la industria aeroespacial\" \/>\n<meta name=\"robots\" content=\"index, follow, max-snippet:-1, max-image-preview:large, max-video-preview:-1\" \/>\n<link rel=\"canonical\" href=\"https:\/\/xometry.eu\/es\/industria-aeroespacial\/\" \/>\n<meta property=\"og:locale\" content=\"es_ES\" \/>\n<meta property=\"og:type\" content=\"article\" \/>\n<meta property=\"og:title\" content=\"Aerospace Industry\" \/>\n<meta property=\"og:description\" content=\"Innove m\u00e1s r\u00e1pido con acceso instant\u00e1neo a las grandes capacidades de fabricaci\u00f3n, la red y la experiencia de Xometry en la industria aeroespacial\" \/>\n<meta property=\"og:url\" content=\"https:\/\/xometry.eu\/es\/industria-aeroespacial\/\" \/>\n<meta property=\"og:site_name\" content=\"Xometry Europe\" \/>\n<meta property=\"article:modified_time\" content=\"2026-03-13T15:26:48+00:00\" \/>\n<meta name=\"twitter:card\" content=\"summary_large_image\" \/>\n<script type=\"application\/ld+json\" class=\"yoast-schema-graph\">{\"@context\":\"https:\\\/\\\/schema.org\",\"@graph\":[{\"@type\":\"WebPage\",\"@id\":\"https:\\\/\\\/xometry.eu\\\/es\\\/industria-aeroespacial\\\/\",\"url\":\"https:\\\/\\\/xometry.eu\\\/es\\\/industria-aeroespacial\\\/\",\"name\":\"Prototipos y piezas de producci\u00f3n para la industria aeroespacial | Xometry\",\"isPartOf\":{\"@id\":\"https:\\\/\\\/xometry.eu\\\/es\\\/#website\"},\"datePublished\":\"2023-08-17T08:15:12+00:00\",\"dateModified\":\"2026-03-13T15:26:48+00:00\",\"description\":\"Innove m\u00e1s r\u00e1pido con acceso instant\u00e1neo a las grandes capacidades de fabricaci\u00f3n, la red y la experiencia de Xometry en la industria aeroespacial\",\"breadcrumb\":{\"@id\":\"https:\\\/\\\/xometry.eu\\\/es\\\/industria-aeroespacial\\\/#breadcrumb\"},\"inLanguage\":\"es\",\"potentialAction\":[{\"@type\":\"ReadAction\",\"target\":[\"https:\\\/\\\/xometry.eu\\\/es\\\/industria-aeroespacial\\\/\"]}]},{\"@type\":\"BreadcrumbList\",\"@id\":\"https:\\\/\\\/xometry.eu\\\/es\\\/industria-aeroespacial\\\/#breadcrumb\",\"itemListElement\":[{\"@type\":\"ListItem\",\"position\":1,\"name\":\"Home\",\"item\":\"https:\\\/\\\/xometry.eu\\\/es\\\/\"},{\"@type\":\"ListItem\",\"position\":2,\"name\":\"Aerospace Industry\"}]},{\"@type\":\"WebSite\",\"@id\":\"https:\\\/\\\/xometry.eu\\\/es\\\/#website\",\"url\":\"https:\\\/\\\/xometry.eu\\\/es\\\/\",\"name\":\"Xometry Europe\",\"description\":\"\",\"publisher\":{\"@id\":\"https:\\\/\\\/xometry.eu\\\/es\\\/#organization\"},\"potentialAction\":[{\"@type\":\"SearchAction\",\"target\":{\"@type\":\"EntryPoint\",\"urlTemplate\":\"https:\\\/\\\/xometry.eu\\\/es\\\/?s={search_term_string}\"},\"query-input\":{\"@type\":\"PropertyValueSpecification\",\"valueRequired\":true,\"valueName\":\"search_term_string\"}}],\"inLanguage\":\"es\"}]}<\/script>\n<!-- \/ Yoast SEO Premium plugin. -->","yoast_head_json":{"title":"Prototipos y piezas de producci\u00f3n para la industria aeroespacial | Xometry","description":"Innove m\u00e1s r\u00e1pido con acceso instant\u00e1neo a las grandes capacidades de fabricaci\u00f3n, la red y la experiencia de Xometry en la industria aeroespacial","robots":{"index":"index","follow":"follow","max-snippet":"max-snippet:-1","max-image-preview":"max-image-preview:large","max-video-preview":"max-video-preview:-1"},"canonical":"https:\/\/xometry.eu\/es\/industria-aeroespacial\/","og_locale":"es_ES","og_type":"article","og_title":"Aerospace Industry","og_description":"Innove m\u00e1s r\u00e1pido con acceso instant\u00e1neo a las grandes capacidades de fabricaci\u00f3n, la red y la experiencia de Xometry en la industria aeroespacial","og_url":"https:\/\/xometry.eu\/es\/industria-aeroespacial\/","og_site_name":"Xometry Europe","article_modified_time":"2026-03-13T15:26:48+00:00","twitter_card":"summary_large_image","schema":{"@context":"https:\/\/schema.org","@graph":[{"@type":"WebPage","@id":"https:\/\/xometry.eu\/es\/industria-aeroespacial\/","url":"https:\/\/xometry.eu\/es\/industria-aeroespacial\/","name":"Prototipos y piezas de producci\u00f3n para la industria aeroespacial | Xometry","isPartOf":{"@id":"https:\/\/xometry.eu\/es\/#website"},"datePublished":"2023-08-17T08:15:12+00:00","dateModified":"2026-03-13T15:26:48+00:00","description":"Innove m\u00e1s r\u00e1pido con acceso instant\u00e1neo a las grandes capacidades de fabricaci\u00f3n, la red y la experiencia de Xometry en la industria aeroespacial","breadcrumb":{"@id":"https:\/\/xometry.eu\/es\/industria-aeroespacial\/#breadcrumb"},"inLanguage":"es","potentialAction":[{"@type":"ReadAction","target":["https:\/\/xometry.eu\/es\/industria-aeroespacial\/"]}]},{"@type":"BreadcrumbList","@id":"https:\/\/xometry.eu\/es\/industria-aeroespacial\/#breadcrumb","itemListElement":[{"@type":"ListItem","position":1,"name":"Home","item":"https:\/\/xometry.eu\/es\/"},{"@type":"ListItem","position":2,"name":"Aerospace Industry"}]},{"@type":"WebSite","@id":"https:\/\/xometry.eu\/es\/#website","url":"https:\/\/xometry.eu\/es\/","name":"Xometry Europe","description":"","publisher":{"@id":"https:\/\/xometry.eu\/es\/#organization"},"potentialAction":[{"@type":"SearchAction","target":{"@type":"EntryPoint","urlTemplate":"https:\/\/xometry.eu\/es\/?s={search_term_string}"},"query-input":{"@type":"PropertyValueSpecification","valueRequired":true,"valueName":"search_term_string"}}],"inLanguage":"es"}]}},"_links":{"self":[{"href":"https:\/\/xometry.eu\/es\/wp-json\/wp\/v2\/pages\/126967","targetHints":{"allow":["GET"]}}],"collection":[{"href":"https:\/\/xometry.eu\/es\/wp-json\/wp\/v2\/pages"}],"about":[{"href":"https:\/\/xometry.eu\/es\/wp-json\/wp\/v2\/types\/page"}],"author":[{"embeddable":true,"href":"https:\/\/xometry.eu\/es\/wp-json\/wp\/v2\/users\/14"}],"replies":[{"embeddable":true,"href":"https:\/\/xometry.eu\/es\/wp-json\/wp\/v2\/comments?post=126967"}],"version-history":[{"count":0,"href":"https:\/\/xometry.eu\/es\/wp-json\/wp\/v2\/pages\/126967\/revisions"}],"wp:attachment":[{"href":"https:\/\/xometry.eu\/es\/wp-json\/wp\/v2\/media?parent=126967"}],"curies":[{"name":"wp","href":"https:\/\/api.w.org\/{rel}","templated":true}]}}