{"id":121887,"date":"2024-01-26T11:57:19","date_gmt":"2024-01-26T09:57:19","guid":{"rendered":"https:\/\/xometry.eu\/?page_id=121887"},"modified":"2026-03-13T17:15:31","modified_gmt":"2026-03-13T15:15:31","slug":"fabricacion-por-conformado","status":"publish","type":"page","link":"https:\/\/xometry.eu\/es\/fabricacion-por-conformado\/","title":{"rendered":"Fabricaci\u00f3n por conformado"},"content":{"rendered":"","protected":false},"excerpt":{"rendered":"","protected":false},"author":10,"featured_media":0,"parent":0,"menu_order":0,"comment_status":"closed","ping_status":"closed","template":"","meta":{"_acf_changed":false,"inline_featured_image":false,"footnotes":""},"class_list":["post-121887","page","type-page","status-publish","hentry"],"acf":[],"yoast_head":"<!-- This site is optimized with the Yoast SEO Premium plugin v20.5 (Yoast SEO v27.1.1) - https:\/\/yoast.com\/product\/yoast-seo-premium-wordpress\/ -->\n<title>Servicios de fabricaci\u00f3n por conformado | 4 Tecnolog\u00edas | Xometry Europe<\/title>\n<meta name=\"description\" content=\"Xometry Europe ofrece 4 tecnolog\u00edas de fabricaci\u00f3n formativa que incluyen el moldeo por inyecci\u00f3n, la fundici\u00f3n a presi\u00f3n y otras.\" \/>\n<meta name=\"robots\" content=\"index, follow, max-snippet:-1, max-image-preview:large, max-video-preview:-1\" \/>\n<link rel=\"canonical\" href=\"https:\/\/xometry.eu\/es\/fabricacion-por-conformado\/\" \/>\n<meta property=\"og:locale\" content=\"es_ES\" \/>\n<meta property=\"og:type\" content=\"article\" \/>\n<meta property=\"og:title\" content=\"Fabricaci\u00f3n por conformado\" \/>\n<meta property=\"og:description\" content=\"Xometry Europe ofrece 4 tecnolog\u00edas de fabricaci\u00f3n formativa que incluyen el moldeo por inyecci\u00f3n, la fundici\u00f3n a presi\u00f3n y otras.\" \/>\n<meta property=\"og:url\" content=\"https:\/\/xometry.eu\/es\/fabricacion-por-conformado\/\" \/>\n<meta property=\"og:site_name\" content=\"Xometry Europe\" \/>\n<meta property=\"article:modified_time\" content=\"2026-03-13T15:15:31+00:00\" \/>\n<meta name=\"twitter:card\" content=\"summary_large_image\" \/>\n<script type=\"application\/ld+json\" class=\"yoast-schema-graph\">{\"@context\":\"https:\/\/schema.org\",\"@graph\":[{\"@type\":\"WebPage\",\"@id\":\"https:\/\/xometry.eu\/es\/fabricacion-por-conformado\/\",\"url\":\"https:\/\/xometry.eu\/es\/fabricacion-por-conformado\/\",\"name\":\"Servicios de fabricaci\u00f3n por conformado | 4 Tecnolog\u00edas | Xometry Europe\",\"isPartOf\":{\"@id\":\"https:\/\/xometry.eu\/es\/#website\"},\"datePublished\":\"2024-01-26T09:57:19+00:00\",\"dateModified\":\"2026-03-13T15:15:31+00:00\",\"description\":\"Xometry Europe ofrece 4 tecnolog\u00edas de fabricaci\u00f3n formativa que incluyen el moldeo por inyecci\u00f3n, la fundici\u00f3n a presi\u00f3n y otras.\",\"breadcrumb\":{\"@id\":\"https:\/\/xometry.eu\/es\/fabricacion-por-conformado\/#breadcrumb\"},\"inLanguage\":\"es\",\"potentialAction\":[{\"@type\":\"ReadAction\",\"target\":[\"https:\/\/xometry.eu\/es\/fabricacion-por-conformado\/\"]}]},{\"@type\":\"BreadcrumbList\",\"@id\":\"https:\/\/xometry.eu\/es\/fabricacion-por-conformado\/#breadcrumb\",\"itemListElement\":[{\"@type\":\"ListItem\",\"position\":1,\"name\":\"Home\",\"item\":\"https:\/\/xometry.eu\/es\/\"},{\"@type\":\"ListItem\",\"position\":2,\"name\":\"Fabricaci\u00f3n por conformado\"}]},{\"@type\":\"WebSite\",\"@id\":\"https:\/\/xometry.eu\/es\/#website\",\"url\":\"https:\/\/xometry.eu\/es\/\",\"name\":\"Xometry Europe\",\"description\":\"\",\"publisher\":{\"@id\":\"https:\/\/xometry.eu\/es\/#organization\"},\"potentialAction\":[{\"@type\":\"SearchAction\",\"target\":{\"@type\":\"EntryPoint\",\"urlTemplate\":\"https:\/\/xometry.eu\/es\/?s={search_term_string}\"},\"query-input\":{\"@type\":\"PropertyValueSpecification\",\"valueRequired\":true,\"valueName\":\"search_term_string\"}}],\"inLanguage\":\"es\"}]}<\/script>\n<!-- \/ Yoast SEO Premium plugin. -->","yoast_head_json":{"title":"Servicios de fabricaci\u00f3n por conformado | 4 Tecnolog\u00edas | Xometry Europe","description":"Xometry Europe ofrece 4 tecnolog\u00edas de fabricaci\u00f3n formativa que incluyen el moldeo por inyecci\u00f3n, la fundici\u00f3n a presi\u00f3n y otras.","robots":{"index":"index","follow":"follow","max-snippet":"max-snippet:-1","max-image-preview":"max-image-preview:large","max-video-preview":"max-video-preview:-1"},"canonical":"https:\/\/xometry.eu\/es\/fabricacion-por-conformado\/","og_locale":"es_ES","og_type":"article","og_title":"Fabricaci\u00f3n por conformado","og_description":"Xometry Europe ofrece 4 tecnolog\u00edas de fabricaci\u00f3n formativa que incluyen el moldeo por inyecci\u00f3n, la fundici\u00f3n a presi\u00f3n y otras.","og_url":"https:\/\/xometry.eu\/es\/fabricacion-por-conformado\/","og_site_name":"Xometry Europe","article_modified_time":"2026-03-13T15:15:31+00:00","twitter_card":"summary_large_image","schema":{"@context":"https:\/\/schema.org","@graph":[{"@type":"WebPage","@id":"https:\/\/xometry.eu\/es\/fabricacion-por-conformado\/","url":"https:\/\/xometry.eu\/es\/fabricacion-por-conformado\/","name":"Servicios de fabricaci\u00f3n por conformado | 4 Tecnolog\u00edas | Xometry Europe","isPartOf":{"@id":"https:\/\/xometry.eu\/es\/#website"},"datePublished":"2024-01-26T09:57:19+00:00","dateModified":"2026-03-13T15:15:31+00:00","description":"Xometry Europe ofrece 4 tecnolog\u00edas de fabricaci\u00f3n formativa que incluyen el moldeo por inyecci\u00f3n, la fundici\u00f3n a presi\u00f3n y otras.","breadcrumb":{"@id":"https:\/\/xometry.eu\/es\/fabricacion-por-conformado\/#breadcrumb"},"inLanguage":"es","potentialAction":[{"@type":"ReadAction","target":["https:\/\/xometry.eu\/es\/fabricacion-por-conformado\/"]}]},{"@type":"BreadcrumbList","@id":"https:\/\/xometry.eu\/es\/fabricacion-por-conformado\/#breadcrumb","itemListElement":[{"@type":"ListItem","position":1,"name":"Home","item":"https:\/\/xometry.eu\/es\/"},{"@type":"ListItem","position":2,"name":"Fabricaci\u00f3n por conformado"}]},{"@type":"WebSite","@id":"https:\/\/xometry.eu\/es\/#website","url":"https:\/\/xometry.eu\/es\/","name":"Xometry Europe","description":"","publisher":{"@id":"https:\/\/xometry.eu\/es\/#organization"},"potentialAction":[{"@type":"SearchAction","target":{"@type":"EntryPoint","urlTemplate":"https:\/\/xometry.eu\/es\/?s={search_term_string}"},"query-input":{"@type":"PropertyValueSpecification","valueRequired":true,"valueName":"search_term_string"}}],"inLanguage":"es"}]}},"_links":{"self":[{"href":"https:\/\/xometry.eu\/es\/wp-json\/wp\/v2\/pages\/121887","targetHints":{"allow":["GET"]}}],"collection":[{"href":"https:\/\/xometry.eu\/es\/wp-json\/wp\/v2\/pages"}],"about":[{"href":"https:\/\/xometry.eu\/es\/wp-json\/wp\/v2\/types\/page"}],"author":[{"embeddable":true,"href":"https:\/\/xometry.eu\/es\/wp-json\/wp\/v2\/users\/10"}],"replies":[{"embeddable":true,"href":"https:\/\/xometry.eu\/es\/wp-json\/wp\/v2\/comments?post=121887"}],"version-history":[{"count":3,"href":"https:\/\/xometry.eu\/es\/wp-json\/wp\/v2\/pages\/121887\/revisions"}],"predecessor-version":[{"id":172473,"href":"https:\/\/xometry.eu\/es\/wp-json\/wp\/v2\/pages\/121887\/revisions\/172473"}],"wp:attachment":[{"href":"https:\/\/xometry.eu\/es\/wp-json\/wp\/v2\/media?parent=121887"}],"curies":[{"name":"wp","href":"https:\/\/api.w.org\/{rel}","templated":true}]}}