{"id":65410,"date":"2022-05-31T15:18:56","date_gmt":"2022-05-31T15:18:56","guid":{"rendered":"https:\/\/xometry.eu\/?page_id=65410"},"modified":"2026-03-13T15:02:57","modified_gmt":"2026-03-13T13:02:57","slug":"mechanische-bauteilen-fur-die-elektronikindustrie","status":"publish","type":"page","link":"https:\/\/xometry.eu\/de\/mechanische-bauteilen-fur-die-elektronikindustrie\/","title":{"rendered":"Elektronikindustrie"},"content":{"rendered":"","protected":false},"excerpt":{"rendered":"","protected":false},"author":10,"featured_media":0,"parent":0,"menu_order":0,"comment_status":"closed","ping_status":"closed","template":"","meta":{"_acf_changed":false,"inline_featured_image":false,"footnotes":""},"class_list":["post-65410","page","type-page","status-publish","hentry"],"acf":[],"yoast_head":"<!-- This site is optimized with the Yoast SEO Premium plugin v20.5 (Yoast SEO v27.1.1) - https:\/\/yoast.com\/product\/yoast-seo-premium-wordpress\/ -->\n<title>On-Demand gefertigte mechanische Bauteilen f\u00fcr die Elektronikindustrie | Xometry<\/title>\n<meta name=\"description\" content=\"Xometry bietet vier verschiedene Fertigungsprozesse f\u00fcr die On-Demand Fertigung von Bauteilen f\u00fcr die Elektronikindustrie.\" \/>\n<meta name=\"robots\" content=\"index, follow, max-snippet:-1, max-image-preview:large, max-video-preview:-1\" \/>\n<link rel=\"canonical\" href=\"https:\/\/xometry.eu\/de\/mechanische-bauteilen-fur-die-elektronikindustrie\/\" \/>\n<meta property=\"og:locale\" content=\"de_DE\" \/>\n<meta property=\"og:type\" content=\"article\" \/>\n<meta property=\"og:title\" content=\"Elektronikindustrie\" \/>\n<meta property=\"og:description\" content=\"Xometry bietet vier verschiedene Fertigungsprozesse f\u00fcr die On-Demand Fertigung von Bauteilen f\u00fcr die Elektronikindustrie.\" \/>\n<meta property=\"og:url\" content=\"https:\/\/xometry.eu\/de\/mechanische-bauteilen-fur-die-elektronikindustrie\/\" \/>\n<meta property=\"og:site_name\" content=\"Xometry Europe\" \/>\n<meta property=\"article:modified_time\" content=\"2026-03-13T13:02:57+00:00\" \/>\n<meta name=\"twitter:card\" content=\"summary_large_image\" \/>\n<script type=\"application\/ld+json\" class=\"yoast-schema-graph\">{\"@context\":\"https:\/\/schema.org\",\"@graph\":[{\"@type\":\"WebPage\",\"@id\":\"https:\/\/xometry.eu\/de\/mechanische-bauteilen-fur-die-elektronikindustrie\/\",\"url\":\"https:\/\/xometry.eu\/de\/mechanische-bauteilen-fur-die-elektronikindustrie\/\",\"name\":\"On-Demand gefertigte mechanische Bauteilen f\u00fcr die Elektronikindustrie | Xometry\",\"isPartOf\":{\"@id\":\"https:\/\/xometry.eu\/de\/#website\"},\"datePublished\":\"2022-05-31T15:18:56+00:00\",\"dateModified\":\"2026-03-13T13:02:57+00:00\",\"description\":\"Xometry bietet vier verschiedene Fertigungsprozesse f\u00fcr die On-Demand Fertigung von Bauteilen f\u00fcr die Elektronikindustrie.\",\"breadcrumb\":{\"@id\":\"https:\/\/xometry.eu\/de\/mechanische-bauteilen-fur-die-elektronikindustrie\/#breadcrumb\"},\"inLanguage\":\"de\",\"potentialAction\":[{\"@type\":\"ReadAction\",\"target\":[\"https:\/\/xometry.eu\/de\/mechanische-bauteilen-fur-die-elektronikindustrie\/\"]}]},{\"@type\":\"BreadcrumbList\",\"@id\":\"https:\/\/xometry.eu\/de\/mechanische-bauteilen-fur-die-elektronikindustrie\/#breadcrumb\",\"itemListElement\":[{\"@type\":\"ListItem\",\"position\":1,\"name\":\"Home\",\"item\":\"https:\/\/xometry.eu\/de\/\"},{\"@type\":\"ListItem\",\"position\":2,\"name\":\"Elektronikindustrie\"}]},{\"@type\":\"WebSite\",\"@id\":\"https:\/\/xometry.eu\/de\/#website\",\"url\":\"https:\/\/xometry.eu\/de\/\",\"name\":\"Xometry Europe\",\"description\":\"\",\"publisher\":{\"@id\":\"https:\/\/xometry.eu\/de\/#organization\"},\"potentialAction\":[{\"@type\":\"SearchAction\",\"target\":{\"@type\":\"EntryPoint\",\"urlTemplate\":\"https:\/\/xometry.eu\/de\/?s={search_term_string}\"},\"query-input\":{\"@type\":\"PropertyValueSpecification\",\"valueRequired\":true,\"valueName\":\"search_term_string\"}}],\"inLanguage\":\"de\"}]}<\/script>\n<!-- \/ Yoast SEO Premium plugin. -->","yoast_head_json":{"title":"On-Demand gefertigte mechanische Bauteilen f\u00fcr die Elektronikindustrie | Xometry","description":"Xometry bietet vier verschiedene Fertigungsprozesse f\u00fcr die On-Demand Fertigung von Bauteilen f\u00fcr die Elektronikindustrie.","robots":{"index":"index","follow":"follow","max-snippet":"max-snippet:-1","max-image-preview":"max-image-preview:large","max-video-preview":"max-video-preview:-1"},"canonical":"https:\/\/xometry.eu\/de\/mechanische-bauteilen-fur-die-elektronikindustrie\/","og_locale":"de_DE","og_type":"article","og_title":"Elektronikindustrie","og_description":"Xometry bietet vier verschiedene Fertigungsprozesse f\u00fcr die On-Demand Fertigung von Bauteilen f\u00fcr die Elektronikindustrie.","og_url":"https:\/\/xometry.eu\/de\/mechanische-bauteilen-fur-die-elektronikindustrie\/","og_site_name":"Xometry Europe","article_modified_time":"2026-03-13T13:02:57+00:00","twitter_card":"summary_large_image","schema":{"@context":"https:\/\/schema.org","@graph":[{"@type":"WebPage","@id":"https:\/\/xometry.eu\/de\/mechanische-bauteilen-fur-die-elektronikindustrie\/","url":"https:\/\/xometry.eu\/de\/mechanische-bauteilen-fur-die-elektronikindustrie\/","name":"On-Demand gefertigte mechanische Bauteilen f\u00fcr die Elektronikindustrie | Xometry","isPartOf":{"@id":"https:\/\/xometry.eu\/de\/#website"},"datePublished":"2022-05-31T15:18:56+00:00","dateModified":"2026-03-13T13:02:57+00:00","description":"Xometry bietet vier verschiedene Fertigungsprozesse f\u00fcr die On-Demand Fertigung von Bauteilen f\u00fcr die Elektronikindustrie.","breadcrumb":{"@id":"https:\/\/xometry.eu\/de\/mechanische-bauteilen-fur-die-elektronikindustrie\/#breadcrumb"},"inLanguage":"de","potentialAction":[{"@type":"ReadAction","target":["https:\/\/xometry.eu\/de\/mechanische-bauteilen-fur-die-elektronikindustrie\/"]}]},{"@type":"BreadcrumbList","@id":"https:\/\/xometry.eu\/de\/mechanische-bauteilen-fur-die-elektronikindustrie\/#breadcrumb","itemListElement":[{"@type":"ListItem","position":1,"name":"Home","item":"https:\/\/xometry.eu\/de\/"},{"@type":"ListItem","position":2,"name":"Elektronikindustrie"}]},{"@type":"WebSite","@id":"https:\/\/xometry.eu\/de\/#website","url":"https:\/\/xometry.eu\/de\/","name":"Xometry Europe","description":"","publisher":{"@id":"https:\/\/xometry.eu\/de\/#organization"},"potentialAction":[{"@type":"SearchAction","target":{"@type":"EntryPoint","urlTemplate":"https:\/\/xometry.eu\/de\/?s={search_term_string}"},"query-input":{"@type":"PropertyValueSpecification","valueRequired":true,"valueName":"search_term_string"}}],"inLanguage":"de"}]}},"_links":{"self":[{"href":"https:\/\/xometry.eu\/de\/wp-json\/wp\/v2\/pages\/65410","targetHints":{"allow":["GET"]}}],"collection":[{"href":"https:\/\/xometry.eu\/de\/wp-json\/wp\/v2\/pages"}],"about":[{"href":"https:\/\/xometry.eu\/de\/wp-json\/wp\/v2\/types\/page"}],"author":[{"embeddable":true,"href":"https:\/\/xometry.eu\/de\/wp-json\/wp\/v2\/users\/10"}],"replies":[{"embeddable":true,"href":"https:\/\/xometry.eu\/de\/wp-json\/wp\/v2\/comments?post=65410"}],"version-history":[{"count":4,"href":"https:\/\/xometry.eu\/de\/wp-json\/wp\/v2\/pages\/65410\/revisions"}],"predecessor-version":[{"id":172398,"href":"https:\/\/xometry.eu\/de\/wp-json\/wp\/v2\/pages\/65410\/revisions\/172398"}],"wp:attachment":[{"href":"https:\/\/xometry.eu\/de\/wp-json\/wp\/v2\/media?parent=65410"}],"curies":[{"name":"wp","href":"https:\/\/api.w.org\/{rel}","templated":true}]}}