{"id":55587,"date":"2022-03-04T13:23:08","date_gmt":"2022-03-04T13:23:08","guid":{"rendered":"https:\/\/xometry.eu\/?page_id=55587"},"modified":"2024-10-17T17:13:19","modified_gmt":"2024-10-17T15:13:19","slug":"karriere","status":"publish","type":"page","link":"https:\/\/xometry.eu\/de\/karriere\/","title":{"rendered":"Karriere"},"content":{"rendered":"","protected":false},"excerpt":{"rendered":"","protected":false},"author":10,"featured_media":0,"parent":0,"menu_order":0,"comment_status":"closed","ping_status":"closed","template":"","meta":{"_acf_changed":false,"inline_featured_image":false,"footnotes":""},"class_list":["post-55587","page","type-page","status-publish","hentry"],"acf":[],"yoast_head":"<!-- This site is optimized with the Yoast SEO Premium plugin v20.5 (Yoast SEO v27.3) - https:\/\/yoast.com\/product\/yoast-seo-premium-wordpress\/ -->\n<title>Karriere &amp; Jobangebote | Xometry Europe<\/title>\n<meta name=\"description\" content=\"Schlie\u00df dich Xometry Europe an, der weltgr\u00f6\u00dften On-Demand Produktionsplattform der Fertigungsindustrie.\" \/>\n<meta name=\"robots\" content=\"index, follow, max-snippet:-1, max-image-preview:large, max-video-preview:-1\" \/>\n<link rel=\"canonical\" href=\"https:\/\/xometry.eu\/de\/karriere\/\" \/>\n<meta property=\"og:locale\" content=\"de_DE\" \/>\n<meta property=\"og:type\" content=\"article\" \/>\n<meta property=\"og:title\" content=\"Karriere\" \/>\n<meta property=\"og:description\" content=\"Schlie\u00df dich Xometry Europe an, der weltgr\u00f6\u00dften On-Demand Produktionsplattform der Fertigungsindustrie.\" \/>\n<meta property=\"og:url\" content=\"https:\/\/xometry.eu\/de\/karriere\/\" \/>\n<meta property=\"og:site_name\" content=\"Xometry Europe\" \/>\n<meta property=\"article:modified_time\" content=\"2024-10-17T15:13:19+00:00\" \/>\n<meta name=\"twitter:card\" content=\"summary_large_image\" \/>\n<script type=\"application\/ld+json\" class=\"yoast-schema-graph\">{\"@context\":\"https:\\\/\\\/schema.org\",\"@graph\":[{\"@type\":\"WebPage\",\"@id\":\"https:\\\/\\\/xometry.eu\\\/de\\\/karriere\\\/\",\"url\":\"https:\\\/\\\/xometry.eu\\\/de\\\/karriere\\\/\",\"name\":\"Karriere & Jobangebote | Xometry Europe\",\"isPartOf\":{\"@id\":\"https:\\\/\\\/xometry.eu\\\/de\\\/#website\"},\"datePublished\":\"2022-03-04T13:23:08+00:00\",\"dateModified\":\"2024-10-17T15:13:19+00:00\",\"description\":\"Schlie\u00df dich Xometry Europe an, der weltgr\u00f6\u00dften On-Demand Produktionsplattform der Fertigungsindustrie.\",\"breadcrumb\":{\"@id\":\"https:\\\/\\\/xometry.eu\\\/de\\\/karriere\\\/#breadcrumb\"},\"inLanguage\":\"de\",\"potentialAction\":[{\"@type\":\"ReadAction\",\"target\":[\"https:\\\/\\\/xometry.eu\\\/de\\\/karriere\\\/\"]}]},{\"@type\":\"BreadcrumbList\",\"@id\":\"https:\\\/\\\/xometry.eu\\\/de\\\/karriere\\\/#breadcrumb\",\"itemListElement\":[{\"@type\":\"ListItem\",\"position\":1,\"name\":\"Home\",\"item\":\"https:\\\/\\\/xometry.eu\\\/de\\\/\"},{\"@type\":\"ListItem\",\"position\":2,\"name\":\"Karriere\"}]},{\"@type\":\"WebSite\",\"@id\":\"https:\\\/\\\/xometry.eu\\\/de\\\/#website\",\"url\":\"https:\\\/\\\/xometry.eu\\\/de\\\/\",\"name\":\"Xometry Europe\",\"description\":\"\",\"publisher\":{\"@id\":\"https:\\\/\\\/xometry.eu\\\/de\\\/#organization\"},\"potentialAction\":[{\"@type\":\"SearchAction\",\"target\":{\"@type\":\"EntryPoint\",\"urlTemplate\":\"https:\\\/\\\/xometry.eu\\\/de\\\/?s={search_term_string}\"},\"query-input\":{\"@type\":\"PropertyValueSpecification\",\"valueRequired\":true,\"valueName\":\"search_term_string\"}}],\"inLanguage\":\"de\"}]}<\/script>\n<!-- \/ Yoast SEO Premium plugin. -->","yoast_head_json":{"title":"Karriere & Jobangebote | Xometry Europe","description":"Schlie\u00df dich Xometry Europe an, der weltgr\u00f6\u00dften On-Demand Produktionsplattform der Fertigungsindustrie.","robots":{"index":"index","follow":"follow","max-snippet":"max-snippet:-1","max-image-preview":"max-image-preview:large","max-video-preview":"max-video-preview:-1"},"canonical":"https:\/\/xometry.eu\/de\/karriere\/","og_locale":"de_DE","og_type":"article","og_title":"Karriere","og_description":"Schlie\u00df dich Xometry Europe an, der weltgr\u00f6\u00dften On-Demand Produktionsplattform der Fertigungsindustrie.","og_url":"https:\/\/xometry.eu\/de\/karriere\/","og_site_name":"Xometry Europe","article_modified_time":"2024-10-17T15:13:19+00:00","twitter_card":"summary_large_image","schema":{"@context":"https:\/\/schema.org","@graph":[{"@type":"WebPage","@id":"https:\/\/xometry.eu\/de\/karriere\/","url":"https:\/\/xometry.eu\/de\/karriere\/","name":"Karriere & Jobangebote | Xometry Europe","isPartOf":{"@id":"https:\/\/xometry.eu\/de\/#website"},"datePublished":"2022-03-04T13:23:08+00:00","dateModified":"2024-10-17T15:13:19+00:00","description":"Schlie\u00df dich Xometry Europe an, der weltgr\u00f6\u00dften On-Demand Produktionsplattform der Fertigungsindustrie.","breadcrumb":{"@id":"https:\/\/xometry.eu\/de\/karriere\/#breadcrumb"},"inLanguage":"de","potentialAction":[{"@type":"ReadAction","target":["https:\/\/xometry.eu\/de\/karriere\/"]}]},{"@type":"BreadcrumbList","@id":"https:\/\/xometry.eu\/de\/karriere\/#breadcrumb","itemListElement":[{"@type":"ListItem","position":1,"name":"Home","item":"https:\/\/xometry.eu\/de\/"},{"@type":"ListItem","position":2,"name":"Karriere"}]},{"@type":"WebSite","@id":"https:\/\/xometry.eu\/de\/#website","url":"https:\/\/xometry.eu\/de\/","name":"Xometry Europe","description":"","publisher":{"@id":"https:\/\/xometry.eu\/de\/#organization"},"potentialAction":[{"@type":"SearchAction","target":{"@type":"EntryPoint","urlTemplate":"https:\/\/xometry.eu\/de\/?s={search_term_string}"},"query-input":{"@type":"PropertyValueSpecification","valueRequired":true,"valueName":"search_term_string"}}],"inLanguage":"de"}]}},"_links":{"self":[{"href":"https:\/\/xometry.eu\/de\/wp-json\/wp\/v2\/pages\/55587","targetHints":{"allow":["GET"]}}],"collection":[{"href":"https:\/\/xometry.eu\/de\/wp-json\/wp\/v2\/pages"}],"about":[{"href":"https:\/\/xometry.eu\/de\/wp-json\/wp\/v2\/types\/page"}],"author":[{"embeddable":true,"href":"https:\/\/xometry.eu\/de\/wp-json\/wp\/v2\/users\/10"}],"replies":[{"embeddable":true,"href":"https:\/\/xometry.eu\/de\/wp-json\/wp\/v2\/comments?post=55587"}],"version-history":[{"count":0,"href":"https:\/\/xometry.eu\/de\/wp-json\/wp\/v2\/pages\/55587\/revisions"}],"wp:attachment":[{"href":"https:\/\/xometry.eu\/de\/wp-json\/wp\/v2\/media?parent=55587"}],"curies":[{"name":"wp","href":"https:\/\/api.w.org\/{rel}","templated":true}]}}