{"id":43460,"date":"2021-11-08T09:35:22","date_gmt":"2021-11-08T09:35:22","guid":{"rendered":"https:\/\/xometry.eu\/?page_id=43460"},"modified":"2026-03-13T15:08:47","modified_gmt":"2026-03-13T13:08:47","slug":"rapid-prototyping","status":"publish","type":"page","link":"https:\/\/xometry.eu\/de\/rapid-prototyping\/","title":{"rendered":"Rapid Prototyping"},"content":{"rendered":"","protected":false},"excerpt":{"rendered":"","protected":false},"author":10,"featured_media":42685,"parent":0,"menu_order":0,"comment_status":"closed","ping_status":"closed","template":"","meta":{"_acf_changed":false,"inline_featured_image":false,"footnotes":""},"class_list":["post-43460","page","type-page","status-publish","has-post-thumbnail","hentry"],"acf":[],"yoast_head":"<!-- This site is optimized with the Yoast SEO Premium plugin v20.5 (Yoast SEO v27.1.1) - https:\/\/yoast.com\/product\/yoast-seo-premium-wordpress\/ -->\n<title>Fertigungsverfahren f\u00fcr Rapid Prototyping | Xometry Europe<\/title>\n<meta name=\"description\" content=\"Nutzen Sie Rapid Prototyping zur Fertigung von Teilen und zur Umsetzung schneller und h\u00e4ufiger \u00c4nderungen ihrer Entw\u00fcrfe.\" \/>\n<meta name=\"robots\" content=\"index, follow, max-snippet:-1, max-image-preview:large, max-video-preview:-1\" \/>\n<link rel=\"canonical\" href=\"https:\/\/xometry.eu\/de\/rapid-prototyping\/\" \/>\n<meta property=\"og:locale\" content=\"de_DE\" \/>\n<meta property=\"og:type\" content=\"article\" \/>\n<meta property=\"og:title\" content=\"Rapid Prototyping\" \/>\n<meta property=\"og:description\" content=\"Nutzen Sie Rapid Prototyping zur Fertigung von Teilen und zur Umsetzung schneller und h\u00e4ufiger \u00c4nderungen ihrer Entw\u00fcrfe.\" \/>\n<meta property=\"og:url\" content=\"https:\/\/xometry.eu\/de\/rapid-prototyping\/\" \/>\n<meta property=\"og:site_name\" content=\"Xometry Europe\" \/>\n<meta property=\"article:modified_time\" content=\"2026-03-13T13:08:47+00:00\" \/>\n<meta property=\"og:image\" content=\"https:\/\/xometry.eu\/wp-content\/uploads\/2021\/10\/Prototyping-1.jpg\" \/>\n\t<meta property=\"og:image:width\" content=\"1500\" \/>\n\t<meta property=\"og:image:height\" content=\"841\" \/>\n\t<meta property=\"og:image:type\" content=\"image\/jpeg\" \/>\n<meta name=\"twitter:card\" content=\"summary_large_image\" \/>\n<script type=\"application\/ld+json\" class=\"yoast-schema-graph\">{\"@context\":\"https:\/\/schema.org\",\"@graph\":[{\"@type\":\"WebPage\",\"@id\":\"https:\/\/xometry.eu\/de\/rapid-prototyping\/\",\"url\":\"https:\/\/xometry.eu\/de\/rapid-prototyping\/\",\"name\":\"Fertigungsverfahren f\u00fcr Rapid Prototyping | Xometry Europe\",\"isPartOf\":{\"@id\":\"https:\/\/xometry.eu\/de\/#website\"},\"primaryImageOfPage\":{\"@id\":\"https:\/\/xometry.eu\/de\/rapid-prototyping\/#primaryimage\"},\"image\":{\"@id\":\"https:\/\/xometry.eu\/de\/rapid-prototyping\/#primaryimage\"},\"thumbnailUrl\":\"https:\/\/xometry.eu\/wp-content\/uploads\/2021\/10\/Prototyping-1.jpg\",\"datePublished\":\"2021-11-08T09:35:22+00:00\",\"dateModified\":\"2026-03-13T13:08:47+00:00\",\"description\":\"Nutzen Sie Rapid Prototyping zur Fertigung von Teilen und zur Umsetzung schneller und h\u00e4ufiger \u00c4nderungen ihrer Entw\u00fcrfe.\",\"breadcrumb\":{\"@id\":\"https:\/\/xometry.eu\/de\/rapid-prototyping\/#breadcrumb\"},\"inLanguage\":\"de\",\"potentialAction\":[{\"@type\":\"ReadAction\",\"target\":[\"https:\/\/xometry.eu\/de\/rapid-prototyping\/\"]}]},{\"@type\":\"ImageObject\",\"inLanguage\":\"de\",\"@id\":\"https:\/\/xometry.eu\/de\/rapid-prototyping\/#primaryimage\",\"url\":\"https:\/\/xometry.eu\/wp-content\/uploads\/2021\/10\/Prototyping-1.jpg\",\"contentUrl\":\"https:\/\/xometry.eu\/wp-content\/uploads\/2021\/10\/Prototyping-1.jpg\",\"width\":1500,\"height\":841,\"caption\":\"Prototyping parts process\"},{\"@type\":\"BreadcrumbList\",\"@id\":\"https:\/\/xometry.eu\/de\/rapid-prototyping\/#breadcrumb\",\"itemListElement\":[{\"@type\":\"ListItem\",\"position\":1,\"name\":\"Home\",\"item\":\"https:\/\/xometry.eu\/de\/\"},{\"@type\":\"ListItem\",\"position\":2,\"name\":\"Rapid Prototyping\"}]},{\"@type\":\"WebSite\",\"@id\":\"https:\/\/xometry.eu\/de\/#website\",\"url\":\"https:\/\/xometry.eu\/de\/\",\"name\":\"Xometry Europe\",\"description\":\"\",\"publisher\":{\"@id\":\"https:\/\/xometry.eu\/de\/#organization\"},\"potentialAction\":[{\"@type\":\"SearchAction\",\"target\":{\"@type\":\"EntryPoint\",\"urlTemplate\":\"https:\/\/xometry.eu\/de\/?s={search_term_string}\"},\"query-input\":{\"@type\":\"PropertyValueSpecification\",\"valueRequired\":true,\"valueName\":\"search_term_string\"}}],\"inLanguage\":\"de\"}]}<\/script>\n<!-- \/ Yoast SEO Premium plugin. -->","yoast_head_json":{"title":"Fertigungsverfahren f\u00fcr Rapid Prototyping | Xometry Europe","description":"Nutzen Sie Rapid Prototyping zur Fertigung von Teilen und zur Umsetzung schneller und h\u00e4ufiger \u00c4nderungen ihrer Entw\u00fcrfe.","robots":{"index":"index","follow":"follow","max-snippet":"max-snippet:-1","max-image-preview":"max-image-preview:large","max-video-preview":"max-video-preview:-1"},"canonical":"https:\/\/xometry.eu\/de\/rapid-prototyping\/","og_locale":"de_DE","og_type":"article","og_title":"Rapid Prototyping","og_description":"Nutzen Sie Rapid Prototyping zur Fertigung von Teilen und zur Umsetzung schneller und h\u00e4ufiger \u00c4nderungen ihrer Entw\u00fcrfe.","og_url":"https:\/\/xometry.eu\/de\/rapid-prototyping\/","og_site_name":"Xometry Europe","article_modified_time":"2026-03-13T13:08:47+00:00","og_image":[{"width":1500,"height":841,"url":"https:\/\/xometry.eu\/wp-content\/uploads\/2021\/10\/Prototyping-1.jpg","type":"image\/jpeg"}],"twitter_card":"summary_large_image","schema":{"@context":"https:\/\/schema.org","@graph":[{"@type":"WebPage","@id":"https:\/\/xometry.eu\/de\/rapid-prototyping\/","url":"https:\/\/xometry.eu\/de\/rapid-prototyping\/","name":"Fertigungsverfahren f\u00fcr Rapid Prototyping | Xometry Europe","isPartOf":{"@id":"https:\/\/xometry.eu\/de\/#website"},"primaryImageOfPage":{"@id":"https:\/\/xometry.eu\/de\/rapid-prototyping\/#primaryimage"},"image":{"@id":"https:\/\/xometry.eu\/de\/rapid-prototyping\/#primaryimage"},"thumbnailUrl":"https:\/\/xometry.eu\/wp-content\/uploads\/2021\/10\/Prototyping-1.jpg","datePublished":"2021-11-08T09:35:22+00:00","dateModified":"2026-03-13T13:08:47+00:00","description":"Nutzen Sie Rapid Prototyping zur Fertigung von Teilen und zur Umsetzung schneller und h\u00e4ufiger \u00c4nderungen ihrer Entw\u00fcrfe.","breadcrumb":{"@id":"https:\/\/xometry.eu\/de\/rapid-prototyping\/#breadcrumb"},"inLanguage":"de","potentialAction":[{"@type":"ReadAction","target":["https:\/\/xometry.eu\/de\/rapid-prototyping\/"]}]},{"@type":"ImageObject","inLanguage":"de","@id":"https:\/\/xometry.eu\/de\/rapid-prototyping\/#primaryimage","url":"https:\/\/xometry.eu\/wp-content\/uploads\/2021\/10\/Prototyping-1.jpg","contentUrl":"https:\/\/xometry.eu\/wp-content\/uploads\/2021\/10\/Prototyping-1.jpg","width":1500,"height":841,"caption":"Prototyping parts process"},{"@type":"BreadcrumbList","@id":"https:\/\/xometry.eu\/de\/rapid-prototyping\/#breadcrumb","itemListElement":[{"@type":"ListItem","position":1,"name":"Home","item":"https:\/\/xometry.eu\/de\/"},{"@type":"ListItem","position":2,"name":"Rapid Prototyping"}]},{"@type":"WebSite","@id":"https:\/\/xometry.eu\/de\/#website","url":"https:\/\/xometry.eu\/de\/","name":"Xometry Europe","description":"","publisher":{"@id":"https:\/\/xometry.eu\/de\/#organization"},"potentialAction":[{"@type":"SearchAction","target":{"@type":"EntryPoint","urlTemplate":"https:\/\/xometry.eu\/de\/?s={search_term_string}"},"query-input":{"@type":"PropertyValueSpecification","valueRequired":true,"valueName":"search_term_string"}}],"inLanguage":"de"}]}},"_links":{"self":[{"href":"https:\/\/xometry.eu\/de\/wp-json\/wp\/v2\/pages\/43460","targetHints":{"allow":["GET"]}}],"collection":[{"href":"https:\/\/xometry.eu\/de\/wp-json\/wp\/v2\/pages"}],"about":[{"href":"https:\/\/xometry.eu\/de\/wp-json\/wp\/v2\/types\/page"}],"author":[{"embeddable":true,"href":"https:\/\/xometry.eu\/de\/wp-json\/wp\/v2\/users\/10"}],"replies":[{"embeddable":true,"href":"https:\/\/xometry.eu\/de\/wp-json\/wp\/v2\/comments?post=43460"}],"version-history":[{"count":3,"href":"https:\/\/xometry.eu\/de\/wp-json\/wp\/v2\/pages\/43460\/revisions"}],"predecessor-version":[{"id":172403,"href":"https:\/\/xometry.eu\/de\/wp-json\/wp\/v2\/pages\/43460\/revisions\/172403"}],"wp:featuredmedia":[{"embeddable":true,"href":"https:\/\/xometry.eu\/de\/wp-json\/wp\/v2\/media\/42685"}],"wp:attachment":[{"href":"https:\/\/xometry.eu\/de\/wp-json\/wp\/v2\/media?parent=43460"}],"curies":[{"name":"wp","href":"https:\/\/api.w.org\/{rel}","templated":true}]}}