{"id":31444,"date":"2020-04-21T08:17:11","date_gmt":"2020-04-21T08:17:11","guid":{"rendered":"http:\/\/xo.digitaloctane.biz\/landing\/"},"modified":"2026-03-13T17:47:26","modified_gmt":"2026-03-13T15:47:26","slug":"landing","status":"publish","type":"page","link":"https:\/\/xometry.eu\/de\/","title":{"rendered":"Homepage"},"content":{"rendered":"\n<script type=\"application\/ld+json\" class=\"schemantra\">{\n  \"@context\": \"https:\/\/schema.org\",\n  \"@type\": \"Organization\",\n  \"@id\": \"Xometry Europe\",\n  \"address\": \"Ada-Lovelace-Str. 9, 85521 Ottobrunn, Germany\",\n  \"award\": \"ISO 9001:2015\",\n  \"description\": \"Xometry\u2019s (NASDAQ: XMTR) KI-gest\u00fctzter Markplatz und die Gesamtheit der cloudbasierten Dienstleistungen f\u00fchren zu einer rasanten Digitalisierung der Fertigungsindustrie. Xometry bietet dabei den Herstellern jene kritischen Ressourcen, die sie f\u00fcr das Wachstum ihres Unternehmens ben\u00f6tigen, und macht es gleichzeitig den Kunden einfacher auf globale Fertigungskapazit\u00e4ten zuzugreifen und resiliente Lieferketten zu schaffen. \",\n  \"email\": \"info@xometry.eu\",\n  \"legalName\": \"Xometry Europe GmbH\",\n  \"logo\": \"https:\/\/xometry.eu\/wp-content\/uploads\/2021\/12\/Logomark_Xometry_Blue-1.svg\",\n  \"name\": \"Xometry Europe\",\n  \"sameAs\": \"[https:\/\/www.facebook.com\/xometryeurope,https:\/\/www.linkedin.com\/company\/xometry-europe\/,https:\/\/www.youtube.com\/@Xometry-DACH,https:\/\/twitter.com\/XometryEU]\",\n  \"slogan\": \"Wo Gro\u00dfe Ideen Wirklichkeit werden\",\n  \"telephone\": \"+49 89-3803-4818\",\n  \"url\": \"https:\/\/xometry.eu\/de\/\",\n  \"vatID\": \"DE318027176\",\n  \"parentOrganization\": {\n    \"@context\": \"https:\/\/schema.org\",\n    \"@type\": \"Organization\",\n    \"@id\": \"Xometry\",\n    \"address\": \"6116 Executive Blvd, Ste. 800, North Bethesda, MD, 20852, United States of America\",\n    \"award\": \"[ITAR-registered,ISO 9001:2015,ISO 13485:2016,AS9100D]\",\n    \"description\": \"Xometry's (NASDAQ: XMTR) AI-powered marketplace, popular Thomasnet industrial sourcing platform and suite of cloud-based services are rapidly digitizing the $2.4 trillion manufacturing industry. Xometry provides manufacturers the critical resources they need to grow their business and makes it easy for buyers to access global manufacturing capacity and create locally resilient supply chains. The Xometry Instant Quoting Engine\u00ae leverages millions of pieces of data to quickly and effectively analyze complex parts in real-time, match buyers with the right suppliers globally and provide accurate pricing and lead times. Through its extensible marketplace, Xometry continuously scales its offerings, delivering an ever-expanding menu of manufacturing capabilities. Learn more at www.xometry.com or follow @xometry.\",\n    \"email\": \"support@xometry.com\",\n    \"legalName\": \"Xometry, Inc.\",\n    \"logo\": \"https:\/\/www.xometry.com\/condensed-wbib-logo.svg\",\n    \"name\": \"Xometry\",\n    \"sameAs\": \"[https:\/\/www.facebook.com\/xometry\/,https:\/\/www.linkedin.com\/company\/xometry,https:\/\/www.youtube.com\/@XometryHQ,https:\/\/twitter.com\/Xometry]\",\n    \"slogan\": \"Where Big Ideas are Built\",\n    \"telephone\": \"+1-800-983-1959\",\n    \"url\": \"https:\/\/www.xometry.com\"\n  }\n}<\/script>\n","protected":false},"excerpt":{"rendered":"","protected":false},"author":1,"featured_media":130512,"parent":0,"menu_order":0,"comment_status":"closed","ping_status":"closed","template":"","meta":{"_acf_changed":false,"inline_featured_image":false,"footnotes":""},"class_list":["post-31444","page","type-page","status-publish","has-post-thumbnail","hentry"],"acf":[],"yoast_head":"<!-- This site is optimized with the Yoast SEO Premium plugin v20.5 (Yoast SEO v27.1.1) - https:\/\/yoast.com\/product\/yoast-seo-premium-wordpress\/ -->\n<title>Xometry Europe \u2013 On-Demand-Fertigung: CNC, Blech, 3D-Druck<\/title>\n<meta name=\"description\" content=\"Xometry Europe bietet CNC-Bearbeitung, 3D-Druck, Blechbearbeitung und Spritzgie\u00dfen online an. Erhalten Sie ein sofortiges Angebot!\" \/>\n<meta name=\"robots\" content=\"index, follow, max-snippet:-1, max-image-preview:large, max-video-preview:-1\" \/>\n<link rel=\"canonical\" href=\"https:\/\/xometry.eu\/de\/\" \/>\n<meta property=\"og:locale\" content=\"de_DE\" \/>\n<meta property=\"og:type\" content=\"article\" \/>\n<meta property=\"og:title\" content=\"Xometry Europe \u2013 On-Demand-Fertigung: CNC, Blech, 3D-Druck\" \/>\n<meta property=\"og:description\" content=\"Xometry Europe bietet CNC-Bearbeitung, 3D-Druck, Blechbearbeitung und Spritzgie\u00dfen online an. Erhalten Sie ein sofortiges Angebot!\" \/>\n<meta property=\"og:url\" content=\"https:\/\/xometry.eu\/de\/\" \/>\n<meta property=\"og:site_name\" content=\"Xometry Europe\" \/>\n<meta property=\"article:modified_time\" content=\"2026-03-13T15:47:26+00:00\" \/>\n<meta property=\"og:image\" content=\"https:\/\/xometry.eu\/wp-content\/uploads\/2024\/02\/Homepage-DE-1.jpg\" \/>\n\t<meta property=\"og:image:width\" content=\"2400\" \/>\n\t<meta property=\"og:image:height\" content=\"1260\" \/>\n\t<meta property=\"og:image:type\" content=\"image\/jpeg\" \/>\n<meta name=\"twitter:card\" content=\"summary_large_image\" \/>\n<meta name=\"twitter:title\" content=\"Homepage\" \/>\n<meta name=\"twitter:label1\" content=\"Gesch\u00e4tzte Lesezeit\" \/>\n\t<meta name=\"twitter:data1\" content=\"2\u00a0Minuten\" \/>\n<script type=\"application\/ld+json\" class=\"yoast-schema-graph\">{\"@context\":\"https:\/\/schema.org\",\"@graph\":[{\"@type\":\"WebPage\",\"@id\":\"https:\/\/xometry.eu\/de\/\",\"url\":\"https:\/\/xometry.eu\/de\/\",\"name\":\"Xometry Europe \u2013 On-Demand-Fertigung: CNC, Blech, 3D-Druck\",\"isPartOf\":{\"@id\":\"https:\/\/xometry.eu\/de\/#website\"},\"primaryImageOfPage\":{\"@id\":\"https:\/\/xometry.eu\/de\/#primaryimage\"},\"image\":{\"@id\":\"https:\/\/xometry.eu\/de\/#primaryimage\"},\"thumbnailUrl\":\"https:\/\/xometry.eu\/wp-content\/uploads\/2024\/02\/Homepage-DE-1.jpg\",\"datePublished\":\"2020-04-21T08:17:11+00:00\",\"dateModified\":\"2026-03-13T15:47:26+00:00\",\"description\":\"Xometry Europe bietet CNC-Bearbeitung, 3D-Druck, Blechbearbeitung und Spritzgie\u00dfen online an. Erhalten Sie ein sofortiges Angebot!\",\"breadcrumb\":{\"@id\":\"https:\/\/xometry.eu\/de\/#breadcrumb\"},\"inLanguage\":\"de\",\"potentialAction\":[{\"@type\":\"ReadAction\",\"target\":[\"https:\/\/xometry.eu\/de\/\"]}]},{\"@type\":\"ImageObject\",\"inLanguage\":\"de\",\"@id\":\"https:\/\/xometry.eu\/de\/#primaryimage\",\"url\":\"https:\/\/xometry.eu\/wp-content\/uploads\/2024\/02\/Homepage-DE-1.jpg\",\"contentUrl\":\"https:\/\/xometry.eu\/wp-content\/uploads\/2024\/02\/Homepage-DE-1.jpg\",\"width\":2400,\"height\":1260},{\"@type\":\"BreadcrumbList\",\"@id\":\"https:\/\/xometry.eu\/de\/#breadcrumb\",\"itemListElement\":[{\"@type\":\"ListItem\",\"position\":1,\"name\":\"Home\",\"item\":\"https:\/\/xometry.eu\/de\/\"},{\"@type\":\"ListItem\",\"position\":2,\"name\":\"Homepage\"}]},{\"@type\":\"WebSite\",\"@id\":\"https:\/\/xometry.eu\/de\/#website\",\"url\":\"https:\/\/xometry.eu\/de\/\",\"name\":\"Xometry Europe\",\"description\":\"\",\"publisher\":{\"@id\":\"https:\/\/xometry.eu\/de\/#organization\"},\"potentialAction\":[{\"@type\":\"SearchAction\",\"target\":{\"@type\":\"EntryPoint\",\"urlTemplate\":\"https:\/\/xometry.eu\/de\/?s={search_term_string}\"},\"query-input\":{\"@type\":\"PropertyValueSpecification\",\"valueRequired\":true,\"valueName\":\"search_term_string\"}}],\"inLanguage\":\"de\"}]}<\/script>\n<!-- \/ Yoast SEO Premium plugin. -->","yoast_head_json":{"title":"Xometry Europe \u2013 On-Demand-Fertigung: CNC, Blech, 3D-Druck","description":"Xometry Europe bietet CNC-Bearbeitung, 3D-Druck, Blechbearbeitung und Spritzgie\u00dfen online an. Erhalten Sie ein sofortiges Angebot!","robots":{"index":"index","follow":"follow","max-snippet":"max-snippet:-1","max-image-preview":"max-image-preview:large","max-video-preview":"max-video-preview:-1"},"canonical":"https:\/\/xometry.eu\/de\/","og_locale":"de_DE","og_type":"article","og_title":"Xometry Europe \u2013 On-Demand-Fertigung: CNC, Blech, 3D-Druck","og_description":"Xometry Europe bietet CNC-Bearbeitung, 3D-Druck, Blechbearbeitung und Spritzgie\u00dfen online an. Erhalten Sie ein sofortiges Angebot!","og_url":"https:\/\/xometry.eu\/de\/","og_site_name":"Xometry Europe","article_modified_time":"2026-03-13T15:47:26+00:00","og_image":[{"width":2400,"height":1260,"url":"https:\/\/xometry.eu\/wp-content\/uploads\/2024\/02\/Homepage-DE-1.jpg","type":"image\/jpeg"}],"twitter_card":"summary_large_image","twitter_title":"Homepage","twitter_misc":{"Gesch\u00e4tzte Lesezeit":"2\u00a0Minuten"},"schema":{"@context":"https:\/\/schema.org","@graph":[{"@type":"WebPage","@id":"https:\/\/xometry.eu\/de\/","url":"https:\/\/xometry.eu\/de\/","name":"Xometry Europe \u2013 On-Demand-Fertigung: CNC, Blech, 3D-Druck","isPartOf":{"@id":"https:\/\/xometry.eu\/de\/#website"},"primaryImageOfPage":{"@id":"https:\/\/xometry.eu\/de\/#primaryimage"},"image":{"@id":"https:\/\/xometry.eu\/de\/#primaryimage"},"thumbnailUrl":"https:\/\/xometry.eu\/wp-content\/uploads\/2024\/02\/Homepage-DE-1.jpg","datePublished":"2020-04-21T08:17:11+00:00","dateModified":"2026-03-13T15:47:26+00:00","description":"Xometry Europe bietet CNC-Bearbeitung, 3D-Druck, Blechbearbeitung und Spritzgie\u00dfen online an. Erhalten Sie ein sofortiges Angebot!","breadcrumb":{"@id":"https:\/\/xometry.eu\/de\/#breadcrumb"},"inLanguage":"de","potentialAction":[{"@type":"ReadAction","target":["https:\/\/xometry.eu\/de\/"]}]},{"@type":"ImageObject","inLanguage":"de","@id":"https:\/\/xometry.eu\/de\/#primaryimage","url":"https:\/\/xometry.eu\/wp-content\/uploads\/2024\/02\/Homepage-DE-1.jpg","contentUrl":"https:\/\/xometry.eu\/wp-content\/uploads\/2024\/02\/Homepage-DE-1.jpg","width":2400,"height":1260},{"@type":"BreadcrumbList","@id":"https:\/\/xometry.eu\/de\/#breadcrumb","itemListElement":[{"@type":"ListItem","position":1,"name":"Home","item":"https:\/\/xometry.eu\/de\/"},{"@type":"ListItem","position":2,"name":"Homepage"}]},{"@type":"WebSite","@id":"https:\/\/xometry.eu\/de\/#website","url":"https:\/\/xometry.eu\/de\/","name":"Xometry Europe","description":"","publisher":{"@id":"https:\/\/xometry.eu\/de\/#organization"},"potentialAction":[{"@type":"SearchAction","target":{"@type":"EntryPoint","urlTemplate":"https:\/\/xometry.eu\/de\/?s={search_term_string}"},"query-input":{"@type":"PropertyValueSpecification","valueRequired":true,"valueName":"search_term_string"}}],"inLanguage":"de"}]}},"_links":{"self":[{"href":"https:\/\/xometry.eu\/de\/wp-json\/wp\/v2\/pages\/31444","targetHints":{"allow":["GET"]}}],"collection":[{"href":"https:\/\/xometry.eu\/de\/wp-json\/wp\/v2\/pages"}],"about":[{"href":"https:\/\/xometry.eu\/de\/wp-json\/wp\/v2\/types\/page"}],"author":[{"embeddable":true,"href":"https:\/\/xometry.eu\/de\/wp-json\/wp\/v2\/users\/1"}],"replies":[{"embeddable":true,"href":"https:\/\/xometry.eu\/de\/wp-json\/wp\/v2\/comments?post=31444"}],"version-history":[{"count":6,"href":"https:\/\/xometry.eu\/de\/wp-json\/wp\/v2\/pages\/31444\/revisions"}],"predecessor-version":[{"id":172498,"href":"https:\/\/xometry.eu\/de\/wp-json\/wp\/v2\/pages\/31444\/revisions\/172498"}],"wp:featuredmedia":[{"embeddable":true,"href":"https:\/\/xometry.eu\/de\/wp-json\/wp\/v2\/media\/130512"}],"wp:attachment":[{"href":"https:\/\/xometry.eu\/de\/wp-json\/wp\/v2\/media?parent=31444"}],"curies":[{"name":"wp","href":"https:\/\/api.w.org\/{rel}","templated":true}]}}