{"id":167017,"date":"2025-11-20T14:58:12","date_gmt":"2025-11-20T12:58:12","guid":{"rendered":"https:\/\/xometry.eu\/?page_id=167017"},"modified":"2025-11-20T18:39:40","modified_gmt":"2025-11-20T16:39:40","slug":"black-friday","status":"publish","type":"page","link":"https:\/\/xometry.eu\/de\/black-friday\/","title":{"rendered":"Black Friday"},"content":{"rendered":"<section class=\"hero  light blue-10 printing-3d-page\" >\r\n        <img decoding=\"async\" src=\"https:\/\/xometry.eu\/wp-content\/uploads\/2025\/11\/black-friday-left.png\" alt=\"Black Friday:  15% auf Ihre Bauteile sichern  \" class=\"hero__left-image\" \/>\r\n            <img decoding=\"async\" src=\"https:\/\/xometry.eu\/wp-content\/uploads\/2025\/11\/black-friday-right.png\" alt=\"Black Friday:  15% auf Ihre Bauteile sichern  \" class=\"hero__right-image\" \/>\r\n        <div class=\"hero__container section container\" style=\"padding-bottom: px;\">\r\n        <div class=\"hero__title-wrapper\">\r\n            <h1 class=\"title title--01\">Black Friday: <strong> 15% auf Ihre Bauteile sichern <\/strong> <\/h1>\r\n            <div><p>Fordern Sie Ihr Angebot an, geben Sie den Code ein und sparen Sie 15 % auf Ihre Teile \u2013 bis zum 30. November. Zus\u00e4tzlich spenden wir 2 % Ihres Auftragswerts an Healthy Seas, um deren Einsatz zur Reinigung unserer Meere von Kunststoff und anderen Abf\u00e4llen zu unterst\u00fctzen.*<\/p>\n<\/div>\r\n                    <\/div>\r\n        <div class=\"hero__cards-list\">\r\n              \r\n    <a href=\"https:\/\/get.xometry.eu\/?locale=de\" class=\"hero__cards-item card \">\r\n        <h3 class=\"title title--03\"><\/h3>\r\n        <div class=\"hero__cards-item-text \"><p>Aktionscode: <b data-stringify-type=\"bold\">FRIDAY2025\u00a0<\/b><\/p>\n<\/div>\r\n        <span class=\"btn btn--primary btn_wide\">Zum Sofort-Angebot<\/span>\r\n            <\/a>\r\n        <\/div>\r\n            <\/div>\r\n<\/section>\n\n\r\n<section class=\"faq light light-to-dark-gradient\"  id=\"codes-terms\">\r\n    <div class=\"faq__container section container\">\r\n        <div class=\"faq__wrapper\">\r\n            <h2 class=\"title title--02\">So funktioniert <strong> Black Friday <\/strong> bei Xometry<\/h2>\r\n            <div class=\"faq__list\">\r\n                                                                                                    <div class=\"faq__item  \">\r\n                            <div class=\"faq__item-question title title--04\">\r\n                                So nutzen Sie den Rabattcode                                <svg\r\n                                    xmlns=\"http:\/\/www.w3.org\/2000\/svg\"\r\n                                    width=\"28\"\r\n                                    height=\"28\"\r\n                                    viewBox=\"0 0 28 28\"\r\n                                    fill=\"none\"\r\n                                    class=\"toggle-icon\"\r\n                                >\r\n                                    <g class=\"plus\">\r\n                                    <path\r\n                                        d=\"M19.0313 13.125H14.875V8.96875C14.875 8.84844 14.7766 8.75 14.6563 8.75H13.3438C13.2234 8.75 13.125 8.84844 13.125 8.96875V13.125H8.96875C8.84844 13.125 8.75 13.2234 8.75 13.3438V14.6563C8.75 14.7766 8.84844 14.875 8.96875 14.875H13.125V19.0313C13.125 19.1516 13.2234 19.25 13.3438 19.25H14.6563C14.7766 19.25 14.875 19.1516 14.875 19.0313V14.875H19.0313C19.1516 14.875 19.25 14.7766 19.25 14.6563V13.3438C19.25 13.2234 19.1516 13.125 19.0313 13.125Z\"\r\n                                    \/>\r\n                                    <path\r\n                                        d=\"M14 1.75C7.23516 1.75 1.75 7.23516 1.75 14C1.75 20.7648 7.23516 26.25 14 26.25C20.7648 26.25 26.25 20.7648 26.25 14C26.25 7.23516 20.7648 1.75 14 1.75ZM14 24.1719C8.38359 24.1719 3.82813 19.6164 3.82813 14C3.82813 8.38359 8.38359 3.82813 14 3.82813C19.6164 3.82813 24.1719 8.38359 24.1719 14C24.1719 19.6164 19.6164 24.1719 14 24.1719Z\"\r\n                                    \/>\r\n                                    <\/g>\r\n                                    <g class=\"minus\">\r\n                                    <path\r\n                                        d=\"M19.0313 13.125H8.96875C8.84844 13.125 8.75 13.2234 8.75 13.3438V14.6563C8.75 14.7766 8.84844 14.875 8.96875 14.875H19.0313C19.1516 14.875 19.25 14.7766 19.25 14.6563V13.3438C19.25 13.2234 19.1516 13.125 19.0313 13.125Z\"\r\n                                    \/>\r\n                                    <path\r\n                                        d=\"M14 1.75C7.23516 1.75 1.75 7.23516 1.75 14C1.75 20.7648 7.23516 26.25 14 26.25C20.7648 26.25 26.25 20.7648 26.25 14C26.25 7.23516 20.7648 1.75 14 1.75ZM14 24.1719C8.38359 24.1719 3.82813 19.6164 3.82813 14C3.82813 8.38359 8.38359 3.82813 14 3.82813C19.6164 3.82813 24.1719 8.38359 24.1719 14C24.1719 19.6164 19.6164 24.1719 14 24.1719Z\"\r\n                                    \/>\r\n                                    <\/g>\r\n                                <\/svg>\r\n                            <\/div>\r\n                            <div class=\"faq__item-answer-wrapper\">\r\n                                <div class=\"faq__item-answer\">\r\n                                    <p>1. Holen Sie sich ein Angebot mit der Instant Quoting Engine von Xometry (ausgenommen Zielpreisauftr\u00e4ge und kundenspezifische Angebotsanfragen bei ausgew\u00e4hlten Lieferanten*).<\/p>\n<p>2. L\u00f6sen Sie den Aktionscode <strong>FRIDAY2025<\/strong> bis Ende November beim Bestellvorgang ein.<\/p>\n<p>3. Sie erhalten 15 % Rabatt auf Ihre Fertigungsteile.<\/p>\n<p>4. Xometry spendet 2 % Ihres rabattierten Bestellwerts an die Hauptinitiativen von Healthy Seas: S\u00e4uberung, Aufkl\u00e4rung, Pr\u00e4vention.<\/p>\n                                <\/div>\r\n                            <\/div>\r\n                        <\/div>\r\n                                                                    <div class=\"faq__item  \">\r\n                            <div class=\"faq__item-question title title--04\">\r\n                                Auswirkungen von Healthy Seas                                <svg\r\n                                    xmlns=\"http:\/\/www.w3.org\/2000\/svg\"\r\n                                    width=\"28\"\r\n                                    height=\"28\"\r\n                                    viewBox=\"0 0 28 28\"\r\n                                    fill=\"none\"\r\n                                    class=\"toggle-icon\"\r\n                                >\r\n                                    <g class=\"plus\">\r\n                                    <path\r\n                                        d=\"M19.0313 13.125H14.875V8.96875C14.875 8.84844 14.7766 8.75 14.6563 8.75H13.3438C13.2234 8.75 13.125 8.84844 13.125 8.96875V13.125H8.96875C8.84844 13.125 8.75 13.2234 8.75 13.3438V14.6563C8.75 14.7766 8.84844 14.875 8.96875 14.875H13.125V19.0313C13.125 19.1516 13.2234 19.25 13.3438 19.25H14.6563C14.7766 19.25 14.875 19.1516 14.875 19.0313V14.875H19.0313C19.1516 14.875 19.25 14.7766 19.25 14.6563V13.3438C19.25 13.2234 19.1516 13.125 19.0313 13.125Z\"\r\n                                    \/>\r\n                                    <path\r\n                                        d=\"M14 1.75C7.23516 1.75 1.75 7.23516 1.75 14C1.75 20.7648 7.23516 26.25 14 26.25C20.7648 26.25 26.25 20.7648 26.25 14C26.25 7.23516 20.7648 1.75 14 1.75ZM14 24.1719C8.38359 24.1719 3.82813 19.6164 3.82813 14C3.82813 8.38359 8.38359 3.82813 14 3.82813C19.6164 3.82813 24.1719 8.38359 24.1719 14C24.1719 19.6164 19.6164 24.1719 14 24.1719Z\"\r\n                                    \/>\r\n                                    <\/g>\r\n                                    <g class=\"minus\">\r\n                                    <path\r\n                                        d=\"M19.0313 13.125H8.96875C8.84844 13.125 8.75 13.2234 8.75 13.3438V14.6563C8.75 14.7766 8.84844 14.875 8.96875 14.875H19.0313C19.1516 14.875 19.25 14.7766 19.25 14.6563V13.3438C19.25 13.2234 19.1516 13.125 19.0313 13.125Z\"\r\n                                    \/>\r\n                                    <path\r\n                                        d=\"M14 1.75C7.23516 1.75 1.75 7.23516 1.75 14C1.75 20.7648 7.23516 26.25 14 26.25C20.7648 26.25 26.25 20.7648 26.25 14C26.25 7.23516 20.7648 1.75 14 1.75ZM14 24.1719C8.38359 24.1719 3.82813 19.6164 3.82813 14C3.82813 8.38359 8.38359 3.82813 14 3.82813C19.6164 3.82813 24.1719 8.38359 24.1719 14C24.1719 19.6164 19.6164 24.1719 14 24.1719Z\"\r\n                                    \/>\r\n                                    <\/g>\r\n                                <\/svg>\r\n                            <\/div>\r\n                            <div class=\"faq__item-answer-wrapper\">\r\n                                <div class=\"faq__item-answer\">\r\n                                    <ul>\n<li>Seit 2013 wurden \u00fcber 1228 Tonnen Meeresm\u00fcll entfernt.<\/li>\n<li>T\u00e4tig in: Nordsee, Mittelmeer, Adria, Ostsee und Rotem Meer sowie im Pazifischen und Atlantischen Ozean.<\/li>\n<li>3 zentrale S\u00e4ulen: Aufr\u00e4umen, Aufkl\u00e4rung, Pr\u00e4vention.<\/li>\n<\/ul>\n<p><img decoding=\"async\" class=\"alignnone wp-image-166957\" src=\"https:\/\/xometry.eu\/wp-content\/uploads\/2025\/11\/01_H_Standard_Regular-480x206.png\" alt=\"\" width=\"217\" height=\"93\" srcset=\"https:\/\/xometry.eu\/wp-content\/uploads\/2025\/11\/01_H_Standard_Regular-480x206.png 480w, https:\/\/xometry.eu\/wp-content\/uploads\/2025\/11\/01_H_Standard_Regular-1440x618.png 1440w, https:\/\/xometry.eu\/wp-content\/uploads\/2025\/11\/01_H_Standard_Regular-768x330.png 768w\" sizes=\"(max-width: 217px) 100vw, 217px\" \/><\/p>\n<p>&nbsp;<\/p>\n                                <\/div>\r\n                            <\/div>\r\n                        <\/div>\r\n                                                                    <div class=\"faq__item  \">\r\n                            <div class=\"faq__item-question title title--04\">\r\n                                Teilnahmebedingungen                                <svg\r\n                                    xmlns=\"http:\/\/www.w3.org\/2000\/svg\"\r\n                                    width=\"28\"\r\n                                    height=\"28\"\r\n                                    viewBox=\"0 0 28 28\"\r\n                                    fill=\"none\"\r\n                                    class=\"toggle-icon\"\r\n                                >\r\n                                    <g class=\"plus\">\r\n                                    <path\r\n                                        d=\"M19.0313 13.125H14.875V8.96875C14.875 8.84844 14.7766 8.75 14.6563 8.75H13.3438C13.2234 8.75 13.125 8.84844 13.125 8.96875V13.125H8.96875C8.84844 13.125 8.75 13.2234 8.75 13.3438V14.6563C8.75 14.7766 8.84844 14.875 8.96875 14.875H13.125V19.0313C13.125 19.1516 13.2234 19.25 13.3438 19.25H14.6563C14.7766 19.25 14.875 19.1516 14.875 19.0313V14.875H19.0313C19.1516 14.875 19.25 14.7766 19.25 14.6563V13.3438C19.25 13.2234 19.1516 13.125 19.0313 13.125Z\"\r\n                                    \/>\r\n                                    <path\r\n                                        d=\"M14 1.75C7.23516 1.75 1.75 7.23516 1.75 14C1.75 20.7648 7.23516 26.25 14 26.25C20.7648 26.25 26.25 20.7648 26.25 14C26.25 7.23516 20.7648 1.75 14 1.75ZM14 24.1719C8.38359 24.1719 3.82813 19.6164 3.82813 14C3.82813 8.38359 8.38359 3.82813 14 3.82813C19.6164 3.82813 24.1719 8.38359 24.1719 14C24.1719 19.6164 19.6164 24.1719 14 24.1719Z\"\r\n                                    \/>\r\n                                    <\/g>\r\n                                    <g class=\"minus\">\r\n                                    <path\r\n                                        d=\"M19.0313 13.125H8.96875C8.84844 13.125 8.75 13.2234 8.75 13.3438V14.6563C8.75 14.7766 8.84844 14.875 8.96875 14.875H19.0313C19.1516 14.875 19.25 14.7766 19.25 14.6563V13.3438C19.25 13.2234 19.1516 13.125 19.0313 13.125Z\"\r\n                                    \/>\r\n                                    <path\r\n                                        d=\"M14 1.75C7.23516 1.75 1.75 7.23516 1.75 14C1.75 20.7648 7.23516 26.25 14 26.25C20.7648 26.25 26.25 20.7648 26.25 14C26.25 7.23516 20.7648 1.75 14 1.75ZM14 24.1719C8.38359 24.1719 3.82813 19.6164 3.82813 14C3.82813 8.38359 8.38359 3.82813 14 3.82813C19.6164 3.82813 24.1719 8.38359 24.1719 14C24.1719 19.6164 19.6164 24.1719 14 24.1719Z\"\r\n                                    \/>\r\n                                    <\/g>\r\n                                <\/svg>\r\n                            <\/div>\r\n                            <div class=\"faq__item-answer-wrapper\">\r\n                                <div class=\"faq__item-answer\">\r\n                                    <p>* Der Code\u00a0<strong>FRIDAY2025<\/strong>\u00a0ist bis zum 30.11.2025, 23:59 Uhr (MEZ), g\u00fcltig. Dieses Angebot gilt ausschlie\u00dflich f\u00fcr Sofort- und manuelle Angebote von Xometry. Es gilt nicht f\u00fcr andere Angebots- oder Auftragsarten, einschlie\u00dflich Zielpreisauftr\u00e4gen oder Angeboten, die \u00fcber individuelle Angebotsanfragen bei ausgew\u00e4hlten Lieferanten eingeholt wurden, und ist nicht mit anderen Angeboten oder Rabatten kombinierbar. Die zus\u00e4tzliche Spende von 2 % an HealthySeas.org wird auf Basis des rabattierten Wertes aller Bestellungen berechnet, bei denen der Code FRIDAY2025 eingel\u00f6st wurde.<\/p>\n                                <\/div>\r\n                            <\/div>\r\n                        <\/div>\r\n                                                <\/div>\r\n        <\/div>\r\n            <\/div>\r\n<\/section>\n\n\r\n<section class=\"final-cta dark dark-blue-100\" >\r\n    <div class=\"final-cta__container section container\">\r\n        <h2 class=\"title title--02\">Machen Sie mit beim Black Friday von Xometry!<\/h2>\r\n        <div class=\"hero__cards-list\">\r\n              \r\n    <a href=\"https:\/\/get.xometry.eu\/?locale=de\" class=\"hero__cards-item card \">\r\n        <h3 class=\"title title--03\"><\/h3>\r\n        <div class=\"hero__cards-item-text \"><p>Nutzen Sie den Aktionscode\u00a0<strong>FRIDAY2025<\/strong>.<\/p>\n<p>Sparen Sie 15 % bei Ihren Fertigungsteilen und unterst\u00fctzen Sie gleichzeitig saubere Ozeane.<\/p>\n<\/div>\r\n        <span class=\"btn btn--primary \">Jetzt 15 % Rabatt sichern<\/span>\r\n            <\/a>\r\n        <\/div>\r\n        <div class=\"final-cta__footer-list\">\r\n                                            <\/div>\r\n    <\/div>\r\n<\/section>","protected":false},"excerpt":{"rendered":"","protected":false},"author":14,"featured_media":0,"parent":0,"menu_order":0,"comment_status":"closed","ping_status":"closed","template":"template-new-style.php","meta":{"_acf_changed":false,"inline_featured_image":false,"footnotes":""},"class_list":["post-167017","page","type-page","status-publish","hentry"],"acf":[],"yoast_head":"<!-- This site is optimized with the Yoast SEO Premium plugin v20.5 (Yoast SEO v27.3) - https:\/\/yoast.com\/product\/yoast-seo-premium-wordpress\/ -->\n<title>Black Friday | Xometry Europe<\/title>\n<meta name=\"robots\" content=\"index, follow, max-snippet:-1, max-image-preview:large, max-video-preview:-1\" \/>\n<link rel=\"canonical\" href=\"https:\/\/xometry.eu\/de\/black-friday\/\" \/>\n<meta property=\"og:locale\" content=\"de_DE\" \/>\n<meta property=\"og:type\" content=\"article\" \/>\n<meta property=\"og:title\" content=\"Black Friday\" \/>\n<meta property=\"og:url\" content=\"https:\/\/xometry.eu\/de\/black-friday\/\" \/>\n<meta property=\"og:site_name\" content=\"Xometry Europe\" \/>\n<meta property=\"article:modified_time\" content=\"2025-11-20T16:39:40+00:00\" \/>\n<meta name=\"twitter:card\" content=\"summary_large_image\" \/>\n<script type=\"application\/ld+json\" class=\"yoast-schema-graph\">{\"@context\":\"https:\\\/\\\/schema.org\",\"@graph\":[{\"@type\":\"WebPage\",\"@id\":\"https:\\\/\\\/xometry.eu\\\/de\\\/black-friday\\\/\",\"url\":\"https:\\\/\\\/xometry.eu\\\/de\\\/black-friday\\\/\",\"name\":\"Black Friday | Xometry Europe\",\"isPartOf\":{\"@id\":\"https:\\\/\\\/xometry.eu\\\/de\\\/#website\"},\"datePublished\":\"2025-11-20T12:58:12+00:00\",\"dateModified\":\"2025-11-20T16:39:40+00:00\",\"breadcrumb\":{\"@id\":\"https:\\\/\\\/xometry.eu\\\/de\\\/black-friday\\\/#breadcrumb\"},\"inLanguage\":\"de\",\"potentialAction\":[{\"@type\":\"ReadAction\",\"target\":[\"https:\\\/\\\/xometry.eu\\\/de\\\/black-friday\\\/\"]}]},{\"@type\":\"BreadcrumbList\",\"@id\":\"https:\\\/\\\/xometry.eu\\\/de\\\/black-friday\\\/#breadcrumb\",\"itemListElement\":[{\"@type\":\"ListItem\",\"position\":1,\"name\":\"Home\",\"item\":\"https:\\\/\\\/xometry.eu\\\/de\\\/\"},{\"@type\":\"ListItem\",\"position\":2,\"name\":\"Black Friday\"}]},{\"@type\":\"WebSite\",\"@id\":\"https:\\\/\\\/xometry.eu\\\/de\\\/#website\",\"url\":\"https:\\\/\\\/xometry.eu\\\/de\\\/\",\"name\":\"Xometry Europe\",\"description\":\"\",\"publisher\":{\"@id\":\"https:\\\/\\\/xometry.eu\\\/de\\\/#organization\"},\"potentialAction\":[{\"@type\":\"SearchAction\",\"target\":{\"@type\":\"EntryPoint\",\"urlTemplate\":\"https:\\\/\\\/xometry.eu\\\/de\\\/?s={search_term_string}\"},\"query-input\":{\"@type\":\"PropertyValueSpecification\",\"valueRequired\":true,\"valueName\":\"search_term_string\"}}],\"inLanguage\":\"de\"}]}<\/script>\n<!-- \/ Yoast SEO Premium plugin. -->","yoast_head_json":{"title":"Black Friday | Xometry Europe","robots":{"index":"index","follow":"follow","max-snippet":"max-snippet:-1","max-image-preview":"max-image-preview:large","max-video-preview":"max-video-preview:-1"},"canonical":"https:\/\/xometry.eu\/de\/black-friday\/","og_locale":"de_DE","og_type":"article","og_title":"Black Friday","og_url":"https:\/\/xometry.eu\/de\/black-friday\/","og_site_name":"Xometry Europe","article_modified_time":"2025-11-20T16:39:40+00:00","twitter_card":"summary_large_image","schema":{"@context":"https:\/\/schema.org","@graph":[{"@type":"WebPage","@id":"https:\/\/xometry.eu\/de\/black-friday\/","url":"https:\/\/xometry.eu\/de\/black-friday\/","name":"Black Friday | Xometry Europe","isPartOf":{"@id":"https:\/\/xometry.eu\/de\/#website"},"datePublished":"2025-11-20T12:58:12+00:00","dateModified":"2025-11-20T16:39:40+00:00","breadcrumb":{"@id":"https:\/\/xometry.eu\/de\/black-friday\/#breadcrumb"},"inLanguage":"de","potentialAction":[{"@type":"ReadAction","target":["https:\/\/xometry.eu\/de\/black-friday\/"]}]},{"@type":"BreadcrumbList","@id":"https:\/\/xometry.eu\/de\/black-friday\/#breadcrumb","itemListElement":[{"@type":"ListItem","position":1,"name":"Home","item":"https:\/\/xometry.eu\/de\/"},{"@type":"ListItem","position":2,"name":"Black Friday"}]},{"@type":"WebSite","@id":"https:\/\/xometry.eu\/de\/#website","url":"https:\/\/xometry.eu\/de\/","name":"Xometry Europe","description":"","publisher":{"@id":"https:\/\/xometry.eu\/de\/#organization"},"potentialAction":[{"@type":"SearchAction","target":{"@type":"EntryPoint","urlTemplate":"https:\/\/xometry.eu\/de\/?s={search_term_string}"},"query-input":{"@type":"PropertyValueSpecification","valueRequired":true,"valueName":"search_term_string"}}],"inLanguage":"de"}]}},"_links":{"self":[{"href":"https:\/\/xometry.eu\/de\/wp-json\/wp\/v2\/pages\/167017","targetHints":{"allow":["GET"]}}],"collection":[{"href":"https:\/\/xometry.eu\/de\/wp-json\/wp\/v2\/pages"}],"about":[{"href":"https:\/\/xometry.eu\/de\/wp-json\/wp\/v2\/types\/page"}],"author":[{"embeddable":true,"href":"https:\/\/xometry.eu\/de\/wp-json\/wp\/v2\/users\/14"}],"replies":[{"embeddable":true,"href":"https:\/\/xometry.eu\/de\/wp-json\/wp\/v2\/comments?post=167017"}],"version-history":[{"count":0,"href":"https:\/\/xometry.eu\/de\/wp-json\/wp\/v2\/pages\/167017\/revisions"}],"wp:attachment":[{"href":"https:\/\/xometry.eu\/de\/wp-json\/wp\/v2\/media?parent=167017"}],"curies":[{"name":"wp","href":"https:\/\/api.w.org\/{rel}","templated":true}]}}