{"id":163769,"date":"2025-10-02T12:07:56","date_gmt":"2025-10-02T10:07:56","guid":{"rendered":"https:\/\/xometry.eu\/?page_id=163769"},"modified":"2025-10-02T12:07:59","modified_gmt":"2025-10-02T10:07:59","slug":"manufacturing-outlook-2026-europaeische-ausgabe","status":"publish","type":"page","link":"https:\/\/xometry.eu\/de\/manufacturing-outlook-2026-europaeische-ausgabe\/","title":{"rendered":"2026 Manufacturing Outlook: European Edition"},"content":{"rendered":"<section class=\"hero  light light-to-dark-gradient printing-3d-page\" >\r\n        <img decoding=\"async\" src=\"https:\/\/xometry.eu\/wp-content\/uploads\/2025\/09\/Frame-4-4-scaled.png\" alt=\"Manufacturing Outlook 2026: Europ\u00e4ische Ausgabe\" class=\"hero__left-image\" \/>\r\n            <img decoding=\"async\" src=\"https:\/\/xometry.eu\/wp-content\/uploads\/2025\/09\/Group-3-scaled.png\" alt=\"Manufacturing Outlook 2026: Europ\u00e4ische Ausgabe\" class=\"hero__right-image\" \/>\r\n        <div class=\"hero__container section container\" style=\"padding-bottom: px;\">\r\n        <div class=\"hero__title-wrapper\">\r\n            <h1 class=\"title title--01\">Manufacturing Outlook 2026: Europ\u00e4ische Ausgabe<\/h1>\r\n            <div><div class=\"article-excerpt\">\n<p>Dieser Bericht basiert auf Umfragen unter F\u00fchrungskr\u00e4ften von Fertigungsunternehmen in den USA und Europa (Frankreich, Deutschland, Italien, Spanien und Gro\u00dfbritannien) und zeigt, worauf die Hersteller ihre Anstrengungen konzentrieren, mit welchen Herausforderungen sie konfrontiert sind und welche Strategien ihre Wettbewerbsf\u00e4higkeit im Jahr 2026 vorantreiben.<\/p>\n<p>&nbsp;<\/p>\n<\/div>\n<\/div>\r\n                    <\/div>\r\n        <div class=\"hero__cards-list\">\r\n                    <\/div>\r\n            <\/div>\r\n<\/section>\n\n<section class=\"process-slider light light-to-dark-gradient\">\r\n  <div class=\"process-slider__container section container\">\r\n        <div class=\"section__title-wrapper\">\r\n                    <h2 class=\"title title--02\">Wichtige Themen und Erkenntnisse<\/h2>\r\n            <\/div>\r\n    <div class=\"process-slider__slider-wrapper\">\r\n                    <div class=\"process-slider__small-slider\">\r\n                                    <button class=\"process-slider__small-slider-item\">\r\n                        <span class=\"title title--03\">1.<\/span> \r\n                        <h3 class=\"title title--03\">KI-Einf\u00fchrung<\/h3>\r\n                    <\/button>\r\n                                    <button class=\"process-slider__small-slider-item\">\r\n                        <span class=\"title title--03\">2.<\/span> \r\n                        <h3 class=\"title title--03\">Operative Agilit\u00e4t<\/h3>\r\n                    <\/button>\r\n                                    <button class=\"process-slider__small-slider-item\">\r\n                        <span class=\"title title--03\">3.<\/span> \r\n                        <h3 class=\"title title--03\">Kundenanforderungen<\/h3>\r\n                    <\/button>\r\n                                    <button class=\"process-slider__small-slider-item\">\r\n                        <span class=\"title title--03\">4.<\/span> \r\n                        <h3 class=\"title title--03\">Preise und Beschaffung<\/h3>\r\n                    <\/button>\r\n                \r\n                <div class=\"process-slider__progress\">\r\n                    <div class=\"process-slider__progress-bar\"><\/div>\r\n                <\/div>\r\n            <\/div>\r\n\r\n            <div class=\"process-slider__big-slider\">\r\n                                    <button class=\"process-slider__big-slider-mobile-btn\">\r\n                        <span class=\"title title--03\">1.<\/span> \r\n                        <h3 class=\"title title--03\">KI-Einf\u00fchrung<\/h3>\r\n                    <\/button>\r\n\r\n                    <div class=\"process-slider__big-slider-item\">\r\n                        <div class=\"process-slider__big-slider-main\">\r\n                            <h3 class=\"title title--04\">KI-Einf\u00fchrung<\/h3>\r\n                            <div class=\"process-slider__big-slider-text text-l\">\r\n                                <p>Die Sicht der Unternehmen auf KI. Ist sie ein Wachstumstreiber oder immer noch ein Schlagwort? Spoiler: 82 % der Hersteller sehen darin einen Wachstumstreiber, aber es besteht weiterhin eine Talentl\u00fccke.<\/p>\n                            <\/div>\r\n                                                    <\/div>\r\n                                                    <div class=\"process-slider__big-slider-image\">\r\n                                <img decoding=\"async\" src=\"https:\/\/xometry.eu\/wp-content\/uploads\/2025\/09\/AI-outlook-1.png\" alt=\"Step Image\">\r\n                            <\/div>\r\n                                            <\/div>\r\n                                    <button class=\"process-slider__big-slider-mobile-btn\">\r\n                        <span class=\"title title--03\">2.<\/span> \r\n                        <h3 class=\"title title--03\">Operative Agilit\u00e4t<\/h3>\r\n                    <\/button>\r\n\r\n                    <div class=\"process-slider__big-slider-item\">\r\n                        <div class=\"process-slider__big-slider-main\">\r\n                            <h3 class=\"title title--04\">Operative Agilit\u00e4t<\/h3>\r\n                            <div class=\"process-slider__big-slider-text text-l\">\r\n                                <p>Wie die j\u00fcngsten St\u00f6rungen \u2013 von Z\u00f6llen und geopolitischen Spannungen bis hin zu den Folgen von COVID-19 \u2013 die Lieferketten ver\u00e4ndert haben.<\/p>\n                            <\/div>\r\n                                                    <\/div>\r\n                                                    <div class=\"process-slider__big-slider-image\">\r\n                                <img decoding=\"async\" src=\"https:\/\/xometry.eu\/wp-content\/uploads\/2025\/09\/agility-outlook.webp\" alt=\"Step Image\">\r\n                            <\/div>\r\n                                            <\/div>\r\n                                    <button class=\"process-slider__big-slider-mobile-btn\">\r\n                        <span class=\"title title--03\">3.<\/span> \r\n                        <h3 class=\"title title--03\">Kundenanforderungen<\/h3>\r\n                    <\/button>\r\n\r\n                    <div class=\"process-slider__big-slider-item\">\r\n                        <div class=\"process-slider__big-slider-main\">\r\n                            <h3 class=\"title title--04\">Kundenanforderungen<\/h3>\r\n                            <div class=\"process-slider__big-slider-text text-l\">\r\n                                <p>Die wichtigsten Ver\u00e4nderungen in den Kundenerwartungen europ\u00e4ischer Hersteller.<\/p>\n                            <\/div>\r\n                                                    <\/div>\r\n                                                    <div class=\"process-slider__big-slider-image\">\r\n                                <img decoding=\"async\" src=\"https:\/\/xometry.eu\/wp-content\/uploads\/2025\/09\/customer-outlook.png\" alt=\"Step Image\">\r\n                            <\/div>\r\n                                            <\/div>\r\n                                    <button class=\"process-slider__big-slider-mobile-btn\">\r\n                        <span class=\"title title--03\">4.<\/span> \r\n                        <h3 class=\"title title--03\">Preise und Beschaffung<\/h3>\r\n                    <\/button>\r\n\r\n                    <div class=\"process-slider__big-slider-item\">\r\n                        <div class=\"process-slider__big-slider-main\">\r\n                            <h3 class=\"title title--04\">Preise und Beschaffung<\/h3>\r\n                            <div class=\"process-slider__big-slider-text text-l\">\r\n                                <p>71 % der Hersteller haben im Jahr 2025 ihre Preise erh\u00f6ht. Wie geht es 2026 weiter und wie reagieren die Kunden?<\/p>\n                            <\/div>\r\n                                                    <\/div>\r\n                                                    <div class=\"process-slider__big-slider-image\">\r\n                                <img decoding=\"async\" src=\"https:\/\/xometry.eu\/wp-content\/uploads\/2025\/09\/pricing-outlook.webp\" alt=\"Step Image\">\r\n                            <\/div>\r\n                                            <\/div>\r\n                            <\/div>\r\n            <\/div>\r\n\r\n        <div class=\"call-to-action\">\r\n                    <a href=\"https:\/\/xometry.eu\/wp-content\/uploads\/2025\/09\/2026-Manufacturing-Outlook-European-Edition.pdf\" class=\"btn btn--primary\" target=\"_blank\">Bericht herunterladen<\/a>\r\n            <\/div>\r\n  <\/div>\r\n<\/section>","protected":false},"excerpt":{"rendered":"","protected":false},"author":14,"featured_media":163308,"parent":0,"menu_order":0,"comment_status":"closed","ping_status":"closed","template":"template-new-style.php","meta":{"_acf_changed":false,"inline_featured_image":false,"footnotes":""},"class_list":["post-163769","page","type-page","status-publish","has-post-thumbnail","hentry"],"acf":[],"yoast_head":"<!-- This site is optimized with the Yoast SEO Premium plugin v20.5 (Yoast SEO v27.3) - https:\/\/yoast.com\/product\/yoast-seo-premium-wordpress\/ -->\n<title>2026 Manufacturing Outlook: European Edition | Xometry Europe<\/title>\n<meta name=\"description\" content=\"Entdecken Sie die wichtigsten Trends und Strategien der Fertigungsindustrie 2026, um der Konkurrenz voraus zu sein und Wachstum zu f\u00f6rdern.\" \/>\n<meta name=\"robots\" content=\"index, follow, max-snippet:-1, max-image-preview:large, max-video-preview:-1\" \/>\n<link rel=\"canonical\" href=\"https:\/\/xometry.eu\/de\/manufacturing-outlook-2026-europaeische-ausgabe\/\" \/>\n<meta property=\"og:locale\" content=\"de_DE\" \/>\n<meta property=\"og:type\" content=\"article\" \/>\n<meta property=\"og:title\" content=\"2026 Manufacturing Outlook: European Edition\" \/>\n<meta property=\"og:description\" content=\"Entdecken Sie die wichtigsten Trends und Strategien der Fertigungsindustrie 2026, um der Konkurrenz voraus zu sein und Wachstum zu f\u00f6rdern.\" \/>\n<meta property=\"og:url\" content=\"https:\/\/xometry.eu\/de\/manufacturing-outlook-2026-europaeische-ausgabe\/\" \/>\n<meta property=\"og:site_name\" content=\"Xometry Europe\" \/>\n<meta property=\"article:modified_time\" content=\"2025-10-02T10:07:59+00:00\" \/>\n<meta property=\"og:image\" content=\"https:\/\/xometry.eu\/wp-content\/uploads\/2025\/09\/Manufacturing-Outlook-Europe.png\" \/>\n\t<meta property=\"og:image:width\" content=\"1200\" \/>\n\t<meta property=\"og:image:height\" content=\"628\" \/>\n\t<meta property=\"og:image:type\" content=\"image\/png\" \/>\n<meta name=\"twitter:card\" content=\"summary_large_image\" \/>\n<meta name=\"twitter:label1\" content=\"Gesch\u00e4tzte Lesezeit\" \/>\n\t<meta name=\"twitter:data1\" content=\"1\u00a0Minute\" \/>\n<script type=\"application\/ld+json\" class=\"yoast-schema-graph\">{\"@context\":\"https:\\\/\\\/schema.org\",\"@graph\":[{\"@type\":\"WebPage\",\"@id\":\"https:\\\/\\\/xometry.eu\\\/de\\\/manufacturing-outlook-2026-europaeische-ausgabe\\\/\",\"url\":\"https:\\\/\\\/xometry.eu\\\/de\\\/manufacturing-outlook-2026-europaeische-ausgabe\\\/\",\"name\":\"2026 Manufacturing Outlook: European Edition | Xometry Europe\",\"isPartOf\":{\"@id\":\"https:\\\/\\\/xometry.eu\\\/de\\\/#website\"},\"primaryImageOfPage\":{\"@id\":\"https:\\\/\\\/xometry.eu\\\/de\\\/manufacturing-outlook-2026-europaeische-ausgabe\\\/#primaryimage\"},\"image\":{\"@id\":\"https:\\\/\\\/xometry.eu\\\/de\\\/manufacturing-outlook-2026-europaeische-ausgabe\\\/#primaryimage\"},\"thumbnailUrl\":\"https:\\\/\\\/xometry.eu\\\/wp-content\\\/uploads\\\/2025\\\/09\\\/Manufacturing-Outlook-Europe.png\",\"datePublished\":\"2025-10-02T10:07:56+00:00\",\"dateModified\":\"2025-10-02T10:07:59+00:00\",\"description\":\"Entdecken Sie die wichtigsten Trends und Strategien der Fertigungsindustrie 2026, um der Konkurrenz voraus zu sein und Wachstum zu f\u00f6rdern.\",\"breadcrumb\":{\"@id\":\"https:\\\/\\\/xometry.eu\\\/de\\\/manufacturing-outlook-2026-europaeische-ausgabe\\\/#breadcrumb\"},\"inLanguage\":\"de\",\"potentialAction\":[{\"@type\":\"ReadAction\",\"target\":[\"https:\\\/\\\/xometry.eu\\\/de\\\/manufacturing-outlook-2026-europaeische-ausgabe\\\/\"]}]},{\"@type\":\"ImageObject\",\"inLanguage\":\"de\",\"@id\":\"https:\\\/\\\/xometry.eu\\\/de\\\/manufacturing-outlook-2026-europaeische-ausgabe\\\/#primaryimage\",\"url\":\"https:\\\/\\\/xometry.eu\\\/wp-content\\\/uploads\\\/2025\\\/09\\\/Manufacturing-Outlook-Europe.png\",\"contentUrl\":\"https:\\\/\\\/xometry.eu\\\/wp-content\\\/uploads\\\/2025\\\/09\\\/Manufacturing-Outlook-Europe.png\",\"width\":1200,\"height\":628},{\"@type\":\"BreadcrumbList\",\"@id\":\"https:\\\/\\\/xometry.eu\\\/de\\\/manufacturing-outlook-2026-europaeische-ausgabe\\\/#breadcrumb\",\"itemListElement\":[{\"@type\":\"ListItem\",\"position\":1,\"name\":\"Home\",\"item\":\"https:\\\/\\\/xometry.eu\\\/de\\\/\"},{\"@type\":\"ListItem\",\"position\":2,\"name\":\"2026 Manufacturing Outlook: European Edition\"}]},{\"@type\":\"WebSite\",\"@id\":\"https:\\\/\\\/xometry.eu\\\/de\\\/#website\",\"url\":\"https:\\\/\\\/xometry.eu\\\/de\\\/\",\"name\":\"Xometry Europe\",\"description\":\"\",\"publisher\":{\"@id\":\"https:\\\/\\\/xometry.eu\\\/de\\\/#organization\"},\"potentialAction\":[{\"@type\":\"SearchAction\",\"target\":{\"@type\":\"EntryPoint\",\"urlTemplate\":\"https:\\\/\\\/xometry.eu\\\/de\\\/?s={search_term_string}\"},\"query-input\":{\"@type\":\"PropertyValueSpecification\",\"valueRequired\":true,\"valueName\":\"search_term_string\"}}],\"inLanguage\":\"de\"}]}<\/script>\n<!-- \/ Yoast SEO Premium plugin. -->","yoast_head_json":{"title":"2026 Manufacturing Outlook: European Edition | Xometry Europe","description":"Entdecken Sie die wichtigsten Trends und Strategien der Fertigungsindustrie 2026, um der Konkurrenz voraus zu sein und Wachstum zu f\u00f6rdern.","robots":{"index":"index","follow":"follow","max-snippet":"max-snippet:-1","max-image-preview":"max-image-preview:large","max-video-preview":"max-video-preview:-1"},"canonical":"https:\/\/xometry.eu\/de\/manufacturing-outlook-2026-europaeische-ausgabe\/","og_locale":"de_DE","og_type":"article","og_title":"2026 Manufacturing Outlook: European Edition","og_description":"Entdecken Sie die wichtigsten Trends und Strategien der Fertigungsindustrie 2026, um der Konkurrenz voraus zu sein und Wachstum zu f\u00f6rdern.","og_url":"https:\/\/xometry.eu\/de\/manufacturing-outlook-2026-europaeische-ausgabe\/","og_site_name":"Xometry Europe","article_modified_time":"2025-10-02T10:07:59+00:00","og_image":[{"width":1200,"height":628,"url":"https:\/\/xometry.eu\/wp-content\/uploads\/2025\/09\/Manufacturing-Outlook-Europe.png","type":"image\/png"}],"twitter_card":"summary_large_image","twitter_misc":{"Gesch\u00e4tzte Lesezeit":"1\u00a0Minute"},"schema":{"@context":"https:\/\/schema.org","@graph":[{"@type":"WebPage","@id":"https:\/\/xometry.eu\/de\/manufacturing-outlook-2026-europaeische-ausgabe\/","url":"https:\/\/xometry.eu\/de\/manufacturing-outlook-2026-europaeische-ausgabe\/","name":"2026 Manufacturing Outlook: European Edition | Xometry Europe","isPartOf":{"@id":"https:\/\/xometry.eu\/de\/#website"},"primaryImageOfPage":{"@id":"https:\/\/xometry.eu\/de\/manufacturing-outlook-2026-europaeische-ausgabe\/#primaryimage"},"image":{"@id":"https:\/\/xometry.eu\/de\/manufacturing-outlook-2026-europaeische-ausgabe\/#primaryimage"},"thumbnailUrl":"https:\/\/xometry.eu\/wp-content\/uploads\/2025\/09\/Manufacturing-Outlook-Europe.png","datePublished":"2025-10-02T10:07:56+00:00","dateModified":"2025-10-02T10:07:59+00:00","description":"Entdecken Sie die wichtigsten Trends und Strategien der Fertigungsindustrie 2026, um der Konkurrenz voraus zu sein und Wachstum zu f\u00f6rdern.","breadcrumb":{"@id":"https:\/\/xometry.eu\/de\/manufacturing-outlook-2026-europaeische-ausgabe\/#breadcrumb"},"inLanguage":"de","potentialAction":[{"@type":"ReadAction","target":["https:\/\/xometry.eu\/de\/manufacturing-outlook-2026-europaeische-ausgabe\/"]}]},{"@type":"ImageObject","inLanguage":"de","@id":"https:\/\/xometry.eu\/de\/manufacturing-outlook-2026-europaeische-ausgabe\/#primaryimage","url":"https:\/\/xometry.eu\/wp-content\/uploads\/2025\/09\/Manufacturing-Outlook-Europe.png","contentUrl":"https:\/\/xometry.eu\/wp-content\/uploads\/2025\/09\/Manufacturing-Outlook-Europe.png","width":1200,"height":628},{"@type":"BreadcrumbList","@id":"https:\/\/xometry.eu\/de\/manufacturing-outlook-2026-europaeische-ausgabe\/#breadcrumb","itemListElement":[{"@type":"ListItem","position":1,"name":"Home","item":"https:\/\/xometry.eu\/de\/"},{"@type":"ListItem","position":2,"name":"2026 Manufacturing Outlook: European Edition"}]},{"@type":"WebSite","@id":"https:\/\/xometry.eu\/de\/#website","url":"https:\/\/xometry.eu\/de\/","name":"Xometry Europe","description":"","publisher":{"@id":"https:\/\/xometry.eu\/de\/#organization"},"potentialAction":[{"@type":"SearchAction","target":{"@type":"EntryPoint","urlTemplate":"https:\/\/xometry.eu\/de\/?s={search_term_string}"},"query-input":{"@type":"PropertyValueSpecification","valueRequired":true,"valueName":"search_term_string"}}],"inLanguage":"de"}]}},"_links":{"self":[{"href":"https:\/\/xometry.eu\/de\/wp-json\/wp\/v2\/pages\/163769","targetHints":{"allow":["GET"]}}],"collection":[{"href":"https:\/\/xometry.eu\/de\/wp-json\/wp\/v2\/pages"}],"about":[{"href":"https:\/\/xometry.eu\/de\/wp-json\/wp\/v2\/types\/page"}],"author":[{"embeddable":true,"href":"https:\/\/xometry.eu\/de\/wp-json\/wp\/v2\/users\/14"}],"replies":[{"embeddable":true,"href":"https:\/\/xometry.eu\/de\/wp-json\/wp\/v2\/comments?post=163769"}],"version-history":[{"count":0,"href":"https:\/\/xometry.eu\/de\/wp-json\/wp\/v2\/pages\/163769\/revisions"}],"wp:featuredmedia":[{"embeddable":true,"href":"https:\/\/xometry.eu\/de\/wp-json\/wp\/v2\/media\/163308"}],"wp:attachment":[{"href":"https:\/\/xometry.eu\/de\/wp-json\/wp\/v2\/media?parent=163769"}],"curies":[{"name":"wp","href":"https:\/\/api.w.org\/{rel}","templated":true}]}}