{"id":162593,"date":"2025-09-05T18:01:02","date_gmt":"2025-09-05T16:01:02","guid":{"rendered":"https:\/\/xometry.eu\/back-to-business\/"},"modified":"2025-09-09T15:23:42","modified_gmt":"2025-09-09T13:23:42","slug":"back-to-business","status":"publish","type":"page","link":"https:\/\/xometry.eu\/de\/back-to-business\/","title":{"rendered":"Back to Business"},"content":{"rendered":"<section class=\"hero  light light-to-dark-gradient printing-3d-page\" >\r\n        <img decoding=\"async\" src=\"https:\/\/xometry.eu\/wp-content\/uploads\/2025\/09\/back-to-business-cover-left-2-scaled.png\" alt=\" Zur\u00fcck ins Gesch\u00e4ft:  Jetzt Rabatt sichern\" class=\"hero__left-image\" \/>\r\n            <img decoding=\"async\" src=\"https:\/\/xometry.eu\/wp-content\/uploads\/2025\/09\/back-to-business-cover-right-3-scaled.png\" alt=\" Zur\u00fcck ins Gesch\u00e4ft:  Jetzt Rabatt sichern\" class=\"hero__right-image\" \/>\r\n        <div class=\"hero__container section container\" style=\"padding-bottom: 0px;\">\r\n        <div class=\"hero__title-wrapper\">\r\n            <h1 class=\"title title--01\"><strong> Zur\u00fcck ins Gesch\u00e4ft:<\/strong> <br> Jetzt Rabatt sichern<\/h1>\r\n            <div><p>Reduzieren Sie Ihre Produktionskosten und bringen Sie neue Projekte schneller auf den Weg. Unser aktuelles Rabattangebot unterst\u00fctzt Sie dabei, effizienter zu fertigen und Wettbewerbsvorteile zu sichern.<\/p>\n<p>&nbsp;<\/p>\n<p><span style=\"font-weight: 400;\">Jetzt Rabatt sichern \u2013 nur bis 23. September<\/span><\/p>\n<\/div>\r\n                    <\/div>\r\n        <div class=\"hero__cards-list\">\r\n                    <\/div>\r\n            <\/div>\r\n<\/section>\n\n <section class=\"steps-comparison light   dark-to-light-gradient\">\r\n    <div class=\"steps-comparison__container section container\">\r\n                    <div class=\"steps__list three-cards\">\r\n                                    <div class=\"steps__card card\">\r\n                                                    <img decoding=\"async\" class=\"steps__card-image\" src=\"https:\/\/xometry.eu\/wp-content\/uploads\/2025\/09\/back-to-business-12.png\" alt=\"3D-Druck-Bestellungen\" \/>\r\n                                                <div class=\"steps__card-main\">\r\n                            <h4 class=\"title title--04\">3D-Druck-Bestellungen<\/h4>\r\n                            <div><p><span style=\"font-weight: 400;\">Sparen Sie <\/span><b>12 % <\/b><span style=\"font-weight: 400;\">bei Ihrem n\u00e4chsten Projekt mit modernsten 3D-Drucktechnologien<\/span>.<\/p>\n<p>&nbsp;<\/p>\n<p><strong><b>Gilt f\u00fcr<\/b>: <\/strong><\/p>\n<p><span style=\"font-weight: 400;\">Selective Laser Sintering (SLS), Multi Jet Fusion (MJF), Direct Metal Laser Sintering (DMLS)<\/span><\/p>\n<p>&nbsp;<\/p>\n<hr \/>\n<p>&nbsp;<\/p>\n<p><strong>Code: <span style=\"color: #0e6aed;\">BTB12PRINT<\/span><\/strong><\/p>\n<p>&nbsp;<\/p>\n<p><span style=\"color: #0e6aed;\"><strong><a style=\"color: #0e6aed;\" href=\"#codes-terms\" rel=\"noopener\">Alle Bedingungen<\/a><\/strong><\/span><\/p>\n<\/div>\r\n                        <\/div>\r\n                    <\/div>\r\n                                    <div class=\"steps__card card\">\r\n                                                    <img decoding=\"async\" class=\"steps__card-image\" src=\"https:\/\/xometry.eu\/wp-content\/uploads\/2025\/09\/back-to-business-15.png\" alt=\"Gro\u00dfauftr\u00e4ge in der Fertigung\" \/>\r\n                                                <div class=\"steps__card-main\">\r\n                            <h4 class=\"title title--04\">Gro\u00dfauftr\u00e4ge in der Fertigung<\/h4>\r\n                            <div><p><span style=\"font-weight: 400;\">Erhalten Sie <\/span><b>15 % Rabatt<\/b><span style=\"font-weight: 400;\">, wenn Ihr Auftrag \u00fcber <\/span><b>3.000 \u20ac<\/b><span style=\"font-weight: 400;\"> liegt<\/span>.<\/p>\n<p>&nbsp;<\/p>\n<p><strong><b>Gilt f\u00fcr<\/b>:<\/strong><\/p>\n<p><span style=\"font-weight: 400;\">CNC-Bearbeitung, Blechbearbeitung, Spritzguss, Vakuumguss<\/span><\/p>\n<p>&nbsp;<\/p>\n<p>&nbsp;<\/p>\n<p>&nbsp;<\/p>\n<hr \/>\n<p>&nbsp;<\/p>\n<p><strong>Code: <span style=\"color: #0e6aed;\">BTB15SCALE<\/span><span style=\"color: #0e6aed;\"><br aria-hidden=\"true\" \/><\/span><\/strong><\/p>\n<p>&nbsp;<\/p>\n<p><span style=\"color: #0e6aed;\"><strong><a style=\"color: #0e6aed;\" href=\"#codes-terms\" rel=\"noopener\">Alle Bedingungen<\/a><\/strong><\/span><\/p>\n<p>&nbsp;<\/p>\n<\/div>\r\n                        <\/div>\r\n                    <\/div>\r\n                                    <div class=\"steps__card card\">\r\n                                                    <img decoding=\"async\" class=\"steps__card-image\" src=\"https:\/\/xometry.eu\/wp-content\/uploads\/2025\/09\/back-to-business-20.png\" alt=\"Erstbestellung bei Xometry\" \/>\r\n                                                <div class=\"steps__card-main\">\r\n                            <h4 class=\"title title--04\">Erstbestellung bei Xometry<\/h4>\r\n                            <div><p><span style=\"font-weight: 400;\">Profitieren Sie von <\/span><b>20 % Rabatt<\/b><span style=\"font-weight: 400;\"> auf Ihre erste Bestellung \u2013 oder teilen Sie den Vorteil mit einem Kollegen, der noch nicht bestellt hat<\/span>.<\/p>\n<p>&nbsp;<\/p>\n<p><strong><b>Gilt f\u00fcr<\/b>: <\/strong><\/p>\n<p><span style=\"font-weight: 400;\">Alle Fertigungstechnologien bei Xometry auf Erstbestellungen<\/span><\/p>\n<p>&nbsp;<\/p>\n<hr \/>\n<p>&nbsp;<\/p>\n<p><strong>Code: <span style=\"color: #0e6aed;\">BTB20FIRST<\/p>\n<p><\/span><\/strong><\/p>\n<p><strong><span style=\"color: #0e6aed;\"><br \/>\n<a style=\"color: #0e6aed;\" href=\"#codes-terms\">Alle Bedingungen<\/a><br \/>\n<\/span><\/strong><\/p>\n<p>&nbsp;<\/p>\n<\/div>\r\n                        <\/div>\r\n                    <\/div>\r\n                            <\/div>\r\n                <div class=\"comparison__list\">\r\n                    <\/div>\r\n    <\/div>\r\n<\/section>\n\n\n<div class=\"wp-block-buttons is-content-justification-center is-layout-flex wp-container-core-buttons-is-layout-16018d1d wp-block-buttons-is-layout-flex\">\n<div class=\"wp-block-button has-custom-width wp-block-button__width-25 is-style-fill\"><a class=\"wp-block-button__link has-white-color has-text-color has-background has-link-color wp-element-button\" href=\"https:\/\/get.xometry.eu\/?locale=de\" style=\"border-radius:4px;background-color:#0e6aed\"><strong>Jetzt Angebot einholen<\/strong><\/a><\/div>\n<\/div>\n\n\n\r\n<section class=\"faq light light-to-dark-gradient\"  id=\"codes-terms\">\r\n    <div class=\"faq__container section container\">\r\n        <div class=\"faq__wrapper\">\r\n            <h2 class=\"title title--02\">Wie funktionieren<strong> die Rabattcodes? <\/strong> <\/h2>\r\n            <div class=\"faq__list\">\r\n                                                                                                    <div class=\"faq__item  \">\r\n                            <div class=\"faq__item-question title title--04\">\r\n                                Code: BTB12PRINT                                <svg\r\n                                    xmlns=\"http:\/\/www.w3.org\/2000\/svg\"\r\n                                    width=\"28\"\r\n                                    height=\"28\"\r\n                                    viewBox=\"0 0 28 28\"\r\n                                    fill=\"none\"\r\n                                    class=\"toggle-icon\"\r\n                                >\r\n                                    <g class=\"plus\">\r\n                                    <path\r\n                                        d=\"M19.0313 13.125H14.875V8.96875C14.875 8.84844 14.7766 8.75 14.6563 8.75H13.3438C13.2234 8.75 13.125 8.84844 13.125 8.96875V13.125H8.96875C8.84844 13.125 8.75 13.2234 8.75 13.3438V14.6563C8.75 14.7766 8.84844 14.875 8.96875 14.875H13.125V19.0313C13.125 19.1516 13.2234 19.25 13.3438 19.25H14.6563C14.7766 19.25 14.875 19.1516 14.875 19.0313V14.875H19.0313C19.1516 14.875 19.25 14.7766 19.25 14.6563V13.3438C19.25 13.2234 19.1516 13.125 19.0313 13.125Z\"\r\n                                    \/>\r\n                                    <path\r\n                                        d=\"M14 1.75C7.23516 1.75 1.75 7.23516 1.75 14C1.75 20.7648 7.23516 26.25 14 26.25C20.7648 26.25 26.25 20.7648 26.25 14C26.25 7.23516 20.7648 1.75 14 1.75ZM14 24.1719C8.38359 24.1719 3.82813 19.6164 3.82813 14C3.82813 8.38359 8.38359 3.82813 14 3.82813C19.6164 3.82813 24.1719 8.38359 24.1719 14C24.1719 19.6164 19.6164 24.1719 14 24.1719Z\"\r\n                                    \/>\r\n                                    <\/g>\r\n                                    <g class=\"minus\">\r\n                                    <path\r\n                                        d=\"M19.0313 13.125H8.96875C8.84844 13.125 8.75 13.2234 8.75 13.3438V14.6563C8.75 14.7766 8.84844 14.875 8.96875 14.875H19.0313C19.1516 14.875 19.25 14.7766 19.25 14.6563V13.3438C19.25 13.2234 19.1516 13.125 19.0313 13.125Z\"\r\n                                    \/>\r\n                                    <path\r\n                                        d=\"M14 1.75C7.23516 1.75 1.75 7.23516 1.75 14C1.75 20.7648 7.23516 26.25 14 26.25C20.7648 26.25 26.25 20.7648 26.25 14C26.25 7.23516 20.7648 1.75 14 1.75ZM14 24.1719C8.38359 24.1719 3.82813 19.6164 3.82813 14C3.82813 8.38359 8.38359 3.82813 14 3.82813C19.6164 3.82813 24.1719 8.38359 24.1719 14C24.1719 19.6164 19.6164 24.1719 14 24.1719Z\"\r\n                                    \/>\r\n                                    <\/g>\r\n                                <\/svg>\r\n                            <\/div>\r\n                            <div class=\"faq__item-answer-wrapper\">\r\n                                <div class=\"faq__item-answer\">\r\n                                    <ul>\n<li>3D-Druck: G\u00fcltig f\u00fcr Bestellungen, die ausschlie\u00dflich SLS-, MJF- oder DMLS-Teile enthalten.<\/li>\n<li>Nur f\u00fcr Sofort-Angebote \u00fcber die Xometry Instant Quoting Engine\u00ae bis zum 23. September 2025, 23:59 Uhr MESZ. Pro Kunde nur einmal einl\u00f6sbar. Nicht mit anderen Aktionen kombinierbar.<\/li>\n<\/ul>\n                                <\/div>\r\n                            <\/div>\r\n                        <\/div>\r\n                                                                    <div class=\"faq__item  \">\r\n                            <div class=\"faq__item-question title title--04\">\r\n                                Code: BTB15SCALE                                <svg\r\n                                    xmlns=\"http:\/\/www.w3.org\/2000\/svg\"\r\n                                    width=\"28\"\r\n                                    height=\"28\"\r\n                                    viewBox=\"0 0 28 28\"\r\n                                    fill=\"none\"\r\n                                    class=\"toggle-icon\"\r\n                                >\r\n                                    <g class=\"plus\">\r\n                                    <path\r\n                                        d=\"M19.0313 13.125H14.875V8.96875C14.875 8.84844 14.7766 8.75 14.6563 8.75H13.3438C13.2234 8.75 13.125 8.84844 13.125 8.96875V13.125H8.96875C8.84844 13.125 8.75 13.2234 8.75 13.3438V14.6563C8.75 14.7766 8.84844 14.875 8.96875 14.875H13.125V19.0313C13.125 19.1516 13.2234 19.25 13.3438 19.25H14.6563C14.7766 19.25 14.875 19.1516 14.875 19.0313V14.875H19.0313C19.1516 14.875 19.25 14.7766 19.25 14.6563V13.3438C19.25 13.2234 19.1516 13.125 19.0313 13.125Z\"\r\n                                    \/>\r\n                                    <path\r\n                                        d=\"M14 1.75C7.23516 1.75 1.75 7.23516 1.75 14C1.75 20.7648 7.23516 26.25 14 26.25C20.7648 26.25 26.25 20.7648 26.25 14C26.25 7.23516 20.7648 1.75 14 1.75ZM14 24.1719C8.38359 24.1719 3.82813 19.6164 3.82813 14C3.82813 8.38359 8.38359 3.82813 14 3.82813C19.6164 3.82813 24.1719 8.38359 24.1719 14C24.1719 19.6164 19.6164 24.1719 14 24.1719Z\"\r\n                                    \/>\r\n                                    <\/g>\r\n                                    <g class=\"minus\">\r\n                                    <path\r\n                                        d=\"M19.0313 13.125H8.96875C8.84844 13.125 8.75 13.2234 8.75 13.3438V14.6563C8.75 14.7766 8.84844 14.875 8.96875 14.875H19.0313C19.1516 14.875 19.25 14.7766 19.25 14.6563V13.3438C19.25 13.2234 19.1516 13.125 19.0313 13.125Z\"\r\n                                    \/>\r\n                                    <path\r\n                                        d=\"M14 1.75C7.23516 1.75 1.75 7.23516 1.75 14C1.75 20.7648 7.23516 26.25 14 26.25C20.7648 26.25 26.25 20.7648 26.25 14C26.25 7.23516 20.7648 1.75 14 1.75ZM14 24.1719C8.38359 24.1719 3.82813 19.6164 3.82813 14C3.82813 8.38359 8.38359 3.82813 14 3.82813C19.6164 3.82813 24.1719 8.38359 24.1719 14C24.1719 19.6164 19.6164 24.1719 14 24.1719Z\"\r\n                                    \/>\r\n                                    <\/g>\r\n                                <\/svg>\r\n                            <\/div>\r\n                            <div class=\"faq__item-answer-wrapper\">\r\n                                <div class=\"faq__item-answer\">\r\n                                    <ul>\n<li>G\u00fcltig f\u00fcr Bestellungen \u00fcber 3.000\u202f\u20ac, die ausschlie\u00dflich CNC-, Blech-, Spritzguss- oder Vakuumgussteile enthalten.<\/li>\n<li>Nur f\u00fcr Sofort-Angebote \u00fcber die Xometry Instant Quoting Engine\u00ae bis zum 23. September 2025, 23:59 Uhr MESZ. Pro Kunde nur einmal einl\u00f6sbar. Nicht mit anderen Aktionen kombinierbar.<\/li>\n<\/ul>\n                                <\/div>\r\n                            <\/div>\r\n                        <\/div>\r\n                                                                    <div class=\"faq__item  \">\r\n                            <div class=\"faq__item-question title title--04\">\r\n                                Code: BTB20FIRST                                <svg\r\n                                    xmlns=\"http:\/\/www.w3.org\/2000\/svg\"\r\n                                    width=\"28\"\r\n                                    height=\"28\"\r\n                                    viewBox=\"0 0 28 28\"\r\n                                    fill=\"none\"\r\n                                    class=\"toggle-icon\"\r\n                                >\r\n                                    <g class=\"plus\">\r\n                                    <path\r\n                                        d=\"M19.0313 13.125H14.875V8.96875C14.875 8.84844 14.7766 8.75 14.6563 8.75H13.3438C13.2234 8.75 13.125 8.84844 13.125 8.96875V13.125H8.96875C8.84844 13.125 8.75 13.2234 8.75 13.3438V14.6563C8.75 14.7766 8.84844 14.875 8.96875 14.875H13.125V19.0313C13.125 19.1516 13.2234 19.25 13.3438 19.25H14.6563C14.7766 19.25 14.875 19.1516 14.875 19.0313V14.875H19.0313C19.1516 14.875 19.25 14.7766 19.25 14.6563V13.3438C19.25 13.2234 19.1516 13.125 19.0313 13.125Z\"\r\n                                    \/>\r\n                                    <path\r\n                                        d=\"M14 1.75C7.23516 1.75 1.75 7.23516 1.75 14C1.75 20.7648 7.23516 26.25 14 26.25C20.7648 26.25 26.25 20.7648 26.25 14C26.25 7.23516 20.7648 1.75 14 1.75ZM14 24.1719C8.38359 24.1719 3.82813 19.6164 3.82813 14C3.82813 8.38359 8.38359 3.82813 14 3.82813C19.6164 3.82813 24.1719 8.38359 24.1719 14C24.1719 19.6164 19.6164 24.1719 14 24.1719Z\"\r\n                                    \/>\r\n                                    <\/g>\r\n                                    <g class=\"minus\">\r\n                                    <path\r\n                                        d=\"M19.0313 13.125H8.96875C8.84844 13.125 8.75 13.2234 8.75 13.3438V14.6563C8.75 14.7766 8.84844 14.875 8.96875 14.875H19.0313C19.1516 14.875 19.25 14.7766 19.25 14.6563V13.3438C19.25 13.2234 19.1516 13.125 19.0313 13.125Z\"\r\n                                    \/>\r\n                                    <path\r\n                                        d=\"M14 1.75C7.23516 1.75 1.75 7.23516 1.75 14C1.75 20.7648 7.23516 26.25 14 26.25C20.7648 26.25 26.25 20.7648 26.25 14C26.25 7.23516 20.7648 1.75 14 1.75ZM14 24.1719C8.38359 24.1719 3.82813 19.6164 3.82813 14C3.82813 8.38359 8.38359 3.82813 14 3.82813C19.6164 3.82813 24.1719 8.38359 24.1719 14C24.1719 19.6164 19.6164 24.1719 14 24.1719Z\"\r\n                                    \/>\r\n                                    <\/g>\r\n                                <\/svg>\r\n                            <\/div>\r\n                            <div class=\"faq__item-answer-wrapper\">\r\n                                <div class=\"faq__item-answer\">\r\n                                    <ul>\n<li>Nur f\u00fcr Neukunden g\u00fcltig.<\/li>\n<li>Nur f\u00fcr Sofort-Angebote \u00fcber die Xometry Instant Quoting Engine\u00ae bis zum 23. September 2025, 23:59 Uhr MESZ. Pro Kunde nur einmal einl\u00f6sbar. Nicht mit anderen Aktionen kombinierbar.<\/li>\n<\/ul>\n                                <\/div>\r\n                            <\/div>\r\n                        <\/div>\r\n                                                <\/div>\r\n        <\/div>\r\n            <\/div>\r\n<\/section>\n\n\n<p class=\"has-medium-font-size\"><\/p>\n\n\n\r\n<section class=\"final-cta dark dark-blue-100\" >\r\n    <div class=\"final-cta__container section container\">\r\n        <h2 class=\"title title--02\">Zur\u00fcck ins Gesch\u00e4ft mit Xometry<\/h2>\r\n        <div class=\"hero__cards-list\">\r\n              \r\n    <a href=\"https:\/\/get.xometry.eu\/?locale=de\" class=\"hero__cards-item card \">\r\n        <h3 class=\"title title--03\">Rabatte verf\u00fcgbar bis 23. September<\/h3>\r\n        <div class=\"hero__cards-item-text \"><p><span style=\"font-weight: 400;\">Geben Sie Ihren Projekten jetzt den entscheidenden Vorsprung \u2013 mit den Back-to-Business-Rabatten von Xometry.<\/span><\/p>\n<p><span style=\"font-weight: 400;\">Warten Sie nicht: Bestellen Sie noch heute und sichern Sie sich Ihre Ersparnis.<\/span><\/p>\n<\/div>\r\n        <span class=\"btn btn--primary \">Jetzt Angebot anfordern<\/span>\r\n            <\/a>\r\n        <\/div>\r\n        <div class=\"final-cta__footer-list\">\r\n                                            <\/div>\r\n    <\/div>\r\n<\/section>\n\n\n<p class=\"has-medium-font-size\"><\/p>\n","protected":false},"excerpt":{"rendered":"","protected":false},"author":14,"featured_media":0,"parent":0,"menu_order":0,"comment_status":"closed","ping_status":"closed","template":"template-new-style.php","meta":{"_acf_changed":false,"inline_featured_image":false,"footnotes":""},"class_list":["post-162593","page","type-page","status-publish","hentry"],"acf":[],"yoast_head":"<!-- This site is optimized with the Yoast SEO Premium plugin v20.5 (Yoast SEO v27.3) - https:\/\/yoast.com\/product\/yoast-seo-premium-wordpress\/ -->\n<title>Back to Business | Xometry Europe<\/title>\n<meta name=\"description\" content=\"Start new business season strong with Xometry discounts \u2014 designed to make launching ideas and scaling production easier and more cost-effective. Up to 20% off custom manufacturing. Limited-time offers available until September 23.\" \/>\n<meta name=\"robots\" content=\"index, follow, max-snippet:-1, max-image-preview:large, max-video-preview:-1\" \/>\n<link rel=\"canonical\" href=\"https:\/\/xometry.eu\/de\/back-to-business\/\" \/>\n<meta property=\"og:locale\" content=\"de_DE\" \/>\n<meta property=\"og:type\" content=\"article\" \/>\n<meta property=\"og:title\" content=\"Back to Business\" \/>\n<meta property=\"og:description\" content=\"Start new business season strong with Xometry discounts \u2014 designed to make launching ideas and scaling production easier and more cost-effective. Up to 20% off custom manufacturing. Limited-time offers available until September 23.\" \/>\n<meta property=\"og:url\" content=\"https:\/\/xometry.eu\/de\/back-to-business\/\" \/>\n<meta property=\"og:site_name\" content=\"Xometry Europe\" \/>\n<meta property=\"article:modified_time\" content=\"2025-09-09T13:23:42+00:00\" \/>\n<meta name=\"twitter:card\" content=\"summary_large_image\" \/>\n<meta name=\"twitter:label1\" content=\"Gesch\u00e4tzte Lesezeit\" \/>\n\t<meta name=\"twitter:data1\" content=\"1\u00a0Minute\" \/>\n<script type=\"application\/ld+json\" class=\"yoast-schema-graph\">{\"@context\":\"https:\\\/\\\/schema.org\",\"@graph\":[{\"@type\":\"WebPage\",\"@id\":\"https:\\\/\\\/xometry.eu\\\/de\\\/back-to-business\\\/\",\"url\":\"https:\\\/\\\/xometry.eu\\\/de\\\/back-to-business\\\/\",\"name\":\"Back to Business | Xometry Europe\",\"isPartOf\":{\"@id\":\"https:\\\/\\\/xometry.eu\\\/de\\\/#website\"},\"datePublished\":\"2025-09-05T16:01:02+00:00\",\"dateModified\":\"2025-09-09T13:23:42+00:00\",\"description\":\"Start new business season strong with Xometry discounts \u2014 designed to make launching ideas and scaling production easier and more cost-effective. Up to 20% off custom manufacturing. Limited-time offers available until September 23.\",\"breadcrumb\":{\"@id\":\"https:\\\/\\\/xometry.eu\\\/de\\\/back-to-business\\\/#breadcrumb\"},\"inLanguage\":\"de\",\"potentialAction\":[{\"@type\":\"ReadAction\",\"target\":[\"https:\\\/\\\/xometry.eu\\\/de\\\/back-to-business\\\/\"]}]},{\"@type\":\"BreadcrumbList\",\"@id\":\"https:\\\/\\\/xometry.eu\\\/de\\\/back-to-business\\\/#breadcrumb\",\"itemListElement\":[{\"@type\":\"ListItem\",\"position\":1,\"name\":\"Home\",\"item\":\"https:\\\/\\\/xometry.eu\\\/de\\\/\"},{\"@type\":\"ListItem\",\"position\":2,\"name\":\"Back to Business\"}]},{\"@type\":\"WebSite\",\"@id\":\"https:\\\/\\\/xometry.eu\\\/de\\\/#website\",\"url\":\"https:\\\/\\\/xometry.eu\\\/de\\\/\",\"name\":\"Xometry Europe\",\"description\":\"\",\"publisher\":{\"@id\":\"https:\\\/\\\/xometry.eu\\\/de\\\/#organization\"},\"potentialAction\":[{\"@type\":\"SearchAction\",\"target\":{\"@type\":\"EntryPoint\",\"urlTemplate\":\"https:\\\/\\\/xometry.eu\\\/de\\\/?s={search_term_string}\"},\"query-input\":{\"@type\":\"PropertyValueSpecification\",\"valueRequired\":true,\"valueName\":\"search_term_string\"}}],\"inLanguage\":\"de\"}]}<\/script>\n<!-- \/ Yoast SEO Premium plugin. -->","yoast_head_json":{"title":"Back to Business | Xometry Europe","description":"Start new business season strong with Xometry discounts \u2014 designed to make launching ideas and scaling production easier and more cost-effective. Up to 20% off custom manufacturing. Limited-time offers available until September 23.","robots":{"index":"index","follow":"follow","max-snippet":"max-snippet:-1","max-image-preview":"max-image-preview:large","max-video-preview":"max-video-preview:-1"},"canonical":"https:\/\/xometry.eu\/de\/back-to-business\/","og_locale":"de_DE","og_type":"article","og_title":"Back to Business","og_description":"Start new business season strong with Xometry discounts \u2014 designed to make launching ideas and scaling production easier and more cost-effective. Up to 20% off custom manufacturing. Limited-time offers available until September 23.","og_url":"https:\/\/xometry.eu\/de\/back-to-business\/","og_site_name":"Xometry Europe","article_modified_time":"2025-09-09T13:23:42+00:00","twitter_card":"summary_large_image","twitter_misc":{"Gesch\u00e4tzte Lesezeit":"1\u00a0Minute"},"schema":{"@context":"https:\/\/schema.org","@graph":[{"@type":"WebPage","@id":"https:\/\/xometry.eu\/de\/back-to-business\/","url":"https:\/\/xometry.eu\/de\/back-to-business\/","name":"Back to Business | Xometry Europe","isPartOf":{"@id":"https:\/\/xometry.eu\/de\/#website"},"datePublished":"2025-09-05T16:01:02+00:00","dateModified":"2025-09-09T13:23:42+00:00","description":"Start new business season strong with Xometry discounts \u2014 designed to make launching ideas and scaling production easier and more cost-effective. Up to 20% off custom manufacturing. Limited-time offers available until September 23.","breadcrumb":{"@id":"https:\/\/xometry.eu\/de\/back-to-business\/#breadcrumb"},"inLanguage":"de","potentialAction":[{"@type":"ReadAction","target":["https:\/\/xometry.eu\/de\/back-to-business\/"]}]},{"@type":"BreadcrumbList","@id":"https:\/\/xometry.eu\/de\/back-to-business\/#breadcrumb","itemListElement":[{"@type":"ListItem","position":1,"name":"Home","item":"https:\/\/xometry.eu\/de\/"},{"@type":"ListItem","position":2,"name":"Back to Business"}]},{"@type":"WebSite","@id":"https:\/\/xometry.eu\/de\/#website","url":"https:\/\/xometry.eu\/de\/","name":"Xometry Europe","description":"","publisher":{"@id":"https:\/\/xometry.eu\/de\/#organization"},"potentialAction":[{"@type":"SearchAction","target":{"@type":"EntryPoint","urlTemplate":"https:\/\/xometry.eu\/de\/?s={search_term_string}"},"query-input":{"@type":"PropertyValueSpecification","valueRequired":true,"valueName":"search_term_string"}}],"inLanguage":"de"}]}},"_links":{"self":[{"href":"https:\/\/xometry.eu\/de\/wp-json\/wp\/v2\/pages\/162593","targetHints":{"allow":["GET"]}}],"collection":[{"href":"https:\/\/xometry.eu\/de\/wp-json\/wp\/v2\/pages"}],"about":[{"href":"https:\/\/xometry.eu\/de\/wp-json\/wp\/v2\/types\/page"}],"author":[{"embeddable":true,"href":"https:\/\/xometry.eu\/de\/wp-json\/wp\/v2\/users\/14"}],"replies":[{"embeddable":true,"href":"https:\/\/xometry.eu\/de\/wp-json\/wp\/v2\/comments?post=162593"}],"version-history":[{"count":0,"href":"https:\/\/xometry.eu\/de\/wp-json\/wp\/v2\/pages\/162593\/revisions"}],"wp:attachment":[{"href":"https:\/\/xometry.eu\/de\/wp-json\/wp\/v2\/media?parent=162593"}],"curies":[{"name":"wp","href":"https:\/\/api.w.org\/{rel}","templated":true}]}}