{"id":159022,"date":"2025-06-11T09:17:39","date_gmt":"2025-06-11T07:17:39","guid":{"rendered":"https:\/\/xometry.eu\/sponsorship-request\/"},"modified":"2026-02-24T21:24:40","modified_gmt":"2026-02-24T19:24:40","slug":"projekt-sponsoring","status":"publish","type":"page","link":"https:\/\/xometry.eu\/de\/projekt-sponsoring\/","title":{"rendered":"Sponsoring &amp; Projektf\u00f6rderung f\u00fcr Studierende"},"content":{"rendered":"<section class=\"hero  light light-to-dark-gradient printing-3d-page\" >\r\n        <img decoding=\"async\" src=\"https:\/\/xometry.eu\/wp-content\/uploads\/2025\/06\/3D-design-of-the-nanosatellite-with-an-integrated-laboratory-982x1024-1.webp\" alt=\"Technischen Nachwuchs gezielt f\u00f6rdern \u2013 mit Xometry als Projektpartner \" class=\"hero__left-image\" \/>\r\n            <img decoding=\"async\" src=\"https:\/\/xometry.eu\/wp-content\/uploads\/2025\/06\/oxford-brookes-racing-car.png\" alt=\"Technischen Nachwuchs gezielt f\u00f6rdern \u2013 mit Xometry als Projektpartner \" class=\"hero__right-image\" \/>\r\n        <div class=\"hero__container section container\" style=\"padding-bottom: 0px;\">\r\n        <div class=\"hero__title-wrapper\">\r\n            <h1 class=\"title title--01\">Technischen Nachwuchs gezielt f\u00f6rdern \u2013 mit Xometry als Projektpartner <\/h1>\r\n            <div><p><span style=\"font-weight: 400;\">Du bist Teil eines Studierendenteams oder arbeitest an einem nicht-kommerziellen Projekt in den Bereichen Maschinenbau, Robotik oder Produktentwicklung? Befindest du dich in Europa? <\/span><span style=\"font-weight: 400;\">Wir sind immer auf der Suche nach mutigen, zukunftsorientierten Ideen, die wir unterst\u00fctzen k\u00f6nnen.<\/span><\/p>\n<\/div>\r\n                    <\/div>\r\n        <div class=\"hero__cards-list\">\r\n                    <\/div>\r\n            <\/div>\r\n<\/section>\n\n <section class=\"advantages light dark-to-light-gradient\">\r\n    <div class=\"advantages__container section container\">\r\n        <h2 class=\"title title--02\">\r\n            Was wir anbieten        <\/h2>\r\n        <div class=\"advantages__list\">\r\n                                <div class=\"advantages__item card\">\r\n                        <img decoding=\"async\" class=\"advantages__item-image\" src=\"https:\/\/xometry.eu\/wp-content\/uploads\/2025\/05\/discount.svg\" alt=\"Verg\u00fcnstigte Fertigungsleistungen\"\r\n                        \/>\r\n                        <h4 class=\"title title--04\">Verg\u00fcnstigte Fertigungsleistungen<\/h4>\r\n                        <div>\r\n                            <p><span style=\"font-weight: 400;\">Profitiere von verg\u00fcnstigten Konditionen f\u00fcr CNC-Bearbeitung, 3D-Druck und mehr \u2013 speziell f\u00fcr individuelle Hochschulprojekte.<\/span><\/p>\n                        <\/div>\r\n                                            <\/div>\r\n                                        <div class=\"advantages__item card\">\r\n                        <img decoding=\"async\" class=\"advantages__item-image\" src=\"https:\/\/xometry.eu\/wp-content\/uploads\/2025\/05\/visibility.svg\" alt=\"Reichweite &#038; Sichtbarkeit\"\r\n                        \/>\r\n                        <h4 class=\"title title--04\">Reichweite &#038; Sichtbarkeit<\/h4>\r\n                        <div>\r\n                            <p><span style=\"font-weight: 400;\">Stelle dein Projekt auf unseren Plattformen vor und vernetze dich mit einer gro\u00dfen Engineering-Community in ganz Europa.<\/span><\/p>\n                        <\/div>\r\n                                            <\/div>\r\n                                        <div class=\"advantages__item card\">\r\n                        <img decoding=\"async\" class=\"advantages__item-image\" src=\"https:\/\/xometry.eu\/wp-content\/uploads\/2025\/05\/support.svg\" alt=\"Individuelle technische Beratung\"\r\n                        \/>\r\n                        <h4 class=\"title title--04\">Individuelle technische Beratung<\/h4>\r\n                        <div>\r\n                            <p><span style=\"font-weight: 400;\">Unser Expertenteam unterst\u00fctzt dich dabei, deine Idee in fertigungsgerechte Bauteile zu \u00fcbersetzen \u2013 praxisnah und kompetent.<\/span><\/p>\n                        <\/div>\r\n                                            <\/div>\r\n                            <\/div>\r\n            <\/div>\r\n<\/section>\n\n\r\n <section class=\"capability-list light light-to-dark-gradient\">\r\n  <div class=\"capability-list__container section container\">\r\n        <div class=\"section__title-wrapper\">\r\n                    <h2 class=\"title title--02\">Welche Projekte wir typischerweise f\u00f6rdern:<\/h2>\r\n            <\/div>\r\n    <div class=\"capability-list__list\">\r\n    \r\n            <div class=\"capability-list__item \">\r\n                <img decoding=\"async\" src=\"https:\/\/xometry.eu\/wp-content\/uploads\/2025\/05\/student-competitions.svg\" alt=\"\" class=\"capability-list__item-icon\">\r\n                <div class=\"capability-list__item-main\">\r\n                    <h3 class=\"capability-list__item-title text-s\"><\/h3>\r\n                    <div class=\"capability-list__item-text title title--05\">Studierendenwettbewerbe wie Formula Student, Hyperloop oder Robotik<\/div>\r\n                <\/div>\r\n            <\/div>\r\n\r\n        \r\n            <div class=\"capability-list__item \">\r\n                <img decoding=\"async\" src=\"https:\/\/xometry.eu\/wp-content\/uploads\/2025\/05\/research-project-1.svg\" alt=\"\" class=\"capability-list__item-icon\">\r\n                <div class=\"capability-list__item-main\">\r\n                    <h3 class=\"capability-list__item-title text-s\"><\/h3>\r\n                    <div class=\"capability-list__item-text title title--05\">Forschungs- und Entwicklungsprojekte an Hochschulen<\/div>\r\n                <\/div>\r\n            <\/div>\r\n\r\n        \r\n            <div class=\"capability-list__item \">\r\n                <img decoding=\"async\" src=\"https:\/\/xometry.eu\/wp-content\/uploads\/2025\/05\/graduation-projects.svg\" alt=\"\" class=\"capability-list__item-icon\">\r\n                <div class=\"capability-list__item-main\">\r\n                    <h3 class=\"capability-list__item-title text-s\"><\/h3>\r\n                    <div class=\"capability-list__item-text title title--05\">Abschlussarbeiten, Capstone-Projekte und Praxissemester-Projekte<\/div>\r\n                <\/div>\r\n            <\/div>\r\n\r\n        \r\n            <div class=\"capability-list__item \">\r\n                <img decoding=\"async\" src=\"https:\/\/xometry.eu\/wp-content\/uploads\/2025\/05\/open-source-hardware.svg\" alt=\"\" class=\"capability-list__item-icon\">\r\n                <div class=\"capability-list__item-main\">\r\n                    <h3 class=\"capability-list__item-title text-s\"><\/h3>\r\n                    <div class=\"capability-list__item-text title title--05\">Open-Source-Hardware-Initiativen<\/div>\r\n                <\/div>\r\n            <\/div>\r\n\r\n        \r\n            <div class=\"capability-list__item border-none_desktop\">\r\n                <img decoding=\"async\" src=\"https:\/\/xometry.eu\/wp-content\/uploads\/2025\/05\/educational-maker-events.svg\" alt=\"\" class=\"capability-list__item-icon\">\r\n                <div class=\"capability-list__item-main\">\r\n                    <h3 class=\"capability-list__item-title text-s\"><\/h3>\r\n                    <div class=\"capability-list__item-text title title--05\">Technisch ausgerichtete Events von Universit\u00e4ten oder Hochschulgruppen<\/div>\r\n                <\/div>\r\n            <\/div>\r\n\r\n        \r\n            <div class=\"capability-list__item border-none\">\r\n                <img decoding=\"async\" src=\"https:\/\/xometry.eu\/wp-content\/uploads\/2025\/02\/Vector-3.svg\" alt=\"\" class=\"capability-list__item-icon\">\r\n                <div class=\"capability-list__item-main\">\r\n                    <h3 class=\"capability-list__item-title text-s\"><\/h3>\r\n                    <div class=\"capability-list__item-text title title--05\">Unabh\u00e4ngige, communitybasierte Engineering-Initiativen<\/div>\r\n                <\/div>\r\n            <\/div>\r\n\r\n        \r\n    <\/div>\r\n    \r\n        <div class=\"capability-list__btns-container\">\r\n            <div class=\"call-to-action\">\r\n                    <a href=\"https:\/\/docs.google.com\/forms\/d\/e\/1FAIpQLSdNnmLb79QAGUGJyfYK1p0r4cLZD8sP78b-kT8bFlC3hGkdXg\/viewform?usp=sharing&#038;ouid=111268153315564232191\" class=\"btn btn--primary\" target=\"\">Sponsoring-Anfrage einreichen <\/a>\r\n            <\/div>\r\n            <\/div>\r\n  <\/div>\r\n<\/section>\n\n<section class=\"parts-slider light blue-10\">\r\n    <div class=\"parts-slider__container section container\">\r\n        <h2 class=\"title title--02\">Gef\u00f6rderte Studierendenprojekte von Xometry<\/h2>\r\n        <div class=\"parts-slider__slider\">\r\n            <div class=\"swiper-wrapper\">\r\n                                <div class=\"parts-slider__item swiper-slide card\">\r\n                        <div class=\"parts-slider__item-image\">\r\n                            <img decoding=\"async\" src=\"https:\/\/xometry.eu\/wp-content\/uploads\/2021\/11\/Machine_front-scaled-min.jpeg\" alt=\"Tunnelbohrmaschine\" \/>\r\n                        <\/div>\r\n                        <div class=\"parts-slider__item-main\">\r\n                            <h3 class=\"text-m\">Tunnelbohrmaschine<\/h3>\r\n                        <\/div>\r\n                    <\/div>\r\n                                        <div class=\"parts-slider__item swiper-slide card\">\r\n                        <div class=\"parts-slider__item-image\">\r\n                            <img decoding=\"async\" src=\"https:\/\/xometry.eu\/wp-content\/uploads\/2025\/05\/oxford-brookes-racing-car.webp\" alt=\"Hochleistungs-Elektrofahrzeug\" \/>\r\n                        <\/div>\r\n                        <div class=\"parts-slider__item-main\">\r\n                            <h3 class=\"text-m\">Hochleistungs-Elektrofahrzeug<\/h3>\r\n                        <\/div>\r\n                    <\/div>\r\n                                        <div class=\"parts-slider__item swiper-slide card\">\r\n                        <div class=\"parts-slider__item-image\">\r\n                            <img decoding=\"async\" src=\"https:\/\/xometry.eu\/wp-content\/uploads\/2025\/05\/uav-with-retractable-landing-gear-itunom.png\" alt=\"UAV (unbemanntes Luftfahrzeug)\" \/>\r\n                        <\/div>\r\n                        <div class=\"parts-slider__item-main\">\r\n                            <h3 class=\"text-m\">UAV (unbemanntes Luftfahrzeug)<\/h3>\r\n                        <\/div>\r\n                    <\/div>\r\n                                        <div class=\"parts-slider__item swiper-slide card\">\r\n                        <div class=\"parts-slider__item-image\">\r\n                            <img decoding=\"async\" src=\"https:\/\/xometry.eu\/wp-content\/uploads\/2025\/05\/vinci-eco-drive-electric-single-seater.jpeg\" alt=\"Elektrischer Einsitzer\" \/>\r\n                        <\/div>\r\n                        <div class=\"parts-slider__item-main\">\r\n                            <h3 class=\"text-m\">Elektrischer Einsitzer<\/h3>\r\n                        <\/div>\r\n                    <\/div>\r\n                                        <div class=\"parts-slider__item swiper-slide card\">\r\n                        <div class=\"parts-slider__item-image\">\r\n                            <img decoding=\"async\" src=\"https:\/\/xometry.eu\/wp-content\/uploads\/2025\/05\/acubesat-render-space.webp\" alt=\"Modulares Nanosatellitensystem\" \/>\r\n                        <\/div>\r\n                        <div class=\"parts-slider__item-main\">\r\n                            <h3 class=\"text-m\">Modulares Nanosatellitensystem<\/h3>\r\n                        <\/div>\r\n                    <\/div>\r\n                                        <div class=\"parts-slider__item swiper-slide card\">\r\n                        <div class=\"parts-slider__item-image\">\r\n                            <img decoding=\"async\" src=\"https:\/\/xometry.eu\/wp-content\/uploads\/2025\/05\/propulse-ntnu-project-valemon-copy-scaled-1.webp\" alt=\"Hochentwickelte Tr\u00e4gerrakete\" \/>\r\n                        <\/div>\r\n                        <div class=\"parts-slider__item-main\">\r\n                            <h3 class=\"text-m\">Hochentwickelte Tr\u00e4gerrakete<\/h3>\r\n                        <\/div>\r\n                    <\/div>\r\n                                        <div class=\"parts-slider__item swiper-slide card\">\r\n                        <div class=\"parts-slider__item-image\">\r\n                            <img decoding=\"async\" src=\"https:\/\/xometry.eu\/wp-content\/uploads\/2025\/05\/FR23_Freya.webp\" alt=\"Rennwagen-Prototyp\" \/>\r\n                        <\/div>\r\n                        <div class=\"parts-slider__item-main\">\r\n                            <h3 class=\"text-m\">Rennwagen-Prototyp<\/h3>\r\n                        <\/div>\r\n                    <\/div>\r\n                                        <div class=\"parts-slider__item swiper-slide card\">\r\n                        <div class=\"parts-slider__item-image\">\r\n                            <img decoding=\"async\" src=\"https:\/\/xometry.eu\/wp-content\/uploads\/2025\/05\/ICLR-Rocket-2.webp\" alt=\"Fl\u00fcssigtreibstoff-Rakete\" \/>\r\n                        <\/div>\r\n                        <div class=\"parts-slider__item-main\">\r\n                            <h3 class=\"text-m\">Fl\u00fcssigtreibstoff-Rakete<\/h3>\r\n                        <\/div>\r\n                    <\/div>\r\n                                        <div class=\"parts-slider__item swiper-slide card\">\r\n                        <div class=\"parts-slider__item-image\">\r\n                            <img decoding=\"async\" src=\"https:\/\/xometry.eu\/wp-content\/uploads\/2021\/11\/Machine_front-scaled-min.jpeg\" alt=\"Tunnelbohrmaschine\" \/>\r\n                        <\/div>\r\n                        <div class=\"parts-slider__item-main\">\r\n                            <h3 class=\"text-m\">Tunnelbohrmaschine<\/h3>\r\n                        <\/div>\r\n                    <\/div>\r\n                                        <div class=\"parts-slider__item swiper-slide card\">\r\n                        <div class=\"parts-slider__item-image\">\r\n                            <img decoding=\"async\" src=\"https:\/\/xometry.eu\/wp-content\/uploads\/2025\/05\/oxford-brookes-racing-car.webp\" alt=\"Hochleistungs-Elektrofahrzeug\" \/>\r\n                        <\/div>\r\n                        <div class=\"parts-slider__item-main\">\r\n                            <h3 class=\"text-m\">Hochleistungs-Elektrofahrzeug<\/h3>\r\n                        <\/div>\r\n                    <\/div>\r\n                                        <div class=\"parts-slider__item swiper-slide card\">\r\n                        <div class=\"parts-slider__item-image\">\r\n                            <img decoding=\"async\" src=\"https:\/\/xometry.eu\/wp-content\/uploads\/2025\/05\/uav-with-retractable-landing-gear-itunom.png\" alt=\"UAV (unbemanntes Luftfahrzeug)\" \/>\r\n                        <\/div>\r\n                        <div class=\"parts-slider__item-main\">\r\n                            <h3 class=\"text-m\">UAV (unbemanntes Luftfahrzeug)<\/h3>\r\n                        <\/div>\r\n                    <\/div>\r\n                                        <div class=\"parts-slider__item swiper-slide card\">\r\n                        <div class=\"parts-slider__item-image\">\r\n                            <img decoding=\"async\" src=\"https:\/\/xometry.eu\/wp-content\/uploads\/2025\/05\/vinci-eco-drive-electric-single-seater.jpeg\" alt=\"Elektrischer Einsitzer\" \/>\r\n                        <\/div>\r\n                        <div class=\"parts-slider__item-main\">\r\n                            <h3 class=\"text-m\">Elektrischer Einsitzer<\/h3>\r\n                        <\/div>\r\n                    <\/div>\r\n                                        <div class=\"parts-slider__item swiper-slide card\">\r\n                        <div class=\"parts-slider__item-image\">\r\n                            <img decoding=\"async\" src=\"https:\/\/xometry.eu\/wp-content\/uploads\/2025\/05\/acubesat-render-space.webp\" alt=\"Modulares Nanosatellitensystem\" \/>\r\n                        <\/div>\r\n                        <div class=\"parts-slider__item-main\">\r\n                            <h3 class=\"text-m\">Modulares Nanosatellitensystem<\/h3>\r\n                        <\/div>\r\n                    <\/div>\r\n                                        <div class=\"parts-slider__item swiper-slide card\">\r\n                        <div class=\"parts-slider__item-image\">\r\n                            <img decoding=\"async\" src=\"https:\/\/xometry.eu\/wp-content\/uploads\/2025\/05\/propulse-ntnu-project-valemon-copy-scaled-1.webp\" alt=\"Hochentwickelte Tr\u00e4gerrakete\" \/>\r\n                        <\/div>\r\n                        <div class=\"parts-slider__item-main\">\r\n                            <h3 class=\"text-m\">Hochentwickelte Tr\u00e4gerrakete<\/h3>\r\n                        <\/div>\r\n                    <\/div>\r\n                                        <div class=\"parts-slider__item swiper-slide card\">\r\n                        <div class=\"parts-slider__item-image\">\r\n                            <img decoding=\"async\" src=\"https:\/\/xometry.eu\/wp-content\/uploads\/2025\/05\/FR23_Freya.webp\" alt=\"Rennwagen-Prototyp\" \/>\r\n                        <\/div>\r\n                        <div class=\"parts-slider__item-main\">\r\n                            <h3 class=\"text-m\">Rennwagen-Prototyp<\/h3>\r\n                        <\/div>\r\n                    <\/div>\r\n                                        <div class=\"parts-slider__item swiper-slide card\">\r\n                        <div class=\"parts-slider__item-image\">\r\n                            <img decoding=\"async\" src=\"https:\/\/xometry.eu\/wp-content\/uploads\/2025\/05\/ICLR-Rocket-2.webp\" alt=\"Fl\u00fcssigtreibstoff-Rakete\" \/>\r\n                        <\/div>\r\n                        <div class=\"parts-slider__item-main\">\r\n                            <h3 class=\"text-m\">Fl\u00fcssigtreibstoff-Rakete<\/h3>\r\n                        <\/div>\r\n                    <\/div>\r\n                                <\/div>\r\n        <\/div>\r\n            <\/div>\r\n<\/section>\n\n\r\n<section class=\"final-cta dark dark-blue-100\" >\r\n    <div class=\"final-cta__container section container\">\r\n        <h2 class=\"title title--02\">Erz\u00e4hle uns von deinem Projekt<\/h2>\r\n        <div class=\"hero__cards-list\">\r\n              \r\n    <a href=\"https:\/\/docs.google.com\/forms\/d\/e\/1FAIpQLSdNnmLb79QAGUGJyfYK1p0r4cLZD8sP78b-kT8bFlC3hGkdXg\/viewform?usp=sharing&#038;ouid=111268153315564232191\" class=\"hero__cards-item card \">\r\n        <h3 class=\"title title--03\">Beantrage jetzt Projektf\u00f6rderung oder Sponsoring von Xometry<\/h3>\r\n        <div class=\"hero__cards-item-text \"><p>Nutze einfach unser Formular, um dein Vorhaben vorzustellen \u2013 unser Team pr\u00fcft jede Anfrage sorgf\u00e4ltig. Wir k\u00f6nnen nicht alle Projekte unterst\u00fctzen, aber wir nehmen jede Einreichung ernst. <strong>Ein Sponsoring ist nur in Europa (einschlie\u00dflich Gro\u00dfbritannien) m\u00f6glich.<\/strong><\/p>\n<\/div>\r\n        <span class=\"btn btn--primary \">Formular ausf\u00fcllen<\/span>\r\n            <\/a>\r\n        <\/div>\r\n        <div class=\"final-cta__footer-list\">\r\n                                            <\/div>\r\n    <\/div>\r\n<\/section>\n\n\n<p><\/p>\n","protected":false},"excerpt":{"rendered":"","protected":false},"author":10,"featured_media":0,"parent":0,"menu_order":0,"comment_status":"closed","ping_status":"closed","template":"template-new-style.php","meta":{"_acf_changed":false,"inline_featured_image":false,"footnotes":""},"class_list":["post-159022","page","type-page","status-publish","hentry"],"acf":[],"yoast_head":"<!-- This site is optimized with the Yoast SEO Premium plugin v20.5 (Yoast SEO v27.1.1) - https:\/\/yoast.com\/product\/yoast-seo-premium-wordpress\/ -->\n<title>Nachwuchsingenieur:innen f\u00f6rdern Projekt-Sponsoring | Xometry Europe<\/title>\n<meta name=\"description\" content=\"Teil eines Studierendenteams oder Technikprojekts? Bewirb dich jetzt f\u00fcr ein Sponsoring von Xometry und bring deine Idee in die Fertigung!\" \/>\n<meta name=\"robots\" content=\"index, nofollow, max-snippet:-1, max-image-preview:large, max-video-preview:-1\" \/>\n<link rel=\"canonical\" href=\"https:\/\/xometry.eu\/de\/projekt-sponsoring\/\" \/>\n<meta property=\"og:locale\" content=\"de_DE\" \/>\n<meta property=\"og:type\" content=\"article\" \/>\n<meta property=\"og:title\" content=\"Nachwuchsingenieur:innen f\u00f6rdern Projekt-Sponsoring | Xometry Europe\" \/>\n<meta property=\"og:description\" content=\"Teil eines Studierendenteams oder Technikprojekts? Bewirb dich jetzt f\u00fcr ein Sponsoring von Xometry und bring deine Idee in die Fertigung!\" \/>\n<meta property=\"og:url\" content=\"https:\/\/xometry.eu\/de\/projekt-sponsoring\/\" \/>\n<meta property=\"og:site_name\" content=\"Xometry Europe\" \/>\n<meta property=\"article:modified_time\" content=\"2026-02-24T19:24:40+00:00\" \/>\n<meta name=\"twitter:card\" content=\"summary_large_image\" \/>\n<meta name=\"twitter:title\" content=\"Sponsoring &amp; Projektf\u00f6rderung f\u00fcr Studierende\" \/>\n<script type=\"application\/ld+json\" class=\"yoast-schema-graph\">{\"@context\":\"https:\/\/schema.org\",\"@graph\":[{\"@type\":\"WebPage\",\"@id\":\"https:\/\/xometry.eu\/de\/projekt-sponsoring\/\",\"url\":\"https:\/\/xometry.eu\/de\/projekt-sponsoring\/\",\"name\":\"Nachwuchsingenieur:innen f\u00f6rdern Projekt-Sponsoring | Xometry Europe\",\"isPartOf\":{\"@id\":\"https:\/\/xometry.eu\/de\/#website\"},\"datePublished\":\"2025-06-11T07:17:39+00:00\",\"dateModified\":\"2026-02-24T19:24:40+00:00\",\"description\":\"Teil eines Studierendenteams oder Technikprojekts? Bewirb dich jetzt f\u00fcr ein Sponsoring von Xometry und bring deine Idee in die Fertigung!\",\"breadcrumb\":{\"@id\":\"https:\/\/xometry.eu\/de\/projekt-sponsoring\/#breadcrumb\"},\"inLanguage\":\"de\",\"potentialAction\":[{\"@type\":\"ReadAction\",\"target\":[\"https:\/\/xometry.eu\/de\/projekt-sponsoring\/\"]}]},{\"@type\":\"BreadcrumbList\",\"@id\":\"https:\/\/xometry.eu\/de\/projekt-sponsoring\/#breadcrumb\",\"itemListElement\":[{\"@type\":\"ListItem\",\"position\":1,\"name\":\"Home\",\"item\":\"https:\/\/xometry.eu\/de\/\"},{\"@type\":\"ListItem\",\"position\":2,\"name\":\"Sponsoring &amp; Projektf\u00f6rderung f\u00fcr Studierende\"}]},{\"@type\":\"WebSite\",\"@id\":\"https:\/\/xometry.eu\/de\/#website\",\"url\":\"https:\/\/xometry.eu\/de\/\",\"name\":\"Xometry Europe\",\"description\":\"\",\"publisher\":{\"@id\":\"https:\/\/xometry.eu\/de\/#organization\"},\"potentialAction\":[{\"@type\":\"SearchAction\",\"target\":{\"@type\":\"EntryPoint\",\"urlTemplate\":\"https:\/\/xometry.eu\/de\/?s={search_term_string}\"},\"query-input\":{\"@type\":\"PropertyValueSpecification\",\"valueRequired\":true,\"valueName\":\"search_term_string\"}}],\"inLanguage\":\"de\"}]}<\/script>\n<!-- \/ Yoast SEO Premium plugin. -->","yoast_head_json":{"title":"Nachwuchsingenieur:innen f\u00f6rdern Projekt-Sponsoring | Xometry Europe","description":"Teil eines Studierendenteams oder Technikprojekts? Bewirb dich jetzt f\u00fcr ein Sponsoring von Xometry und bring deine Idee in die Fertigung!","robots":{"index":"index","follow":"nofollow","max-snippet":"max-snippet:-1","max-image-preview":"max-image-preview:large","max-video-preview":"max-video-preview:-1"},"canonical":"https:\/\/xometry.eu\/de\/projekt-sponsoring\/","og_locale":"de_DE","og_type":"article","og_title":"Nachwuchsingenieur:innen f\u00f6rdern Projekt-Sponsoring | Xometry Europe","og_description":"Teil eines Studierendenteams oder Technikprojekts? Bewirb dich jetzt f\u00fcr ein Sponsoring von Xometry und bring deine Idee in die Fertigung!","og_url":"https:\/\/xometry.eu\/de\/projekt-sponsoring\/","og_site_name":"Xometry Europe","article_modified_time":"2026-02-24T19:24:40+00:00","twitter_card":"summary_large_image","twitter_title":"Sponsoring &amp; Projektf\u00f6rderung f\u00fcr Studierende","schema":{"@context":"https:\/\/schema.org","@graph":[{"@type":"WebPage","@id":"https:\/\/xometry.eu\/de\/projekt-sponsoring\/","url":"https:\/\/xometry.eu\/de\/projekt-sponsoring\/","name":"Nachwuchsingenieur:innen f\u00f6rdern Projekt-Sponsoring | Xometry Europe","isPartOf":{"@id":"https:\/\/xometry.eu\/de\/#website"},"datePublished":"2025-06-11T07:17:39+00:00","dateModified":"2026-02-24T19:24:40+00:00","description":"Teil eines Studierendenteams oder Technikprojekts? Bewirb dich jetzt f\u00fcr ein Sponsoring von Xometry und bring deine Idee in die Fertigung!","breadcrumb":{"@id":"https:\/\/xometry.eu\/de\/projekt-sponsoring\/#breadcrumb"},"inLanguage":"de","potentialAction":[{"@type":"ReadAction","target":["https:\/\/xometry.eu\/de\/projekt-sponsoring\/"]}]},{"@type":"BreadcrumbList","@id":"https:\/\/xometry.eu\/de\/projekt-sponsoring\/#breadcrumb","itemListElement":[{"@type":"ListItem","position":1,"name":"Home","item":"https:\/\/xometry.eu\/de\/"},{"@type":"ListItem","position":2,"name":"Sponsoring &amp; Projektf\u00f6rderung f\u00fcr Studierende"}]},{"@type":"WebSite","@id":"https:\/\/xometry.eu\/de\/#website","url":"https:\/\/xometry.eu\/de\/","name":"Xometry Europe","description":"","publisher":{"@id":"https:\/\/xometry.eu\/de\/#organization"},"potentialAction":[{"@type":"SearchAction","target":{"@type":"EntryPoint","urlTemplate":"https:\/\/xometry.eu\/de\/?s={search_term_string}"},"query-input":{"@type":"PropertyValueSpecification","valueRequired":true,"valueName":"search_term_string"}}],"inLanguage":"de"}]}},"_links":{"self":[{"href":"https:\/\/xometry.eu\/de\/wp-json\/wp\/v2\/pages\/159022","targetHints":{"allow":["GET"]}}],"collection":[{"href":"https:\/\/xometry.eu\/de\/wp-json\/wp\/v2\/pages"}],"about":[{"href":"https:\/\/xometry.eu\/de\/wp-json\/wp\/v2\/types\/page"}],"author":[{"embeddable":true,"href":"https:\/\/xometry.eu\/de\/wp-json\/wp\/v2\/users\/10"}],"replies":[{"embeddable":true,"href":"https:\/\/xometry.eu\/de\/wp-json\/wp\/v2\/comments?post=159022"}],"version-history":[{"count":3,"href":"https:\/\/xometry.eu\/de\/wp-json\/wp\/v2\/pages\/159022\/revisions"}],"predecessor-version":[{"id":170350,"href":"https:\/\/xometry.eu\/de\/wp-json\/wp\/v2\/pages\/159022\/revisions\/170350"}],"wp:attachment":[{"href":"https:\/\/xometry.eu\/de\/wp-json\/wp\/v2\/media?parent=159022"}],"curies":[{"name":"wp","href":"https:\/\/api.w.org\/{rel}","templated":true}]}}