{"id":126912,"date":"2023-08-17T09:37:04","date_gmt":"2023-08-17T07:37:04","guid":{"rendered":"https:\/\/xometry.eu\/automotive-industry\/"},"modified":"2026-03-06T19:46:38","modified_gmt":"2026-03-06T17:46:38","slug":"automobilbau","status":"publish","type":"page","link":"https:\/\/xometry.eu\/de\/automobilbau\/","title":{"rendered":"Automotive Industry"},"content":{"rendered":"","protected":false},"excerpt":{"rendered":"","protected":false},"author":14,"featured_media":115397,"parent":0,"menu_order":0,"comment_status":"closed","ping_status":"closed","template":"","meta":{"_acf_changed":false,"inline_featured_image":false,"footnotes":""},"class_list":["post-126912","page","type-page","status-publish","has-post-thumbnail","hentry"],"acf":[],"yoast_head":"<!-- This site is optimized with the Yoast SEO Premium plugin v20.5 (Yoast SEO v27.1.1) - https:\/\/yoast.com\/product\/yoast-seo-premium-wordpress\/ -->\n<title>Prototypenbau und Fertigung f\u00fcr die Automobilindustrie | Xometry<\/title>\n<meta name=\"description\" content=\"Schnellere Innovationen durch sofortigen Zugriff auf die gro\u00dfen Fertigungskapazit\u00e4ten, das Netzwerk und das Know-how von Xometry in der Automobilindustrie.\" \/>\n<meta name=\"robots\" content=\"index, follow, max-snippet:-1, max-image-preview:large, max-video-preview:-1\" \/>\n<link rel=\"canonical\" href=\"https:\/\/xometry.eu\/de\/automobilbau\/\" \/>\n<meta property=\"og:locale\" content=\"de_DE\" \/>\n<meta property=\"og:type\" content=\"article\" \/>\n<meta property=\"og:title\" content=\"Automotive Industry\" \/>\n<meta property=\"og:description\" content=\"Schnellere Innovationen durch sofortigen Zugriff auf die gro\u00dfen Fertigungskapazit\u00e4ten, das Netzwerk und das Know-how von Xometry in der Automobilindustrie.\" \/>\n<meta property=\"og:url\" content=\"https:\/\/xometry.eu\/de\/automobilbau\/\" \/>\n<meta property=\"og:site_name\" content=\"Xometry Europe\" \/>\n<meta property=\"article:modified_time\" content=\"2026-03-06T17:46:38+00:00\" \/>\n<meta property=\"og:image\" content=\"https:\/\/xometry.eu\/wp-content\/uploads\/2023\/08\/Automotive-Industry-scaled.jpg\" \/>\n\t<meta property=\"og:image:width\" content=\"2560\" \/>\n\t<meta property=\"og:image:height\" content=\"1708\" \/>\n\t<meta property=\"og:image:type\" content=\"image\/jpeg\" \/>\n<meta name=\"twitter:card\" content=\"summary_large_image\" \/>\n<script type=\"application\/ld+json\" class=\"yoast-schema-graph\">{\"@context\":\"https:\/\/schema.org\",\"@graph\":[{\"@type\":\"WebPage\",\"@id\":\"https:\/\/xometry.eu\/de\/automobilbau\/\",\"url\":\"https:\/\/xometry.eu\/de\/automobilbau\/\",\"name\":\"Prototypenbau und Fertigung f\u00fcr die Automobilindustrie | Xometry\",\"isPartOf\":{\"@id\":\"https:\/\/xometry.eu\/de\/#website\"},\"primaryImageOfPage\":{\"@id\":\"https:\/\/xometry.eu\/de\/automobilbau\/#primaryimage\"},\"image\":{\"@id\":\"https:\/\/xometry.eu\/de\/automobilbau\/#primaryimage\"},\"thumbnailUrl\":\"https:\/\/xometry.eu\/wp-content\/uploads\/2023\/08\/Automotive-Industry-scaled.jpg\",\"datePublished\":\"2023-08-17T07:37:04+00:00\",\"dateModified\":\"2026-03-06T17:46:38+00:00\",\"description\":\"Schnellere Innovationen durch sofortigen Zugriff auf die gro\u00dfen Fertigungskapazit\u00e4ten, das Netzwerk und das Know-how von Xometry in der Automobilindustrie.\",\"breadcrumb\":{\"@id\":\"https:\/\/xometry.eu\/de\/automobilbau\/#breadcrumb\"},\"inLanguage\":\"de\",\"potentialAction\":[{\"@type\":\"ReadAction\",\"target\":[\"https:\/\/xometry.eu\/de\/automobilbau\/\"]}]},{\"@type\":\"ImageObject\",\"inLanguage\":\"de\",\"@id\":\"https:\/\/xometry.eu\/de\/automobilbau\/#primaryimage\",\"url\":\"https:\/\/xometry.eu\/wp-content\/uploads\/2023\/08\/Automotive-Industry-scaled.jpg\",\"contentUrl\":\"https:\/\/xometry.eu\/wp-content\/uploads\/2023\/08\/Automotive-Industry-scaled.jpg\",\"width\":2560,\"height\":1708,\"caption\":\"Chassis of the electric, hybrid car with powertrain. Blue toned.\"},{\"@type\":\"BreadcrumbList\",\"@id\":\"https:\/\/xometry.eu\/de\/automobilbau\/#breadcrumb\",\"itemListElement\":[{\"@type\":\"ListItem\",\"position\":1,\"name\":\"Home\",\"item\":\"https:\/\/xometry.eu\/de\/\"},{\"@type\":\"ListItem\",\"position\":2,\"name\":\"Automotive Industry\"}]},{\"@type\":\"WebSite\",\"@id\":\"https:\/\/xometry.eu\/de\/#website\",\"url\":\"https:\/\/xometry.eu\/de\/\",\"name\":\"Xometry Europe\",\"description\":\"\",\"publisher\":{\"@id\":\"https:\/\/xometry.eu\/de\/#organization\"},\"potentialAction\":[{\"@type\":\"SearchAction\",\"target\":{\"@type\":\"EntryPoint\",\"urlTemplate\":\"https:\/\/xometry.eu\/de\/?s={search_term_string}\"},\"query-input\":{\"@type\":\"PropertyValueSpecification\",\"valueRequired\":true,\"valueName\":\"search_term_string\"}}],\"inLanguage\":\"de\"}]}<\/script>\n<!-- \/ Yoast SEO Premium plugin. -->","yoast_head_json":{"title":"Prototypenbau und Fertigung f\u00fcr die Automobilindustrie | Xometry","description":"Schnellere Innovationen durch sofortigen Zugriff auf die gro\u00dfen Fertigungskapazit\u00e4ten, das Netzwerk und das Know-how von Xometry in der Automobilindustrie.","robots":{"index":"index","follow":"follow","max-snippet":"max-snippet:-1","max-image-preview":"max-image-preview:large","max-video-preview":"max-video-preview:-1"},"canonical":"https:\/\/xometry.eu\/de\/automobilbau\/","og_locale":"de_DE","og_type":"article","og_title":"Automotive Industry","og_description":"Schnellere Innovationen durch sofortigen Zugriff auf die gro\u00dfen Fertigungskapazit\u00e4ten, das Netzwerk und das Know-how von Xometry in der Automobilindustrie.","og_url":"https:\/\/xometry.eu\/de\/automobilbau\/","og_site_name":"Xometry Europe","article_modified_time":"2026-03-06T17:46:38+00:00","og_image":[{"width":2560,"height":1708,"url":"https:\/\/xometry.eu\/wp-content\/uploads\/2023\/08\/Automotive-Industry-scaled.jpg","type":"image\/jpeg"}],"twitter_card":"summary_large_image","schema":{"@context":"https:\/\/schema.org","@graph":[{"@type":"WebPage","@id":"https:\/\/xometry.eu\/de\/automobilbau\/","url":"https:\/\/xometry.eu\/de\/automobilbau\/","name":"Prototypenbau und Fertigung f\u00fcr die Automobilindustrie | Xometry","isPartOf":{"@id":"https:\/\/xometry.eu\/de\/#website"},"primaryImageOfPage":{"@id":"https:\/\/xometry.eu\/de\/automobilbau\/#primaryimage"},"image":{"@id":"https:\/\/xometry.eu\/de\/automobilbau\/#primaryimage"},"thumbnailUrl":"https:\/\/xometry.eu\/wp-content\/uploads\/2023\/08\/Automotive-Industry-scaled.jpg","datePublished":"2023-08-17T07:37:04+00:00","dateModified":"2026-03-06T17:46:38+00:00","description":"Schnellere Innovationen durch sofortigen Zugriff auf die gro\u00dfen Fertigungskapazit\u00e4ten, das Netzwerk und das Know-how von Xometry in der Automobilindustrie.","breadcrumb":{"@id":"https:\/\/xometry.eu\/de\/automobilbau\/#breadcrumb"},"inLanguage":"de","potentialAction":[{"@type":"ReadAction","target":["https:\/\/xometry.eu\/de\/automobilbau\/"]}]},{"@type":"ImageObject","inLanguage":"de","@id":"https:\/\/xometry.eu\/de\/automobilbau\/#primaryimage","url":"https:\/\/xometry.eu\/wp-content\/uploads\/2023\/08\/Automotive-Industry-scaled.jpg","contentUrl":"https:\/\/xometry.eu\/wp-content\/uploads\/2023\/08\/Automotive-Industry-scaled.jpg","width":2560,"height":1708,"caption":"Chassis of the electric, hybrid car with powertrain. Blue toned."},{"@type":"BreadcrumbList","@id":"https:\/\/xometry.eu\/de\/automobilbau\/#breadcrumb","itemListElement":[{"@type":"ListItem","position":1,"name":"Home","item":"https:\/\/xometry.eu\/de\/"},{"@type":"ListItem","position":2,"name":"Automotive Industry"}]},{"@type":"WebSite","@id":"https:\/\/xometry.eu\/de\/#website","url":"https:\/\/xometry.eu\/de\/","name":"Xometry Europe","description":"","publisher":{"@id":"https:\/\/xometry.eu\/de\/#organization"},"potentialAction":[{"@type":"SearchAction","target":{"@type":"EntryPoint","urlTemplate":"https:\/\/xometry.eu\/de\/?s={search_term_string}"},"query-input":{"@type":"PropertyValueSpecification","valueRequired":true,"valueName":"search_term_string"}}],"inLanguage":"de"}]}},"_links":{"self":[{"href":"https:\/\/xometry.eu\/de\/wp-json\/wp\/v2\/pages\/126912","targetHints":{"allow":["GET"]}}],"collection":[{"href":"https:\/\/xometry.eu\/de\/wp-json\/wp\/v2\/pages"}],"about":[{"href":"https:\/\/xometry.eu\/de\/wp-json\/wp\/v2\/types\/page"}],"author":[{"embeddable":true,"href":"https:\/\/xometry.eu\/de\/wp-json\/wp\/v2\/users\/14"}],"replies":[{"embeddable":true,"href":"https:\/\/xometry.eu\/de\/wp-json\/wp\/v2\/comments?post=126912"}],"version-history":[{"count":3,"href":"https:\/\/xometry.eu\/de\/wp-json\/wp\/v2\/pages\/126912\/revisions"}],"predecessor-version":[{"id":171871,"href":"https:\/\/xometry.eu\/de\/wp-json\/wp\/v2\/pages\/126912\/revisions\/171871"}],"wp:featuredmedia":[{"embeddable":true,"href":"https:\/\/xometry.eu\/de\/wp-json\/wp\/v2\/media\/115397"}],"wp:attachment":[{"href":"https:\/\/xometry.eu\/de\/wp-json\/wp\/v2\/media?parent=126912"}],"curies":[{"name":"wp","href":"https:\/\/api.w.org\/{rel}","templated":true}]}}