{"id":94631,"date":"2020-06-06T14:30:18","date_gmt":"2020-06-06T14:30:18","guid":{"rendered":"https:\/\/xometry.eu\/contacts\/"},"modified":"2026-01-08T10:57:45","modified_gmt":"2026-01-08T08:57:45","slug":"kontakt","status":"publish","type":"page","link":"https:\/\/xometry.eu\/da\/kontakt\/","title":{"rendered":"Kontakt og aftryk"},"content":{"rendered":"","protected":false},"excerpt":{"rendered":"","protected":false},"author":2,"featured_media":0,"parent":0,"menu_order":0,"comment_status":"closed","ping_status":"closed","template":"","meta":{"_acf_changed":false,"inline_featured_image":false,"footnotes":""},"class_list":["post-94631","page","type-page","status-publish","hentry"],"acf":[],"yoast_head":"<!-- This site is optimized with the Yoast SEO Premium plugin v20.5 (Yoast SEO v27.3) - https:\/\/yoast.com\/product\/yoast-seo-premium-wordpress\/ -->\n<title>Kontakt os og f\u00e5 et \u00f8jeblikkeligt tilbud| Xometry Europe<\/title>\n<meta name=\"description\" content=\"Kontakt os via email eller telefon for at f\u00e5 et tilbud p\u00e5 dine dele: CNC-bearbejdning, 3D-print, spr\u00f8jtest\u00f8bning, metalplader\" \/>\n<meta name=\"robots\" content=\"index, follow, max-snippet:-1, max-image-preview:large, max-video-preview:-1\" \/>\n<link rel=\"canonical\" href=\"https:\/\/xometry.eu\/da\/kontakt\/\" \/>\n<meta property=\"og:locale\" content=\"da_DK\" \/>\n<meta property=\"og:type\" content=\"article\" \/>\n<meta property=\"og:title\" content=\"Kontakt og aftryk\" \/>\n<meta property=\"og:description\" content=\"Kontakt os via email eller telefon for at f\u00e5 et tilbud p\u00e5 dine dele: CNC-bearbejdning, 3D-print, spr\u00f8jtest\u00f8bning, metalplader\" \/>\n<meta property=\"og:url\" content=\"https:\/\/xometry.eu\/da\/kontakt\/\" \/>\n<meta property=\"og:site_name\" content=\"Xometry Europe\" \/>\n<meta property=\"article:modified_time\" content=\"2026-01-08T08:57:45+00:00\" \/>\n<meta name=\"twitter:card\" content=\"summary_large_image\" \/>\n<script type=\"application\/ld+json\" class=\"yoast-schema-graph\">{\"@context\":\"https:\\\/\\\/schema.org\",\"@graph\":[{\"@type\":\"WebPage\",\"@id\":\"https:\\\/\\\/xometry.eu\\\/da\\\/kontakt\\\/\",\"url\":\"https:\\\/\\\/xometry.eu\\\/da\\\/kontakt\\\/\",\"name\":\"Kontakt os og f\u00e5 et \u00f8jeblikkeligt tilbud| Xometry Europe\",\"isPartOf\":{\"@id\":\"https:\\\/\\\/xometry.eu\\\/da\\\/#website\"},\"datePublished\":\"2020-06-06T14:30:18+00:00\",\"dateModified\":\"2026-01-08T08:57:45+00:00\",\"description\":\"Kontakt os via email eller telefon for at f\u00e5 et tilbud p\u00e5 dine dele: CNC-bearbejdning, 3D-print, spr\u00f8jtest\u00f8bning, metalplader\",\"breadcrumb\":{\"@id\":\"https:\\\/\\\/xometry.eu\\\/da\\\/kontakt\\\/#breadcrumb\"},\"inLanguage\":\"da-DK\",\"potentialAction\":[{\"@type\":\"ReadAction\",\"target\":[\"https:\\\/\\\/xometry.eu\\\/da\\\/kontakt\\\/\"]}]},{\"@type\":\"BreadcrumbList\",\"@id\":\"https:\\\/\\\/xometry.eu\\\/da\\\/kontakt\\\/#breadcrumb\",\"itemListElement\":[{\"@type\":\"ListItem\",\"position\":1,\"name\":\"Home\",\"item\":\"https:\\\/\\\/xometry.eu\\\/da\\\/\"},{\"@type\":\"ListItem\",\"position\":2,\"name\":\"Kontakt og aftryk\"}]},{\"@type\":\"WebSite\",\"@id\":\"https:\\\/\\\/xometry.eu\\\/da\\\/#website\",\"url\":\"https:\\\/\\\/xometry.eu\\\/da\\\/\",\"name\":\"Xometry Europe\",\"description\":\"\",\"publisher\":{\"@id\":\"https:\\\/\\\/xometry.eu\\\/da\\\/#organization\"},\"potentialAction\":[{\"@type\":\"SearchAction\",\"target\":{\"@type\":\"EntryPoint\",\"urlTemplate\":\"https:\\\/\\\/xometry.eu\\\/da\\\/?s={search_term_string}\"},\"query-input\":{\"@type\":\"PropertyValueSpecification\",\"valueRequired\":true,\"valueName\":\"search_term_string\"}}],\"inLanguage\":\"da-DK\"}]}<\/script>\n<!-- \/ Yoast SEO Premium plugin. -->","yoast_head_json":{"title":"Kontakt os og f\u00e5 et \u00f8jeblikkeligt tilbud| Xometry Europe","description":"Kontakt os via email eller telefon for at f\u00e5 et tilbud p\u00e5 dine dele: CNC-bearbejdning, 3D-print, spr\u00f8jtest\u00f8bning, metalplader","robots":{"index":"index","follow":"follow","max-snippet":"max-snippet:-1","max-image-preview":"max-image-preview:large","max-video-preview":"max-video-preview:-1"},"canonical":"https:\/\/xometry.eu\/da\/kontakt\/","og_locale":"da_DK","og_type":"article","og_title":"Kontakt og aftryk","og_description":"Kontakt os via email eller telefon for at f\u00e5 et tilbud p\u00e5 dine dele: CNC-bearbejdning, 3D-print, spr\u00f8jtest\u00f8bning, metalplader","og_url":"https:\/\/xometry.eu\/da\/kontakt\/","og_site_name":"Xometry Europe","article_modified_time":"2026-01-08T08:57:45+00:00","twitter_card":"summary_large_image","schema":{"@context":"https:\/\/schema.org","@graph":[{"@type":"WebPage","@id":"https:\/\/xometry.eu\/da\/kontakt\/","url":"https:\/\/xometry.eu\/da\/kontakt\/","name":"Kontakt os og f\u00e5 et \u00f8jeblikkeligt tilbud| Xometry Europe","isPartOf":{"@id":"https:\/\/xometry.eu\/da\/#website"},"datePublished":"2020-06-06T14:30:18+00:00","dateModified":"2026-01-08T08:57:45+00:00","description":"Kontakt os via email eller telefon for at f\u00e5 et tilbud p\u00e5 dine dele: CNC-bearbejdning, 3D-print, spr\u00f8jtest\u00f8bning, metalplader","breadcrumb":{"@id":"https:\/\/xometry.eu\/da\/kontakt\/#breadcrumb"},"inLanguage":"da-DK","potentialAction":[{"@type":"ReadAction","target":["https:\/\/xometry.eu\/da\/kontakt\/"]}]},{"@type":"BreadcrumbList","@id":"https:\/\/xometry.eu\/da\/kontakt\/#breadcrumb","itemListElement":[{"@type":"ListItem","position":1,"name":"Home","item":"https:\/\/xometry.eu\/da\/"},{"@type":"ListItem","position":2,"name":"Kontakt og aftryk"}]},{"@type":"WebSite","@id":"https:\/\/xometry.eu\/da\/#website","url":"https:\/\/xometry.eu\/da\/","name":"Xometry Europe","description":"","publisher":{"@id":"https:\/\/xometry.eu\/da\/#organization"},"potentialAction":[{"@type":"SearchAction","target":{"@type":"EntryPoint","urlTemplate":"https:\/\/xometry.eu\/da\/?s={search_term_string}"},"query-input":{"@type":"PropertyValueSpecification","valueRequired":true,"valueName":"search_term_string"}}],"inLanguage":"da-DK"}]}},"_links":{"self":[{"href":"https:\/\/xometry.eu\/da\/wp-json\/wp\/v2\/pages\/94631","targetHints":{"allow":["GET"]}}],"collection":[{"href":"https:\/\/xometry.eu\/da\/wp-json\/wp\/v2\/pages"}],"about":[{"href":"https:\/\/xometry.eu\/da\/wp-json\/wp\/v2\/types\/page"}],"author":[{"embeddable":true,"href":"https:\/\/xometry.eu\/da\/wp-json\/wp\/v2\/users\/2"}],"replies":[{"embeddable":true,"href":"https:\/\/xometry.eu\/da\/wp-json\/wp\/v2\/comments?post=94631"}],"version-history":[{"count":0,"href":"https:\/\/xometry.eu\/da\/wp-json\/wp\/v2\/pages\/94631\/revisions"}],"wp:attachment":[{"href":"https:\/\/xometry.eu\/da\/wp-json\/wp\/v2\/media?parent=94631"}],"curies":[{"name":"wp","href":"https:\/\/api.w.org\/{rel}","templated":true}]}}