{"id":94612,"date":"2020-05-25T06:55:23","date_gmt":"2020-05-25T06:55:23","guid":{"rendered":"https:\/\/xometry.eu\/policy\/"},"modified":"2023-06-19T08:52:53","modified_gmt":"2023-06-19T06:52:53","slug":"databeskyttelsespolitik","status":"publish","type":"page","link":"https:\/\/xometry.eu\/da\/databeskyttelsespolitik\/","title":{"rendered":"Databeskyttelsespolitik"},"content":{"rendered":"<p>Den ansvarlige enhed i henhold til \u00a7\u00a7 3 stk. 7 and 4 stk. 3 i den f\u00f8derale databeskyttelseslov [Bundesdatenschutzgesetz] er Xometry Europe GmbH, repr\u00e6senteret af dets administrerende direkt\u00f8r, Mr. Albert Belousov og Mr. Dmitry Kafidov, Ada-Lovelace-Str. 9, 85521 Ottobrunn, Germany.<\/p>\n<p>Vi indsamler og registrerer data modtaget fra vores kunder og leverand\u00f8rer. Disse data omfatter personoplysninger om kunder og\/eller data fra en virksomhed, som vi har en forretningsforbindelse med. Dette kan ogs\u00e5 omfatte brugsdata s\u00e5som IP-adresser.<\/p>\n<p>Disse data hj\u00e6lper os med at fuldf\u00f8re ordrer modtaget fra vores kunder til deres fordel. Det er n\u00f8dvendigt, at data fra kunder deles med virksomheder, der udf\u00f8rer ordrer p\u00e5 vores vegne. Dette indeb\u00e6rer blandt andet overf\u00f8rsel af tegninger og\/eller konstruktionsdiagrammer, samt objektbeskrivelser.<\/p>\n<p>Udover at fuldf\u00f8re ordrer, bruger vi ogs\u00e5 kundedata i forbindelse med at engagere tredjeparter til at udf\u00f8re opgaver s\u00e5som levering af pakker, behandling af betalinger osv. I dette tilf\u00e6lde, hvor en tredjepart modtager personlige data om kunder og\/eller andre virksomheder, m\u00e5 disse oplysninger i dens omfang ikke videreformidles.<\/p>\n<p>Kunden og\/eller virksomheden har ret til enhver tid, uden specifik \u00e5rsag og uden omkostninger, at modtage information om den specifikke data, der er lagret i vores systemer. Kunden og\/eller virksomheden kan til enhver tid kr\u00e6ve blokering, rettelse eller sletning af de data, som er indsamlet af os. Den samtykkeerkl\u00e6ring, der er givet til os til indsamling eller brug af data, kan til enhver tid tilbagekaldes, uden at der er behov for en specifik \u00e5rsag, ved at kontakte den ansvarlige enhed.<\/p>\n<p>Vi har taget omfattende tekniske og operationelle sikkerhedsforanstaltninger i brug for at beskytte dine personlige data hos os mod uautoriseret adgang og misbrug. Vores sikkerhedsprocedurer til beskyttelse mod beskadigelse, \u00f8del\u00e6ggelse og uautoriseret adgang bliver regelm\u00e6ssigt evalueret og opdateret i overenstemmelse med den nyeste teknologi.<\/p>\n<p>Vi gemmer kontraktteksten og sender dig bestillingsoplysningerne via e-mail. Vilk\u00e5r og betingelser kan til enhver tid ses p\u00e5 www.xometry.eu\/en\/conditions.<\/p>\n<p>Denne hjemmeside indeholder links til eksterne sider. Hvis du klikker p\u00e5 disse links, vil IP-adressen generelt ogs\u00e5 bliver vist i adgangs loggene p\u00e5 disse websteder. Denne databeskyttelseserkl\u00e6ring er kun gyldig for denne hjemmeside og ikke for hjemmesider, der tilh\u00f8rer tredjeparter.<\/p>\n<p>En cookie er et stykke data, der er gemt p\u00e5 brugerens computer, knyttet til oplysninger om brugeren. Denne hjemmeside kan bruge b\u00e5de session ID cookies, n\u00e5r du lukker din browser eller logger ud, afsluttes cookien og slettes. En vedholdende cookie er en lille tekst fil, der gemmes p\u00e5 din computers harddisk i en l\u00e6ngere periode. Din browser-hj\u00e6lpefil indeholder information og instruktioner til fjernelse af vedvarende cookies.<\/p>\n<h2><span style=\"font-weight: 400;\">Google Analytics<\/span><\/h2>\n<p>Denne hjemmeside benytter Google Analytics, som er en webanalysetjeneste leveret af Google Inc. Google Analytics bruger cookies, som er tekstfiler, der placeres p\u00e5 din computer, for at hj\u00e6lpe hjemmesiden med at analysere, hvordan brugerne benytter siden. De oplysninger, der genereres af cookien om din brug af hjemmesiden (inklusive din IP-adresse) vil blive transmitteret til og lagret af Google p\u00e5 fjernservere i USA. I tilf\u00e6lde af aktivering af IP-adressen for EU-medlemsstater s\u00e5vel som for andre parter i aftalen om Det Europ\u00e6iske \u00d8konomiske Samarbejdsomr\u00e5de. Kun i undtagelsestilf\u00e6lde sendes den fulde IP-adresse til og forkortes af Googles servere i USA. P\u00e5 vegne af webstedsudbyderen vil Google bruge disse oplysninger til det form\u00e5l, at evaluere din brug af webstedet, udarbejde rapporter om webstedsaktivitet for webstedsoperat\u00f8rer og levere andre tjenester relateret til webstedsaktivitet og internetbrug til webstedsudbyderen. Google vil ikke knytte din IP-adresse til andre data, som Google opbevarer. Du kan afvise brugen af cookies ved at v\u00e6lge de relevante indstillinger i din browser. Bem\u00e6rk dog, at hvis du g\u00f8r dette, kan du muligvis ikke bruge den fulde funktionalitet p\u00e5 denne hjemmeside. Desuden kan du forhindre Googles indsamling og brug af data (cookies og IP-adresse) ved at downloade og installere det tilg\u00e6ngelige browser plug-in underhttps:\/\/tools.google.com\/dlpage\/gaoptout?hl=en-GB.<\/p>\n<p>Yderligere oplysninger om vilk\u00e5r og betingelser for brug og databeskyttelse kan findes p\u00e5 http:\/\/www.google.com\/analytics\/terms\/gb.html. Bem\u00e6rk venligst, at p\u00e5 denne hjemmeside er Google Analytics-koden suppleret med gat._anonymizeIp(); for at sikre en anonymiseret indsamling af IP-adresser (den s\u00e5kaldte IP-skjuler). Kilde (http:\/\/www.datenschutzbeauftragter-info.de)<\/p>\n<h2><span style=\"font-weight: 400;\">Amplitude<\/span><\/h2>\n<p>En specifik del af denne hjemmeside (sektionen \u201cPArtners Area\u201d) bruger Amplitude-webanalyse leveret af Amplitude, Inc., 501 2nd Street, Suite 100, San Francisco, CA 94107, USA (herefter n\u00e6vnes som \u201cAmplitude\u201d).<\/p>\n<p>Amplitude bruger \u201ccookies\u201d, sm\u00e5 tekstfiler placeret p\u00e5 brugeres computere til at analysere brugeraktivitet. Oplysninger indsamles kun i \u201cPartners Area\u201d, hvor alle brugere er godkendt med deres log-in og adgangskode. Dette s\u00e5 din identitet (firmanavn, brugernavn og e-mail-adresse) gemmes sammen med dine handlinger i afsnittet \u201cPartners Area\u201d p\u00e5 webstedet af \u00e5rsagerne til at unders\u00f8ge UX og forbedre vores websteds ydeevne.<\/p>\n<p><span style=\"font-weight: 400;\">Oplysninger om din brug af denne hjemmeside indsamlet af cookies, vil blive overf\u00f8rt til Amplitude og gemt p\u00e5 Amplitudes server i EU og USA. Amplitude vil behandle disse oplysninger for at udarbejde rapporter til os om vores hjemmeside bedrift og levere andre tjenester. Amplitude behandler disse oplysninger som specificeret i vilk\u00e5rene for brug af Amplitude tjenesten. <\/span><\/p>\n<p><span style=\"font-weight: 400;\">Ingen andre dele af vores hjemmeside, undtagen Partners Area, indsamler data med Amplitude Service. Ved at bruge Partner Area p\u00e5 denne hjemmeside, accepterer du, at Amplitude kan behandle dine data p\u00e5 ovenst\u00e5ende m\u00e5de og til ovenn\u00e6vnte form\u00e5l.<\/span><\/p>\n<h2><span style=\"font-weight: 400;\">Lead Forensics<\/span><\/h2>\n\n\n<p>Vi bruger en tredjepartscookie, som hedder&nbsp; _lfuuid. Cookien accepteres eller afvises i samtykkebanneret, der vises ved dit f\u00f8rste bes\u00f8g p\u00e5 vores hjemmeside. Cookien giver et websted mulighed for at spore bes\u00f8gendes adf\u00e6rd p\u00e5 de websteder hvor cookien er installeret. Sporing udf\u00f8res anonymt, indtil en bruger identificerer sig ved at indsende en formular. Cookien er vedholdende i 10 \u00e5r, f\u00f8r den udl\u00f8ber.<\/p>\n","protected":false},"excerpt":{"rendered":"<p>Den ansvarlige enhed i henhold til \u00a7\u00a7 3 stk. 7 and 4 stk. 3 i den f\u00f8derale databeskyttelseslov [Bundesdatenschutzgesetz] er Xometry Europe GmbH, repr\u00e6senteret af dets administrerende direkt\u00f8r, Mr. Albert Belousov og Mr. Dmitry Kafidov, Ada-Lovelace-Str. 9, 85521 Ottobrunn, Germany. Vi indsamler og registrerer data modtaget fra vores kunder og leverand\u00f8rer. Disse data omfatter personoplysninger [&hellip;]<\/p>\n","protected":false},"author":1,"featured_media":83551,"parent":0,"menu_order":0,"comment_status":"closed","ping_status":"closed","template":"template-custom.php","meta":{"_acf_changed":false,"inline_featured_image":false,"footnotes":""},"class_list":["post-94612","page","type-page","status-publish","has-post-thumbnail","hentry"],"acf":[],"yoast_head":"<!-- This site is optimized with the Yoast SEO Premium plugin v20.5 (Yoast SEO v27.3) - https:\/\/yoast.com\/product\/yoast-seo-premium-wordpress\/ -->\n<title>Databeskyttelsespolitik | Xometry Europe<\/title>\n<meta name=\"description\" content=\"Vi indsamler og gemmer data modtaget fra vores kunder og leverand\u00f8rer via Google Analytics, Yandex Metric, Amplitude og Lead Ferensics.\" \/>\n<meta name=\"robots\" content=\"index, follow, max-snippet:-1, max-image-preview:large, max-video-preview:-1\" \/>\n<link rel=\"canonical\" href=\"https:\/\/xometry.eu\/da\/databeskyttelsespolitik\/\" \/>\n<meta property=\"og:locale\" content=\"da_DK\" \/>\n<meta property=\"og:type\" content=\"article\" \/>\n<meta property=\"og:title\" content=\"Databeskyttelsespolitik\" \/>\n<meta property=\"og:description\" content=\"Vi indsamler og gemmer data modtaget fra vores kunder og leverand\u00f8rer via Google Analytics, Yandex Metric, Amplitude og Lead Ferensics.\" \/>\n<meta property=\"og:url\" content=\"https:\/\/xometry.eu\/da\/databeskyttelsespolitik\/\" \/>\n<meta property=\"og:site_name\" content=\"Xometry Europe\" \/>\n<meta property=\"article:modified_time\" content=\"2023-06-19T06:52:53+00:00\" \/>\n<meta property=\"og:image\" content=\"https:\/\/xometry.eu\/wp-content\/uploads\/2020\/05\/homepage-header.png\" \/>\n\t<meta property=\"og:image:width\" content=\"2880\" \/>\n\t<meta property=\"og:image:height\" content=\"1230\" \/>\n\t<meta property=\"og:image:type\" content=\"image\/png\" \/>\n<meta name=\"twitter:card\" content=\"summary_large_image\" \/>\n<meta name=\"twitter:label1\" content=\"Estimeret l\u00e6setid\" \/>\n\t<meta name=\"twitter:data1\" content=\"4 minutter\" \/>\n<script type=\"application\/ld+json\" class=\"yoast-schema-graph\">{\"@context\":\"https:\\\/\\\/schema.org\",\"@graph\":[{\"@type\":\"WebPage\",\"@id\":\"https:\\\/\\\/xometry.eu\\\/da\\\/databeskyttelsespolitik\\\/\",\"url\":\"https:\\\/\\\/xometry.eu\\\/da\\\/databeskyttelsespolitik\\\/\",\"name\":\"Databeskyttelsespolitik | Xometry Europe\",\"isPartOf\":{\"@id\":\"https:\\\/\\\/xometry.eu\\\/da\\\/#website\"},\"primaryImageOfPage\":{\"@id\":\"https:\\\/\\\/xometry.eu\\\/da\\\/databeskyttelsespolitik\\\/#primaryimage\"},\"image\":{\"@id\":\"https:\\\/\\\/xometry.eu\\\/da\\\/databeskyttelsespolitik\\\/#primaryimage\"},\"thumbnailUrl\":\"https:\\\/\\\/xometry.eu\\\/wp-content\\\/uploads\\\/2020\\\/05\\\/homepage-header.png\",\"datePublished\":\"2020-05-25T06:55:23+00:00\",\"dateModified\":\"2023-06-19T06:52:53+00:00\",\"description\":\"Vi indsamler og gemmer data modtaget fra vores kunder og leverand\u00f8rer via Google Analytics, Yandex Metric, Amplitude og Lead Ferensics.\",\"breadcrumb\":{\"@id\":\"https:\\\/\\\/xometry.eu\\\/da\\\/databeskyttelsespolitik\\\/#breadcrumb\"},\"inLanguage\":\"da-DK\",\"potentialAction\":[{\"@type\":\"ReadAction\",\"target\":[\"https:\\\/\\\/xometry.eu\\\/da\\\/databeskyttelsespolitik\\\/\"]}]},{\"@type\":\"ImageObject\",\"inLanguage\":\"da-DK\",\"@id\":\"https:\\\/\\\/xometry.eu\\\/da\\\/databeskyttelsespolitik\\\/#primaryimage\",\"url\":\"https:\\\/\\\/xometry.eu\\\/wp-content\\\/uploads\\\/2020\\\/05\\\/homepage-header.png\",\"contentUrl\":\"https:\\\/\\\/xometry.eu\\\/wp-content\\\/uploads\\\/2020\\\/05\\\/homepage-header.png\",\"width\":2880,\"height\":1230},{\"@type\":\"BreadcrumbList\",\"@id\":\"https:\\\/\\\/xometry.eu\\\/da\\\/databeskyttelsespolitik\\\/#breadcrumb\",\"itemListElement\":[{\"@type\":\"ListItem\",\"position\":1,\"name\":\"Home\",\"item\":\"https:\\\/\\\/xometry.eu\\\/da\\\/\"},{\"@type\":\"ListItem\",\"position\":2,\"name\":\"Databeskyttelsespolitik\"}]},{\"@type\":\"WebSite\",\"@id\":\"https:\\\/\\\/xometry.eu\\\/da\\\/#website\",\"url\":\"https:\\\/\\\/xometry.eu\\\/da\\\/\",\"name\":\"Xometry Europe\",\"description\":\"\",\"publisher\":{\"@id\":\"https:\\\/\\\/xometry.eu\\\/da\\\/#organization\"},\"potentialAction\":[{\"@type\":\"SearchAction\",\"target\":{\"@type\":\"EntryPoint\",\"urlTemplate\":\"https:\\\/\\\/xometry.eu\\\/da\\\/?s={search_term_string}\"},\"query-input\":{\"@type\":\"PropertyValueSpecification\",\"valueRequired\":true,\"valueName\":\"search_term_string\"}}],\"inLanguage\":\"da-DK\"}]}<\/script>\n<!-- \/ Yoast SEO Premium plugin. -->","yoast_head_json":{"title":"Databeskyttelsespolitik | Xometry Europe","description":"Vi indsamler og gemmer data modtaget fra vores kunder og leverand\u00f8rer via Google Analytics, Yandex Metric, Amplitude og Lead Ferensics.","robots":{"index":"index","follow":"follow","max-snippet":"max-snippet:-1","max-image-preview":"max-image-preview:large","max-video-preview":"max-video-preview:-1"},"canonical":"https:\/\/xometry.eu\/da\/databeskyttelsespolitik\/","og_locale":"da_DK","og_type":"article","og_title":"Databeskyttelsespolitik","og_description":"Vi indsamler og gemmer data modtaget fra vores kunder og leverand\u00f8rer via Google Analytics, Yandex Metric, Amplitude og Lead Ferensics.","og_url":"https:\/\/xometry.eu\/da\/databeskyttelsespolitik\/","og_site_name":"Xometry Europe","article_modified_time":"2023-06-19T06:52:53+00:00","og_image":[{"width":2880,"height":1230,"url":"https:\/\/xometry.eu\/wp-content\/uploads\/2020\/05\/homepage-header.png","type":"image\/png"}],"twitter_card":"summary_large_image","twitter_misc":{"Estimeret l\u00e6setid":"4 minutter"},"schema":{"@context":"https:\/\/schema.org","@graph":[{"@type":"WebPage","@id":"https:\/\/xometry.eu\/da\/databeskyttelsespolitik\/","url":"https:\/\/xometry.eu\/da\/databeskyttelsespolitik\/","name":"Databeskyttelsespolitik | Xometry Europe","isPartOf":{"@id":"https:\/\/xometry.eu\/da\/#website"},"primaryImageOfPage":{"@id":"https:\/\/xometry.eu\/da\/databeskyttelsespolitik\/#primaryimage"},"image":{"@id":"https:\/\/xometry.eu\/da\/databeskyttelsespolitik\/#primaryimage"},"thumbnailUrl":"https:\/\/xometry.eu\/wp-content\/uploads\/2020\/05\/homepage-header.png","datePublished":"2020-05-25T06:55:23+00:00","dateModified":"2023-06-19T06:52:53+00:00","description":"Vi indsamler og gemmer data modtaget fra vores kunder og leverand\u00f8rer via Google Analytics, Yandex Metric, Amplitude og Lead Ferensics.","breadcrumb":{"@id":"https:\/\/xometry.eu\/da\/databeskyttelsespolitik\/#breadcrumb"},"inLanguage":"da-DK","potentialAction":[{"@type":"ReadAction","target":["https:\/\/xometry.eu\/da\/databeskyttelsespolitik\/"]}]},{"@type":"ImageObject","inLanguage":"da-DK","@id":"https:\/\/xometry.eu\/da\/databeskyttelsespolitik\/#primaryimage","url":"https:\/\/xometry.eu\/wp-content\/uploads\/2020\/05\/homepage-header.png","contentUrl":"https:\/\/xometry.eu\/wp-content\/uploads\/2020\/05\/homepage-header.png","width":2880,"height":1230},{"@type":"BreadcrumbList","@id":"https:\/\/xometry.eu\/da\/databeskyttelsespolitik\/#breadcrumb","itemListElement":[{"@type":"ListItem","position":1,"name":"Home","item":"https:\/\/xometry.eu\/da\/"},{"@type":"ListItem","position":2,"name":"Databeskyttelsespolitik"}]},{"@type":"WebSite","@id":"https:\/\/xometry.eu\/da\/#website","url":"https:\/\/xometry.eu\/da\/","name":"Xometry Europe","description":"","publisher":{"@id":"https:\/\/xometry.eu\/da\/#organization"},"potentialAction":[{"@type":"SearchAction","target":{"@type":"EntryPoint","urlTemplate":"https:\/\/xometry.eu\/da\/?s={search_term_string}"},"query-input":{"@type":"PropertyValueSpecification","valueRequired":true,"valueName":"search_term_string"}}],"inLanguage":"da-DK"}]}},"_links":{"self":[{"href":"https:\/\/xometry.eu\/da\/wp-json\/wp\/v2\/pages\/94612","targetHints":{"allow":["GET"]}}],"collection":[{"href":"https:\/\/xometry.eu\/da\/wp-json\/wp\/v2\/pages"}],"about":[{"href":"https:\/\/xometry.eu\/da\/wp-json\/wp\/v2\/types\/page"}],"author":[{"embeddable":true,"href":"https:\/\/xometry.eu\/da\/wp-json\/wp\/v2\/users\/1"}],"replies":[{"embeddable":true,"href":"https:\/\/xometry.eu\/da\/wp-json\/wp\/v2\/comments?post=94612"}],"version-history":[{"count":0,"href":"https:\/\/xometry.eu\/da\/wp-json\/wp\/v2\/pages\/94612\/revisions"}],"wp:featuredmedia":[{"embeddable":true,"href":"https:\/\/xometry.eu\/da\/wp-json\/wp\/v2\/media\/83551"}],"wp:attachment":[{"href":"https:\/\/xometry.eu\/da\/wp-json\/wp\/v2\/media?parent=94612"}],"curies":[{"name":"wp","href":"https:\/\/api.w.org\/{rel}","templated":true}]}}