{"id":94534,"date":"2022-11-18T15:19:46","date_gmt":"2022-11-18T13:19:46","guid":{"rendered":"https:\/\/xometry.eu\/compression-moulding\/"},"modified":"2026-02-03T13:37:32","modified_gmt":"2026-02-03T11:37:32","slug":"kompressionsstoebning","status":"publish","type":"page","link":"https:\/\/xometry.eu\/da\/kompressionsstoebning\/","title":{"rendered":"Kompressionsst\u00f8bning"},"content":{"rendered":"","protected":false},"excerpt":{"rendered":"","protected":false},"author":10,"featured_media":94105,"parent":0,"menu_order":0,"comment_status":"closed","ping_status":"closed","template":"","meta":{"_acf_changed":false,"inline_featured_image":false,"footnotes":""},"class_list":["post-94534","page","type-page","status-publish","has-post-thumbnail","hentry"],"acf":[],"yoast_head":"<!-- This site is optimized with the Yoast SEO Premium plugin v20.5 (Yoast SEO v27.3) - https:\/\/yoast.com\/product\/yoast-seo-premium-wordpress\/ -->\n<title>Silikone kompressionsst\u00f8bning | Xometry Europe<\/title>\n<meta name=\"description\" content=\"Brugerdefineret kompressionsst\u00f8bning for silikone dele. Xometrys netv\u00e6rk af kompressionsst\u00f8bnings producenter, leder til prototyper og lavvolumen produktion.\" \/>\n<meta name=\"robots\" content=\"index, follow, max-snippet:-1, max-image-preview:large, max-video-preview:-1\" \/>\n<link rel=\"canonical\" href=\"https:\/\/xometry.eu\/da\/kompressionsstoebning\/\" \/>\n<meta property=\"og:locale\" content=\"da_DK\" \/>\n<meta property=\"og:type\" content=\"article\" \/>\n<meta property=\"og:title\" content=\"Kompressionsst\u00f8bning\" \/>\n<meta property=\"og:description\" content=\"Brugerdefineret kompressionsst\u00f8bning for silikone dele. Xometrys netv\u00e6rk af kompressionsst\u00f8bnings producenter, leder til prototyper og lavvolumen produktion.\" \/>\n<meta property=\"og:url\" content=\"https:\/\/xometry.eu\/da\/kompressionsstoebning\/\" \/>\n<meta property=\"og:site_name\" content=\"Xometry Europe\" \/>\n<meta property=\"article:modified_time\" content=\"2026-02-03T11:37:32+00:00\" \/>\n<meta property=\"og:image\" content=\"http:\/\/xometry.eu\/wp-content\/uploads\/2023\/02\/EN-Compression-Moulding-service-page-1440x738.jpg\" \/>\n<meta name=\"twitter:card\" content=\"summary_large_image\" \/>\n<script type=\"application\/ld+json\" class=\"yoast-schema-graph\">{\"@context\":\"https:\\\/\\\/schema.org\",\"@graph\":[{\"@type\":\"WebPage\",\"@id\":\"https:\\\/\\\/xometry.eu\\\/da\\\/kompressionsstoebning\\\/\",\"url\":\"https:\\\/\\\/xometry.eu\\\/da\\\/kompressionsstoebning\\\/\",\"name\":\"Silikone kompressionsst\u00f8bning | Xometry Europe\",\"isPartOf\":{\"@id\":\"https:\\\/\\\/xometry.eu\\\/da\\\/#website\"},\"primaryImageOfPage\":{\"@id\":\"https:\\\/\\\/xometry.eu\\\/da\\\/kompressionsstoebning\\\/#primaryimage\"},\"image\":{\"@id\":\"https:\\\/\\\/xometry.eu\\\/da\\\/kompressionsstoebning\\\/#primaryimage\"},\"thumbnailUrl\":\"https:\\\/\\\/xometry.eu\\\/wp-content\\\/uploads\\\/2022\\\/11\\\/AdobeStock_453326437.jpeg\",\"datePublished\":\"2022-11-18T13:19:46+00:00\",\"dateModified\":\"2026-02-03T11:37:32+00:00\",\"description\":\"Brugerdefineret kompressionsst\u00f8bning for silikone dele. Xometrys netv\u00e6rk af kompressionsst\u00f8bnings producenter, leder til prototyper og lavvolumen produktion.\",\"breadcrumb\":{\"@id\":\"https:\\\/\\\/xometry.eu\\\/da\\\/kompressionsstoebning\\\/#breadcrumb\"},\"inLanguage\":\"da-DK\",\"potentialAction\":[{\"@type\":\"ReadAction\",\"target\":[\"https:\\\/\\\/xometry.eu\\\/da\\\/kompressionsstoebning\\\/\"]}]},{\"@type\":\"ImageObject\",\"inLanguage\":\"da-DK\",\"@id\":\"https:\\\/\\\/xometry.eu\\\/da\\\/kompressionsstoebning\\\/#primaryimage\",\"url\":\"https:\\\/\\\/xometry.eu\\\/wp-content\\\/uploads\\\/2022\\\/11\\\/AdobeStock_453326437.jpeg\",\"contentUrl\":\"https:\\\/\\\/xometry.eu\\\/wp-content\\\/uploads\\\/2022\\\/11\\\/AdobeStock_453326437.jpeg\",\"width\":1500,\"height\":1001,\"caption\":\"Various compression molded rubber sample parts made from manufacturing process in industrial e.g. plug cover cap pipe tube pedal nozzle connector and automobile parts other\"},{\"@type\":\"BreadcrumbList\",\"@id\":\"https:\\\/\\\/xometry.eu\\\/da\\\/kompressionsstoebning\\\/#breadcrumb\",\"itemListElement\":[{\"@type\":\"ListItem\",\"position\":1,\"name\":\"Home\",\"item\":\"https:\\\/\\\/xometry.eu\\\/da\\\/\"},{\"@type\":\"ListItem\",\"position\":2,\"name\":\"Kompressionsst\u00f8bning\"}]},{\"@type\":\"WebSite\",\"@id\":\"https:\\\/\\\/xometry.eu\\\/da\\\/#website\",\"url\":\"https:\\\/\\\/xometry.eu\\\/da\\\/\",\"name\":\"Xometry Europe\",\"description\":\"\",\"publisher\":{\"@id\":\"https:\\\/\\\/xometry.eu\\\/da\\\/#organization\"},\"potentialAction\":[{\"@type\":\"SearchAction\",\"target\":{\"@type\":\"EntryPoint\",\"urlTemplate\":\"https:\\\/\\\/xometry.eu\\\/da\\\/?s={search_term_string}\"},\"query-input\":{\"@type\":\"PropertyValueSpecification\",\"valueRequired\":true,\"valueName\":\"search_term_string\"}}],\"inLanguage\":\"da-DK\"}]}<\/script>\n<!-- \/ Yoast SEO Premium plugin. -->","yoast_head_json":{"title":"Silikone kompressionsst\u00f8bning | Xometry Europe","description":"Brugerdefineret kompressionsst\u00f8bning for silikone dele. Xometrys netv\u00e6rk af kompressionsst\u00f8bnings producenter, leder til prototyper og lavvolumen produktion.","robots":{"index":"index","follow":"follow","max-snippet":"max-snippet:-1","max-image-preview":"max-image-preview:large","max-video-preview":"max-video-preview:-1"},"canonical":"https:\/\/xometry.eu\/da\/kompressionsstoebning\/","og_locale":"da_DK","og_type":"article","og_title":"Kompressionsst\u00f8bning","og_description":"Brugerdefineret kompressionsst\u00f8bning for silikone dele. Xometrys netv\u00e6rk af kompressionsst\u00f8bnings producenter, leder til prototyper og lavvolumen produktion.","og_url":"https:\/\/xometry.eu\/da\/kompressionsstoebning\/","og_site_name":"Xometry Europe","article_modified_time":"2026-02-03T11:37:32+00:00","og_image":[{"url":"http:\/\/xometry.eu\/wp-content\/uploads\/2023\/02\/EN-Compression-Moulding-service-page-1440x738.jpg","type":"","width":"","height":""}],"twitter_card":"summary_large_image","schema":{"@context":"https:\/\/schema.org","@graph":[{"@type":"WebPage","@id":"https:\/\/xometry.eu\/da\/kompressionsstoebning\/","url":"https:\/\/xometry.eu\/da\/kompressionsstoebning\/","name":"Silikone kompressionsst\u00f8bning | Xometry Europe","isPartOf":{"@id":"https:\/\/xometry.eu\/da\/#website"},"primaryImageOfPage":{"@id":"https:\/\/xometry.eu\/da\/kompressionsstoebning\/#primaryimage"},"image":{"@id":"https:\/\/xometry.eu\/da\/kompressionsstoebning\/#primaryimage"},"thumbnailUrl":"https:\/\/xometry.eu\/wp-content\/uploads\/2022\/11\/AdobeStock_453326437.jpeg","datePublished":"2022-11-18T13:19:46+00:00","dateModified":"2026-02-03T11:37:32+00:00","description":"Brugerdefineret kompressionsst\u00f8bning for silikone dele. Xometrys netv\u00e6rk af kompressionsst\u00f8bnings producenter, leder til prototyper og lavvolumen produktion.","breadcrumb":{"@id":"https:\/\/xometry.eu\/da\/kompressionsstoebning\/#breadcrumb"},"inLanguage":"da-DK","potentialAction":[{"@type":"ReadAction","target":["https:\/\/xometry.eu\/da\/kompressionsstoebning\/"]}]},{"@type":"ImageObject","inLanguage":"da-DK","@id":"https:\/\/xometry.eu\/da\/kompressionsstoebning\/#primaryimage","url":"https:\/\/xometry.eu\/wp-content\/uploads\/2022\/11\/AdobeStock_453326437.jpeg","contentUrl":"https:\/\/xometry.eu\/wp-content\/uploads\/2022\/11\/AdobeStock_453326437.jpeg","width":1500,"height":1001,"caption":"Various compression molded rubber sample parts made from manufacturing process in industrial e.g. plug cover cap pipe tube pedal nozzle connector and automobile parts other"},{"@type":"BreadcrumbList","@id":"https:\/\/xometry.eu\/da\/kompressionsstoebning\/#breadcrumb","itemListElement":[{"@type":"ListItem","position":1,"name":"Home","item":"https:\/\/xometry.eu\/da\/"},{"@type":"ListItem","position":2,"name":"Kompressionsst\u00f8bning"}]},{"@type":"WebSite","@id":"https:\/\/xometry.eu\/da\/#website","url":"https:\/\/xometry.eu\/da\/","name":"Xometry Europe","description":"","publisher":{"@id":"https:\/\/xometry.eu\/da\/#organization"},"potentialAction":[{"@type":"SearchAction","target":{"@type":"EntryPoint","urlTemplate":"https:\/\/xometry.eu\/da\/?s={search_term_string}"},"query-input":{"@type":"PropertyValueSpecification","valueRequired":true,"valueName":"search_term_string"}}],"inLanguage":"da-DK"}]}},"_links":{"self":[{"href":"https:\/\/xometry.eu\/da\/wp-json\/wp\/v2\/pages\/94534","targetHints":{"allow":["GET"]}}],"collection":[{"href":"https:\/\/xometry.eu\/da\/wp-json\/wp\/v2\/pages"}],"about":[{"href":"https:\/\/xometry.eu\/da\/wp-json\/wp\/v2\/types\/page"}],"author":[{"embeddable":true,"href":"https:\/\/xometry.eu\/da\/wp-json\/wp\/v2\/users\/10"}],"replies":[{"embeddable":true,"href":"https:\/\/xometry.eu\/da\/wp-json\/wp\/v2\/comments?post=94534"}],"version-history":[{"count":0,"href":"https:\/\/xometry.eu\/da\/wp-json\/wp\/v2\/pages\/94534\/revisions"}],"wp:featuredmedia":[{"embeddable":true,"href":"https:\/\/xometry.eu\/da\/wp-json\/wp\/v2\/media\/94105"}],"wp:attachment":[{"href":"https:\/\/xometry.eu\/da\/wp-json\/wp\/v2\/media?parent=94534"}],"curies":[{"name":"wp","href":"https:\/\/api.w.org\/{rel}","templated":true}]}}