{"id":94517,"date":"2022-10-07T14:39:39","date_gmt":"2022-10-07T12:39:39","guid":{"rendered":"https:\/\/xometry.eu\/vacuum-casting\/"},"modified":"2026-02-04T12:39:23","modified_gmt":"2026-02-04T10:39:23","slug":"vakuumstoebning","status":"publish","type":"page","link":"https:\/\/xometry.eu\/da\/vakuumstoebning\/","title":{"rendered":"Vakuumst\u00f8bning"},"content":{"rendered":"","protected":false},"excerpt":{"rendered":"","protected":false},"author":10,"featured_media":100801,"parent":0,"menu_order":0,"comment_status":"closed","ping_status":"closed","template":"","meta":{"_acf_changed":false,"inline_featured_image":false,"footnotes":""},"class_list":["post-94517","page","type-page","status-publish","has-post-thumbnail","hentry"],"acf":[],"yoast_head":"<!-- This site is optimized with the Yoast SEO Premium plugin v20.5 (Yoast SEO v27.3) - https:\/\/yoast.com\/product\/yoast-seo-premium-wordpress\/ -->\n<title>Vakuumst\u00f8bning | Xometry Europe<\/title>\n<meta name=\"description\" content=\"Xometry tilbyder vakuumst\u00f8beservice, en proces som resulterer i en omkostningseffektiv urethane st\u00f8be produktion af h\u00f8j kvalitet.\" \/>\n<meta name=\"robots\" content=\"index, follow, max-snippet:-1, max-image-preview:large, max-video-preview:-1\" \/>\n<link rel=\"canonical\" href=\"https:\/\/xometry.eu\/da\/vakuumstoebning\/\" \/>\n<meta property=\"og:locale\" content=\"da_DK\" \/>\n<meta property=\"og:type\" content=\"article\" \/>\n<meta property=\"og:title\" content=\"Vakuumst\u00f8bning\" \/>\n<meta property=\"og:description\" content=\"Xometry tilbyder vakuumst\u00f8beservice, en proces som resulterer i en omkostningseffektiv urethane st\u00f8be produktion af h\u00f8j kvalitet.\" \/>\n<meta property=\"og:url\" content=\"https:\/\/xometry.eu\/da\/vakuumstoebning\/\" \/>\n<meta property=\"og:site_name\" content=\"Xometry Europe\" \/>\n<meta property=\"article:modified_time\" content=\"2026-02-04T10:39:23+00:00\" \/>\n<meta property=\"og:image\" content=\"http:\/\/xometry.eu\/wp-content\/uploads\/2023\/02\/EN-Vacuum-Casting-service-page-1440x738.jpg\" \/>\n<meta name=\"twitter:card\" content=\"summary_large_image\" \/>\n<script type=\"application\/ld+json\" class=\"yoast-schema-graph\">{\"@context\":\"https:\\\/\\\/schema.org\",\"@graph\":[{\"@type\":\"WebPage\",\"@id\":\"https:\\\/\\\/xometry.eu\\\/da\\\/vakuumstoebning\\\/\",\"url\":\"https:\\\/\\\/xometry.eu\\\/da\\\/vakuumstoebning\\\/\",\"name\":\"Vakuumst\u00f8bning | Xometry Europe\",\"isPartOf\":{\"@id\":\"https:\\\/\\\/xometry.eu\\\/da\\\/#website\"},\"primaryImageOfPage\":{\"@id\":\"https:\\\/\\\/xometry.eu\\\/da\\\/vakuumstoebning\\\/#primaryimage\"},\"image\":{\"@id\":\"https:\\\/\\\/xometry.eu\\\/da\\\/vakuumstoebning\\\/#primaryimage\"},\"thumbnailUrl\":\"https:\\\/\\\/xometry.eu\\\/wp-content\\\/uploads\\\/2023\\\/04\\\/Copy-of-Xometry_Photos_Parts_UrethaneCasting-scaled.jpg\",\"datePublished\":\"2022-10-07T12:39:39+00:00\",\"dateModified\":\"2026-02-04T10:39:23+00:00\",\"description\":\"Xometry tilbyder vakuumst\u00f8beservice, en proces som resulterer i en omkostningseffektiv urethane st\u00f8be produktion af h\u00f8j kvalitet.\",\"breadcrumb\":{\"@id\":\"https:\\\/\\\/xometry.eu\\\/da\\\/vakuumstoebning\\\/#breadcrumb\"},\"inLanguage\":\"da-DK\",\"potentialAction\":[{\"@type\":\"ReadAction\",\"target\":[\"https:\\\/\\\/xometry.eu\\\/da\\\/vakuumstoebning\\\/\"]}]},{\"@type\":\"ImageObject\",\"inLanguage\":\"da-DK\",\"@id\":\"https:\\\/\\\/xometry.eu\\\/da\\\/vakuumstoebning\\\/#primaryimage\",\"url\":\"https:\\\/\\\/xometry.eu\\\/wp-content\\\/uploads\\\/2023\\\/04\\\/Copy-of-Xometry_Photos_Parts_UrethaneCasting-scaled.jpg\",\"contentUrl\":\"https:\\\/\\\/xometry.eu\\\/wp-content\\\/uploads\\\/2023\\\/04\\\/Copy-of-Xometry_Photos_Parts_UrethaneCasting-scaled.jpg\",\"width\":2560,\"height\":1920},{\"@type\":\"BreadcrumbList\",\"@id\":\"https:\\\/\\\/xometry.eu\\\/da\\\/vakuumstoebning\\\/#breadcrumb\",\"itemListElement\":[{\"@type\":\"ListItem\",\"position\":1,\"name\":\"Home\",\"item\":\"https:\\\/\\\/xometry.eu\\\/da\\\/\"},{\"@type\":\"ListItem\",\"position\":2,\"name\":\"Vakuumst\u00f8bning\"}]},{\"@type\":\"WebSite\",\"@id\":\"https:\\\/\\\/xometry.eu\\\/da\\\/#website\",\"url\":\"https:\\\/\\\/xometry.eu\\\/da\\\/\",\"name\":\"Xometry Europe\",\"description\":\"\",\"publisher\":{\"@id\":\"https:\\\/\\\/xometry.eu\\\/da\\\/#organization\"},\"potentialAction\":[{\"@type\":\"SearchAction\",\"target\":{\"@type\":\"EntryPoint\",\"urlTemplate\":\"https:\\\/\\\/xometry.eu\\\/da\\\/?s={search_term_string}\"},\"query-input\":{\"@type\":\"PropertyValueSpecification\",\"valueRequired\":true,\"valueName\":\"search_term_string\"}}],\"inLanguage\":\"da-DK\"}]}<\/script>\n<!-- \/ Yoast SEO Premium plugin. -->","yoast_head_json":{"title":"Vakuumst\u00f8bning | Xometry Europe","description":"Xometry tilbyder vakuumst\u00f8beservice, en proces som resulterer i en omkostningseffektiv urethane st\u00f8be produktion af h\u00f8j kvalitet.","robots":{"index":"index","follow":"follow","max-snippet":"max-snippet:-1","max-image-preview":"max-image-preview:large","max-video-preview":"max-video-preview:-1"},"canonical":"https:\/\/xometry.eu\/da\/vakuumstoebning\/","og_locale":"da_DK","og_type":"article","og_title":"Vakuumst\u00f8bning","og_description":"Xometry tilbyder vakuumst\u00f8beservice, en proces som resulterer i en omkostningseffektiv urethane st\u00f8be produktion af h\u00f8j kvalitet.","og_url":"https:\/\/xometry.eu\/da\/vakuumstoebning\/","og_site_name":"Xometry Europe","article_modified_time":"2026-02-04T10:39:23+00:00","og_image":[{"url":"http:\/\/xometry.eu\/wp-content\/uploads\/2023\/02\/EN-Vacuum-Casting-service-page-1440x738.jpg","type":"","width":"","height":""}],"twitter_card":"summary_large_image","schema":{"@context":"https:\/\/schema.org","@graph":[{"@type":"WebPage","@id":"https:\/\/xometry.eu\/da\/vakuumstoebning\/","url":"https:\/\/xometry.eu\/da\/vakuumstoebning\/","name":"Vakuumst\u00f8bning | Xometry Europe","isPartOf":{"@id":"https:\/\/xometry.eu\/da\/#website"},"primaryImageOfPage":{"@id":"https:\/\/xometry.eu\/da\/vakuumstoebning\/#primaryimage"},"image":{"@id":"https:\/\/xometry.eu\/da\/vakuumstoebning\/#primaryimage"},"thumbnailUrl":"https:\/\/xometry.eu\/wp-content\/uploads\/2023\/04\/Copy-of-Xometry_Photos_Parts_UrethaneCasting-scaled.jpg","datePublished":"2022-10-07T12:39:39+00:00","dateModified":"2026-02-04T10:39:23+00:00","description":"Xometry tilbyder vakuumst\u00f8beservice, en proces som resulterer i en omkostningseffektiv urethane st\u00f8be produktion af h\u00f8j kvalitet.","breadcrumb":{"@id":"https:\/\/xometry.eu\/da\/vakuumstoebning\/#breadcrumb"},"inLanguage":"da-DK","potentialAction":[{"@type":"ReadAction","target":["https:\/\/xometry.eu\/da\/vakuumstoebning\/"]}]},{"@type":"ImageObject","inLanguage":"da-DK","@id":"https:\/\/xometry.eu\/da\/vakuumstoebning\/#primaryimage","url":"https:\/\/xometry.eu\/wp-content\/uploads\/2023\/04\/Copy-of-Xometry_Photos_Parts_UrethaneCasting-scaled.jpg","contentUrl":"https:\/\/xometry.eu\/wp-content\/uploads\/2023\/04\/Copy-of-Xometry_Photos_Parts_UrethaneCasting-scaled.jpg","width":2560,"height":1920},{"@type":"BreadcrumbList","@id":"https:\/\/xometry.eu\/da\/vakuumstoebning\/#breadcrumb","itemListElement":[{"@type":"ListItem","position":1,"name":"Home","item":"https:\/\/xometry.eu\/da\/"},{"@type":"ListItem","position":2,"name":"Vakuumst\u00f8bning"}]},{"@type":"WebSite","@id":"https:\/\/xometry.eu\/da\/#website","url":"https:\/\/xometry.eu\/da\/","name":"Xometry Europe","description":"","publisher":{"@id":"https:\/\/xometry.eu\/da\/#organization"},"potentialAction":[{"@type":"SearchAction","target":{"@type":"EntryPoint","urlTemplate":"https:\/\/xometry.eu\/da\/?s={search_term_string}"},"query-input":{"@type":"PropertyValueSpecification","valueRequired":true,"valueName":"search_term_string"}}],"inLanguage":"da-DK"}]}},"_links":{"self":[{"href":"https:\/\/xometry.eu\/da\/wp-json\/wp\/v2\/pages\/94517","targetHints":{"allow":["GET"]}}],"collection":[{"href":"https:\/\/xometry.eu\/da\/wp-json\/wp\/v2\/pages"}],"about":[{"href":"https:\/\/xometry.eu\/da\/wp-json\/wp\/v2\/types\/page"}],"author":[{"embeddable":true,"href":"https:\/\/xometry.eu\/da\/wp-json\/wp\/v2\/users\/10"}],"replies":[{"embeddable":true,"href":"https:\/\/xometry.eu\/da\/wp-json\/wp\/v2\/comments?post=94517"}],"version-history":[{"count":0,"href":"https:\/\/xometry.eu\/da\/wp-json\/wp\/v2\/pages\/94517\/revisions"}],"wp:featuredmedia":[{"embeddable":true,"href":"https:\/\/xometry.eu\/da\/wp-json\/wp\/v2\/media\/100801"}],"wp:attachment":[{"href":"https:\/\/xometry.eu\/da\/wp-json\/wp\/v2\/media?parent=94517"}],"curies":[{"name":"wp","href":"https:\/\/api.w.org\/{rel}","templated":true}]}}