{"id":94511,"date":"2021-10-26T17:41:02","date_gmt":"2021-10-26T17:41:02","guid":{"rendered":"https:\/\/xometry.eu\/die-casting\/"},"modified":"2026-02-03T14:05:10","modified_gmt":"2026-02-03T12:05:10","slug":"trykstoebning","status":"publish","type":"page","link":"https:\/\/xometry.eu\/da\/trykstoebning\/","title":{"rendered":"Trykst\u00f8bning"},"content":{"rendered":"","protected":false},"excerpt":{"rendered":"","protected":false},"author":10,"featured_media":92382,"parent":0,"menu_order":0,"comment_status":"closed","ping_status":"closed","template":"","meta":{"_acf_changed":false,"inline_featured_image":false,"footnotes":""},"class_list":["post-94511","page","type-page","status-publish","has-post-thumbnail","hentry"],"acf":[],"yoast_head":"<!-- This site is optimized with the Yoast SEO Premium plugin v20.5 (Yoast SEO v27.3) - https:\/\/yoast.com\/product\/yoast-seo-premium-wordpress\/ -->\n<title>Trykst\u00f8bning online | Aluminium, zink legeringer<\/title>\n<meta name=\"description\" content=\"Trykst\u00f8bningsservice online for aluminium og zink legeringer. Upload dine CAD-filer og f\u00e5 et \u00f8jeblikkeligt tilbud p\u00e5 dine trykst\u00f8bnings enheder.\" \/>\n<meta name=\"robots\" content=\"index, follow, max-snippet:-1, max-image-preview:large, max-video-preview:-1\" \/>\n<link rel=\"canonical\" href=\"https:\/\/xometry.eu\/da\/trykstoebning\/\" \/>\n<meta property=\"og:locale\" content=\"da_DK\" \/>\n<meta property=\"og:type\" content=\"article\" \/>\n<meta property=\"og:title\" content=\"Trykst\u00f8bning\" \/>\n<meta property=\"og:description\" content=\"Trykst\u00f8bningsservice online for aluminium og zink legeringer. Upload dine CAD-filer og f\u00e5 et \u00f8jeblikkeligt tilbud p\u00e5 dine trykst\u00f8bnings enheder.\" \/>\n<meta property=\"og:url\" content=\"https:\/\/xometry.eu\/da\/trykstoebning\/\" \/>\n<meta property=\"og:site_name\" content=\"Xometry Europe\" \/>\n<meta property=\"article:modified_time\" content=\"2026-02-03T12:05:10+00:00\" \/>\n<meta property=\"og:image\" content=\"https:\/\/xometry.eu\/wp-content\/uploads\/2021\/10\/Die-casting.jpg\" \/>\n\t<meta property=\"og:image:width\" content=\"1500\" \/>\n\t<meta property=\"og:image:height\" content=\"841\" \/>\n\t<meta property=\"og:image:type\" content=\"image\/jpeg\" \/>\n<meta name=\"twitter:card\" content=\"summary_large_image\" \/>\n<script type=\"application\/ld+json\" class=\"yoast-schema-graph\">{\"@context\":\"https:\\\/\\\/schema.org\",\"@graph\":[{\"@type\":\"WebPage\",\"@id\":\"https:\\\/\\\/xometry.eu\\\/da\\\/trykstoebning\\\/\",\"url\":\"https:\\\/\\\/xometry.eu\\\/da\\\/trykstoebning\\\/\",\"name\":\"Trykst\u00f8bning online | Aluminium, zink legeringer\",\"isPartOf\":{\"@id\":\"https:\\\/\\\/xometry.eu\\\/da\\\/#website\"},\"primaryImageOfPage\":{\"@id\":\"https:\\\/\\\/xometry.eu\\\/da\\\/trykstoebning\\\/#primaryimage\"},\"image\":{\"@id\":\"https:\\\/\\\/xometry.eu\\\/da\\\/trykstoebning\\\/#primaryimage\"},\"thumbnailUrl\":\"https:\\\/\\\/xometry.eu\\\/wp-content\\\/uploads\\\/2021\\\/10\\\/Die-casting.jpg\",\"datePublished\":\"2021-10-26T17:41:02+00:00\",\"dateModified\":\"2026-02-03T12:05:10+00:00\",\"description\":\"Trykst\u00f8bningsservice online for aluminium og zink legeringer. Upload dine CAD-filer og f\u00e5 et \u00f8jeblikkeligt tilbud p\u00e5 dine trykst\u00f8bnings enheder.\",\"breadcrumb\":{\"@id\":\"https:\\\/\\\/xometry.eu\\\/da\\\/trykstoebning\\\/#breadcrumb\"},\"inLanguage\":\"da-DK\",\"potentialAction\":[{\"@type\":\"ReadAction\",\"target\":[\"https:\\\/\\\/xometry.eu\\\/da\\\/trykstoebning\\\/\"]}]},{\"@type\":\"ImageObject\",\"inLanguage\":\"da-DK\",\"@id\":\"https:\\\/\\\/xometry.eu\\\/da\\\/trykstoebning\\\/#primaryimage\",\"url\":\"https:\\\/\\\/xometry.eu\\\/wp-content\\\/uploads\\\/2021\\\/10\\\/Die-casting.jpg\",\"contentUrl\":\"https:\\\/\\\/xometry.eu\\\/wp-content\\\/uploads\\\/2021\\\/10\\\/Die-casting.jpg\",\"width\":1500,\"height\":841},{\"@type\":\"BreadcrumbList\",\"@id\":\"https:\\\/\\\/xometry.eu\\\/da\\\/trykstoebning\\\/#breadcrumb\",\"itemListElement\":[{\"@type\":\"ListItem\",\"position\":1,\"name\":\"Home\",\"item\":\"https:\\\/\\\/xometry.eu\\\/da\\\/\"},{\"@type\":\"ListItem\",\"position\":2,\"name\":\"Trykst\u00f8bning\"}]},{\"@type\":\"WebSite\",\"@id\":\"https:\\\/\\\/xometry.eu\\\/da\\\/#website\",\"url\":\"https:\\\/\\\/xometry.eu\\\/da\\\/\",\"name\":\"Xometry Europe\",\"description\":\"\",\"publisher\":{\"@id\":\"https:\\\/\\\/xometry.eu\\\/da\\\/#organization\"},\"potentialAction\":[{\"@type\":\"SearchAction\",\"target\":{\"@type\":\"EntryPoint\",\"urlTemplate\":\"https:\\\/\\\/xometry.eu\\\/da\\\/?s={search_term_string}\"},\"query-input\":{\"@type\":\"PropertyValueSpecification\",\"valueRequired\":true,\"valueName\":\"search_term_string\"}}],\"inLanguage\":\"da-DK\"}]}<\/script>\n<!-- \/ Yoast SEO Premium plugin. -->","yoast_head_json":{"title":"Trykst\u00f8bning online | Aluminium, zink legeringer","description":"Trykst\u00f8bningsservice online for aluminium og zink legeringer. Upload dine CAD-filer og f\u00e5 et \u00f8jeblikkeligt tilbud p\u00e5 dine trykst\u00f8bnings enheder.","robots":{"index":"index","follow":"follow","max-snippet":"max-snippet:-1","max-image-preview":"max-image-preview:large","max-video-preview":"max-video-preview:-1"},"canonical":"https:\/\/xometry.eu\/da\/trykstoebning\/","og_locale":"da_DK","og_type":"article","og_title":"Trykst\u00f8bning","og_description":"Trykst\u00f8bningsservice online for aluminium og zink legeringer. Upload dine CAD-filer og f\u00e5 et \u00f8jeblikkeligt tilbud p\u00e5 dine trykst\u00f8bnings enheder.","og_url":"https:\/\/xometry.eu\/da\/trykstoebning\/","og_site_name":"Xometry Europe","article_modified_time":"2026-02-03T12:05:10+00:00","og_image":[{"width":1500,"height":841,"url":"https:\/\/xometry.eu\/wp-content\/uploads\/2021\/10\/Die-casting.jpg","type":"image\/jpeg"}],"twitter_card":"summary_large_image","schema":{"@context":"https:\/\/schema.org","@graph":[{"@type":"WebPage","@id":"https:\/\/xometry.eu\/da\/trykstoebning\/","url":"https:\/\/xometry.eu\/da\/trykstoebning\/","name":"Trykst\u00f8bning online | Aluminium, zink legeringer","isPartOf":{"@id":"https:\/\/xometry.eu\/da\/#website"},"primaryImageOfPage":{"@id":"https:\/\/xometry.eu\/da\/trykstoebning\/#primaryimage"},"image":{"@id":"https:\/\/xometry.eu\/da\/trykstoebning\/#primaryimage"},"thumbnailUrl":"https:\/\/xometry.eu\/wp-content\/uploads\/2021\/10\/Die-casting.jpg","datePublished":"2021-10-26T17:41:02+00:00","dateModified":"2026-02-03T12:05:10+00:00","description":"Trykst\u00f8bningsservice online for aluminium og zink legeringer. Upload dine CAD-filer og f\u00e5 et \u00f8jeblikkeligt tilbud p\u00e5 dine trykst\u00f8bnings enheder.","breadcrumb":{"@id":"https:\/\/xometry.eu\/da\/trykstoebning\/#breadcrumb"},"inLanguage":"da-DK","potentialAction":[{"@type":"ReadAction","target":["https:\/\/xometry.eu\/da\/trykstoebning\/"]}]},{"@type":"ImageObject","inLanguage":"da-DK","@id":"https:\/\/xometry.eu\/da\/trykstoebning\/#primaryimage","url":"https:\/\/xometry.eu\/wp-content\/uploads\/2021\/10\/Die-casting.jpg","contentUrl":"https:\/\/xometry.eu\/wp-content\/uploads\/2021\/10\/Die-casting.jpg","width":1500,"height":841},{"@type":"BreadcrumbList","@id":"https:\/\/xometry.eu\/da\/trykstoebning\/#breadcrumb","itemListElement":[{"@type":"ListItem","position":1,"name":"Home","item":"https:\/\/xometry.eu\/da\/"},{"@type":"ListItem","position":2,"name":"Trykst\u00f8bning"}]},{"@type":"WebSite","@id":"https:\/\/xometry.eu\/da\/#website","url":"https:\/\/xometry.eu\/da\/","name":"Xometry Europe","description":"","publisher":{"@id":"https:\/\/xometry.eu\/da\/#organization"},"potentialAction":[{"@type":"SearchAction","target":{"@type":"EntryPoint","urlTemplate":"https:\/\/xometry.eu\/da\/?s={search_term_string}"},"query-input":{"@type":"PropertyValueSpecification","valueRequired":true,"valueName":"search_term_string"}}],"inLanguage":"da-DK"}]}},"_links":{"self":[{"href":"https:\/\/xometry.eu\/da\/wp-json\/wp\/v2\/pages\/94511","targetHints":{"allow":["GET"]}}],"collection":[{"href":"https:\/\/xometry.eu\/da\/wp-json\/wp\/v2\/pages"}],"about":[{"href":"https:\/\/xometry.eu\/da\/wp-json\/wp\/v2\/types\/page"}],"author":[{"embeddable":true,"href":"https:\/\/xometry.eu\/da\/wp-json\/wp\/v2\/users\/10"}],"replies":[{"embeddable":true,"href":"https:\/\/xometry.eu\/da\/wp-json\/wp\/v2\/comments?post=94511"}],"version-history":[{"count":0,"href":"https:\/\/xometry.eu\/da\/wp-json\/wp\/v2\/pages\/94511\/revisions"}],"wp:featuredmedia":[{"embeddable":true,"href":"https:\/\/xometry.eu\/da\/wp-json\/wp\/v2\/media\/92382"}],"wp:attachment":[{"href":"https:\/\/xometry.eu\/da\/wp-json\/wp\/v2\/media?parent=94511"}],"curies":[{"name":"wp","href":"https:\/\/api.w.org\/{rel}","templated":true}]}}