{"id":94282,"date":"2020-05-15T09:20:18","date_gmt":"2020-05-15T09:20:18","guid":{"rendered":"https:\/\/xometry.eu\/waterjet-cutting\/"},"modified":"2026-02-04T12:48:56","modified_gmt":"2026-02-04T10:48:56","slug":"vandstraaleskaering","status":"publish","type":"page","link":"https:\/\/xometry.eu\/da\/vandstraaleskaering\/","title":{"rendered":"Vandstr\u00e5lesk\u00e6ring"},"content":{"rendered":"","protected":false},"excerpt":{"rendered":"","protected":false},"author":1,"featured_media":83561,"parent":0,"menu_order":0,"comment_status":"closed","ping_status":"closed","template":"","meta":{"_acf_changed":false,"inline_featured_image":false,"footnotes":""},"class_list":["post-94282","page","type-page","status-publish","has-post-thumbnail","hentry"],"acf":[],"yoast_head":"<!-- This site is optimized with the Yoast SEO Premium plugin v20.5 (Yoast SEO v27.3) - https:\/\/yoast.com\/product\/yoast-seo-premium-wordpress\/ -->\n<title>Vandstr\u00e5lesk\u00e6ringsservice | Bestil dele online | Xometry Europe<\/title>\n<meta name=\"description\" content=\"Vi tilbyder h\u00f8jpr\u00e6cisions CNC vandstr\u00e5lesk\u00e6ring b\u00e5de for bl\u00f8dt materiale og plademetal som aluminium, st\u00e5l og kobber.\" \/>\n<meta name=\"robots\" content=\"index, follow, max-snippet:-1, max-image-preview:large, max-video-preview:-1\" \/>\n<link rel=\"canonical\" href=\"https:\/\/xometry.eu\/da\/vandstraaleskaering\/\" \/>\n<meta property=\"og:locale\" content=\"da_DK\" \/>\n<meta property=\"og:type\" content=\"article\" \/>\n<meta property=\"og:title\" content=\"Vandstr\u00e5lesk\u00e6ring\" \/>\n<meta property=\"og:description\" content=\"Vi tilbyder h\u00f8jpr\u00e6cisions CNC vandstr\u00e5lesk\u00e6ring b\u00e5de for bl\u00f8dt materiale og plademetal som aluminium, st\u00e5l og kobber.\" \/>\n<meta property=\"og:url\" content=\"https:\/\/xometry.eu\/da\/vandstraaleskaering\/\" \/>\n<meta property=\"og:site_name\" content=\"Xometry Europe\" \/>\n<meta property=\"article:modified_time\" content=\"2026-02-04T10:48:56+00:00\" \/>\n<meta property=\"og:image\" content=\"https:\/\/xometry.eu\/wp-content\/uploads\/2020\/08\/waterjet-cutting-sheet-metal-services.jpg\" \/>\n\t<meta property=\"og:image:width\" content=\"1200\" \/>\n\t<meta property=\"og:image:height\" content=\"630\" \/>\n\t<meta property=\"og:image:type\" content=\"image\/jpeg\" \/>\n<meta name=\"twitter:card\" content=\"summary_large_image\" \/>\n<meta name=\"twitter:image\" content=\"https:\/\/xometry.eu\/wp-content\/uploads\/2020\/08\/waterjet-cutting-sheet-metal-services.jpg\" \/>\n<script type=\"application\/ld+json\" class=\"yoast-schema-graph\">{\"@context\":\"https:\\\/\\\/schema.org\",\"@graph\":[{\"@type\":\"WebPage\",\"@id\":\"https:\\\/\\\/xometry.eu\\\/da\\\/vandstraaleskaering\\\/\",\"url\":\"https:\\\/\\\/xometry.eu\\\/da\\\/vandstraaleskaering\\\/\",\"name\":\"Vandstr\u00e5lesk\u00e6ringsservice | Bestil dele online | Xometry Europe\",\"isPartOf\":{\"@id\":\"https:\\\/\\\/xometry.eu\\\/da\\\/#website\"},\"primaryImageOfPage\":{\"@id\":\"https:\\\/\\\/xometry.eu\\\/da\\\/vandstraaleskaering\\\/#primaryimage\"},\"image\":{\"@id\":\"https:\\\/\\\/xometry.eu\\\/da\\\/vandstraaleskaering\\\/#primaryimage\"},\"thumbnailUrl\":\"https:\\\/\\\/xometry.eu\\\/wp-content\\\/uploads\\\/2020\\\/05\\\/Water-Jet-Cutting-Services-1-scaled.jpg\",\"datePublished\":\"2020-05-15T09:20:18+00:00\",\"dateModified\":\"2026-02-04T10:48:56+00:00\",\"description\":\"Vi tilbyder h\u00f8jpr\u00e6cisions CNC vandstr\u00e5lesk\u00e6ring b\u00e5de for bl\u00f8dt materiale og plademetal som aluminium, st\u00e5l og kobber.\",\"breadcrumb\":{\"@id\":\"https:\\\/\\\/xometry.eu\\\/da\\\/vandstraaleskaering\\\/#breadcrumb\"},\"inLanguage\":\"da-DK\",\"potentialAction\":[{\"@type\":\"ReadAction\",\"target\":[\"https:\\\/\\\/xometry.eu\\\/da\\\/vandstraaleskaering\\\/\"]}]},{\"@type\":\"ImageObject\",\"inLanguage\":\"da-DK\",\"@id\":\"https:\\\/\\\/xometry.eu\\\/da\\\/vandstraaleskaering\\\/#primaryimage\",\"url\":\"https:\\\/\\\/xometry.eu\\\/wp-content\\\/uploads\\\/2020\\\/05\\\/Water-Jet-Cutting-Services-1-scaled.jpg\",\"contentUrl\":\"https:\\\/\\\/xometry.eu\\\/wp-content\\\/uploads\\\/2020\\\/05\\\/Water-Jet-Cutting-Services-1-scaled.jpg\",\"width\":2560,\"height\":1707},{\"@type\":\"BreadcrumbList\",\"@id\":\"https:\\\/\\\/xometry.eu\\\/da\\\/vandstraaleskaering\\\/#breadcrumb\",\"itemListElement\":[{\"@type\":\"ListItem\",\"position\":1,\"name\":\"Home\",\"item\":\"https:\\\/\\\/xometry.eu\\\/da\\\/\"},{\"@type\":\"ListItem\",\"position\":2,\"name\":\"Vandstr\u00e5lesk\u00e6ring\"}]},{\"@type\":\"WebSite\",\"@id\":\"https:\\\/\\\/xometry.eu\\\/da\\\/#website\",\"url\":\"https:\\\/\\\/xometry.eu\\\/da\\\/\",\"name\":\"Xometry Europe\",\"description\":\"\",\"publisher\":{\"@id\":\"https:\\\/\\\/xometry.eu\\\/da\\\/#organization\"},\"potentialAction\":[{\"@type\":\"SearchAction\",\"target\":{\"@type\":\"EntryPoint\",\"urlTemplate\":\"https:\\\/\\\/xometry.eu\\\/da\\\/?s={search_term_string}\"},\"query-input\":{\"@type\":\"PropertyValueSpecification\",\"valueRequired\":true,\"valueName\":\"search_term_string\"}}],\"inLanguage\":\"da-DK\"}]}<\/script>\n<!-- \/ Yoast SEO Premium plugin. -->","yoast_head_json":{"title":"Vandstr\u00e5lesk\u00e6ringsservice | Bestil dele online | Xometry Europe","description":"Vi tilbyder h\u00f8jpr\u00e6cisions CNC vandstr\u00e5lesk\u00e6ring b\u00e5de for bl\u00f8dt materiale og plademetal som aluminium, st\u00e5l og kobber.","robots":{"index":"index","follow":"follow","max-snippet":"max-snippet:-1","max-image-preview":"max-image-preview:large","max-video-preview":"max-video-preview:-1"},"canonical":"https:\/\/xometry.eu\/da\/vandstraaleskaering\/","og_locale":"da_DK","og_type":"article","og_title":"Vandstr\u00e5lesk\u00e6ring","og_description":"Vi tilbyder h\u00f8jpr\u00e6cisions CNC vandstr\u00e5lesk\u00e6ring b\u00e5de for bl\u00f8dt materiale og plademetal som aluminium, st\u00e5l og kobber.","og_url":"https:\/\/xometry.eu\/da\/vandstraaleskaering\/","og_site_name":"Xometry Europe","article_modified_time":"2026-02-04T10:48:56+00:00","og_image":[{"width":1200,"height":630,"url":"https:\/\/xometry.eu\/wp-content\/uploads\/2020\/08\/waterjet-cutting-sheet-metal-services.jpg","type":"image\/jpeg"}],"twitter_card":"summary_large_image","twitter_image":"https:\/\/xometry.eu\/wp-content\/uploads\/2020\/08\/waterjet-cutting-sheet-metal-services.jpg","schema":{"@context":"https:\/\/schema.org","@graph":[{"@type":"WebPage","@id":"https:\/\/xometry.eu\/da\/vandstraaleskaering\/","url":"https:\/\/xometry.eu\/da\/vandstraaleskaering\/","name":"Vandstr\u00e5lesk\u00e6ringsservice | Bestil dele online | Xometry Europe","isPartOf":{"@id":"https:\/\/xometry.eu\/da\/#website"},"primaryImageOfPage":{"@id":"https:\/\/xometry.eu\/da\/vandstraaleskaering\/#primaryimage"},"image":{"@id":"https:\/\/xometry.eu\/da\/vandstraaleskaering\/#primaryimage"},"thumbnailUrl":"https:\/\/xometry.eu\/wp-content\/uploads\/2020\/05\/Water-Jet-Cutting-Services-1-scaled.jpg","datePublished":"2020-05-15T09:20:18+00:00","dateModified":"2026-02-04T10:48:56+00:00","description":"Vi tilbyder h\u00f8jpr\u00e6cisions CNC vandstr\u00e5lesk\u00e6ring b\u00e5de for bl\u00f8dt materiale og plademetal som aluminium, st\u00e5l og kobber.","breadcrumb":{"@id":"https:\/\/xometry.eu\/da\/vandstraaleskaering\/#breadcrumb"},"inLanguage":"da-DK","potentialAction":[{"@type":"ReadAction","target":["https:\/\/xometry.eu\/da\/vandstraaleskaering\/"]}]},{"@type":"ImageObject","inLanguage":"da-DK","@id":"https:\/\/xometry.eu\/da\/vandstraaleskaering\/#primaryimage","url":"https:\/\/xometry.eu\/wp-content\/uploads\/2020\/05\/Water-Jet-Cutting-Services-1-scaled.jpg","contentUrl":"https:\/\/xometry.eu\/wp-content\/uploads\/2020\/05\/Water-Jet-Cutting-Services-1-scaled.jpg","width":2560,"height":1707},{"@type":"BreadcrumbList","@id":"https:\/\/xometry.eu\/da\/vandstraaleskaering\/#breadcrumb","itemListElement":[{"@type":"ListItem","position":1,"name":"Home","item":"https:\/\/xometry.eu\/da\/"},{"@type":"ListItem","position":2,"name":"Vandstr\u00e5lesk\u00e6ring"}]},{"@type":"WebSite","@id":"https:\/\/xometry.eu\/da\/#website","url":"https:\/\/xometry.eu\/da\/","name":"Xometry Europe","description":"","publisher":{"@id":"https:\/\/xometry.eu\/da\/#organization"},"potentialAction":[{"@type":"SearchAction","target":{"@type":"EntryPoint","urlTemplate":"https:\/\/xometry.eu\/da\/?s={search_term_string}"},"query-input":{"@type":"PropertyValueSpecification","valueRequired":true,"valueName":"search_term_string"}}],"inLanguage":"da-DK"}]}},"_links":{"self":[{"href":"https:\/\/xometry.eu\/da\/wp-json\/wp\/v2\/pages\/94282","targetHints":{"allow":["GET"]}}],"collection":[{"href":"https:\/\/xometry.eu\/da\/wp-json\/wp\/v2\/pages"}],"about":[{"href":"https:\/\/xometry.eu\/da\/wp-json\/wp\/v2\/types\/page"}],"author":[{"embeddable":true,"href":"https:\/\/xometry.eu\/da\/wp-json\/wp\/v2\/users\/1"}],"replies":[{"embeddable":true,"href":"https:\/\/xometry.eu\/da\/wp-json\/wp\/v2\/comments?post=94282"}],"version-history":[{"count":0,"href":"https:\/\/xometry.eu\/da\/wp-json\/wp\/v2\/pages\/94282\/revisions"}],"wp:featuredmedia":[{"embeddable":true,"href":"https:\/\/xometry.eu\/da\/wp-json\/wp\/v2\/media\/83561"}],"wp:attachment":[{"href":"https:\/\/xometry.eu\/da\/wp-json\/wp\/v2\/media?parent=94282"}],"curies":[{"name":"wp","href":"https:\/\/api.w.org\/{rel}","templated":true}]}}