{"id":156796,"date":"2025-03-19T11:55:00","date_gmt":"2025-03-19T09:55:00","guid":{"rendered":"https:\/\/xometry.eu\/rewards-terms\/"},"modified":"2026-03-25T15:12:51","modified_gmt":"2026-03-25T13:12:51","slug":"vilkar-betingelser-belonningsprogram","status":"publish","type":"page","link":"https:\/\/xometry.eu\/da\/vilkar-betingelser-belonningsprogram\/","title":{"rendered":"Vilk\u00e5r for Xometrys bel\u00f8nningsprogram"},"content":{"rendered":"","protected":false},"excerpt":{"rendered":"","protected":false},"author":41,"featured_media":0,"parent":0,"menu_order":0,"comment_status":"closed","ping_status":"closed","template":"","meta":{"_acf_changed":false,"inline_featured_image":false,"footnotes":""},"class_list":["post-156796","page","type-page","status-publish","hentry"],"acf":[],"yoast_head":"<!-- This site is optimized with the Yoast SEO Premium plugin v20.5 (Yoast SEO v27.3) - https:\/\/yoast.com\/product\/yoast-seo-premium-wordpress\/ -->\n<title>Vilk\u00e5r og betingelser for deltagelse i Xometrys bel\u00f8nningsprogram | Xometry Europe<\/title>\n<meta name=\"description\" content=\"Disse vilk\u00e5r og betingelser for deltagelse i Xometrys bel\u00f8nningsprogram (Rewards Program Terms &amp; Conditions).\" \/>\n<meta name=\"robots\" content=\"index, follow, max-snippet:-1, max-image-preview:large, max-video-preview:-1\" \/>\n<link rel=\"canonical\" href=\"https:\/\/xometry.eu\/da\/vilkar-betingelser-belonningsprogram\/\" \/>\n<meta property=\"og:locale\" content=\"da_DK\" \/>\n<meta property=\"og:type\" content=\"article\" \/>\n<meta property=\"og:title\" content=\"Vilk\u00e5r for Xometrys bel\u00f8nningsprogram\" \/>\n<meta property=\"og:description\" content=\"Disse vilk\u00e5r og betingelser for deltagelse i Xometrys bel\u00f8nningsprogram (Rewards Program Terms &amp; Conditions).\" \/>\n<meta property=\"og:url\" content=\"https:\/\/xometry.eu\/da\/vilkar-betingelser-belonningsprogram\/\" \/>\n<meta property=\"og:site_name\" content=\"Xometry Europe\" \/>\n<meta property=\"article:modified_time\" content=\"2026-03-25T13:12:51+00:00\" \/>\n<meta name=\"twitter:card\" content=\"summary_large_image\" \/>\n<script type=\"application\/ld+json\" class=\"yoast-schema-graph\">{\"@context\":\"https:\\\/\\\/schema.org\",\"@graph\":[{\"@type\":\"WebPage\",\"@id\":\"https:\\\/\\\/xometry.eu\\\/da\\\/vilkar-betingelser-belonningsprogram\\\/\",\"url\":\"https:\\\/\\\/xometry.eu\\\/da\\\/vilkar-betingelser-belonningsprogram\\\/\",\"name\":\"Vilk\u00e5r og betingelser for deltagelse i Xometrys bel\u00f8nningsprogram | Xometry Europe\",\"isPartOf\":{\"@id\":\"https:\\\/\\\/xometry.eu\\\/da\\\/#website\"},\"datePublished\":\"2025-03-19T09:55:00+00:00\",\"dateModified\":\"2026-03-25T13:12:51+00:00\",\"description\":\"Disse vilk\u00e5r og betingelser for deltagelse i Xometrys bel\u00f8nningsprogram (Rewards Program Terms & Conditions).\",\"breadcrumb\":{\"@id\":\"https:\\\/\\\/xometry.eu\\\/da\\\/vilkar-betingelser-belonningsprogram\\\/#breadcrumb\"},\"inLanguage\":\"da-DK\",\"potentialAction\":[{\"@type\":\"ReadAction\",\"target\":[\"https:\\\/\\\/xometry.eu\\\/da\\\/vilkar-betingelser-belonningsprogram\\\/\"]}]},{\"@type\":\"BreadcrumbList\",\"@id\":\"https:\\\/\\\/xometry.eu\\\/da\\\/vilkar-betingelser-belonningsprogram\\\/#breadcrumb\",\"itemListElement\":[{\"@type\":\"ListItem\",\"position\":1,\"name\":\"Home\",\"item\":\"https:\\\/\\\/xometry.eu\\\/da\\\/\"},{\"@type\":\"ListItem\",\"position\":2,\"name\":\"Vilk\u00e5r for Xometrys bel\u00f8nningsprogram\"}]},{\"@type\":\"WebSite\",\"@id\":\"https:\\\/\\\/xometry.eu\\\/da\\\/#website\",\"url\":\"https:\\\/\\\/xometry.eu\\\/da\\\/\",\"name\":\"Xometry Europe\",\"description\":\"\",\"publisher\":{\"@id\":\"https:\\\/\\\/xometry.eu\\\/da\\\/#organization\"},\"potentialAction\":[{\"@type\":\"SearchAction\",\"target\":{\"@type\":\"EntryPoint\",\"urlTemplate\":\"https:\\\/\\\/xometry.eu\\\/da\\\/?s={search_term_string}\"},\"query-input\":{\"@type\":\"PropertyValueSpecification\",\"valueRequired\":true,\"valueName\":\"search_term_string\"}}],\"inLanguage\":\"da-DK\"}]}<\/script>\n<!-- \/ Yoast SEO Premium plugin. -->","yoast_head_json":{"title":"Vilk\u00e5r og betingelser for deltagelse i Xometrys bel\u00f8nningsprogram | Xometry Europe","description":"Disse vilk\u00e5r og betingelser for deltagelse i Xometrys bel\u00f8nningsprogram (Rewards Program Terms & Conditions).","robots":{"index":"index","follow":"follow","max-snippet":"max-snippet:-1","max-image-preview":"max-image-preview:large","max-video-preview":"max-video-preview:-1"},"canonical":"https:\/\/xometry.eu\/da\/vilkar-betingelser-belonningsprogram\/","og_locale":"da_DK","og_type":"article","og_title":"Vilk\u00e5r for Xometrys bel\u00f8nningsprogram","og_description":"Disse vilk\u00e5r og betingelser for deltagelse i Xometrys bel\u00f8nningsprogram (Rewards Program Terms & Conditions).","og_url":"https:\/\/xometry.eu\/da\/vilkar-betingelser-belonningsprogram\/","og_site_name":"Xometry Europe","article_modified_time":"2026-03-25T13:12:51+00:00","twitter_card":"summary_large_image","schema":{"@context":"https:\/\/schema.org","@graph":[{"@type":"WebPage","@id":"https:\/\/xometry.eu\/da\/vilkar-betingelser-belonningsprogram\/","url":"https:\/\/xometry.eu\/da\/vilkar-betingelser-belonningsprogram\/","name":"Vilk\u00e5r og betingelser for deltagelse i Xometrys bel\u00f8nningsprogram | Xometry Europe","isPartOf":{"@id":"https:\/\/xometry.eu\/da\/#website"},"datePublished":"2025-03-19T09:55:00+00:00","dateModified":"2026-03-25T13:12:51+00:00","description":"Disse vilk\u00e5r og betingelser for deltagelse i Xometrys bel\u00f8nningsprogram (Rewards Program Terms & Conditions).","breadcrumb":{"@id":"https:\/\/xometry.eu\/da\/vilkar-betingelser-belonningsprogram\/#breadcrumb"},"inLanguage":"da-DK","potentialAction":[{"@type":"ReadAction","target":["https:\/\/xometry.eu\/da\/vilkar-betingelser-belonningsprogram\/"]}]},{"@type":"BreadcrumbList","@id":"https:\/\/xometry.eu\/da\/vilkar-betingelser-belonningsprogram\/#breadcrumb","itemListElement":[{"@type":"ListItem","position":1,"name":"Home","item":"https:\/\/xometry.eu\/da\/"},{"@type":"ListItem","position":2,"name":"Vilk\u00e5r for Xometrys bel\u00f8nningsprogram"}]},{"@type":"WebSite","@id":"https:\/\/xometry.eu\/da\/#website","url":"https:\/\/xometry.eu\/da\/","name":"Xometry Europe","description":"","publisher":{"@id":"https:\/\/xometry.eu\/da\/#organization"},"potentialAction":[{"@type":"SearchAction","target":{"@type":"EntryPoint","urlTemplate":"https:\/\/xometry.eu\/da\/?s={search_term_string}"},"query-input":{"@type":"PropertyValueSpecification","valueRequired":true,"valueName":"search_term_string"}}],"inLanguage":"da-DK"}]}},"_links":{"self":[{"href":"https:\/\/xometry.eu\/da\/wp-json\/wp\/v2\/pages\/156796","targetHints":{"allow":["GET"]}}],"collection":[{"href":"https:\/\/xometry.eu\/da\/wp-json\/wp\/v2\/pages"}],"about":[{"href":"https:\/\/xometry.eu\/da\/wp-json\/wp\/v2\/types\/page"}],"author":[{"embeddable":true,"href":"https:\/\/xometry.eu\/da\/wp-json\/wp\/v2\/users\/41"}],"replies":[{"embeddable":true,"href":"https:\/\/xometry.eu\/da\/wp-json\/wp\/v2\/comments?post=156796"}],"version-history":[{"count":0,"href":"https:\/\/xometry.eu\/da\/wp-json\/wp\/v2\/pages\/156796\/revisions"}],"wp:attachment":[{"href":"https:\/\/xometry.eu\/da\/wp-json\/wp\/v2\/media?parent=156796"}],"curies":[{"name":"wp","href":"https:\/\/api.w.org\/{rel}","templated":true}]}}