{"id":130800,"date":"2023-08-17T10:15:12","date_gmt":"2023-08-17T08:15:12","guid":{"rendered":"https:\/\/xometry.eu\/aerospace-industry\/"},"modified":"2024-02-09T11:39:23","modified_gmt":"2024-02-09T09:39:23","slug":"luftfartsindustrien","status":"publish","type":"page","link":"https:\/\/xometry.eu\/da\/luftfartsindustrien\/","title":{"rendered":"Aerospace Industry"},"content":{"rendered":"","protected":false},"excerpt":{"rendered":"","protected":false},"author":14,"featured_media":0,"parent":0,"menu_order":0,"comment_status":"closed","ping_status":"closed","template":"","meta":{"_acf_changed":false,"inline_featured_image":false,"footnotes":""},"class_list":["post-130800","page","type-page","status-publish","hentry"],"acf":[],"yoast_head":"<!-- This site is optimized with the Yoast SEO Premium plugin v20.5 (Yoast SEO v27.1.1) - https:\/\/yoast.com\/product\/yoast-seo-premium-wordpress\/ -->\n<title>Prototyper og produktionsdele til luftfartsindustrien | Xometry<\/title>\n<meta name=\"description\" content=\"Innov\u00e9r hurtigere med \u00f8jeblikkelig adgang til Xometrys store produktionskapacitet, netv\u00e6rk og ekspertise inden for rumfartsindustrien.\" \/>\n<meta name=\"robots\" content=\"index, follow, max-snippet:-1, max-image-preview:large, max-video-preview:-1\" \/>\n<link rel=\"canonical\" href=\"https:\/\/xometry.eu\/da\/luftfartsindustrien\/\" \/>\n<meta property=\"og:locale\" content=\"da_DK\" \/>\n<meta property=\"og:type\" content=\"article\" \/>\n<meta property=\"og:title\" content=\"Aerospace Industry\" \/>\n<meta property=\"og:description\" content=\"Innov\u00e9r hurtigere med \u00f8jeblikkelig adgang til Xometrys store produktionskapacitet, netv\u00e6rk og ekspertise inden for rumfartsindustrien.\" \/>\n<meta property=\"og:url\" content=\"https:\/\/xometry.eu\/da\/luftfartsindustrien\/\" \/>\n<meta property=\"og:site_name\" content=\"Xometry Europe\" \/>\n<meta property=\"article:modified_time\" content=\"2024-02-09T09:39:23+00:00\" \/>\n<meta name=\"twitter:card\" content=\"summary_large_image\" \/>\n<script type=\"application\/ld+json\" class=\"yoast-schema-graph\">{\"@context\":\"https:\/\/schema.org\",\"@graph\":[{\"@type\":\"WebPage\",\"@id\":\"https:\/\/xometry.eu\/da\/luftfartsindustrien\/\",\"url\":\"https:\/\/xometry.eu\/da\/luftfartsindustrien\/\",\"name\":\"Prototyper og produktionsdele til luftfartsindustrien | Xometry\",\"isPartOf\":{\"@id\":\"https:\/\/xometry.eu\/da\/#website\"},\"datePublished\":\"2023-08-17T08:15:12+00:00\",\"dateModified\":\"2024-02-09T09:39:23+00:00\",\"description\":\"Innov\u00e9r hurtigere med \u00f8jeblikkelig adgang til Xometrys store produktionskapacitet, netv\u00e6rk og ekspertise inden for rumfartsindustrien.\",\"breadcrumb\":{\"@id\":\"https:\/\/xometry.eu\/da\/luftfartsindustrien\/#breadcrumb\"},\"inLanguage\":\"da-DK\",\"potentialAction\":[{\"@type\":\"ReadAction\",\"target\":[\"https:\/\/xometry.eu\/da\/luftfartsindustrien\/\"]}]},{\"@type\":\"BreadcrumbList\",\"@id\":\"https:\/\/xometry.eu\/da\/luftfartsindustrien\/#breadcrumb\",\"itemListElement\":[{\"@type\":\"ListItem\",\"position\":1,\"name\":\"Home\",\"item\":\"https:\/\/xometry.eu\/da\/\"},{\"@type\":\"ListItem\",\"position\":2,\"name\":\"Aerospace Industry\"}]},{\"@type\":\"WebSite\",\"@id\":\"https:\/\/xometry.eu\/da\/#website\",\"url\":\"https:\/\/xometry.eu\/da\/\",\"name\":\"Xometry Europe\",\"description\":\"\",\"publisher\":{\"@id\":\"https:\/\/xometry.eu\/da\/#organization\"},\"potentialAction\":[{\"@type\":\"SearchAction\",\"target\":{\"@type\":\"EntryPoint\",\"urlTemplate\":\"https:\/\/xometry.eu\/da\/?s={search_term_string}\"},\"query-input\":{\"@type\":\"PropertyValueSpecification\",\"valueRequired\":true,\"valueName\":\"search_term_string\"}}],\"inLanguage\":\"da-DK\"}]}<\/script>\n<!-- \/ Yoast SEO Premium plugin. -->","yoast_head_json":{"title":"Prototyper og produktionsdele til luftfartsindustrien | Xometry","description":"Innov\u00e9r hurtigere med \u00f8jeblikkelig adgang til Xometrys store produktionskapacitet, netv\u00e6rk og ekspertise inden for rumfartsindustrien.","robots":{"index":"index","follow":"follow","max-snippet":"max-snippet:-1","max-image-preview":"max-image-preview:large","max-video-preview":"max-video-preview:-1"},"canonical":"https:\/\/xometry.eu\/da\/luftfartsindustrien\/","og_locale":"da_DK","og_type":"article","og_title":"Aerospace Industry","og_description":"Innov\u00e9r hurtigere med \u00f8jeblikkelig adgang til Xometrys store produktionskapacitet, netv\u00e6rk og ekspertise inden for rumfartsindustrien.","og_url":"https:\/\/xometry.eu\/da\/luftfartsindustrien\/","og_site_name":"Xometry Europe","article_modified_time":"2024-02-09T09:39:23+00:00","twitter_card":"summary_large_image","schema":{"@context":"https:\/\/schema.org","@graph":[{"@type":"WebPage","@id":"https:\/\/xometry.eu\/da\/luftfartsindustrien\/","url":"https:\/\/xometry.eu\/da\/luftfartsindustrien\/","name":"Prototyper og produktionsdele til luftfartsindustrien | Xometry","isPartOf":{"@id":"https:\/\/xometry.eu\/da\/#website"},"datePublished":"2023-08-17T08:15:12+00:00","dateModified":"2024-02-09T09:39:23+00:00","description":"Innov\u00e9r hurtigere med \u00f8jeblikkelig adgang til Xometrys store produktionskapacitet, netv\u00e6rk og ekspertise inden for rumfartsindustrien.","breadcrumb":{"@id":"https:\/\/xometry.eu\/da\/luftfartsindustrien\/#breadcrumb"},"inLanguage":"da-DK","potentialAction":[{"@type":"ReadAction","target":["https:\/\/xometry.eu\/da\/luftfartsindustrien\/"]}]},{"@type":"BreadcrumbList","@id":"https:\/\/xometry.eu\/da\/luftfartsindustrien\/#breadcrumb","itemListElement":[{"@type":"ListItem","position":1,"name":"Home","item":"https:\/\/xometry.eu\/da\/"},{"@type":"ListItem","position":2,"name":"Aerospace Industry"}]},{"@type":"WebSite","@id":"https:\/\/xometry.eu\/da\/#website","url":"https:\/\/xometry.eu\/da\/","name":"Xometry Europe","description":"","publisher":{"@id":"https:\/\/xometry.eu\/da\/#organization"},"potentialAction":[{"@type":"SearchAction","target":{"@type":"EntryPoint","urlTemplate":"https:\/\/xometry.eu\/da\/?s={search_term_string}"},"query-input":{"@type":"PropertyValueSpecification","valueRequired":true,"valueName":"search_term_string"}}],"inLanguage":"da-DK"}]}},"_links":{"self":[{"href":"https:\/\/xometry.eu\/da\/wp-json\/wp\/v2\/pages\/130800","targetHints":{"allow":["GET"]}}],"collection":[{"href":"https:\/\/xometry.eu\/da\/wp-json\/wp\/v2\/pages"}],"about":[{"href":"https:\/\/xometry.eu\/da\/wp-json\/wp\/v2\/types\/page"}],"author":[{"embeddable":true,"href":"https:\/\/xometry.eu\/da\/wp-json\/wp\/v2\/users\/14"}],"replies":[{"embeddable":true,"href":"https:\/\/xometry.eu\/da\/wp-json\/wp\/v2\/comments?post=130800"}],"version-history":[{"count":0,"href":"https:\/\/xometry.eu\/da\/wp-json\/wp\/v2\/pages\/130800\/revisions"}],"wp:attachment":[{"href":"https:\/\/xometry.eu\/da\/wp-json\/wp\/v2\/media?parent=130800"}],"curies":[{"name":"wp","href":"https:\/\/api.w.org\/{rel}","templated":true}]}}