{"id":130795,"date":"2023-08-17T09:37:04","date_gmt":"2023-08-17T07:37:04","guid":{"rendered":"https:\/\/xometry.eu\/automotive-industry\/"},"modified":"2024-02-09T11:27:25","modified_gmt":"2024-02-09T09:27:25","slug":"bilindustrien","status":"publish","type":"page","link":"https:\/\/xometry.eu\/da\/bilindustrien\/","title":{"rendered":"Automotive Industry"},"content":{"rendered":"","protected":false},"excerpt":{"rendered":"","protected":false},"author":14,"featured_media":115393,"parent":0,"menu_order":0,"comment_status":"closed","ping_status":"closed","template":"","meta":{"_acf_changed":false,"inline_featured_image":false,"footnotes":""},"class_list":["post-130795","page","type-page","status-publish","has-post-thumbnail","hentry"],"acf":[],"yoast_head":"<!-- This site is optimized with the Yoast SEO Premium plugin v20.5 (Yoast SEO v27.3) - https:\/\/yoast.com\/product\/yoast-seo-premium-wordpress\/ -->\n<title>Prototyper og produktionsdele til bilindustrien | Xometry<\/title>\n<meta name=\"description\" content=\"Innov\u00e9r hurtigere med \u00f8jeblikkelig adgang til Xometrys store produktionskapacitet, netv\u00e6rk og ekspertise inden for bilindustrien.\" \/>\n<meta name=\"robots\" content=\"index, follow, max-snippet:-1, max-image-preview:large, max-video-preview:-1\" \/>\n<link rel=\"canonical\" href=\"https:\/\/xometry.eu\/da\/bilindustrien\/\" \/>\n<meta property=\"og:locale\" content=\"da_DK\" \/>\n<meta property=\"og:type\" content=\"article\" \/>\n<meta property=\"og:title\" content=\"Automotive Industry\" \/>\n<meta property=\"og:description\" content=\"Innov\u00e9r hurtigere med \u00f8jeblikkelig adgang til Xometrys store produktionskapacitet, netv\u00e6rk og ekspertise inden for bilindustrien.\" \/>\n<meta property=\"og:url\" content=\"https:\/\/xometry.eu\/da\/bilindustrien\/\" \/>\n<meta property=\"og:site_name\" content=\"Xometry Europe\" \/>\n<meta property=\"article:modified_time\" content=\"2024-02-09T09:27:25+00:00\" \/>\n<meta property=\"og:image\" content=\"https:\/\/xometry.eu\/wp-content\/uploads\/2023\/08\/Automotive-Industry-scaled.jpg\" \/>\n\t<meta property=\"og:image:width\" content=\"2560\" \/>\n\t<meta property=\"og:image:height\" content=\"1708\" \/>\n\t<meta property=\"og:image:type\" content=\"image\/jpeg\" \/>\n<meta name=\"twitter:card\" content=\"summary_large_image\" \/>\n<script type=\"application\/ld+json\" class=\"yoast-schema-graph\">{\"@context\":\"https:\\\/\\\/schema.org\",\"@graph\":[{\"@type\":\"WebPage\",\"@id\":\"https:\\\/\\\/xometry.eu\\\/da\\\/bilindustrien\\\/\",\"url\":\"https:\\\/\\\/xometry.eu\\\/da\\\/bilindustrien\\\/\",\"name\":\"Prototyper og produktionsdele til bilindustrien | Xometry\",\"isPartOf\":{\"@id\":\"https:\\\/\\\/xometry.eu\\\/da\\\/#website\"},\"primaryImageOfPage\":{\"@id\":\"https:\\\/\\\/xometry.eu\\\/da\\\/bilindustrien\\\/#primaryimage\"},\"image\":{\"@id\":\"https:\\\/\\\/xometry.eu\\\/da\\\/bilindustrien\\\/#primaryimage\"},\"thumbnailUrl\":\"https:\\\/\\\/xometry.eu\\\/wp-content\\\/uploads\\\/2023\\\/08\\\/Automotive-Industry-scaled.jpg\",\"datePublished\":\"2023-08-17T07:37:04+00:00\",\"dateModified\":\"2024-02-09T09:27:25+00:00\",\"description\":\"Innov\u00e9r hurtigere med \u00f8jeblikkelig adgang til Xometrys store produktionskapacitet, netv\u00e6rk og ekspertise inden for bilindustrien.\",\"breadcrumb\":{\"@id\":\"https:\\\/\\\/xometry.eu\\\/da\\\/bilindustrien\\\/#breadcrumb\"},\"inLanguage\":\"da-DK\",\"potentialAction\":[{\"@type\":\"ReadAction\",\"target\":[\"https:\\\/\\\/xometry.eu\\\/da\\\/bilindustrien\\\/\"]}]},{\"@type\":\"ImageObject\",\"inLanguage\":\"da-DK\",\"@id\":\"https:\\\/\\\/xometry.eu\\\/da\\\/bilindustrien\\\/#primaryimage\",\"url\":\"https:\\\/\\\/xometry.eu\\\/wp-content\\\/uploads\\\/2023\\\/08\\\/Automotive-Industry-scaled.jpg\",\"contentUrl\":\"https:\\\/\\\/xometry.eu\\\/wp-content\\\/uploads\\\/2023\\\/08\\\/Automotive-Industry-scaled.jpg\",\"width\":2560,\"height\":1708,\"caption\":\"Chassis of the electric, hybrid car with powertrain. Blue toned.\"},{\"@type\":\"BreadcrumbList\",\"@id\":\"https:\\\/\\\/xometry.eu\\\/da\\\/bilindustrien\\\/#breadcrumb\",\"itemListElement\":[{\"@type\":\"ListItem\",\"position\":1,\"name\":\"Home\",\"item\":\"https:\\\/\\\/xometry.eu\\\/da\\\/\"},{\"@type\":\"ListItem\",\"position\":2,\"name\":\"Automotive Industry\"}]},{\"@type\":\"WebSite\",\"@id\":\"https:\\\/\\\/xometry.eu\\\/da\\\/#website\",\"url\":\"https:\\\/\\\/xometry.eu\\\/da\\\/\",\"name\":\"Xometry Europe\",\"description\":\"\",\"publisher\":{\"@id\":\"https:\\\/\\\/xometry.eu\\\/da\\\/#organization\"},\"potentialAction\":[{\"@type\":\"SearchAction\",\"target\":{\"@type\":\"EntryPoint\",\"urlTemplate\":\"https:\\\/\\\/xometry.eu\\\/da\\\/?s={search_term_string}\"},\"query-input\":{\"@type\":\"PropertyValueSpecification\",\"valueRequired\":true,\"valueName\":\"search_term_string\"}}],\"inLanguage\":\"da-DK\"}]}<\/script>\n<!-- \/ Yoast SEO Premium plugin. -->","yoast_head_json":{"title":"Prototyper og produktionsdele til bilindustrien | Xometry","description":"Innov\u00e9r hurtigere med \u00f8jeblikkelig adgang til Xometrys store produktionskapacitet, netv\u00e6rk og ekspertise inden for bilindustrien.","robots":{"index":"index","follow":"follow","max-snippet":"max-snippet:-1","max-image-preview":"max-image-preview:large","max-video-preview":"max-video-preview:-1"},"canonical":"https:\/\/xometry.eu\/da\/bilindustrien\/","og_locale":"da_DK","og_type":"article","og_title":"Automotive Industry","og_description":"Innov\u00e9r hurtigere med \u00f8jeblikkelig adgang til Xometrys store produktionskapacitet, netv\u00e6rk og ekspertise inden for bilindustrien.","og_url":"https:\/\/xometry.eu\/da\/bilindustrien\/","og_site_name":"Xometry Europe","article_modified_time":"2024-02-09T09:27:25+00:00","og_image":[{"width":2560,"height":1708,"url":"https:\/\/xometry.eu\/wp-content\/uploads\/2023\/08\/Automotive-Industry-scaled.jpg","type":"image\/jpeg"}],"twitter_card":"summary_large_image","schema":{"@context":"https:\/\/schema.org","@graph":[{"@type":"WebPage","@id":"https:\/\/xometry.eu\/da\/bilindustrien\/","url":"https:\/\/xometry.eu\/da\/bilindustrien\/","name":"Prototyper og produktionsdele til bilindustrien | Xometry","isPartOf":{"@id":"https:\/\/xometry.eu\/da\/#website"},"primaryImageOfPage":{"@id":"https:\/\/xometry.eu\/da\/bilindustrien\/#primaryimage"},"image":{"@id":"https:\/\/xometry.eu\/da\/bilindustrien\/#primaryimage"},"thumbnailUrl":"https:\/\/xometry.eu\/wp-content\/uploads\/2023\/08\/Automotive-Industry-scaled.jpg","datePublished":"2023-08-17T07:37:04+00:00","dateModified":"2024-02-09T09:27:25+00:00","description":"Innov\u00e9r hurtigere med \u00f8jeblikkelig adgang til Xometrys store produktionskapacitet, netv\u00e6rk og ekspertise inden for bilindustrien.","breadcrumb":{"@id":"https:\/\/xometry.eu\/da\/bilindustrien\/#breadcrumb"},"inLanguage":"da-DK","potentialAction":[{"@type":"ReadAction","target":["https:\/\/xometry.eu\/da\/bilindustrien\/"]}]},{"@type":"ImageObject","inLanguage":"da-DK","@id":"https:\/\/xometry.eu\/da\/bilindustrien\/#primaryimage","url":"https:\/\/xometry.eu\/wp-content\/uploads\/2023\/08\/Automotive-Industry-scaled.jpg","contentUrl":"https:\/\/xometry.eu\/wp-content\/uploads\/2023\/08\/Automotive-Industry-scaled.jpg","width":2560,"height":1708,"caption":"Chassis of the electric, hybrid car with powertrain. Blue toned."},{"@type":"BreadcrumbList","@id":"https:\/\/xometry.eu\/da\/bilindustrien\/#breadcrumb","itemListElement":[{"@type":"ListItem","position":1,"name":"Home","item":"https:\/\/xometry.eu\/da\/"},{"@type":"ListItem","position":2,"name":"Automotive Industry"}]},{"@type":"WebSite","@id":"https:\/\/xometry.eu\/da\/#website","url":"https:\/\/xometry.eu\/da\/","name":"Xometry Europe","description":"","publisher":{"@id":"https:\/\/xometry.eu\/da\/#organization"},"potentialAction":[{"@type":"SearchAction","target":{"@type":"EntryPoint","urlTemplate":"https:\/\/xometry.eu\/da\/?s={search_term_string}"},"query-input":{"@type":"PropertyValueSpecification","valueRequired":true,"valueName":"search_term_string"}}],"inLanguage":"da-DK"}]}},"_links":{"self":[{"href":"https:\/\/xometry.eu\/da\/wp-json\/wp\/v2\/pages\/130795","targetHints":{"allow":["GET"]}}],"collection":[{"href":"https:\/\/xometry.eu\/da\/wp-json\/wp\/v2\/pages"}],"about":[{"href":"https:\/\/xometry.eu\/da\/wp-json\/wp\/v2\/types\/page"}],"author":[{"embeddable":true,"href":"https:\/\/xometry.eu\/da\/wp-json\/wp\/v2\/users\/14"}],"replies":[{"embeddable":true,"href":"https:\/\/xometry.eu\/da\/wp-json\/wp\/v2\/comments?post=130795"}],"version-history":[{"count":0,"href":"https:\/\/xometry.eu\/da\/wp-json\/wp\/v2\/pages\/130795\/revisions"}],"wp:featuredmedia":[{"embeddable":true,"href":"https:\/\/xometry.eu\/da\/wp-json\/wp\/v2\/media\/115393"}],"wp:attachment":[{"href":"https:\/\/xometry.eu\/da\/wp-json\/wp\/v2\/media?parent=130795"}],"curies":[{"name":"wp","href":"https:\/\/api.w.org\/{rel}","templated":true}]}}