{"id":167138,"date":"2025-11-20T14:58:59","date_gmt":"2025-11-20T12:58:59","guid":{"rendered":"https:\/\/xometry.eu\/black-friday\/"},"modified":"2025-11-24T17:47:55","modified_gmt":"2025-11-24T15:47:55","slug":"black-friday","status":"publish","type":"page","link":"https:\/\/xometry.eu\/cs\/black-friday\/","title":{"rendered":"Black Friday"},"content":{"rendered":"<section class=\"hero  light blue-10 printing-3d-page\" >\r\n        <img decoding=\"async\" src=\"https:\/\/xometry.eu\/wp-content\/uploads\/2025\/11\/black-friday-left.png\" alt=\"Black Friday:   15 % sleva na va\u0161e d\u00edly  \" class=\"hero__left-image\" \/>\r\n            <img decoding=\"async\" src=\"https:\/\/xometry.eu\/wp-content\/uploads\/2025\/11\/black-friday-right.png\" alt=\"Black Friday:   15 % sleva na va\u0161e d\u00edly  \" class=\"hero__right-image\" \/>\r\n        <div class=\"hero__container section container\" style=\"padding-bottom: px;\">\r\n        <div class=\"hero__title-wrapper\">\r\n            <h1 class=\"title title--01\">Black Friday: <br> <strong> 15 % sleva na va\u0161e d\u00edly <\/strong> <\/h1>\r\n            <div><p><span data-sheets-root=\"1\">Z\u00edskejte cenovou nab\u00eddku, zadejte k\u00f3d a u\u0161et\u0159ete 15 % na n\u00e1hradn\u00edch d\u00edlech do 30. listopadu*. Nav\u00edc 2 % z hodnoty va\u0161\u00ed objedn\u00e1vky v\u011bnujeme organizaci Healthy Seas, kter\u00e1 se zasazuje o \u010di\u0161t\u011bn\u00ed oce\u00e1n\u016f od plast\u016f a jin\u00e9ho mo\u0159sk\u00e9ho odpadu.<\/span><\/p>\n<\/div>\r\n                    <\/div>\r\n        <div class=\"hero__cards-list\">\r\n              \r\n    <a href=\"https:\/\/get.xometry.eu\/?locale=cs\" class=\"hero__cards-item card \">\r\n        <h3 class=\"title title--03\"><\/h3>\r\n        <div class=\"hero__cards-item-text \"><p>Promo k\u00f3d: <b data-stringify-type=\"bold\">FRIDAY2025\u00a0<\/b><\/p>\n<\/div>\r\n        <span class=\"btn btn--primary btn_wide\">Cenov\u00e1 nab\u00eddka<\/span>\r\n            <\/a>\r\n        <\/div>\r\n            <\/div>\r\n<\/section>\n\n\r\n<section class=\"faq light light-to-dark-gradient\"  id=\"codes-terms\">\r\n    <div class=\"faq__container section container\">\r\n        <div class=\"faq__wrapper\">\r\n            <h2 class=\"title title--02\">Jak funguje <strong> Black Friday? <\/strong><\/h2>\r\n            <div class=\"faq__list\">\r\n                                                                                                    <div class=\"faq__item  \">\r\n                            <div class=\"faq__item-question title title--04\">\r\n                                Kroky k aktivaci slevy                                <svg\r\n                                    xmlns=\"http:\/\/www.w3.org\/2000\/svg\"\r\n                                    width=\"28\"\r\n                                    height=\"28\"\r\n                                    viewBox=\"0 0 28 28\"\r\n                                    fill=\"none\"\r\n                                    class=\"toggle-icon\"\r\n                                >\r\n                                    <g class=\"plus\">\r\n                                    <path\r\n                                        d=\"M19.0313 13.125H14.875V8.96875C14.875 8.84844 14.7766 8.75 14.6563 8.75H13.3438C13.2234 8.75 13.125 8.84844 13.125 8.96875V13.125H8.96875C8.84844 13.125 8.75 13.2234 8.75 13.3438V14.6563C8.75 14.7766 8.84844 14.875 8.96875 14.875H13.125V19.0313C13.125 19.1516 13.2234 19.25 13.3438 19.25H14.6563C14.7766 19.25 14.875 19.1516 14.875 19.0313V14.875H19.0313C19.1516 14.875 19.25 14.7766 19.25 14.6563V13.3438C19.25 13.2234 19.1516 13.125 19.0313 13.125Z\"\r\n                                    \/>\r\n                                    <path\r\n                                        d=\"M14 1.75C7.23516 1.75 1.75 7.23516 1.75 14C1.75 20.7648 7.23516 26.25 14 26.25C20.7648 26.25 26.25 20.7648 26.25 14C26.25 7.23516 20.7648 1.75 14 1.75ZM14 24.1719C8.38359 24.1719 3.82813 19.6164 3.82813 14C3.82813 8.38359 8.38359 3.82813 14 3.82813C19.6164 3.82813 24.1719 8.38359 24.1719 14C24.1719 19.6164 19.6164 24.1719 14 24.1719Z\"\r\n                                    \/>\r\n                                    <\/g>\r\n                                    <g class=\"minus\">\r\n                                    <path\r\n                                        d=\"M19.0313 13.125H8.96875C8.84844 13.125 8.75 13.2234 8.75 13.3438V14.6563C8.75 14.7766 8.84844 14.875 8.96875 14.875H19.0313C19.1516 14.875 19.25 14.7766 19.25 14.6563V13.3438C19.25 13.2234 19.1516 13.125 19.0313 13.125Z\"\r\n                                    \/>\r\n                                    <path\r\n                                        d=\"M14 1.75C7.23516 1.75 1.75 7.23516 1.75 14C1.75 20.7648 7.23516 26.25 14 26.25C20.7648 26.25 26.25 20.7648 26.25 14C26.25 7.23516 20.7648 1.75 14 1.75ZM14 24.1719C8.38359 24.1719 3.82813 19.6164 3.82813 14C3.82813 8.38359 8.38359 3.82813 14 3.82813C19.6164 3.82813 24.1719 8.38359 24.1719 14C24.1719 19.6164 19.6164 24.1719 14 24.1719Z\"\r\n                                    \/>\r\n                                    <\/g>\r\n                                <\/svg>\r\n                            <\/div>\r\n                            <div class=\"faq__item-answer-wrapper\">\r\n                                <div class=\"faq__item-answer\">\r\n                                    <p><span data-sheets-root=\"1\">1. Z\u00edskejte cenovou nab\u00eddku pomoc\u00ed n\u00e1stroje pro okam\u017eitou tvorbu nab\u00eddek Instant Quoting Engine od spole\u010dnosti Xometry (krom\u011b objedn\u00e1vek s c\u00edlovou cenou a zak\u00e1zkov\u00fdch popt\u00e1vek u vybran\u00fdch dodavatel\u016f)*.<\/p>\n<p>2. Do konce listopadu zadejte p\u0159i platb\u011b promo k\u00f3d <strong>FRIDAY2025<\/strong>.<\/p>\n<p>3. Z\u00edskejte 15% slevu na va\u0161e d\u00edly.<\/p>\n<p>4. Xometry v\u011bnuje 2 % z hodnoty va\u0161\u00ed objedn\u00e1vky po slev\u011b na hlavn\u00ed iniciativy organizace Healthy Seas: \u010ci\u0161t\u011bn\u00ed, Vzd\u011bl\u00e1v\u00e1n\u00ed, Prevence.<\/span><\/p>\n                                <\/div>\r\n                            <\/div>\r\n                        <\/div>\r\n                                                                    <div class=\"faq__item  \">\r\n                            <div class=\"faq__item-question title title--04\">\r\n                                Vliv organizace Healthy Seas                                <svg\r\n                                    xmlns=\"http:\/\/www.w3.org\/2000\/svg\"\r\n                                    width=\"28\"\r\n                                    height=\"28\"\r\n                                    viewBox=\"0 0 28 28\"\r\n                                    fill=\"none\"\r\n                                    class=\"toggle-icon\"\r\n                                >\r\n                                    <g class=\"plus\">\r\n                                    <path\r\n                                        d=\"M19.0313 13.125H14.875V8.96875C14.875 8.84844 14.7766 8.75 14.6563 8.75H13.3438C13.2234 8.75 13.125 8.84844 13.125 8.96875V13.125H8.96875C8.84844 13.125 8.75 13.2234 8.75 13.3438V14.6563C8.75 14.7766 8.84844 14.875 8.96875 14.875H13.125V19.0313C13.125 19.1516 13.2234 19.25 13.3438 19.25H14.6563C14.7766 19.25 14.875 19.1516 14.875 19.0313V14.875H19.0313C19.1516 14.875 19.25 14.7766 19.25 14.6563V13.3438C19.25 13.2234 19.1516 13.125 19.0313 13.125Z\"\r\n                                    \/>\r\n                                    <path\r\n                                        d=\"M14 1.75C7.23516 1.75 1.75 7.23516 1.75 14C1.75 20.7648 7.23516 26.25 14 26.25C20.7648 26.25 26.25 20.7648 26.25 14C26.25 7.23516 20.7648 1.75 14 1.75ZM14 24.1719C8.38359 24.1719 3.82813 19.6164 3.82813 14C3.82813 8.38359 8.38359 3.82813 14 3.82813C19.6164 3.82813 24.1719 8.38359 24.1719 14C24.1719 19.6164 19.6164 24.1719 14 24.1719Z\"\r\n                                    \/>\r\n                                    <\/g>\r\n                                    <g class=\"minus\">\r\n                                    <path\r\n                                        d=\"M19.0313 13.125H8.96875C8.84844 13.125 8.75 13.2234 8.75 13.3438V14.6563C8.75 14.7766 8.84844 14.875 8.96875 14.875H19.0313C19.1516 14.875 19.25 14.7766 19.25 14.6563V13.3438C19.25 13.2234 19.1516 13.125 19.0313 13.125Z\"\r\n                                    \/>\r\n                                    <path\r\n                                        d=\"M14 1.75C7.23516 1.75 1.75 7.23516 1.75 14C1.75 20.7648 7.23516 26.25 14 26.25C20.7648 26.25 26.25 20.7648 26.25 14C26.25 7.23516 20.7648 1.75 14 1.75ZM14 24.1719C8.38359 24.1719 3.82813 19.6164 3.82813 14C3.82813 8.38359 8.38359 3.82813 14 3.82813C19.6164 3.82813 24.1719 8.38359 24.1719 14C24.1719 19.6164 19.6164 24.1719 14 24.1719Z\"\r\n                                    \/>\r\n                                    <\/g>\r\n                                <\/svg>\r\n                            <\/div>\r\n                            <div class=\"faq__item-answer-wrapper\">\r\n                                <div class=\"faq__item-answer\">\r\n                                    <ul>\n<li><span data-sheets-root=\"1\">Od roku 2013 bylo odstran\u011bno v\u00edce ne\u017e 1228 tun mo\u0159sk\u00e9ho odpadu.<\/span><\/li>\n<li><span data-sheets-root=\"1\">Operace prob\u00edhaj\u00ed v Severn\u00edm mo\u0159i, St\u0159edozemn\u00edm mo\u0159i, Jadersk\u00e9m mo\u0159i, Baltsk\u00e9m mo\u0159i a Rud\u00e9m mo\u0159i, d\u00e1le v Tich\u00e9m a Atlantsk\u00e9m oce\u00e1nu.<\/span><\/li>\n<li><span data-sheets-root=\"1\">T\u0159i z\u00e1kladn\u00ed pil\u00ed\u0159e: \u00faklid, osv\u011bta, prevence.<\/span><\/li>\n<\/ul>\n<p><img decoding=\"async\" class=\"alignnone wp-image-166957\" src=\"https:\/\/xometry.eu\/wp-content\/uploads\/2025\/11\/01_H_Standard_Regular-480x206.png\" alt=\"\" width=\"217\" height=\"93\" srcset=\"https:\/\/xometry.eu\/wp-content\/uploads\/2025\/11\/01_H_Standard_Regular-480x206.png 480w, https:\/\/xometry.eu\/wp-content\/uploads\/2025\/11\/01_H_Standard_Regular-1440x618.png 1440w, https:\/\/xometry.eu\/wp-content\/uploads\/2025\/11\/01_H_Standard_Regular-768x330.png 768w\" sizes=\"(max-width: 217px) 100vw, 217px\" \/><\/p>\n<p>&nbsp;<\/p>\n                                <\/div>\r\n                            <\/div>\r\n                        <\/div>\r\n                                                                    <div class=\"faq__item  \">\r\n                            <div class=\"faq__item-question title title--04\">\r\n                                Podm\u00ednky                                <svg\r\n                                    xmlns=\"http:\/\/www.w3.org\/2000\/svg\"\r\n                                    width=\"28\"\r\n                                    height=\"28\"\r\n                                    viewBox=\"0 0 28 28\"\r\n                                    fill=\"none\"\r\n                                    class=\"toggle-icon\"\r\n                                >\r\n                                    <g class=\"plus\">\r\n                                    <path\r\n                                        d=\"M19.0313 13.125H14.875V8.96875C14.875 8.84844 14.7766 8.75 14.6563 8.75H13.3438C13.2234 8.75 13.125 8.84844 13.125 8.96875V13.125H8.96875C8.84844 13.125 8.75 13.2234 8.75 13.3438V14.6563C8.75 14.7766 8.84844 14.875 8.96875 14.875H13.125V19.0313C13.125 19.1516 13.2234 19.25 13.3438 19.25H14.6563C14.7766 19.25 14.875 19.1516 14.875 19.0313V14.875H19.0313C19.1516 14.875 19.25 14.7766 19.25 14.6563V13.3438C19.25 13.2234 19.1516 13.125 19.0313 13.125Z\"\r\n                                    \/>\r\n                                    <path\r\n                                        d=\"M14 1.75C7.23516 1.75 1.75 7.23516 1.75 14C1.75 20.7648 7.23516 26.25 14 26.25C20.7648 26.25 26.25 20.7648 26.25 14C26.25 7.23516 20.7648 1.75 14 1.75ZM14 24.1719C8.38359 24.1719 3.82813 19.6164 3.82813 14C3.82813 8.38359 8.38359 3.82813 14 3.82813C19.6164 3.82813 24.1719 8.38359 24.1719 14C24.1719 19.6164 19.6164 24.1719 14 24.1719Z\"\r\n                                    \/>\r\n                                    <\/g>\r\n                                    <g class=\"minus\">\r\n                                    <path\r\n                                        d=\"M19.0313 13.125H8.96875C8.84844 13.125 8.75 13.2234 8.75 13.3438V14.6563C8.75 14.7766 8.84844 14.875 8.96875 14.875H19.0313C19.1516 14.875 19.25 14.7766 19.25 14.6563V13.3438C19.25 13.2234 19.1516 13.125 19.0313 13.125Z\"\r\n                                    \/>\r\n                                    <path\r\n                                        d=\"M14 1.75C7.23516 1.75 1.75 7.23516 1.75 14C1.75 20.7648 7.23516 26.25 14 26.25C20.7648 26.25 26.25 20.7648 26.25 14C26.25 7.23516 20.7648 1.75 14 1.75ZM14 24.1719C8.38359 24.1719 3.82813 19.6164 3.82813 14C3.82813 8.38359 8.38359 3.82813 14 3.82813C19.6164 3.82813 24.1719 8.38359 24.1719 14C24.1719 19.6164 19.6164 24.1719 14 24.1719Z\"\r\n                                    \/>\r\n                                    <\/g>\r\n                                <\/svg>\r\n                            <\/div>\r\n                            <div class=\"faq__item-answer-wrapper\">\r\n                                <div class=\"faq__item-answer\">\r\n                                    <p><span data-sheets-root=\"1\">* K\u00f3d <strong>FRIDAY2025<\/strong> je platn\u00fd do 23:59, 30.11.2025 (CET). Tato nab\u00eddka se vztahuje pouze na okam\u017eit\u00e9 a manu\u00e1ln\u00ed nab\u00eddky poskytovan\u00e9 spole\u010dnost\u00ed Xometry. Neplat\u00ed pro jin\u00e9 typy nab\u00eddek nebo objedn\u00e1vek, v\u010detn\u011b objedn\u00e1vek s c\u00edlovou cenou nebo nab\u00eddek z\u00edskan\u00fdch prost\u0159ednictv\u00edm vlastn\u00edch popt\u00e1vek u vybran\u00fdch dodavatel\u016f, a nelze ji kombinovat s jin\u00fdmi nab\u00eddkami nebo slevami. Dodate\u010dn\u00fd 2% p\u0159\u00edsp\u011bvek pro HealthySeas.org bude vypo\u010d\u00edt\u00e1n na z\u00e1klad\u011b zlevn\u011bn\u00e9 hodnoty v\u0161ech objedn\u00e1vek, u kter\u00fdch byl uplatn\u011bn k\u00f3d FRIDAY2025.<\/span><\/p>\n                                <\/div>\r\n                            <\/div>\r\n                        <\/div>\r\n                                                <\/div>\r\n        <\/div>\r\n            <\/div>\r\n<\/section>\n\n\r\n<section class=\"final-cta dark dark-blue-100\" >\r\n    <div class=\"final-cta__container section container\">\r\n        <h2 class=\"title title--02\">U\u0161et\u0159ete 15 % po cel\u00fd tento t\u00fdden<\/h2>\r\n        <div class=\"hero__cards-list\">\r\n              \r\n    <a href=\"https:\/\/get.xometry.eu\/?locale=cs\" class=\"hero__cards-item card \">\r\n        <h3 class=\"title title--03\"><\/h3>\r\n        <div class=\"hero__cards-item-text \"><p>Vyu\u017eijte promo k\u00f3d <strong>FRIDAY2025<\/strong>.<\/p>\n<p>U\u0161et\u0159ete na d\u00edlech a podpo\u0159te \u010dist\u0161\u00ed oce\u00e1ny.<\/p>\n<\/div>\r\n        <span class=\"btn btn--primary \">Objednejte s 15% slevou<\/span>\r\n            <\/a>\r\n        <\/div>\r\n        <div class=\"final-cta__footer-list\">\r\n                                            <\/div>\r\n    <\/div>\r\n<\/section>","protected":false},"excerpt":{"rendered":"","protected":false},"author":14,"featured_media":0,"parent":0,"menu_order":0,"comment_status":"closed","ping_status":"closed","template":"template-new-style.php","meta":{"_acf_changed":false,"inline_featured_image":false,"footnotes":""},"class_list":["post-167138","page","type-page","status-publish","hentry"],"acf":[],"yoast_head":"<!-- This site is optimized with the Yoast SEO Premium plugin v20.5 (Yoast SEO v27.3) - https:\/\/yoast.com\/product\/yoast-seo-premium-wordpress\/ -->\n<title>Black Friday | Xometry Europe<\/title>\n<meta name=\"robots\" content=\"index, follow, max-snippet:-1, max-image-preview:large, max-video-preview:-1\" \/>\n<link rel=\"canonical\" href=\"https:\/\/xometry.eu\/cs\/black-friday\/\" \/>\n<meta property=\"og:locale\" content=\"cs_CZ\" \/>\n<meta property=\"og:type\" content=\"article\" \/>\n<meta property=\"og:title\" content=\"Black Friday\" \/>\n<meta property=\"og:url\" content=\"https:\/\/xometry.eu\/cs\/black-friday\/\" \/>\n<meta property=\"og:site_name\" content=\"Xometry Europe\" \/>\n<meta property=\"article:modified_time\" content=\"2025-11-24T15:47:55+00:00\" \/>\n<meta name=\"twitter:card\" content=\"summary_large_image\" \/>\n<script type=\"application\/ld+json\" class=\"yoast-schema-graph\">{\"@context\":\"https:\\\/\\\/schema.org\",\"@graph\":[{\"@type\":\"WebPage\",\"@id\":\"https:\\\/\\\/xometry.eu\\\/cs\\\/black-friday\\\/\",\"url\":\"https:\\\/\\\/xometry.eu\\\/cs\\\/black-friday\\\/\",\"name\":\"Black Friday | Xometry Europe\",\"isPartOf\":{\"@id\":\"https:\\\/\\\/xometry.eu\\\/cs\\\/#website\"},\"datePublished\":\"2025-11-20T12:58:59+00:00\",\"dateModified\":\"2025-11-24T15:47:55+00:00\",\"breadcrumb\":{\"@id\":\"https:\\\/\\\/xometry.eu\\\/cs\\\/black-friday\\\/#breadcrumb\"},\"inLanguage\":\"cs\",\"potentialAction\":[{\"@type\":\"ReadAction\",\"target\":[\"https:\\\/\\\/xometry.eu\\\/cs\\\/black-friday\\\/\"]}]},{\"@type\":\"BreadcrumbList\",\"@id\":\"https:\\\/\\\/xometry.eu\\\/cs\\\/black-friday\\\/#breadcrumb\",\"itemListElement\":[{\"@type\":\"ListItem\",\"position\":1,\"name\":\"Home\",\"item\":\"https:\\\/\\\/xometry.eu\\\/cs\\\/\"},{\"@type\":\"ListItem\",\"position\":2,\"name\":\"Black Friday\"}]},{\"@type\":\"WebSite\",\"@id\":\"https:\\\/\\\/xometry.eu\\\/cs\\\/#website\",\"url\":\"https:\\\/\\\/xometry.eu\\\/cs\\\/\",\"name\":\"Xometry Europe\",\"description\":\"\",\"publisher\":{\"@id\":\"https:\\\/\\\/xometry.eu\\\/cs\\\/#organization\"},\"potentialAction\":[{\"@type\":\"SearchAction\",\"target\":{\"@type\":\"EntryPoint\",\"urlTemplate\":\"https:\\\/\\\/xometry.eu\\\/cs\\\/?s={search_term_string}\"},\"query-input\":{\"@type\":\"PropertyValueSpecification\",\"valueRequired\":true,\"valueName\":\"search_term_string\"}}],\"inLanguage\":\"cs\"}]}<\/script>\n<!-- \/ Yoast SEO Premium plugin. -->","yoast_head_json":{"title":"Black Friday | Xometry Europe","robots":{"index":"index","follow":"follow","max-snippet":"max-snippet:-1","max-image-preview":"max-image-preview:large","max-video-preview":"max-video-preview:-1"},"canonical":"https:\/\/xometry.eu\/cs\/black-friday\/","og_locale":"cs_CZ","og_type":"article","og_title":"Black Friday","og_url":"https:\/\/xometry.eu\/cs\/black-friday\/","og_site_name":"Xometry Europe","article_modified_time":"2025-11-24T15:47:55+00:00","twitter_card":"summary_large_image","schema":{"@context":"https:\/\/schema.org","@graph":[{"@type":"WebPage","@id":"https:\/\/xometry.eu\/cs\/black-friday\/","url":"https:\/\/xometry.eu\/cs\/black-friday\/","name":"Black Friday | Xometry Europe","isPartOf":{"@id":"https:\/\/xometry.eu\/cs\/#website"},"datePublished":"2025-11-20T12:58:59+00:00","dateModified":"2025-11-24T15:47:55+00:00","breadcrumb":{"@id":"https:\/\/xometry.eu\/cs\/black-friday\/#breadcrumb"},"inLanguage":"cs","potentialAction":[{"@type":"ReadAction","target":["https:\/\/xometry.eu\/cs\/black-friday\/"]}]},{"@type":"BreadcrumbList","@id":"https:\/\/xometry.eu\/cs\/black-friday\/#breadcrumb","itemListElement":[{"@type":"ListItem","position":1,"name":"Home","item":"https:\/\/xometry.eu\/cs\/"},{"@type":"ListItem","position":2,"name":"Black Friday"}]},{"@type":"WebSite","@id":"https:\/\/xometry.eu\/cs\/#website","url":"https:\/\/xometry.eu\/cs\/","name":"Xometry Europe","description":"","publisher":{"@id":"https:\/\/xometry.eu\/cs\/#organization"},"potentialAction":[{"@type":"SearchAction","target":{"@type":"EntryPoint","urlTemplate":"https:\/\/xometry.eu\/cs\/?s={search_term_string}"},"query-input":{"@type":"PropertyValueSpecification","valueRequired":true,"valueName":"search_term_string"}}],"inLanguage":"cs"}]}},"_links":{"self":[{"href":"https:\/\/xometry.eu\/cs\/wp-json\/wp\/v2\/pages\/167138","targetHints":{"allow":["GET"]}}],"collection":[{"href":"https:\/\/xometry.eu\/cs\/wp-json\/wp\/v2\/pages"}],"about":[{"href":"https:\/\/xometry.eu\/cs\/wp-json\/wp\/v2\/types\/page"}],"author":[{"embeddable":true,"href":"https:\/\/xometry.eu\/cs\/wp-json\/wp\/v2\/users\/14"}],"replies":[{"embeddable":true,"href":"https:\/\/xometry.eu\/cs\/wp-json\/wp\/v2\/comments?post=167138"}],"version-history":[{"count":0,"href":"https:\/\/xometry.eu\/cs\/wp-json\/wp\/v2\/pages\/167138\/revisions"}],"wp:attachment":[{"href":"https:\/\/xometry.eu\/cs\/wp-json\/wp\/v2\/media?parent=167138"}],"curies":[{"name":"wp","href":"https:\/\/api.w.org\/{rel}","templated":true}]}}