{"id":147213,"date":"2024-10-17T14:52:26","date_gmt":"2024-10-17T12:52:26","guid":{"rendered":"https:\/\/xometry.eu\/certifications-inspection-reports\/"},"modified":"2026-01-29T16:15:16","modified_gmt":"2026-01-29T14:15:16","slug":"certifikace-zpravy-o-kontrole","status":"publish","type":"page","link":"https:\/\/xometry.eu\/cs\/certifikace-zpravy-o-kontrole\/","title":{"rendered":"Certifik\u00e1ty a zpr\u00e1vy o kontrole"},"content":{"rendered":"","protected":false},"excerpt":{"rendered":"","protected":false},"author":10,"featured_media":0,"parent":0,"menu_order":0,"comment_status":"closed","ping_status":"closed","template":"","meta":{"_acf_changed":false,"inline_featured_image":false,"footnotes":""},"class_list":["post-147213","page","type-page","status-publish","hentry"],"acf":[],"yoast_head":"<!-- This site is optimized with the Yoast SEO Premium plugin v20.5 (Yoast SEO v27.1.1) - https:\/\/yoast.com\/product\/yoast-seo-premium-wordpress\/ -->\n<title>Certifik\u00e1ty a zpr\u00e1vy o kontrole | Xometry Europe<\/title>\n<meta name=\"description\" content=\"Abychom v\u00e1m pomohli splnit va\u0161e specifick\u00e9 po\u017eadavky na projekt, nab\u00edz\u00edme \u0159adu dokument\u016f o kvalit\u011b, v\u010detn\u011b podrobn\u00fdch kontroln\u00edch zpr\u00e1v.\" \/>\n<meta name=\"robots\" content=\"index, follow, max-snippet:-1, max-image-preview:large, max-video-preview:-1\" \/>\n<link rel=\"canonical\" href=\"https:\/\/xometry.eu\/cs\/certifikace-zpravy-o-kontrole\/\" \/>\n<meta property=\"og:locale\" content=\"cs_CZ\" \/>\n<meta property=\"og:type\" content=\"article\" \/>\n<meta property=\"og:title\" content=\"Certifik\u00e1ty a zpr\u00e1vy o kontrole\" \/>\n<meta property=\"og:description\" content=\"Abychom v\u00e1m pomohli splnit va\u0161e specifick\u00e9 po\u017eadavky na projekt, nab\u00edz\u00edme \u0159adu dokument\u016f o kvalit\u011b, v\u010detn\u011b podrobn\u00fdch kontroln\u00edch zpr\u00e1v.\" \/>\n<meta property=\"og:url\" content=\"https:\/\/xometry.eu\/cs\/certifikace-zpravy-o-kontrole\/\" \/>\n<meta property=\"og:site_name\" content=\"Xometry Europe\" \/>\n<meta property=\"article:modified_time\" content=\"2026-01-29T14:15:16+00:00\" \/>\n<meta name=\"twitter:card\" content=\"summary_large_image\" \/>\n<script type=\"application\/ld+json\" class=\"yoast-schema-graph\">{\"@context\":\"https:\/\/schema.org\",\"@graph\":[{\"@type\":\"WebPage\",\"@id\":\"https:\/\/xometry.eu\/cs\/certifikace-zpravy-o-kontrole\/\",\"url\":\"https:\/\/xometry.eu\/cs\/certifikace-zpravy-o-kontrole\/\",\"name\":\"Certifik\u00e1ty a zpr\u00e1vy o kontrole | Xometry Europe\",\"isPartOf\":{\"@id\":\"https:\/\/xometry.eu\/cs\/#website\"},\"datePublished\":\"2024-10-17T12:52:26+00:00\",\"dateModified\":\"2026-01-29T14:15:16+00:00\",\"description\":\"Abychom v\u00e1m pomohli splnit va\u0161e specifick\u00e9 po\u017eadavky na projekt, nab\u00edz\u00edme \u0159adu dokument\u016f o kvalit\u011b, v\u010detn\u011b podrobn\u00fdch kontroln\u00edch zpr\u00e1v.\",\"breadcrumb\":{\"@id\":\"https:\/\/xometry.eu\/cs\/certifikace-zpravy-o-kontrole\/#breadcrumb\"},\"inLanguage\":\"cs\",\"potentialAction\":[{\"@type\":\"ReadAction\",\"target\":[\"https:\/\/xometry.eu\/cs\/certifikace-zpravy-o-kontrole\/\"]}]},{\"@type\":\"BreadcrumbList\",\"@id\":\"https:\/\/xometry.eu\/cs\/certifikace-zpravy-o-kontrole\/#breadcrumb\",\"itemListElement\":[{\"@type\":\"ListItem\",\"position\":1,\"name\":\"Home\",\"item\":\"https:\/\/xometry.eu\/cs\/\"},{\"@type\":\"ListItem\",\"position\":2,\"name\":\"Certifik\u00e1ty a zpr\u00e1vy o kontrole\"}]},{\"@type\":\"WebSite\",\"@id\":\"https:\/\/xometry.eu\/cs\/#website\",\"url\":\"https:\/\/xometry.eu\/cs\/\",\"name\":\"Xometry Europe\",\"description\":\"\",\"publisher\":{\"@id\":\"https:\/\/xometry.eu\/cs\/#organization\"},\"potentialAction\":[{\"@type\":\"SearchAction\",\"target\":{\"@type\":\"EntryPoint\",\"urlTemplate\":\"https:\/\/xometry.eu\/cs\/?s={search_term_string}\"},\"query-input\":{\"@type\":\"PropertyValueSpecification\",\"valueRequired\":true,\"valueName\":\"search_term_string\"}}],\"inLanguage\":\"cs\"}]}<\/script>\n<!-- \/ Yoast SEO Premium plugin. -->","yoast_head_json":{"title":"Certifik\u00e1ty a zpr\u00e1vy o kontrole | Xometry Europe","description":"Abychom v\u00e1m pomohli splnit va\u0161e specifick\u00e9 po\u017eadavky na projekt, nab\u00edz\u00edme \u0159adu dokument\u016f o kvalit\u011b, v\u010detn\u011b podrobn\u00fdch kontroln\u00edch zpr\u00e1v.","robots":{"index":"index","follow":"follow","max-snippet":"max-snippet:-1","max-image-preview":"max-image-preview:large","max-video-preview":"max-video-preview:-1"},"canonical":"https:\/\/xometry.eu\/cs\/certifikace-zpravy-o-kontrole\/","og_locale":"cs_CZ","og_type":"article","og_title":"Certifik\u00e1ty a zpr\u00e1vy o kontrole","og_description":"Abychom v\u00e1m pomohli splnit va\u0161e specifick\u00e9 po\u017eadavky na projekt, nab\u00edz\u00edme \u0159adu dokument\u016f o kvalit\u011b, v\u010detn\u011b podrobn\u00fdch kontroln\u00edch zpr\u00e1v.","og_url":"https:\/\/xometry.eu\/cs\/certifikace-zpravy-o-kontrole\/","og_site_name":"Xometry Europe","article_modified_time":"2026-01-29T14:15:16+00:00","twitter_card":"summary_large_image","schema":{"@context":"https:\/\/schema.org","@graph":[{"@type":"WebPage","@id":"https:\/\/xometry.eu\/cs\/certifikace-zpravy-o-kontrole\/","url":"https:\/\/xometry.eu\/cs\/certifikace-zpravy-o-kontrole\/","name":"Certifik\u00e1ty a zpr\u00e1vy o kontrole | Xometry Europe","isPartOf":{"@id":"https:\/\/xometry.eu\/cs\/#website"},"datePublished":"2024-10-17T12:52:26+00:00","dateModified":"2026-01-29T14:15:16+00:00","description":"Abychom v\u00e1m pomohli splnit va\u0161e specifick\u00e9 po\u017eadavky na projekt, nab\u00edz\u00edme \u0159adu dokument\u016f o kvalit\u011b, v\u010detn\u011b podrobn\u00fdch kontroln\u00edch zpr\u00e1v.","breadcrumb":{"@id":"https:\/\/xometry.eu\/cs\/certifikace-zpravy-o-kontrole\/#breadcrumb"},"inLanguage":"cs","potentialAction":[{"@type":"ReadAction","target":["https:\/\/xometry.eu\/cs\/certifikace-zpravy-o-kontrole\/"]}]},{"@type":"BreadcrumbList","@id":"https:\/\/xometry.eu\/cs\/certifikace-zpravy-o-kontrole\/#breadcrumb","itemListElement":[{"@type":"ListItem","position":1,"name":"Home","item":"https:\/\/xometry.eu\/cs\/"},{"@type":"ListItem","position":2,"name":"Certifik\u00e1ty a zpr\u00e1vy o kontrole"}]},{"@type":"WebSite","@id":"https:\/\/xometry.eu\/cs\/#website","url":"https:\/\/xometry.eu\/cs\/","name":"Xometry Europe","description":"","publisher":{"@id":"https:\/\/xometry.eu\/cs\/#organization"},"potentialAction":[{"@type":"SearchAction","target":{"@type":"EntryPoint","urlTemplate":"https:\/\/xometry.eu\/cs\/?s={search_term_string}"},"query-input":{"@type":"PropertyValueSpecification","valueRequired":true,"valueName":"search_term_string"}}],"inLanguage":"cs"}]}},"_links":{"self":[{"href":"https:\/\/xometry.eu\/cs\/wp-json\/wp\/v2\/pages\/147213","targetHints":{"allow":["GET"]}}],"collection":[{"href":"https:\/\/xometry.eu\/cs\/wp-json\/wp\/v2\/pages"}],"about":[{"href":"https:\/\/xometry.eu\/cs\/wp-json\/wp\/v2\/types\/page"}],"author":[{"embeddable":true,"href":"https:\/\/xometry.eu\/cs\/wp-json\/wp\/v2\/users\/10"}],"replies":[{"embeddable":true,"href":"https:\/\/xometry.eu\/cs\/wp-json\/wp\/v2\/comments?post=147213"}],"version-history":[{"count":4,"href":"https:\/\/xometry.eu\/cs\/wp-json\/wp\/v2\/pages\/147213\/revisions"}],"predecessor-version":[{"id":172325,"href":"https:\/\/xometry.eu\/cs\/wp-json\/wp\/v2\/pages\/147213\/revisions\/172325"}],"wp:attachment":[{"href":"https:\/\/xometry.eu\/cs\/wp-json\/wp\/v2\/media?parent=147213"}],"curies":[{"name":"wp","href":"https:\/\/api.w.org\/{rel}","templated":true}]}}