{"id":136701,"date":"2024-01-30T12:28:18","date_gmt":"2024-01-30T10:28:18","guid":{"rendered":"https:\/\/xometry.eu\/energy-industry\/"},"modified":"2024-03-04T15:27:08","modified_gmt":"2024-03-04T13:27:08","slug":"energie","status":"publish","type":"page","link":"https:\/\/xometry.eu\/cs\/energie\/","title":{"rendered":"Energy Industry"},"content":{"rendered":"","protected":false},"excerpt":{"rendered":"","protected":false},"author":14,"featured_media":128594,"parent":0,"menu_order":0,"comment_status":"closed","ping_status":"closed","template":"","meta":{"_acf_changed":false,"inline_featured_image":false,"footnotes":""},"class_list":["post-136701","page","type-page","status-publish","has-post-thumbnail","hentry"],"acf":[],"yoast_head":"<!-- This site is optimized with the Yoast SEO Premium plugin v20.5 (Yoast SEO v27.3) - https:\/\/yoast.com\/product\/yoast-seo-premium-wordpress\/ -->\n<title>Prototypy a v\u00fdrobn\u00ed d\u00edly pro energetick\u00fd pr\u016fmysl | Xometry<\/title>\n<meta name=\"description\" content=\"Inovujte rychleji d\u00edky okam\u017eit\u00e9mu p\u0159\u00edstupu k rozs\u00e1hl\u00fdm v\u00fdrobn\u00edm kapacit\u00e1m, s\u00edti a odborn\u00fdm znalostem spole\u010dnosti Xometry v oblasti energetiky.\" \/>\n<meta name=\"robots\" content=\"index, follow, max-snippet:-1, max-image-preview:large, max-video-preview:-1\" \/>\n<link rel=\"canonical\" href=\"https:\/\/xometry.eu\/cs\/energie\/\" \/>\n<meta property=\"og:locale\" content=\"cs_CZ\" \/>\n<meta property=\"og:type\" content=\"article\" \/>\n<meta property=\"og:title\" content=\"Energy Industry\" \/>\n<meta property=\"og:description\" content=\"Inovujte rychleji d\u00edky okam\u017eit\u00e9mu p\u0159\u00edstupu k rozs\u00e1hl\u00fdm v\u00fdrobn\u00edm kapacit\u00e1m, s\u00edti a odborn\u00fdm znalostem spole\u010dnosti Xometry v oblasti energetiky.\" \/>\n<meta property=\"og:url\" content=\"https:\/\/xometry.eu\/cs\/energie\/\" \/>\n<meta property=\"og:site_name\" content=\"Xometry Europe\" \/>\n<meta property=\"article:modified_time\" content=\"2024-03-04T13:27:08+00:00\" \/>\n<meta property=\"og:image\" content=\"https:\/\/xometry.eu\/wp-content\/uploads\/2024\/01\/industries-energy-hero-1.jpg\" \/>\n\t<meta property=\"og:image:width\" content=\"1200\" \/>\n\t<meta property=\"og:image:height\" content=\"826\" \/>\n\t<meta property=\"og:image:type\" content=\"image\/jpeg\" \/>\n<meta name=\"twitter:card\" content=\"summary_large_image\" \/>\n<script type=\"application\/ld+json\" class=\"yoast-schema-graph\">{\"@context\":\"https:\\\/\\\/schema.org\",\"@graph\":[{\"@type\":\"WebPage\",\"@id\":\"https:\\\/\\\/xometry.eu\\\/cs\\\/energie\\\/\",\"url\":\"https:\\\/\\\/xometry.eu\\\/cs\\\/energie\\\/\",\"name\":\"Prototypy a v\u00fdrobn\u00ed d\u00edly pro energetick\u00fd pr\u016fmysl | Xometry\",\"isPartOf\":{\"@id\":\"https:\\\/\\\/xometry.eu\\\/cs\\\/#website\"},\"primaryImageOfPage\":{\"@id\":\"https:\\\/\\\/xometry.eu\\\/cs\\\/energie\\\/#primaryimage\"},\"image\":{\"@id\":\"https:\\\/\\\/xometry.eu\\\/cs\\\/energie\\\/#primaryimage\"},\"thumbnailUrl\":\"https:\\\/\\\/xometry.eu\\\/wp-content\\\/uploads\\\/2024\\\/01\\\/industries-energy-hero-1.jpg\",\"datePublished\":\"2024-01-30T10:28:18+00:00\",\"dateModified\":\"2024-03-04T13:27:08+00:00\",\"description\":\"Inovujte rychleji d\u00edky okam\u017eit\u00e9mu p\u0159\u00edstupu k rozs\u00e1hl\u00fdm v\u00fdrobn\u00edm kapacit\u00e1m, s\u00edti a odborn\u00fdm znalostem spole\u010dnosti Xometry v oblasti energetiky.\",\"breadcrumb\":{\"@id\":\"https:\\\/\\\/xometry.eu\\\/cs\\\/energie\\\/#breadcrumb\"},\"inLanguage\":\"cs\",\"potentialAction\":[{\"@type\":\"ReadAction\",\"target\":[\"https:\\\/\\\/xometry.eu\\\/cs\\\/energie\\\/\"]}]},{\"@type\":\"ImageObject\",\"inLanguage\":\"cs\",\"@id\":\"https:\\\/\\\/xometry.eu\\\/cs\\\/energie\\\/#primaryimage\",\"url\":\"https:\\\/\\\/xometry.eu\\\/wp-content\\\/uploads\\\/2024\\\/01\\\/industries-energy-hero-1.jpg\",\"contentUrl\":\"https:\\\/\\\/xometry.eu\\\/wp-content\\\/uploads\\\/2024\\\/01\\\/industries-energy-hero-1.jpg\",\"width\":1200,\"height\":826,\"caption\":\"Energy Industry\"},{\"@type\":\"BreadcrumbList\",\"@id\":\"https:\\\/\\\/xometry.eu\\\/cs\\\/energie\\\/#breadcrumb\",\"itemListElement\":[{\"@type\":\"ListItem\",\"position\":1,\"name\":\"Home\",\"item\":\"https:\\\/\\\/xometry.eu\\\/cs\\\/\"},{\"@type\":\"ListItem\",\"position\":2,\"name\":\"Energy Industry\"}]},{\"@type\":\"WebSite\",\"@id\":\"https:\\\/\\\/xometry.eu\\\/cs\\\/#website\",\"url\":\"https:\\\/\\\/xometry.eu\\\/cs\\\/\",\"name\":\"Xometry Europe\",\"description\":\"\",\"publisher\":{\"@id\":\"https:\\\/\\\/xometry.eu\\\/cs\\\/#organization\"},\"potentialAction\":[{\"@type\":\"SearchAction\",\"target\":{\"@type\":\"EntryPoint\",\"urlTemplate\":\"https:\\\/\\\/xometry.eu\\\/cs\\\/?s={search_term_string}\"},\"query-input\":{\"@type\":\"PropertyValueSpecification\",\"valueRequired\":true,\"valueName\":\"search_term_string\"}}],\"inLanguage\":\"cs\"}]}<\/script>\n<!-- \/ Yoast SEO Premium plugin. -->","yoast_head_json":{"title":"Prototypy a v\u00fdrobn\u00ed d\u00edly pro energetick\u00fd pr\u016fmysl | Xometry","description":"Inovujte rychleji d\u00edky okam\u017eit\u00e9mu p\u0159\u00edstupu k rozs\u00e1hl\u00fdm v\u00fdrobn\u00edm kapacit\u00e1m, s\u00edti a odborn\u00fdm znalostem spole\u010dnosti Xometry v oblasti energetiky.","robots":{"index":"index","follow":"follow","max-snippet":"max-snippet:-1","max-image-preview":"max-image-preview:large","max-video-preview":"max-video-preview:-1"},"canonical":"https:\/\/xometry.eu\/cs\/energie\/","og_locale":"cs_CZ","og_type":"article","og_title":"Energy Industry","og_description":"Inovujte rychleji d\u00edky okam\u017eit\u00e9mu p\u0159\u00edstupu k rozs\u00e1hl\u00fdm v\u00fdrobn\u00edm kapacit\u00e1m, s\u00edti a odborn\u00fdm znalostem spole\u010dnosti Xometry v oblasti energetiky.","og_url":"https:\/\/xometry.eu\/cs\/energie\/","og_site_name":"Xometry Europe","article_modified_time":"2024-03-04T13:27:08+00:00","og_image":[{"width":1200,"height":826,"url":"https:\/\/xometry.eu\/wp-content\/uploads\/2024\/01\/industries-energy-hero-1.jpg","type":"image\/jpeg"}],"twitter_card":"summary_large_image","schema":{"@context":"https:\/\/schema.org","@graph":[{"@type":"WebPage","@id":"https:\/\/xometry.eu\/cs\/energie\/","url":"https:\/\/xometry.eu\/cs\/energie\/","name":"Prototypy a v\u00fdrobn\u00ed d\u00edly pro energetick\u00fd pr\u016fmysl | Xometry","isPartOf":{"@id":"https:\/\/xometry.eu\/cs\/#website"},"primaryImageOfPage":{"@id":"https:\/\/xometry.eu\/cs\/energie\/#primaryimage"},"image":{"@id":"https:\/\/xometry.eu\/cs\/energie\/#primaryimage"},"thumbnailUrl":"https:\/\/xometry.eu\/wp-content\/uploads\/2024\/01\/industries-energy-hero-1.jpg","datePublished":"2024-01-30T10:28:18+00:00","dateModified":"2024-03-04T13:27:08+00:00","description":"Inovujte rychleji d\u00edky okam\u017eit\u00e9mu p\u0159\u00edstupu k rozs\u00e1hl\u00fdm v\u00fdrobn\u00edm kapacit\u00e1m, s\u00edti a odborn\u00fdm znalostem spole\u010dnosti Xometry v oblasti energetiky.","breadcrumb":{"@id":"https:\/\/xometry.eu\/cs\/energie\/#breadcrumb"},"inLanguage":"cs","potentialAction":[{"@type":"ReadAction","target":["https:\/\/xometry.eu\/cs\/energie\/"]}]},{"@type":"ImageObject","inLanguage":"cs","@id":"https:\/\/xometry.eu\/cs\/energie\/#primaryimage","url":"https:\/\/xometry.eu\/wp-content\/uploads\/2024\/01\/industries-energy-hero-1.jpg","contentUrl":"https:\/\/xometry.eu\/wp-content\/uploads\/2024\/01\/industries-energy-hero-1.jpg","width":1200,"height":826,"caption":"Energy Industry"},{"@type":"BreadcrumbList","@id":"https:\/\/xometry.eu\/cs\/energie\/#breadcrumb","itemListElement":[{"@type":"ListItem","position":1,"name":"Home","item":"https:\/\/xometry.eu\/cs\/"},{"@type":"ListItem","position":2,"name":"Energy Industry"}]},{"@type":"WebSite","@id":"https:\/\/xometry.eu\/cs\/#website","url":"https:\/\/xometry.eu\/cs\/","name":"Xometry Europe","description":"","publisher":{"@id":"https:\/\/xometry.eu\/cs\/#organization"},"potentialAction":[{"@type":"SearchAction","target":{"@type":"EntryPoint","urlTemplate":"https:\/\/xometry.eu\/cs\/?s={search_term_string}"},"query-input":{"@type":"PropertyValueSpecification","valueRequired":true,"valueName":"search_term_string"}}],"inLanguage":"cs"}]}},"_links":{"self":[{"href":"https:\/\/xometry.eu\/cs\/wp-json\/wp\/v2\/pages\/136701","targetHints":{"allow":["GET"]}}],"collection":[{"href":"https:\/\/xometry.eu\/cs\/wp-json\/wp\/v2\/pages"}],"about":[{"href":"https:\/\/xometry.eu\/cs\/wp-json\/wp\/v2\/types\/page"}],"author":[{"embeddable":true,"href":"https:\/\/xometry.eu\/cs\/wp-json\/wp\/v2\/users\/14"}],"replies":[{"embeddable":true,"href":"https:\/\/xometry.eu\/cs\/wp-json\/wp\/v2\/comments?post=136701"}],"version-history":[{"count":0,"href":"https:\/\/xometry.eu\/cs\/wp-json\/wp\/v2\/pages\/136701\/revisions"}],"wp:featuredmedia":[{"embeddable":true,"href":"https:\/\/xometry.eu\/cs\/wp-json\/wp\/v2\/media\/128594"}],"wp:attachment":[{"href":"https:\/\/xometry.eu\/cs\/wp-json\/wp\/v2\/media?parent=136701"}],"curies":[{"name":"wp","href":"https:\/\/api.w.org\/{rel}","templated":true}]}}