{"id":135723,"date":"2023-12-20T11:40:48","date_gmt":"2023-12-20T09:40:48","guid":{"rendered":"https:\/\/xometry.eu\/manufacturing-standards\/"},"modified":"2025-04-02T16:47:26","modified_gmt":"2025-04-02T14:47:26","slug":"vyrobni-normy","status":"publish","type":"page","link":"https:\/\/xometry.eu\/cs\/vyrobni-normy\/","title":{"rendered":"V\u00fdrobn\u00ed normy"},"content":{"rendered":"","protected":false},"excerpt":{"rendered":"","protected":false},"author":10,"featured_media":0,"parent":0,"menu_order":0,"comment_status":"closed","ping_status":"closed","template":"","meta":{"_acf_changed":false,"inline_featured_image":false,"footnotes":""},"class_list":["post-135723","page","type-page","status-publish","hentry"],"acf":[],"yoast_head":"<!-- This site is optimized with the Yoast SEO Premium plugin v20.5 (Yoast SEO v27.1.1) - https:\/\/yoast.com\/product\/yoast-seo-premium-wordpress\/ -->\n<title>V\u00fdrobn\u00ed normy | Xometry Europe<\/title>\n<meta name=\"description\" content=\"Tato str\u00e1nka s v\u00fdrobn\u00edmi standardy v\u00e1s provede standardy, kter\u00fdmi se \u0159\u00edd\u00ed na\u0161e s\u00ed\u0165 v\u00fdrobn\u00edch partner\u016f.\" \/>\n<meta name=\"robots\" content=\"index, follow, max-snippet:-1, max-image-preview:large, max-video-preview:-1\" \/>\n<link rel=\"canonical\" href=\"https:\/\/xometry.eu\/cs\/vyrobni-normy\/\" \/>\n<meta property=\"og:locale\" content=\"cs_CZ\" \/>\n<meta property=\"og:type\" content=\"article\" \/>\n<meta property=\"og:title\" content=\"V\u00fdrobn\u00ed normy\" \/>\n<meta property=\"og:description\" content=\"Tato str\u00e1nka s v\u00fdrobn\u00edmi standardy v\u00e1s provede standardy, kter\u00fdmi se \u0159\u00edd\u00ed na\u0161e s\u00ed\u0165 v\u00fdrobn\u00edch partner\u016f.\" \/>\n<meta property=\"og:url\" content=\"https:\/\/xometry.eu\/cs\/vyrobni-normy\/\" \/>\n<meta property=\"og:site_name\" content=\"Xometry Europe\" \/>\n<meta property=\"article:modified_time\" content=\"2025-04-02T14:47:26+00:00\" \/>\n<meta name=\"twitter:card\" content=\"summary_large_image\" \/>\n<script type=\"application\/ld+json\" class=\"yoast-schema-graph\">{\"@context\":\"https:\/\/schema.org\",\"@graph\":[{\"@type\":\"WebPage\",\"@id\":\"https:\/\/xometry.eu\/cs\/vyrobni-normy\/\",\"url\":\"https:\/\/xometry.eu\/cs\/vyrobni-normy\/\",\"name\":\"V\u00fdrobn\u00ed normy | Xometry Europe\",\"isPartOf\":{\"@id\":\"https:\/\/xometry.eu\/cs\/#website\"},\"datePublished\":\"2023-12-20T09:40:48+00:00\",\"dateModified\":\"2025-04-02T14:47:26+00:00\",\"description\":\"Tato str\u00e1nka s v\u00fdrobn\u00edmi standardy v\u00e1s provede standardy, kter\u00fdmi se \u0159\u00edd\u00ed na\u0161e s\u00ed\u0165 v\u00fdrobn\u00edch partner\u016f.\",\"breadcrumb\":{\"@id\":\"https:\/\/xometry.eu\/cs\/vyrobni-normy\/#breadcrumb\"},\"inLanguage\":\"cs\",\"potentialAction\":[{\"@type\":\"ReadAction\",\"target\":[\"https:\/\/xometry.eu\/cs\/vyrobni-normy\/\"]}]},{\"@type\":\"BreadcrumbList\",\"@id\":\"https:\/\/xometry.eu\/cs\/vyrobni-normy\/#breadcrumb\",\"itemListElement\":[{\"@type\":\"ListItem\",\"position\":1,\"name\":\"Home\",\"item\":\"https:\/\/xometry.eu\/cs\/\"},{\"@type\":\"ListItem\",\"position\":2,\"name\":\"V\u00fdrobn\u00ed normy\"}]},{\"@type\":\"WebSite\",\"@id\":\"https:\/\/xometry.eu\/cs\/#website\",\"url\":\"https:\/\/xometry.eu\/cs\/\",\"name\":\"Xometry Europe\",\"description\":\"\",\"publisher\":{\"@id\":\"https:\/\/xometry.eu\/cs\/#organization\"},\"potentialAction\":[{\"@type\":\"SearchAction\",\"target\":{\"@type\":\"EntryPoint\",\"urlTemplate\":\"https:\/\/xometry.eu\/cs\/?s={search_term_string}\"},\"query-input\":{\"@type\":\"PropertyValueSpecification\",\"valueRequired\":true,\"valueName\":\"search_term_string\"}}],\"inLanguage\":\"cs\"}]}<\/script>\n<!-- \/ Yoast SEO Premium plugin. -->","yoast_head_json":{"title":"V\u00fdrobn\u00ed normy | Xometry Europe","description":"Tato str\u00e1nka s v\u00fdrobn\u00edmi standardy v\u00e1s provede standardy, kter\u00fdmi se \u0159\u00edd\u00ed na\u0161e s\u00ed\u0165 v\u00fdrobn\u00edch partner\u016f.","robots":{"index":"index","follow":"follow","max-snippet":"max-snippet:-1","max-image-preview":"max-image-preview:large","max-video-preview":"max-video-preview:-1"},"canonical":"https:\/\/xometry.eu\/cs\/vyrobni-normy\/","og_locale":"cs_CZ","og_type":"article","og_title":"V\u00fdrobn\u00ed normy","og_description":"Tato str\u00e1nka s v\u00fdrobn\u00edmi standardy v\u00e1s provede standardy, kter\u00fdmi se \u0159\u00edd\u00ed na\u0161e s\u00ed\u0165 v\u00fdrobn\u00edch partner\u016f.","og_url":"https:\/\/xometry.eu\/cs\/vyrobni-normy\/","og_site_name":"Xometry Europe","article_modified_time":"2025-04-02T14:47:26+00:00","twitter_card":"summary_large_image","schema":{"@context":"https:\/\/schema.org","@graph":[{"@type":"WebPage","@id":"https:\/\/xometry.eu\/cs\/vyrobni-normy\/","url":"https:\/\/xometry.eu\/cs\/vyrobni-normy\/","name":"V\u00fdrobn\u00ed normy | Xometry Europe","isPartOf":{"@id":"https:\/\/xometry.eu\/cs\/#website"},"datePublished":"2023-12-20T09:40:48+00:00","dateModified":"2025-04-02T14:47:26+00:00","description":"Tato str\u00e1nka s v\u00fdrobn\u00edmi standardy v\u00e1s provede standardy, kter\u00fdmi se \u0159\u00edd\u00ed na\u0161e s\u00ed\u0165 v\u00fdrobn\u00edch partner\u016f.","breadcrumb":{"@id":"https:\/\/xometry.eu\/cs\/vyrobni-normy\/#breadcrumb"},"inLanguage":"cs","potentialAction":[{"@type":"ReadAction","target":["https:\/\/xometry.eu\/cs\/vyrobni-normy\/"]}]},{"@type":"BreadcrumbList","@id":"https:\/\/xometry.eu\/cs\/vyrobni-normy\/#breadcrumb","itemListElement":[{"@type":"ListItem","position":1,"name":"Home","item":"https:\/\/xometry.eu\/cs\/"},{"@type":"ListItem","position":2,"name":"V\u00fdrobn\u00ed normy"}]},{"@type":"WebSite","@id":"https:\/\/xometry.eu\/cs\/#website","url":"https:\/\/xometry.eu\/cs\/","name":"Xometry Europe","description":"","publisher":{"@id":"https:\/\/xometry.eu\/cs\/#organization"},"potentialAction":[{"@type":"SearchAction","target":{"@type":"EntryPoint","urlTemplate":"https:\/\/xometry.eu\/cs\/?s={search_term_string}"},"query-input":{"@type":"PropertyValueSpecification","valueRequired":true,"valueName":"search_term_string"}}],"inLanguage":"cs"}]}},"_links":{"self":[{"href":"https:\/\/xometry.eu\/cs\/wp-json\/wp\/v2\/pages\/135723","targetHints":{"allow":["GET"]}}],"collection":[{"href":"https:\/\/xometry.eu\/cs\/wp-json\/wp\/v2\/pages"}],"about":[{"href":"https:\/\/xometry.eu\/cs\/wp-json\/wp\/v2\/types\/page"}],"author":[{"embeddable":true,"href":"https:\/\/xometry.eu\/cs\/wp-json\/wp\/v2\/users\/10"}],"replies":[{"embeddable":true,"href":"https:\/\/xometry.eu\/cs\/wp-json\/wp\/v2\/comments?post=135723"}],"version-history":[{"count":2,"href":"https:\/\/xometry.eu\/cs\/wp-json\/wp\/v2\/pages\/135723\/revisions"}],"predecessor-version":[{"id":155739,"href":"https:\/\/xometry.eu\/cs\/wp-json\/wp\/v2\/pages\/135723\/revisions\/155739"}],"wp:attachment":[{"href":"https:\/\/xometry.eu\/cs\/wp-json\/wp\/v2\/media?parent=135723"}],"curies":[{"name":"wp","href":"https:\/\/api.w.org\/{rel}","templated":true}]}}