{"id":134928,"date":"2022-01-07T11:14:10","date_gmt":"2022-01-07T11:14:10","guid":{"rendered":"https:\/\/xometry.eu\/electronics-industry\/"},"modified":"2024-02-16T15:11:35","modified_gmt":"2024-02-16T13:11:35","slug":"elektronika","status":"publish","type":"page","link":"https:\/\/xometry.eu\/cs\/elektronika\/","title":{"rendered":"Electronics Industry"},"content":{"rendered":"","protected":false},"excerpt":{"rendered":"","protected":false},"author":10,"featured_media":0,"parent":0,"menu_order":0,"comment_status":"closed","ping_status":"closed","template":"","meta":{"_acf_changed":false,"inline_featured_image":false,"footnotes":""},"class_list":["post-134928","page","type-page","status-publish","hentry"],"acf":[],"yoast_head":"<!-- This site is optimized with the Yoast SEO Premium plugin v20.5 (Yoast SEO v27.1.1) - https:\/\/yoast.com\/product\/yoast-seo-premium-wordpress\/ -->\n<title>V\u00fdroba mechanick\u00fdch d\u00edl\u016f na vy\u017e\u00e1d\u00e1n\u00ed pro elektronick\u00fd pr\u016fmysl | Xometry Europe<\/title>\n<meta name=\"description\" content=\"Spole\u010dnost Xometry nab\u00edz\u00ed 4 v\u00fdrobn\u00ed procesy a v\u00edce ne\u017e 70 materi\u00e1l\u016f pro v\u00fdrobu mechanick\u00fdch d\u00edl\u016f na vy\u017e\u00e1d\u00e1n\u00ed pro elektronick\u00fd pr\u016fmysl.\" \/>\n<meta name=\"robots\" content=\"index, follow, max-snippet:-1, max-image-preview:large, max-video-preview:-1\" \/>\n<link rel=\"canonical\" href=\"https:\/\/xometry.eu\/cs\/elektronika\/\" \/>\n<meta property=\"og:locale\" content=\"cs_CZ\" \/>\n<meta property=\"og:type\" content=\"article\" \/>\n<meta property=\"og:title\" content=\"Electronics Industry\" \/>\n<meta property=\"og:description\" content=\"Spole\u010dnost Xometry nab\u00edz\u00ed 4 v\u00fdrobn\u00ed procesy a v\u00edce ne\u017e 70 materi\u00e1l\u016f pro v\u00fdrobu mechanick\u00fdch d\u00edl\u016f na vy\u017e\u00e1d\u00e1n\u00ed pro elektronick\u00fd pr\u016fmysl.\" \/>\n<meta property=\"og:url\" content=\"https:\/\/xometry.eu\/cs\/elektronika\/\" \/>\n<meta property=\"og:site_name\" content=\"Xometry Europe\" \/>\n<meta property=\"article:modified_time\" content=\"2024-02-16T13:11:35+00:00\" \/>\n<meta name=\"twitter:card\" content=\"summary_large_image\" \/>\n<script type=\"application\/ld+json\" class=\"yoast-schema-graph\">{\"@context\":\"https:\/\/schema.org\",\"@graph\":[{\"@type\":\"WebPage\",\"@id\":\"https:\/\/xometry.eu\/cs\/elektronika\/\",\"url\":\"https:\/\/xometry.eu\/cs\/elektronika\/\",\"name\":\"V\u00fdroba mechanick\u00fdch d\u00edl\u016f na vy\u017e\u00e1d\u00e1n\u00ed pro elektronick\u00fd pr\u016fmysl | Xometry Europe\",\"isPartOf\":{\"@id\":\"https:\/\/xometry.eu\/cs\/#website\"},\"datePublished\":\"2022-01-07T11:14:10+00:00\",\"dateModified\":\"2024-02-16T13:11:35+00:00\",\"description\":\"Spole\u010dnost Xometry nab\u00edz\u00ed 4 v\u00fdrobn\u00ed procesy a v\u00edce ne\u017e 70 materi\u00e1l\u016f pro v\u00fdrobu mechanick\u00fdch d\u00edl\u016f na vy\u017e\u00e1d\u00e1n\u00ed pro elektronick\u00fd pr\u016fmysl.\",\"breadcrumb\":{\"@id\":\"https:\/\/xometry.eu\/cs\/elektronika\/#breadcrumb\"},\"inLanguage\":\"cs\",\"potentialAction\":[{\"@type\":\"ReadAction\",\"target\":[\"https:\/\/xometry.eu\/cs\/elektronika\/\"]}]},{\"@type\":\"BreadcrumbList\",\"@id\":\"https:\/\/xometry.eu\/cs\/elektronika\/#breadcrumb\",\"itemListElement\":[{\"@type\":\"ListItem\",\"position\":1,\"name\":\"Home\",\"item\":\"https:\/\/xometry.eu\/cs\/\"},{\"@type\":\"ListItem\",\"position\":2,\"name\":\"Electronics Industry\"}]},{\"@type\":\"WebSite\",\"@id\":\"https:\/\/xometry.eu\/cs\/#website\",\"url\":\"https:\/\/xometry.eu\/cs\/\",\"name\":\"Xometry Europe\",\"description\":\"\",\"publisher\":{\"@id\":\"https:\/\/xometry.eu\/cs\/#organization\"},\"potentialAction\":[{\"@type\":\"SearchAction\",\"target\":{\"@type\":\"EntryPoint\",\"urlTemplate\":\"https:\/\/xometry.eu\/cs\/?s={search_term_string}\"},\"query-input\":{\"@type\":\"PropertyValueSpecification\",\"valueRequired\":true,\"valueName\":\"search_term_string\"}}],\"inLanguage\":\"cs\"}]}<\/script>\n<!-- \/ Yoast SEO Premium plugin. -->","yoast_head_json":{"title":"V\u00fdroba mechanick\u00fdch d\u00edl\u016f na vy\u017e\u00e1d\u00e1n\u00ed pro elektronick\u00fd pr\u016fmysl | Xometry Europe","description":"Spole\u010dnost Xometry nab\u00edz\u00ed 4 v\u00fdrobn\u00ed procesy a v\u00edce ne\u017e 70 materi\u00e1l\u016f pro v\u00fdrobu mechanick\u00fdch d\u00edl\u016f na vy\u017e\u00e1d\u00e1n\u00ed pro elektronick\u00fd pr\u016fmysl.","robots":{"index":"index","follow":"follow","max-snippet":"max-snippet:-1","max-image-preview":"max-image-preview:large","max-video-preview":"max-video-preview:-1"},"canonical":"https:\/\/xometry.eu\/cs\/elektronika\/","og_locale":"cs_CZ","og_type":"article","og_title":"Electronics Industry","og_description":"Spole\u010dnost Xometry nab\u00edz\u00ed 4 v\u00fdrobn\u00ed procesy a v\u00edce ne\u017e 70 materi\u00e1l\u016f pro v\u00fdrobu mechanick\u00fdch d\u00edl\u016f na vy\u017e\u00e1d\u00e1n\u00ed pro elektronick\u00fd pr\u016fmysl.","og_url":"https:\/\/xometry.eu\/cs\/elektronika\/","og_site_name":"Xometry Europe","article_modified_time":"2024-02-16T13:11:35+00:00","twitter_card":"summary_large_image","schema":{"@context":"https:\/\/schema.org","@graph":[{"@type":"WebPage","@id":"https:\/\/xometry.eu\/cs\/elektronika\/","url":"https:\/\/xometry.eu\/cs\/elektronika\/","name":"V\u00fdroba mechanick\u00fdch d\u00edl\u016f na vy\u017e\u00e1d\u00e1n\u00ed pro elektronick\u00fd pr\u016fmysl | Xometry Europe","isPartOf":{"@id":"https:\/\/xometry.eu\/cs\/#website"},"datePublished":"2022-01-07T11:14:10+00:00","dateModified":"2024-02-16T13:11:35+00:00","description":"Spole\u010dnost Xometry nab\u00edz\u00ed 4 v\u00fdrobn\u00ed procesy a v\u00edce ne\u017e 70 materi\u00e1l\u016f pro v\u00fdrobu mechanick\u00fdch d\u00edl\u016f na vy\u017e\u00e1d\u00e1n\u00ed pro elektronick\u00fd pr\u016fmysl.","breadcrumb":{"@id":"https:\/\/xometry.eu\/cs\/elektronika\/#breadcrumb"},"inLanguage":"cs","potentialAction":[{"@type":"ReadAction","target":["https:\/\/xometry.eu\/cs\/elektronika\/"]}]},{"@type":"BreadcrumbList","@id":"https:\/\/xometry.eu\/cs\/elektronika\/#breadcrumb","itemListElement":[{"@type":"ListItem","position":1,"name":"Home","item":"https:\/\/xometry.eu\/cs\/"},{"@type":"ListItem","position":2,"name":"Electronics Industry"}]},{"@type":"WebSite","@id":"https:\/\/xometry.eu\/cs\/#website","url":"https:\/\/xometry.eu\/cs\/","name":"Xometry Europe","description":"","publisher":{"@id":"https:\/\/xometry.eu\/cs\/#organization"},"potentialAction":[{"@type":"SearchAction","target":{"@type":"EntryPoint","urlTemplate":"https:\/\/xometry.eu\/cs\/?s={search_term_string}"},"query-input":{"@type":"PropertyValueSpecification","valueRequired":true,"valueName":"search_term_string"}}],"inLanguage":"cs"}]}},"_links":{"self":[{"href":"https:\/\/xometry.eu\/cs\/wp-json\/wp\/v2\/pages\/134928","targetHints":{"allow":["GET"]}}],"collection":[{"href":"https:\/\/xometry.eu\/cs\/wp-json\/wp\/v2\/pages"}],"about":[{"href":"https:\/\/xometry.eu\/cs\/wp-json\/wp\/v2\/types\/page"}],"author":[{"embeddable":true,"href":"https:\/\/xometry.eu\/cs\/wp-json\/wp\/v2\/users\/10"}],"replies":[{"embeddable":true,"href":"https:\/\/xometry.eu\/cs\/wp-json\/wp\/v2\/comments?post=134928"}],"version-history":[{"count":0,"href":"https:\/\/xometry.eu\/cs\/wp-json\/wp\/v2\/pages\/134928\/revisions"}],"wp:attachment":[{"href":"https:\/\/xometry.eu\/cs\/wp-json\/wp\/v2\/media?parent=134928"}],"curies":[{"name":"wp","href":"https:\/\/api.w.org\/{rel}","templated":true}]}}