{"id":129635,"date":"2023-07-27T13:21:57","date_gmt":"2023-07-27T11:21:57","guid":{"rendered":"https:\/\/xometry.eu\/robotics-and-automation-industry\/"},"modified":"2024-02-16T16:20:02","modified_gmt":"2024-02-16T14:20:02","slug":"prumysl-robotiky-a-automatizace","status":"publish","type":"page","link":"https:\/\/xometry.eu\/cs\/prumysl-robotiky-a-automatizace\/","title":{"rendered":"Robotics and Automation Industry"},"content":{"rendered":"","protected":false},"excerpt":{"rendered":"","protected":false},"author":14,"featured_media":0,"parent":0,"menu_order":0,"comment_status":"closed","ping_status":"closed","template":"","meta":{"_acf_changed":false,"inline_featured_image":false,"footnotes":""},"class_list":["post-129635","page","type-page","status-publish","hentry"],"acf":[],"yoast_head":"<!-- This site is optimized with the Yoast SEO Premium plugin v20.5 (Yoast SEO v27.3) - https:\/\/yoast.com\/product\/yoast-seo-premium-wordpress\/ -->\n<title>Prototypy a v\u00fdrobn\u00ed d\u00edly pro pr\u016fmysl robotiky a automatizace | Xometry<\/title>\n<meta name=\"description\" content=\"Inovujte rychleji s okam\u017eit\u00fdm p\u0159\u00edstupem k velk\u00fdm v\u00fdrobn\u00edm kapacit\u00e1m, s\u00edti a odborn\u00fdm znalostem spole\u010dnosti Xometry v oblasti robotiky a automatizace.\" \/>\n<meta name=\"robots\" content=\"index, follow, max-snippet:-1, max-image-preview:large, max-video-preview:-1\" \/>\n<link rel=\"canonical\" href=\"https:\/\/xometry.eu\/cs\/prumysl-robotiky-a-automatizace\/\" \/>\n<meta property=\"og:locale\" content=\"cs_CZ\" \/>\n<meta property=\"og:type\" content=\"article\" \/>\n<meta property=\"og:title\" content=\"Robotics and Automation Industry\" \/>\n<meta property=\"og:description\" content=\"Inovujte rychleji s okam\u017eit\u00fdm p\u0159\u00edstupem k velk\u00fdm v\u00fdrobn\u00edm kapacit\u00e1m, s\u00edti a odborn\u00fdm znalostem spole\u010dnosti Xometry v oblasti robotiky a automatizace.\" \/>\n<meta property=\"og:url\" content=\"https:\/\/xometry.eu\/cs\/prumysl-robotiky-a-automatizace\/\" \/>\n<meta property=\"og:site_name\" content=\"Xometry Europe\" \/>\n<meta property=\"article:modified_time\" content=\"2024-02-16T14:20:02+00:00\" \/>\n<meta name=\"twitter:card\" content=\"summary_large_image\" \/>\n<script type=\"application\/ld+json\" class=\"yoast-schema-graph\">{\"@context\":\"https:\\\/\\\/schema.org\",\"@graph\":[{\"@type\":\"WebPage\",\"@id\":\"https:\\\/\\\/xometry.eu\\\/cs\\\/prumysl-robotiky-a-automatizace\\\/\",\"url\":\"https:\\\/\\\/xometry.eu\\\/cs\\\/prumysl-robotiky-a-automatizace\\\/\",\"name\":\"Prototypy a v\u00fdrobn\u00ed d\u00edly pro pr\u016fmysl robotiky a automatizace | Xometry\",\"isPartOf\":{\"@id\":\"https:\\\/\\\/xometry.eu\\\/cs\\\/#website\"},\"datePublished\":\"2023-07-27T11:21:57+00:00\",\"dateModified\":\"2024-02-16T14:20:02+00:00\",\"description\":\"Inovujte rychleji s okam\u017eit\u00fdm p\u0159\u00edstupem k velk\u00fdm v\u00fdrobn\u00edm kapacit\u00e1m, s\u00edti a odborn\u00fdm znalostem spole\u010dnosti Xometry v oblasti robotiky a automatizace.\",\"breadcrumb\":{\"@id\":\"https:\\\/\\\/xometry.eu\\\/cs\\\/prumysl-robotiky-a-automatizace\\\/#breadcrumb\"},\"inLanguage\":\"cs\",\"potentialAction\":[{\"@type\":\"ReadAction\",\"target\":[\"https:\\\/\\\/xometry.eu\\\/cs\\\/prumysl-robotiky-a-automatizace\\\/\"]}]},{\"@type\":\"BreadcrumbList\",\"@id\":\"https:\\\/\\\/xometry.eu\\\/cs\\\/prumysl-robotiky-a-automatizace\\\/#breadcrumb\",\"itemListElement\":[{\"@type\":\"ListItem\",\"position\":1,\"name\":\"Home\",\"item\":\"https:\\\/\\\/xometry.eu\\\/cs\\\/\"},{\"@type\":\"ListItem\",\"position\":2,\"name\":\"Robotics and Automation Industry\"}]},{\"@type\":\"WebSite\",\"@id\":\"https:\\\/\\\/xometry.eu\\\/cs\\\/#website\",\"url\":\"https:\\\/\\\/xometry.eu\\\/cs\\\/\",\"name\":\"Xometry Europe\",\"description\":\"\",\"publisher\":{\"@id\":\"https:\\\/\\\/xometry.eu\\\/cs\\\/#organization\"},\"potentialAction\":[{\"@type\":\"SearchAction\",\"target\":{\"@type\":\"EntryPoint\",\"urlTemplate\":\"https:\\\/\\\/xometry.eu\\\/cs\\\/?s={search_term_string}\"},\"query-input\":{\"@type\":\"PropertyValueSpecification\",\"valueRequired\":true,\"valueName\":\"search_term_string\"}}],\"inLanguage\":\"cs\"}]}<\/script>\n<!-- \/ Yoast SEO Premium plugin. -->","yoast_head_json":{"title":"Prototypy a v\u00fdrobn\u00ed d\u00edly pro pr\u016fmysl robotiky a automatizace | Xometry","description":"Inovujte rychleji s okam\u017eit\u00fdm p\u0159\u00edstupem k velk\u00fdm v\u00fdrobn\u00edm kapacit\u00e1m, s\u00edti a odborn\u00fdm znalostem spole\u010dnosti Xometry v oblasti robotiky a automatizace.","robots":{"index":"index","follow":"follow","max-snippet":"max-snippet:-1","max-image-preview":"max-image-preview:large","max-video-preview":"max-video-preview:-1"},"canonical":"https:\/\/xometry.eu\/cs\/prumysl-robotiky-a-automatizace\/","og_locale":"cs_CZ","og_type":"article","og_title":"Robotics and Automation Industry","og_description":"Inovujte rychleji s okam\u017eit\u00fdm p\u0159\u00edstupem k velk\u00fdm v\u00fdrobn\u00edm kapacit\u00e1m, s\u00edti a odborn\u00fdm znalostem spole\u010dnosti Xometry v oblasti robotiky a automatizace.","og_url":"https:\/\/xometry.eu\/cs\/prumysl-robotiky-a-automatizace\/","og_site_name":"Xometry Europe","article_modified_time":"2024-02-16T14:20:02+00:00","twitter_card":"summary_large_image","schema":{"@context":"https:\/\/schema.org","@graph":[{"@type":"WebPage","@id":"https:\/\/xometry.eu\/cs\/prumysl-robotiky-a-automatizace\/","url":"https:\/\/xometry.eu\/cs\/prumysl-robotiky-a-automatizace\/","name":"Prototypy a v\u00fdrobn\u00ed d\u00edly pro pr\u016fmysl robotiky a automatizace | Xometry","isPartOf":{"@id":"https:\/\/xometry.eu\/cs\/#website"},"datePublished":"2023-07-27T11:21:57+00:00","dateModified":"2024-02-16T14:20:02+00:00","description":"Inovujte rychleji s okam\u017eit\u00fdm p\u0159\u00edstupem k velk\u00fdm v\u00fdrobn\u00edm kapacit\u00e1m, s\u00edti a odborn\u00fdm znalostem spole\u010dnosti Xometry v oblasti robotiky a automatizace.","breadcrumb":{"@id":"https:\/\/xometry.eu\/cs\/prumysl-robotiky-a-automatizace\/#breadcrumb"},"inLanguage":"cs","potentialAction":[{"@type":"ReadAction","target":["https:\/\/xometry.eu\/cs\/prumysl-robotiky-a-automatizace\/"]}]},{"@type":"BreadcrumbList","@id":"https:\/\/xometry.eu\/cs\/prumysl-robotiky-a-automatizace\/#breadcrumb","itemListElement":[{"@type":"ListItem","position":1,"name":"Home","item":"https:\/\/xometry.eu\/cs\/"},{"@type":"ListItem","position":2,"name":"Robotics and Automation Industry"}]},{"@type":"WebSite","@id":"https:\/\/xometry.eu\/cs\/#website","url":"https:\/\/xometry.eu\/cs\/","name":"Xometry Europe","description":"","publisher":{"@id":"https:\/\/xometry.eu\/cs\/#organization"},"potentialAction":[{"@type":"SearchAction","target":{"@type":"EntryPoint","urlTemplate":"https:\/\/xometry.eu\/cs\/?s={search_term_string}"},"query-input":{"@type":"PropertyValueSpecification","valueRequired":true,"valueName":"search_term_string"}}],"inLanguage":"cs"}]}},"_links":{"self":[{"href":"https:\/\/xometry.eu\/cs\/wp-json\/wp\/v2\/pages\/129635","targetHints":{"allow":["GET"]}}],"collection":[{"href":"https:\/\/xometry.eu\/cs\/wp-json\/wp\/v2\/pages"}],"about":[{"href":"https:\/\/xometry.eu\/cs\/wp-json\/wp\/v2\/types\/page"}],"author":[{"embeddable":true,"href":"https:\/\/xometry.eu\/cs\/wp-json\/wp\/v2\/users\/14"}],"replies":[{"embeddable":true,"href":"https:\/\/xometry.eu\/cs\/wp-json\/wp\/v2\/comments?post=129635"}],"version-history":[{"count":0,"href":"https:\/\/xometry.eu\/cs\/wp-json\/wp\/v2\/pages\/129635\/revisions"}],"wp:attachment":[{"href":"https:\/\/xometry.eu\/cs\/wp-json\/wp\/v2\/media?parent=129635"}],"curies":[{"name":"wp","href":"https:\/\/api.w.org\/{rel}","templated":true}]}}