{"id":128866,"date":"2022-09-08T15:41:57","date_gmt":"2022-09-08T13:41:57","guid":{"rendered":"https:\/\/xometry.eu\/machine-building-industry\/"},"modified":"2024-09-13T16:37:11","modified_gmt":"2024-09-13T14:37:11","slug":"stavba-stroju","status":"publish","type":"page","link":"https:\/\/xometry.eu\/cs\/stavba-stroju\/","title":{"rendered":"Machine Building Industry"},"content":{"rendered":"","protected":false},"excerpt":{"rendered":"","protected":false},"author":10,"featured_media":0,"parent":0,"menu_order":0,"comment_status":"closed","ping_status":"closed","template":"","meta":{"_acf_changed":false,"inline_featured_image":false,"footnotes":""},"class_list":["post-128866","page","type-page","status-publish","hentry"],"acf":[],"yoast_head":"<!-- This site is optimized with the Yoast SEO Premium plugin v20.5 (Yoast SEO v27.3) - https:\/\/yoast.com\/product\/yoast-seo-premium-wordpress\/ -->\n<title>Prototypy a v\u00fdrobn\u00ed d\u00edly pro stroj\u00edrensk\u00fd pr\u016fmysl | Xometry<\/title>\n<meta name=\"description\" content=\"\u0158e\u0161en\u00ed Xometry pom\u00e1haj\u00ed stroj\u00edrensk\u00e9mu pr\u016fmyslu vytv\u00e1\u0159et agiln\u00ed dodavatelsk\u00fd \u0159et\u011bzec a dynamicky roz\u0161i\u0159ovat v\u00fdrobn\u00ed kapacitu.\" \/>\n<meta name=\"robots\" content=\"index, follow, max-snippet:-1, max-image-preview:large, max-video-preview:-1\" \/>\n<link rel=\"canonical\" href=\"https:\/\/xometry.eu\/cs\/stavba-stroju\/\" \/>\n<meta property=\"og:locale\" content=\"cs_CZ\" \/>\n<meta property=\"og:type\" content=\"article\" \/>\n<meta property=\"og:title\" content=\"Machine Building Industry\" \/>\n<meta property=\"og:description\" content=\"\u0158e\u0161en\u00ed Xometry pom\u00e1haj\u00ed stroj\u00edrensk\u00e9mu pr\u016fmyslu vytv\u00e1\u0159et agiln\u00ed dodavatelsk\u00fd \u0159et\u011bzec a dynamicky roz\u0161i\u0159ovat v\u00fdrobn\u00ed kapacitu.\" \/>\n<meta property=\"og:url\" content=\"https:\/\/xometry.eu\/cs\/stavba-stroju\/\" \/>\n<meta property=\"og:site_name\" content=\"Xometry Europe\" \/>\n<meta property=\"article:modified_time\" content=\"2024-09-13T14:37:11+00:00\" \/>\n<meta name=\"twitter:card\" content=\"summary_large_image\" \/>\n<script type=\"application\/ld+json\" class=\"yoast-schema-graph\">{\"@context\":\"https:\\\/\\\/schema.org\",\"@graph\":[{\"@type\":\"WebPage\",\"@id\":\"https:\\\/\\\/xometry.eu\\\/cs\\\/stavba-stroju\\\/\",\"url\":\"https:\\\/\\\/xometry.eu\\\/cs\\\/stavba-stroju\\\/\",\"name\":\"Prototypy a v\u00fdrobn\u00ed d\u00edly pro stroj\u00edrensk\u00fd pr\u016fmysl | Xometry\",\"isPartOf\":{\"@id\":\"https:\\\/\\\/xometry.eu\\\/cs\\\/#website\"},\"datePublished\":\"2022-09-08T13:41:57+00:00\",\"dateModified\":\"2024-09-13T14:37:11+00:00\",\"description\":\"\u0158e\u0161en\u00ed Xometry pom\u00e1haj\u00ed stroj\u00edrensk\u00e9mu pr\u016fmyslu vytv\u00e1\u0159et agiln\u00ed dodavatelsk\u00fd \u0159et\u011bzec a dynamicky roz\u0161i\u0159ovat v\u00fdrobn\u00ed kapacitu.\",\"breadcrumb\":{\"@id\":\"https:\\\/\\\/xometry.eu\\\/cs\\\/stavba-stroju\\\/#breadcrumb\"},\"inLanguage\":\"cs\",\"potentialAction\":[{\"@type\":\"ReadAction\",\"target\":[\"https:\\\/\\\/xometry.eu\\\/cs\\\/stavba-stroju\\\/\"]}]},{\"@type\":\"BreadcrumbList\",\"@id\":\"https:\\\/\\\/xometry.eu\\\/cs\\\/stavba-stroju\\\/#breadcrumb\",\"itemListElement\":[{\"@type\":\"ListItem\",\"position\":1,\"name\":\"Home\",\"item\":\"https:\\\/\\\/xometry.eu\\\/cs\\\/\"},{\"@type\":\"ListItem\",\"position\":2,\"name\":\"Machine Building Industry\"}]},{\"@type\":\"WebSite\",\"@id\":\"https:\\\/\\\/xometry.eu\\\/cs\\\/#website\",\"url\":\"https:\\\/\\\/xometry.eu\\\/cs\\\/\",\"name\":\"Xometry Europe\",\"description\":\"\",\"publisher\":{\"@id\":\"https:\\\/\\\/xometry.eu\\\/cs\\\/#organization\"},\"potentialAction\":[{\"@type\":\"SearchAction\",\"target\":{\"@type\":\"EntryPoint\",\"urlTemplate\":\"https:\\\/\\\/xometry.eu\\\/cs\\\/?s={search_term_string}\"},\"query-input\":{\"@type\":\"PropertyValueSpecification\",\"valueRequired\":true,\"valueName\":\"search_term_string\"}}],\"inLanguage\":\"cs\"}]}<\/script>\n<!-- \/ Yoast SEO Premium plugin. -->","yoast_head_json":{"title":"Prototypy a v\u00fdrobn\u00ed d\u00edly pro stroj\u00edrensk\u00fd pr\u016fmysl | Xometry","description":"\u0158e\u0161en\u00ed Xometry pom\u00e1haj\u00ed stroj\u00edrensk\u00e9mu pr\u016fmyslu vytv\u00e1\u0159et agiln\u00ed dodavatelsk\u00fd \u0159et\u011bzec a dynamicky roz\u0161i\u0159ovat v\u00fdrobn\u00ed kapacitu.","robots":{"index":"index","follow":"follow","max-snippet":"max-snippet:-1","max-image-preview":"max-image-preview:large","max-video-preview":"max-video-preview:-1"},"canonical":"https:\/\/xometry.eu\/cs\/stavba-stroju\/","og_locale":"cs_CZ","og_type":"article","og_title":"Machine Building Industry","og_description":"\u0158e\u0161en\u00ed Xometry pom\u00e1haj\u00ed stroj\u00edrensk\u00e9mu pr\u016fmyslu vytv\u00e1\u0159et agiln\u00ed dodavatelsk\u00fd \u0159et\u011bzec a dynamicky roz\u0161i\u0159ovat v\u00fdrobn\u00ed kapacitu.","og_url":"https:\/\/xometry.eu\/cs\/stavba-stroju\/","og_site_name":"Xometry Europe","article_modified_time":"2024-09-13T14:37:11+00:00","twitter_card":"summary_large_image","schema":{"@context":"https:\/\/schema.org","@graph":[{"@type":"WebPage","@id":"https:\/\/xometry.eu\/cs\/stavba-stroju\/","url":"https:\/\/xometry.eu\/cs\/stavba-stroju\/","name":"Prototypy a v\u00fdrobn\u00ed d\u00edly pro stroj\u00edrensk\u00fd pr\u016fmysl | Xometry","isPartOf":{"@id":"https:\/\/xometry.eu\/cs\/#website"},"datePublished":"2022-09-08T13:41:57+00:00","dateModified":"2024-09-13T14:37:11+00:00","description":"\u0158e\u0161en\u00ed Xometry pom\u00e1haj\u00ed stroj\u00edrensk\u00e9mu pr\u016fmyslu vytv\u00e1\u0159et agiln\u00ed dodavatelsk\u00fd \u0159et\u011bzec a dynamicky roz\u0161i\u0159ovat v\u00fdrobn\u00ed kapacitu.","breadcrumb":{"@id":"https:\/\/xometry.eu\/cs\/stavba-stroju\/#breadcrumb"},"inLanguage":"cs","potentialAction":[{"@type":"ReadAction","target":["https:\/\/xometry.eu\/cs\/stavba-stroju\/"]}]},{"@type":"BreadcrumbList","@id":"https:\/\/xometry.eu\/cs\/stavba-stroju\/#breadcrumb","itemListElement":[{"@type":"ListItem","position":1,"name":"Home","item":"https:\/\/xometry.eu\/cs\/"},{"@type":"ListItem","position":2,"name":"Machine Building Industry"}]},{"@type":"WebSite","@id":"https:\/\/xometry.eu\/cs\/#website","url":"https:\/\/xometry.eu\/cs\/","name":"Xometry Europe","description":"","publisher":{"@id":"https:\/\/xometry.eu\/cs\/#organization"},"potentialAction":[{"@type":"SearchAction","target":{"@type":"EntryPoint","urlTemplate":"https:\/\/xometry.eu\/cs\/?s={search_term_string}"},"query-input":{"@type":"PropertyValueSpecification","valueRequired":true,"valueName":"search_term_string"}}],"inLanguage":"cs"}]}},"_links":{"self":[{"href":"https:\/\/xometry.eu\/cs\/wp-json\/wp\/v2\/pages\/128866","targetHints":{"allow":["GET"]}}],"collection":[{"href":"https:\/\/xometry.eu\/cs\/wp-json\/wp\/v2\/pages"}],"about":[{"href":"https:\/\/xometry.eu\/cs\/wp-json\/wp\/v2\/types\/page"}],"author":[{"embeddable":true,"href":"https:\/\/xometry.eu\/cs\/wp-json\/wp\/v2\/users\/10"}],"replies":[{"embeddable":true,"href":"https:\/\/xometry.eu\/cs\/wp-json\/wp\/v2\/comments?post=128866"}],"version-history":[{"count":0,"href":"https:\/\/xometry.eu\/cs\/wp-json\/wp\/v2\/pages\/128866\/revisions"}],"wp:attachment":[{"href":"https:\/\/xometry.eu\/cs\/wp-json\/wp\/v2\/media?parent=128866"}],"curies":[{"name":"wp","href":"https:\/\/api.w.org\/{rel}","templated":true}]}}