{"id":128817,"date":"2020-05-25T06:55:23","date_gmt":"2020-05-25T06:55:23","guid":{"rendered":"https:\/\/xometry.eu\/policy\/"},"modified":"2024-02-16T13:43:41","modified_gmt":"2024-02-16T11:43:41","slug":"zasady-ochrany-udaju","status":"publish","type":"page","link":"https:\/\/xometry.eu\/cs\/zasady-ochrany-udaju\/","title":{"rendered":"Z\u00e1sady ochrany \u00fadaj\u016f"},"content":{"rendered":"<p><span style=\"font-weight: 400;\">Odpov\u011bdn\u00fdm subjektem ve smyslu \u00a7 3 odst. 7 a \u00a7 4 odst. 3 spolkov\u00e9ho z\u00e1kona o ochran\u011b osobn\u00edch \u00fadaj\u016f [Bundesdatenschutzgesetz] je spole\u010dnost Xometry Europe GmbH, zastoupen\u00e1 jednateli Albertem Belousovem a Dmitrijem Kafidovem, se s\u00eddlem Ada-Lovelace-Str. 9, 85521 Ottobrunn, N\u011bmecko.<\/span><\/p>\n<p><span style=\"font-weight: 400;\">Shroma\u017e\u010fujeme a zaznamen\u00e1v\u00e1me \u00fadaje z\u00edskan\u00e9 od na\u0161ich z\u00e1kazn\u00edk\u016f a dodavatel\u016f. Tyto \u00fadaje zahrnuj\u00ed osobn\u00ed \u00fadaje z\u00e1kazn\u00edk\u016f a\/nebo \u00fadaje spole\u010dnosti, se kterou vstupujeme do obchodn\u00edho vztahu. Mohou mezi n\u011b pat\u0159it tak\u00e9 \u00fadaje o pou\u017e\u00edv\u00e1n\u00ed, nap\u0159\u00edklad IP adresy.<\/span><\/p>\n<p><span style=\"font-weight: 400;\">Tyto \u00fadaje n\u00e1m pom\u00e1haj\u00ed plnit objedn\u00e1vky p\u0159ijat\u00e9 od z\u00e1kazn\u00edk\u016f v jejich prosp\u011bch. Je nezbytn\u00e9, aby \u00fadaje od z\u00e1kazn\u00edk\u016f byly sd\u00edleny se spole\u010dnostmi, kter\u00e9 pln\u00ed objedn\u00e1vky na\u0161\u00edm jm\u00e9nem. Jedn\u00e1 se zejm\u00e9na o p\u0159ed\u00e1v\u00e1n\u00ed v\u00fdkres\u016f a\/nebo konstruk\u010dn\u00edch sch\u00e9mat, jako\u017e i popis\u016f objekt\u016f.<\/span><\/p>\n<p><span style=\"font-weight: 400;\">Krom\u011b vy\u0159izov\u00e1n\u00ed objedn\u00e1vek pou\u017e\u00edv\u00e1me \u00fadaje z\u00e1kazn\u00edk\u016f tak\u00e9 p\u0159i zapojen\u00ed t\u0159et\u00edch stran do pln\u011bn\u00ed \u00fakol\u016f, jako je doru\u010dov\u00e1n\u00ed z\u00e1silek, zpracov\u00e1n\u00ed plateb atd. Pokud tyto t\u0159et\u00ed strany obdr\u017e\u00ed osobn\u00ed \u00fadaje z\u00e1kazn\u00edk\u016f a\/nebo jin\u00fdch spole\u010dnost\u00ed, nesm\u00ed b\u00fdt tyto informace d\u00e1le \u0161\u00ed\u0159eny.<\/span><\/p>\n<p><span style=\"font-weight: 400;\">Z\u00e1kazn\u00edk a\/nebo spole\u010dnost m\u00e1 pr\u00e1vo kdykoli, bez konkr\u00e9tn\u00edho d\u016fvodu a bezplatn\u011b z\u00edskat informace o sv\u00fdch \u00fadaj\u00edch ulo\u017een\u00fdch v na\u0161ich syst\u00e9mech. Z\u00e1kazn\u00edk a\/nebo spole\u010dnost m\u016f\u017ee kdykoli po\u017eadovat zablokov\u00e1n\u00ed, opravu nebo vymaz\u00e1n\u00ed n\u00e1mi shrom\u00e1\u017ed\u011bn\u00fdch \u00fadaj\u016f. Prohl\u00e1\u0161en\u00ed o souhlasu se shroma\u017e\u010fov\u00e1n\u00edm nebo pou\u017e\u00edv\u00e1n\u00edm \u00fadaj\u016f, kter\u00e9 n\u00e1m bylo poskytnuto, m\u016f\u017ee b\u00fdt kdykoli odvol\u00e1no, a to bez nutnosti uveden\u00ed konkr\u00e9tn\u00edho d\u016fvodu, kontaktov\u00e1n\u00edm odpov\u011bdn\u00e9ho subjektu.<\/span><\/p>\n<p><span style=\"font-weight: 400;\">P\u0159ijali jsme rozs\u00e1hl\u00e1 technick\u00e1 a provozn\u00ed bezpe\u010dnostn\u00ed opat\u0159en\u00ed, abychom ochr\u00e1nili va\u0161e osobn\u00ed \u00fadaje ulo\u017een\u00e9 v na\u0161em souboru p\u0159ed neopr\u00e1vn\u011bn\u00fdm p\u0159\u00edstupem a zneu\u017eit\u00edm. Na\u0161e bezpe\u010dnostn\u00ed postupy na ochranu p\u0159ed po\u0161kozen\u00edm, zni\u010den\u00edm a neopr\u00e1vn\u011bn\u00fdm p\u0159\u00edstupem jsou pravideln\u011b vyhodnocov\u00e1ny a aktualizov\u00e1ny v souladu s nejnov\u011bj\u0161\u00edmi technologick\u00fdmi poznatky.<\/span><\/p>\n<p><span style=\"font-weight: 400;\">Text smlouvy ulo\u017e\u00edme a za\u0161leme v\u00e1m informace o objedn\u00e1vce e-mailem. Obchodn\u00ed podm\u00ednky si m\u016f\u017eete kdykoli prohl\u00e9dnout na adrese www.xometry.eu\/en\/conditions.<\/span><\/p>\n<p><span style=\"font-weight: 400;\">Tyto webov\u00e9 str\u00e1nky obsahuj\u00ed odkazy na extern\u00ed str\u00e1nky. Pokud na tyto odkazy kliknete, IP adresa se zpravidla objev\u00ed i v protokolech o p\u0159\u00edstupu na tyto webov\u00e9 str\u00e1nky. Toto prohl\u00e1\u0161en\u00ed o ochran\u011b \u00fadaj\u016f plat\u00ed pouze pro tyto webov\u00e9 str\u00e1nky, nikoli pro webov\u00e9 str\u00e1nky t\u0159et\u00edch stran.<\/span><\/p>\n<p><span style=\"font-weight: 400;\">Soubor cookie je \u010d\u00e1st dat ulo\u017een\u00e1 v po\u010d\u00edta\u010di u\u017eivatele, kter\u00e1 je spojena s informacemi o u\u017eivateli. Tyto webov\u00e9 str\u00e1nky mohou pou\u017e\u00edvat jak soubory cookie identifikuj\u00edc\u00ed relaci, tak trval\u00e9 soubory cookie. V p\u0159\u00edpad\u011b soubor\u016f cookie ID relace se po zav\u0159en\u00ed prohl\u00ed\u017ee\u010de nebo odhl\u00e1\u0161en\u00ed soubor cookie ukon\u010d\u00ed a vyma\u017ee. Trval\u00fd soubor cookie je mal\u00fd textov\u00fd soubor ulo\u017een\u00fd na pevn\u00e9m disku po\u010d\u00edta\u010de po del\u0161\u00ed dobu. Soubor n\u00e1pov\u011bdy va\u0161eho prohl\u00ed\u017ee\u010de obsahuje informace a pokyny pro odstran\u011bn\u00ed trval\u00fdch soubor\u016f cookie.<\/span><\/p>\n<h2><span style=\"font-weight: 400;\">Google Analytics<\/span><\/h2>\n<p><span style=\"font-weight: 400;\">Tyto webov\u00e9 str\u00e1nky pou\u017e\u00edvaj\u00ed slu\u017ebu Google Analytics, kterou poskytuje spole\u010dnost Google, Inc. (Google). Slu\u017eba Google Analytics vyu\u017e\u00edv\u00e1 soubory cookie, co\u017e jsou textov\u00e9 soubory um\u00edst\u011bn\u00e9 na va\u0161em po\u010d\u00edta\u010di, kter\u00e9 pom\u00e1haj\u00ed webov\u00e9 str\u00e1nce analyzovat, jak u\u017eivatel\u00e9 str\u00e1nky pou\u017e\u00edvaj\u00ed. Informace vygenerovan\u00e9 souborem cookie o va\u0161em pou\u017e\u00edv\u00e1n\u00ed webov\u00fdch str\u00e1nek (v\u010detn\u011b va\u0161\u00ed IP adresy) budou p\u0159eneseny a ulo\u017eeny spole\u010dnost\u00ed Google na serverech ve Spojen\u00fdch st\u00e1tech. V p\u0159\u00edpad\u011b aktivace anonymizace IP adresy bude spole\u010dnost Google zkracovat\/anonymizovat posledn\u00ed oktet IP adresy pro \u010dlensk\u00e9 st\u00e1ty Evropsk\u00e9 unie i pro dal\u0161\u00ed smluvn\u00ed strany Dohody o Evropsk\u00e9m hospod\u00e1\u0159sk\u00e9m prostoru. Pouze ve v\u00fdjime\u010dn\u00fdch p\u0159\u00edpadech je cel\u00e1 IP adresa odesl\u00e1na a zkr\u00e1cena servery spole\u010dnosti Google v USA. Z pov\u011b\u0159en\u00ed provozovatele webov\u00fdch str\u00e1nek bude spole\u010dnost Google tyto informace pou\u017e\u00edvat za \u00fa\u010delem vyhodnocov\u00e1n\u00ed va\u0161eho pou\u017e\u00edv\u00e1n\u00ed webov\u00fdch str\u00e1nek, sestavov\u00e1n\u00ed zpr\u00e1v o aktivit\u011b na webov\u00fdch str\u00e1nk\u00e1ch pro provozovatele webov\u00fdch str\u00e1nek a poskytov\u00e1n\u00ed dal\u0161\u00edch slu\u017eeb souvisej\u00edc\u00edch s aktivitou na webov\u00fdch str\u00e1nk\u00e1ch a pou\u017e\u00edv\u00e1n\u00edm internetu provozovateli webov\u00fdch str\u00e1nek. Spole\u010dnost Google nebude spojovat va\u0161i IP adresu s \u017e\u00e1dn\u00fdmi jin\u00fdmi \u00fadaji, kter\u00e9 m\u00e1 k dispozici. Pou\u017e\u00edv\u00e1n\u00ed soubor\u016f cookie m\u016f\u017eete odm\u00edtnout v\u00fdb\u011brem p\u0159\u00edslu\u0161n\u00e9ho nastaven\u00ed ve sv\u00e9m prohl\u00ed\u017ee\u010di. Upozor\u0148ujeme v\u0161ak, \u017ee pokud tak u\u010din\u00edte, mo\u017en\u00e1 nebudete moci vyu\u017e\u00edvat v\u0161echny funkce t\u011bchto webov\u00fdch str\u00e1nek. Krom\u011b toho m\u016f\u017eete shroma\u017e\u010fov\u00e1n\u00ed a pou\u017e\u00edv\u00e1n\u00ed \u00fadaj\u016f (soubor\u016f cookie a IP adresy) spole\u010dnost\u00ed Google zabr\u00e1nit sta\u017een\u00edm a instalac\u00ed z\u00e1suvn\u00e9ho modulu prohl\u00ed\u017ee\u010de, kter\u00fd je k dispozici na adresehttps:\/\/tools.google.com\/dlpage\/gaoptout?hl=en-GB.<\/span><\/p>\n<p><span style=\"font-weight: 400;\">Dal\u0161\u00ed informace o podm\u00ednk\u00e1ch pou\u017e\u00edv\u00e1n\u00ed a ochran\u011b osobn\u00edch \u00fadaj\u016f naleznete na adrese http:\/\/www.google.com\/analytics\/terms\/gb.html. Vezm\u011bte pros\u00edm na v\u011bdom\u00ed, \u017ee na t\u011bchto webov\u00fdch str\u00e1nk\u00e1ch je k\u00f3d slu\u017eby Google Analytics dopln\u011bn o funkci gat._anonymizeIp();, kter\u00e1 zaji\u0161\u0165uje anonymn\u00ed sb\u011br IP adres (tzv. IP-masking). Zdroj (http:\/\/www.datenschutzbeauftragter-info.de).<\/span><\/p>\n<h2><span style=\"font-weight: 400;\">Amplitude<\/span><\/h2>\n<p><span style=\"font-weight: 400;\">Ur\u010dit\u00e1 \u010d\u00e1st t\u011bchto webov\u00fdch str\u00e1nek (sekce \u201eOblast pro partnery\u201c) vyu\u017e\u00edv\u00e1 webovou analytiku Amplitude poskytovanou spole\u010dnost\u00ed Amplitude, Inc., 501 2nd Street, Suite 100, San Francisco, CA 94107, USA (d\u00e1le jen \u201eAmplitude\u201c).<\/span><\/p>\n<p><span style=\"font-weight: 400;\">Spole\u010dnost Amplitude pou\u017e\u00edv\u00e1 \u201ecookies\u201c, mal\u00e9 textov\u00e9 soubory, kter\u00e9 se ukl\u00e1daj\u00ed do po\u010d\u00edta\u010d\u016f u\u017eivatel\u016f a slou\u017e\u00ed k anal\u00fdze jejich \u010dinnosti. Informace jsou shroma\u017e\u010fov\u00e1ny pouze v \u201ePartnersk\u00e9 oblasti\u201c, kde jsou v\u0161ichni u\u017eivatel\u00e9 autorizov\u00e1ni sv\u00fdm p\u0159ihla\u0161ovac\u00edm jm\u00e9nem a heslem. Va\u0161e identita (konkr\u00e9tn\u011b n\u00e1zev spole\u010dnosti, u\u017eivatelsk\u00e9 jm\u00e9no a e-mailov\u00e1 adresa) je tedy ukl\u00e1d\u00e1na spolu s va\u0161imi akcemi v sekci \u201ePartners Area\u201c webov\u00fdch str\u00e1nek z d\u016fvod\u016f zkoum\u00e1n\u00ed UX a zlep\u0161ov\u00e1n\u00ed v\u00fdkonu na\u0161ich webov\u00fdch str\u00e1nek.<\/span><\/p>\n<p><span style=\"font-weight: 400;\">Informace o va\u0161em pou\u017e\u00edv\u00e1n\u00ed t\u011bchto webov\u00fdch str\u00e1nek shrom\u00e1\u017ed\u011bn\u00e9 pomoc\u00ed soubor\u016f cookie budou p\u0159eneseny do spole\u010dnosti Amplitude a ulo\u017eeny na serveru spole\u010dnosti Amplitude v EU a ve Spojen\u00fdch st\u00e1tech. Spole\u010dnost Amplitude bude tyto informace zpracov\u00e1vat, aby pro n\u00e1s mohla sestavovat zpr\u00e1vy o provozu na\u0161ich webov\u00fdch str\u00e1nek a poskytovat dal\u0161\u00ed slu\u017eby. Spole\u010dnost Amplitude tyto informace zpracov\u00e1v\u00e1 zp\u016fsobem uveden\u00fdm v podm\u00ednk\u00e1ch pou\u017e\u00edv\u00e1n\u00ed slu\u017eby Amplitude.<\/span><\/p>\n<p><span style=\"font-weight: 400;\">\u017d\u00e1dn\u00e1 jin\u00e1 \u010d\u00e1st na\u0161ich webov\u00fdch str\u00e1nek, krom\u011b oblasti pro partnery, neshroma\u017e\u010fuje \u017e\u00e1dn\u00e9 \u00fadaje se slu\u017ebou Amplitude. Pou\u017e\u00edv\u00e1n\u00edm Partnersk\u00e9 oblasti t\u011bchto webov\u00fdch str\u00e1nek souhlas\u00edte s t\u00edm, \u017ee spole\u010dnost Amplitude m\u016f\u017ee zpracov\u00e1vat va\u0161e \u00fadaje v\u00fd\u0161e uveden\u00fdm zp\u016fsobem a pro v\u00fd\u0161e uveden\u00e9 \u00fa\u010dely.<\/span><\/p>\n<h2>Metody pou\u017e\u00edvan\u00e9 ke generov\u00e1n\u00ed lead\u016f<\/h2>\n\n\n<p>Pou\u017e\u00edv\u00e1me soubor cookie t\u0159et\u00ed strany s n\u00e1zvem _lfuuid. Soubor cookie se p\u0159ij\u00edm\u00e1 nebo odm\u00edt\u00e1 v souhlasn\u00e9m banneru, kter\u00fd se zobraz\u00ed p\u0159i va\u0161\u00ed prvn\u00ed n\u00e1v\u0161t\u011bv\u011b na\u0161ich webov\u00fdch str\u00e1nek. Soubor cookie umo\u017e\u0148uje webov\u00e9 str\u00e1nce sledovat chov\u00e1n\u00ed n\u00e1v\u0161t\u011bvn\u00edk\u016f na str\u00e1nk\u00e1ch, na kter\u00fdch je soubor cookie nainstalov\u00e1n. Sledov\u00e1n\u00ed prob\u00edh\u00e1 anonymn\u011b, dokud se u\u017eivatel neidentifikuje odesl\u00e1n\u00edm formul\u00e1\u0159e. Soubor cookie je trval\u00fd po dobu 10 let, ne\u017e vypr\u0161\u00ed jeho platnost.<\/p>\n\n\n\n<p><\/p>\n","protected":false},"excerpt":{"rendered":"<p>Odpov\u011bdn\u00fdm subjektem ve smyslu \u00a7 3 odst. 7 a \u00a7 4 odst. 3 spolkov\u00e9ho z\u00e1kona o ochran\u011b osobn\u00edch \u00fadaj\u016f [Bundesdatenschutzgesetz] je spole\u010dnost Xometry Europe GmbH, zastoupen\u00e1 jednateli Albertem Belousovem a Dmitrijem Kafidovem, se s\u00eddlem Ada-Lovelace-Str. 9, 85521 Ottobrunn, N\u011bmecko. Shroma\u017e\u010fujeme a zaznamen\u00e1v\u00e1me \u00fadaje z\u00edskan\u00e9 od na\u0161ich z\u00e1kazn\u00edk\u016f a dodavatel\u016f. Tyto \u00fadaje zahrnuj\u00ed osobn\u00ed \u00fadaje z\u00e1kazn\u00edk\u016f [&hellip;]<\/p>\n","protected":false},"author":1,"featured_media":56500,"parent":0,"menu_order":0,"comment_status":"closed","ping_status":"closed","template":"template-custom.php","meta":{"_acf_changed":false,"inline_featured_image":false,"footnotes":""},"class_list":["post-128817","page","type-page","status-publish","has-post-thumbnail","hentry"],"acf":[],"yoast_head":"<!-- This site is optimized with the Yoast SEO Premium plugin v20.5 (Yoast SEO v27.1.1) - https:\/\/yoast.com\/product\/yoast-seo-premium-wordpress\/ -->\n<title>Z\u00e1sady ochrany \u00fadaj\u016f | Xometry Europe<\/title>\n<meta name=\"description\" content=\"Shroma\u017e\u010fujeme a zaznamen\u00e1v\u00e1me \u00fadaje z\u00edskan\u00e9 od na\u0161ich z\u00e1kazn\u00edk\u016f a dodavatel\u016f prost\u0159ednictv\u00edm Google Analytics, Yandex Metric, Amplitude a Lead Forensics.\" \/>\n<meta name=\"robots\" content=\"index, follow, max-snippet:-1, max-image-preview:large, max-video-preview:-1\" \/>\n<link rel=\"canonical\" href=\"https:\/\/xometry.eu\/cs\/zasady-ochrany-udaju\/\" \/>\n<meta property=\"og:locale\" content=\"cs_CZ\" \/>\n<meta property=\"og:type\" content=\"article\" \/>\n<meta property=\"og:title\" content=\"Z\u00e1sady ochrany \u00fadaj\u016f\" \/>\n<meta property=\"og:description\" content=\"Shroma\u017e\u010fujeme a zaznamen\u00e1v\u00e1me \u00fadaje z\u00edskan\u00e9 od na\u0161ich z\u00e1kazn\u00edk\u016f a dodavatel\u016f prost\u0159ednictv\u00edm Google Analytics, Yandex Metric, Amplitude a Lead Forensics.\" \/>\n<meta property=\"og:url\" content=\"https:\/\/xometry.eu\/cs\/zasady-ochrany-udaju\/\" \/>\n<meta property=\"og:site_name\" content=\"Xometry Europe\" \/>\n<meta property=\"article:modified_time\" content=\"2024-02-16T11:43:41+00:00\" \/>\n<meta property=\"og:image\" content=\"https:\/\/xometry.eu\/wp-content\/uploads\/2020\/05\/homepage-header.png\" \/>\n\t<meta property=\"og:image:width\" content=\"2880\" \/>\n\t<meta property=\"og:image:height\" content=\"1230\" \/>\n\t<meta property=\"og:image:type\" content=\"image\/png\" \/>\n<meta name=\"twitter:card\" content=\"summary_large_image\" \/>\n<meta name=\"twitter:label1\" content=\"Odhadovan\u00e1 doba \u010dten\u00ed\" \/>\n\t<meta name=\"twitter:data1\" content=\"5 minut\" \/>\n<script type=\"application\/ld+json\" class=\"yoast-schema-graph\">{\"@context\":\"https:\/\/schema.org\",\"@graph\":[{\"@type\":\"WebPage\",\"@id\":\"https:\/\/xometry.eu\/cs\/zasady-ochrany-udaju\/\",\"url\":\"https:\/\/xometry.eu\/cs\/zasady-ochrany-udaju\/\",\"name\":\"Z\u00e1sady ochrany \u00fadaj\u016f | Xometry Europe\",\"isPartOf\":{\"@id\":\"https:\/\/xometry.eu\/cs\/#website\"},\"primaryImageOfPage\":{\"@id\":\"https:\/\/xometry.eu\/cs\/zasady-ochrany-udaju\/#primaryimage\"},\"image\":{\"@id\":\"https:\/\/xometry.eu\/cs\/zasady-ochrany-udaju\/#primaryimage\"},\"thumbnailUrl\":\"https:\/\/xometry.eu\/wp-content\/uploads\/2020\/05\/homepage-header.png\",\"datePublished\":\"2020-05-25T06:55:23+00:00\",\"dateModified\":\"2024-02-16T11:43:41+00:00\",\"description\":\"Shroma\u017e\u010fujeme a zaznamen\u00e1v\u00e1me \u00fadaje z\u00edskan\u00e9 od na\u0161ich z\u00e1kazn\u00edk\u016f a dodavatel\u016f prost\u0159ednictv\u00edm Google Analytics, Yandex Metric, Amplitude a Lead Forensics.\",\"breadcrumb\":{\"@id\":\"https:\/\/xometry.eu\/cs\/zasady-ochrany-udaju\/#breadcrumb\"},\"inLanguage\":\"cs\",\"potentialAction\":[{\"@type\":\"ReadAction\",\"target\":[\"https:\/\/xometry.eu\/cs\/zasady-ochrany-udaju\/\"]}]},{\"@type\":\"ImageObject\",\"inLanguage\":\"cs\",\"@id\":\"https:\/\/xometry.eu\/cs\/zasady-ochrany-udaju\/#primaryimage\",\"url\":\"https:\/\/xometry.eu\/wp-content\/uploads\/2020\/05\/homepage-header.png\",\"contentUrl\":\"https:\/\/xometry.eu\/wp-content\/uploads\/2020\/05\/homepage-header.png\",\"width\":2880,\"height\":1230,\"caption\":\"engineer examining a metal part\"},{\"@type\":\"BreadcrumbList\",\"@id\":\"https:\/\/xometry.eu\/cs\/zasady-ochrany-udaju\/#breadcrumb\",\"itemListElement\":[{\"@type\":\"ListItem\",\"position\":1,\"name\":\"Home\",\"item\":\"https:\/\/xometry.eu\/cs\/\"},{\"@type\":\"ListItem\",\"position\":2,\"name\":\"Z\u00e1sady ochrany \u00fadaj\u016f\"}]},{\"@type\":\"WebSite\",\"@id\":\"https:\/\/xometry.eu\/cs\/#website\",\"url\":\"https:\/\/xometry.eu\/cs\/\",\"name\":\"Xometry Europe\",\"description\":\"\",\"publisher\":{\"@id\":\"https:\/\/xometry.eu\/cs\/#organization\"},\"potentialAction\":[{\"@type\":\"SearchAction\",\"target\":{\"@type\":\"EntryPoint\",\"urlTemplate\":\"https:\/\/xometry.eu\/cs\/?s={search_term_string}\"},\"query-input\":{\"@type\":\"PropertyValueSpecification\",\"valueRequired\":true,\"valueName\":\"search_term_string\"}}],\"inLanguage\":\"cs\"}]}<\/script>\n<!-- \/ Yoast SEO Premium plugin. -->","yoast_head_json":{"title":"Z\u00e1sady ochrany \u00fadaj\u016f | Xometry Europe","description":"Shroma\u017e\u010fujeme a zaznamen\u00e1v\u00e1me \u00fadaje z\u00edskan\u00e9 od na\u0161ich z\u00e1kazn\u00edk\u016f a dodavatel\u016f prost\u0159ednictv\u00edm Google Analytics, Yandex Metric, Amplitude a Lead Forensics.","robots":{"index":"index","follow":"follow","max-snippet":"max-snippet:-1","max-image-preview":"max-image-preview:large","max-video-preview":"max-video-preview:-1"},"canonical":"https:\/\/xometry.eu\/cs\/zasady-ochrany-udaju\/","og_locale":"cs_CZ","og_type":"article","og_title":"Z\u00e1sady ochrany \u00fadaj\u016f","og_description":"Shroma\u017e\u010fujeme a zaznamen\u00e1v\u00e1me \u00fadaje z\u00edskan\u00e9 od na\u0161ich z\u00e1kazn\u00edk\u016f a dodavatel\u016f prost\u0159ednictv\u00edm Google Analytics, Yandex Metric, Amplitude a Lead Forensics.","og_url":"https:\/\/xometry.eu\/cs\/zasady-ochrany-udaju\/","og_site_name":"Xometry Europe","article_modified_time":"2024-02-16T11:43:41+00:00","og_image":[{"width":2880,"height":1230,"url":"https:\/\/xometry.eu\/wp-content\/uploads\/2020\/05\/homepage-header.png","type":"image\/png"}],"twitter_card":"summary_large_image","twitter_misc":{"Odhadovan\u00e1 doba \u010dten\u00ed":"5 minut"},"schema":{"@context":"https:\/\/schema.org","@graph":[{"@type":"WebPage","@id":"https:\/\/xometry.eu\/cs\/zasady-ochrany-udaju\/","url":"https:\/\/xometry.eu\/cs\/zasady-ochrany-udaju\/","name":"Z\u00e1sady ochrany \u00fadaj\u016f | Xometry Europe","isPartOf":{"@id":"https:\/\/xometry.eu\/cs\/#website"},"primaryImageOfPage":{"@id":"https:\/\/xometry.eu\/cs\/zasady-ochrany-udaju\/#primaryimage"},"image":{"@id":"https:\/\/xometry.eu\/cs\/zasady-ochrany-udaju\/#primaryimage"},"thumbnailUrl":"https:\/\/xometry.eu\/wp-content\/uploads\/2020\/05\/homepage-header.png","datePublished":"2020-05-25T06:55:23+00:00","dateModified":"2024-02-16T11:43:41+00:00","description":"Shroma\u017e\u010fujeme a zaznamen\u00e1v\u00e1me \u00fadaje z\u00edskan\u00e9 od na\u0161ich z\u00e1kazn\u00edk\u016f a dodavatel\u016f prost\u0159ednictv\u00edm Google Analytics, Yandex Metric, Amplitude a Lead Forensics.","breadcrumb":{"@id":"https:\/\/xometry.eu\/cs\/zasady-ochrany-udaju\/#breadcrumb"},"inLanguage":"cs","potentialAction":[{"@type":"ReadAction","target":["https:\/\/xometry.eu\/cs\/zasady-ochrany-udaju\/"]}]},{"@type":"ImageObject","inLanguage":"cs","@id":"https:\/\/xometry.eu\/cs\/zasady-ochrany-udaju\/#primaryimage","url":"https:\/\/xometry.eu\/wp-content\/uploads\/2020\/05\/homepage-header.png","contentUrl":"https:\/\/xometry.eu\/wp-content\/uploads\/2020\/05\/homepage-header.png","width":2880,"height":1230,"caption":"engineer examining a metal part"},{"@type":"BreadcrumbList","@id":"https:\/\/xometry.eu\/cs\/zasady-ochrany-udaju\/#breadcrumb","itemListElement":[{"@type":"ListItem","position":1,"name":"Home","item":"https:\/\/xometry.eu\/cs\/"},{"@type":"ListItem","position":2,"name":"Z\u00e1sady ochrany \u00fadaj\u016f"}]},{"@type":"WebSite","@id":"https:\/\/xometry.eu\/cs\/#website","url":"https:\/\/xometry.eu\/cs\/","name":"Xometry Europe","description":"","publisher":{"@id":"https:\/\/xometry.eu\/cs\/#organization"},"potentialAction":[{"@type":"SearchAction","target":{"@type":"EntryPoint","urlTemplate":"https:\/\/xometry.eu\/cs\/?s={search_term_string}"},"query-input":{"@type":"PropertyValueSpecification","valueRequired":true,"valueName":"search_term_string"}}],"inLanguage":"cs"}]}},"_links":{"self":[{"href":"https:\/\/xometry.eu\/cs\/wp-json\/wp\/v2\/pages\/128817","targetHints":{"allow":["GET"]}}],"collection":[{"href":"https:\/\/xometry.eu\/cs\/wp-json\/wp\/v2\/pages"}],"about":[{"href":"https:\/\/xometry.eu\/cs\/wp-json\/wp\/v2\/types\/page"}],"author":[{"embeddable":true,"href":"https:\/\/xometry.eu\/cs\/wp-json\/wp\/v2\/users\/1"}],"replies":[{"embeddable":true,"href":"https:\/\/xometry.eu\/cs\/wp-json\/wp\/v2\/comments?post=128817"}],"version-history":[{"count":0,"href":"https:\/\/xometry.eu\/cs\/wp-json\/wp\/v2\/pages\/128817\/revisions"}],"wp:featuredmedia":[{"embeddable":true,"href":"https:\/\/xometry.eu\/cs\/wp-json\/wp\/v2\/media\/56500"}],"wp:attachment":[{"href":"https:\/\/xometry.eu\/cs\/wp-json\/wp\/v2\/media?parent=128817"}],"curies":[{"name":"wp","href":"https:\/\/api.w.org\/{rel}","templated":true}]}}