{"id":128812,"date":"2020-05-18T05:26:58","date_gmt":"2020-05-18T05:26:58","guid":{"rendered":"https:\/\/xometry.eu\/faq\/"},"modified":"2026-01-09T16:12:45","modified_gmt":"2026-01-09T14:12:45","slug":"faq","status":"publish","type":"page","link":"https:\/\/xometry.eu\/cs\/faq\/","title":{"rendered":"Frequently Asked Questions"},"content":{"rendered":"","protected":false},"excerpt":{"rendered":"","protected":false},"author":1,"featured_media":0,"parent":0,"menu_order":0,"comment_status":"closed","ping_status":"closed","template":"","meta":{"_acf_changed":false,"inline_featured_image":false,"footnotes":""},"class_list":["post-128812","page","type-page","status-publish","hentry"],"acf":[],"yoast_head":"<!-- This site is optimized with the Yoast SEO Premium plugin v20.5 (Yoast SEO v27.3) - https:\/\/yoast.com\/product\/yoast-seo-premium-wordpress\/ -->\n<title>\u010casto kladen\u00e9 ot\u00e1zky (FAQ) | Xometry Europe<\/title>\n<meta name=\"description\" content=\"Pokud nem\u016f\u017eete naj\u00edt to, co hled\u00e1te, nev\u00e1hejte se na n\u00e1s obr\u00e1tit na adrese info@xometry.eu nebo na \u010d\u00edsle +49 893 803 4818.\" \/>\n<meta name=\"robots\" content=\"index, follow, max-snippet:-1, max-image-preview:large, max-video-preview:-1\" \/>\n<link rel=\"canonical\" href=\"https:\/\/xometry.eu\/cs\/faq\/\" \/>\n<meta property=\"og:locale\" content=\"cs_CZ\" \/>\n<meta property=\"og:type\" content=\"article\" \/>\n<meta property=\"og:title\" content=\"Frequently Asked Questions\" \/>\n<meta property=\"og:description\" content=\"Pokud nem\u016f\u017eete naj\u00edt to, co hled\u00e1te, nev\u00e1hejte se na n\u00e1s obr\u00e1tit na adrese info@xometry.eu nebo na \u010d\u00edsle +49 893 803 4818.\" \/>\n<meta property=\"og:url\" content=\"https:\/\/xometry.eu\/cs\/faq\/\" \/>\n<meta property=\"og:site_name\" content=\"Xometry Europe\" \/>\n<meta property=\"article:modified_time\" content=\"2026-01-09T14:12:45+00:00\" \/>\n<meta name=\"twitter:card\" content=\"summary_large_image\" \/>\n<script type=\"application\/ld+json\" class=\"yoast-schema-graph\">{\"@context\":\"https:\\\/\\\/schema.org\",\"@graph\":[{\"@type\":\"WebPage\",\"@id\":\"https:\\\/\\\/xometry.eu\\\/cs\\\/faq\\\/\",\"url\":\"https:\\\/\\\/xometry.eu\\\/cs\\\/faq\\\/\",\"name\":\"\u010casto kladen\u00e9 ot\u00e1zky (FAQ) | Xometry Europe\",\"isPartOf\":{\"@id\":\"https:\\\/\\\/xometry.eu\\\/cs\\\/#website\"},\"datePublished\":\"2020-05-18T05:26:58+00:00\",\"dateModified\":\"2026-01-09T14:12:45+00:00\",\"description\":\"Pokud nem\u016f\u017eete naj\u00edt to, co hled\u00e1te, nev\u00e1hejte se na n\u00e1s obr\u00e1tit na adrese info@xometry.eu nebo na \u010d\u00edsle +49 893 803 4818.\",\"breadcrumb\":{\"@id\":\"https:\\\/\\\/xometry.eu\\\/cs\\\/faq\\\/#breadcrumb\"},\"inLanguage\":\"cs\",\"potentialAction\":[{\"@type\":\"ReadAction\",\"target\":[\"https:\\\/\\\/xometry.eu\\\/cs\\\/faq\\\/\"]}]},{\"@type\":\"BreadcrumbList\",\"@id\":\"https:\\\/\\\/xometry.eu\\\/cs\\\/faq\\\/#breadcrumb\",\"itemListElement\":[{\"@type\":\"ListItem\",\"position\":1,\"name\":\"Home\",\"item\":\"https:\\\/\\\/xometry.eu\\\/cs\\\/\"},{\"@type\":\"ListItem\",\"position\":2,\"name\":\"Frequently Asked Questions\"}]},{\"@type\":\"WebSite\",\"@id\":\"https:\\\/\\\/xometry.eu\\\/cs\\\/#website\",\"url\":\"https:\\\/\\\/xometry.eu\\\/cs\\\/\",\"name\":\"Xometry Europe\",\"description\":\"\",\"publisher\":{\"@id\":\"https:\\\/\\\/xometry.eu\\\/cs\\\/#organization\"},\"potentialAction\":[{\"@type\":\"SearchAction\",\"target\":{\"@type\":\"EntryPoint\",\"urlTemplate\":\"https:\\\/\\\/xometry.eu\\\/cs\\\/?s={search_term_string}\"},\"query-input\":{\"@type\":\"PropertyValueSpecification\",\"valueRequired\":true,\"valueName\":\"search_term_string\"}}],\"inLanguage\":\"cs\"}]}<\/script>\n<!-- \/ Yoast SEO Premium plugin. -->","yoast_head_json":{"title":"\u010casto kladen\u00e9 ot\u00e1zky (FAQ) | Xometry Europe","description":"Pokud nem\u016f\u017eete naj\u00edt to, co hled\u00e1te, nev\u00e1hejte se na n\u00e1s obr\u00e1tit na adrese info@xometry.eu nebo na \u010d\u00edsle +49 893 803 4818.","robots":{"index":"index","follow":"follow","max-snippet":"max-snippet:-1","max-image-preview":"max-image-preview:large","max-video-preview":"max-video-preview:-1"},"canonical":"https:\/\/xometry.eu\/cs\/faq\/","og_locale":"cs_CZ","og_type":"article","og_title":"Frequently Asked Questions","og_description":"Pokud nem\u016f\u017eete naj\u00edt to, co hled\u00e1te, nev\u00e1hejte se na n\u00e1s obr\u00e1tit na adrese info@xometry.eu nebo na \u010d\u00edsle +49 893 803 4818.","og_url":"https:\/\/xometry.eu\/cs\/faq\/","og_site_name":"Xometry Europe","article_modified_time":"2026-01-09T14:12:45+00:00","twitter_card":"summary_large_image","schema":{"@context":"https:\/\/schema.org","@graph":[{"@type":"WebPage","@id":"https:\/\/xometry.eu\/cs\/faq\/","url":"https:\/\/xometry.eu\/cs\/faq\/","name":"\u010casto kladen\u00e9 ot\u00e1zky (FAQ) | Xometry Europe","isPartOf":{"@id":"https:\/\/xometry.eu\/cs\/#website"},"datePublished":"2020-05-18T05:26:58+00:00","dateModified":"2026-01-09T14:12:45+00:00","description":"Pokud nem\u016f\u017eete naj\u00edt to, co hled\u00e1te, nev\u00e1hejte se na n\u00e1s obr\u00e1tit na adrese info@xometry.eu nebo na \u010d\u00edsle +49 893 803 4818.","breadcrumb":{"@id":"https:\/\/xometry.eu\/cs\/faq\/#breadcrumb"},"inLanguage":"cs","potentialAction":[{"@type":"ReadAction","target":["https:\/\/xometry.eu\/cs\/faq\/"]}]},{"@type":"BreadcrumbList","@id":"https:\/\/xometry.eu\/cs\/faq\/#breadcrumb","itemListElement":[{"@type":"ListItem","position":1,"name":"Home","item":"https:\/\/xometry.eu\/cs\/"},{"@type":"ListItem","position":2,"name":"Frequently Asked Questions"}]},{"@type":"WebSite","@id":"https:\/\/xometry.eu\/cs\/#website","url":"https:\/\/xometry.eu\/cs\/","name":"Xometry Europe","description":"","publisher":{"@id":"https:\/\/xometry.eu\/cs\/#organization"},"potentialAction":[{"@type":"SearchAction","target":{"@type":"EntryPoint","urlTemplate":"https:\/\/xometry.eu\/cs\/?s={search_term_string}"},"query-input":{"@type":"PropertyValueSpecification","valueRequired":true,"valueName":"search_term_string"}}],"inLanguage":"cs"}]}},"_links":{"self":[{"href":"https:\/\/xometry.eu\/cs\/wp-json\/wp\/v2\/pages\/128812","targetHints":{"allow":["GET"]}}],"collection":[{"href":"https:\/\/xometry.eu\/cs\/wp-json\/wp\/v2\/pages"}],"about":[{"href":"https:\/\/xometry.eu\/cs\/wp-json\/wp\/v2\/types\/page"}],"author":[{"embeddable":true,"href":"https:\/\/xometry.eu\/cs\/wp-json\/wp\/v2\/users\/1"}],"replies":[{"embeddable":true,"href":"https:\/\/xometry.eu\/cs\/wp-json\/wp\/v2\/comments?post=128812"}],"version-history":[{"count":0,"href":"https:\/\/xometry.eu\/cs\/wp-json\/wp\/v2\/pages\/128812\/revisions"}],"wp:attachment":[{"href":"https:\/\/xometry.eu\/cs\/wp-json\/wp\/v2\/media?parent=128812"}],"curies":[{"name":"wp","href":"https:\/\/api.w.org\/{rel}","templated":true}]}}