{"id":128769,"date":"2020-05-15T09:26:46","date_gmt":"2020-05-15T09:26:46","guid":{"rendered":"https:\/\/xometry.eu\/xometry-finishing-service\/"},"modified":"2024-02-19T09:21:47","modified_gmt":"2024-02-19T07:21:47","slug":"sluzby-povrchovych-uprav","status":"publish","type":"page","link":"https:\/\/xometry.eu\/cs\/sluzby-povrchovych-uprav\/","title":{"rendered":"Post Processing &amp; Finishes"},"content":{"rendered":"","protected":false},"excerpt":{"rendered":"","protected":false},"author":1,"featured_media":136176,"parent":0,"menu_order":0,"comment_status":"closed","ping_status":"closed","template":"","meta":{"_acf_changed":false,"inline_featured_image":false,"footnotes":""},"class_list":["post-128769","page","type-page","status-publish","has-post-thumbnail","hentry"],"acf":[],"yoast_head":"<!-- This site is optimized with the Yoast SEO Premium plugin v20.5 (Yoast SEO v27.1.1) - https:\/\/yoast.com\/product\/yoast-seo-premium-wordpress\/ -->\n<title>Slu\u017eby pro povrchovou \u00fapravu kov\u016f a plast\u016f | Xometry Europe<\/title>\n<meta name=\"description\" content=\"Spole\u010dnost Xometry Europe nab\u00edz\u00ed r\u016fzn\u00e9 dokon\u010dovac\u00ed slu\u017eby pro va\u0161e obr\u00e1b\u011bn\u00e9 d\u00edly, pro CNC obr\u00e1b\u011bn\u00ed a slu\u017eby v oblasti plech\u016f.\" \/>\n<meta name=\"robots\" content=\"index, follow, max-snippet:-1, max-image-preview:large, max-video-preview:-1\" \/>\n<link rel=\"canonical\" href=\"https:\/\/xometry.eu\/cs\/sluzby-povrchovych-uprav\/\" \/>\n<meta property=\"og:locale\" content=\"cs_CZ\" \/>\n<meta property=\"og:type\" content=\"article\" \/>\n<meta property=\"og:title\" content=\"Post Processing &amp; Finishes\" \/>\n<meta property=\"og:description\" content=\"Spole\u010dnost Xometry Europe nab\u00edz\u00ed r\u016fzn\u00e9 dokon\u010dovac\u00ed slu\u017eby pro va\u0161e obr\u00e1b\u011bn\u00e9 d\u00edly, pro CNC obr\u00e1b\u011bn\u00ed a slu\u017eby v oblasti plech\u016f.\" \/>\n<meta property=\"og:url\" content=\"https:\/\/xometry.eu\/cs\/sluzby-povrchovych-uprav\/\" \/>\n<meta property=\"og:site_name\" content=\"Xometry Europe\" \/>\n<meta property=\"article:modified_time\" content=\"2024-02-19T07:21:47+00:00\" \/>\n<meta property=\"og:image\" content=\"https:\/\/xometry.eu\/wp-content\/uploads\/2023\/10\/EN-3D-printing-service-page-1440x738.jpg\" \/>\n<meta name=\"twitter:card\" content=\"summary_large_image\" \/>\n<script type=\"application\/ld+json\" class=\"yoast-schema-graph\">{\"@context\":\"https:\/\/schema.org\",\"@graph\":[{\"@type\":\"WebPage\",\"@id\":\"https:\/\/xometry.eu\/cs\/sluzby-povrchovych-uprav\/\",\"url\":\"https:\/\/xometry.eu\/cs\/sluzby-povrchovych-uprav\/\",\"name\":\"Slu\u017eby pro povrchovou \u00fapravu kov\u016f a plast\u016f | Xometry Europe\",\"isPartOf\":{\"@id\":\"https:\/\/xometry.eu\/cs\/#website\"},\"primaryImageOfPage\":{\"@id\":\"https:\/\/xometry.eu\/cs\/sluzby-povrchovych-uprav\/#primaryimage\"},\"image\":{\"@id\":\"https:\/\/xometry.eu\/cs\/sluzby-povrchovych-uprav\/#primaryimage\"},\"thumbnailUrl\":\"https:\/\/xometry.eu\/wp-content\/uploads\/2024\/02\/CS-Post-processing-service-page.jpg\",\"datePublished\":\"2020-05-15T09:26:46+00:00\",\"dateModified\":\"2024-02-19T07:21:47+00:00\",\"description\":\"Spole\u010dnost Xometry Europe nab\u00edz\u00ed r\u016fzn\u00e9 dokon\u010dovac\u00ed slu\u017eby pro va\u0161e obr\u00e1b\u011bn\u00e9 d\u00edly, pro CNC obr\u00e1b\u011bn\u00ed a slu\u017eby v oblasti plech\u016f.\",\"breadcrumb\":{\"@id\":\"https:\/\/xometry.eu\/cs\/sluzby-povrchovych-uprav\/#breadcrumb\"},\"inLanguage\":\"cs\",\"potentialAction\":[{\"@type\":\"ReadAction\",\"target\":[\"https:\/\/xometry.eu\/cs\/sluzby-povrchovych-uprav\/\"]}]},{\"@type\":\"ImageObject\",\"inLanguage\":\"cs\",\"@id\":\"https:\/\/xometry.eu\/cs\/sluzby-povrchovych-uprav\/#primaryimage\",\"url\":\"https:\/\/xometry.eu\/wp-content\/uploads\/2024\/02\/CS-Post-processing-service-page.jpg\",\"contentUrl\":\"https:\/\/xometry.eu\/wp-content\/uploads\/2024\/02\/CS-Post-processing-service-page.jpg\",\"width\":2400,\"height\":1230},{\"@type\":\"BreadcrumbList\",\"@id\":\"https:\/\/xometry.eu\/cs\/sluzby-povrchovych-uprav\/#breadcrumb\",\"itemListElement\":[{\"@type\":\"ListItem\",\"position\":1,\"name\":\"Home\",\"item\":\"https:\/\/xometry.eu\/cs\/\"},{\"@type\":\"ListItem\",\"position\":2,\"name\":\"Post Processing &amp; Finishes\"}]},{\"@type\":\"WebSite\",\"@id\":\"https:\/\/xometry.eu\/cs\/#website\",\"url\":\"https:\/\/xometry.eu\/cs\/\",\"name\":\"Xometry Europe\",\"description\":\"\",\"publisher\":{\"@id\":\"https:\/\/xometry.eu\/cs\/#organization\"},\"potentialAction\":[{\"@type\":\"SearchAction\",\"target\":{\"@type\":\"EntryPoint\",\"urlTemplate\":\"https:\/\/xometry.eu\/cs\/?s={search_term_string}\"},\"query-input\":{\"@type\":\"PropertyValueSpecification\",\"valueRequired\":true,\"valueName\":\"search_term_string\"}}],\"inLanguage\":\"cs\"}]}<\/script>\n<!-- \/ Yoast SEO Premium plugin. -->","yoast_head_json":{"title":"Slu\u017eby pro povrchovou \u00fapravu kov\u016f a plast\u016f | Xometry Europe","description":"Spole\u010dnost Xometry Europe nab\u00edz\u00ed r\u016fzn\u00e9 dokon\u010dovac\u00ed slu\u017eby pro va\u0161e obr\u00e1b\u011bn\u00e9 d\u00edly, pro CNC obr\u00e1b\u011bn\u00ed a slu\u017eby v oblasti plech\u016f.","robots":{"index":"index","follow":"follow","max-snippet":"max-snippet:-1","max-image-preview":"max-image-preview:large","max-video-preview":"max-video-preview:-1"},"canonical":"https:\/\/xometry.eu\/cs\/sluzby-povrchovych-uprav\/","og_locale":"cs_CZ","og_type":"article","og_title":"Post Processing &amp; Finishes","og_description":"Spole\u010dnost Xometry Europe nab\u00edz\u00ed r\u016fzn\u00e9 dokon\u010dovac\u00ed slu\u017eby pro va\u0161e obr\u00e1b\u011bn\u00e9 d\u00edly, pro CNC obr\u00e1b\u011bn\u00ed a slu\u017eby v oblasti plech\u016f.","og_url":"https:\/\/xometry.eu\/cs\/sluzby-povrchovych-uprav\/","og_site_name":"Xometry Europe","article_modified_time":"2024-02-19T07:21:47+00:00","og_image":[{"url":"https:\/\/xometry.eu\/wp-content\/uploads\/2023\/10\/EN-3D-printing-service-page-1440x738.jpg","type":"","width":"","height":""}],"twitter_card":"summary_large_image","schema":{"@context":"https:\/\/schema.org","@graph":[{"@type":"WebPage","@id":"https:\/\/xometry.eu\/cs\/sluzby-povrchovych-uprav\/","url":"https:\/\/xometry.eu\/cs\/sluzby-povrchovych-uprav\/","name":"Slu\u017eby pro povrchovou \u00fapravu kov\u016f a plast\u016f | Xometry Europe","isPartOf":{"@id":"https:\/\/xometry.eu\/cs\/#website"},"primaryImageOfPage":{"@id":"https:\/\/xometry.eu\/cs\/sluzby-povrchovych-uprav\/#primaryimage"},"image":{"@id":"https:\/\/xometry.eu\/cs\/sluzby-povrchovych-uprav\/#primaryimage"},"thumbnailUrl":"https:\/\/xometry.eu\/wp-content\/uploads\/2024\/02\/CS-Post-processing-service-page.jpg","datePublished":"2020-05-15T09:26:46+00:00","dateModified":"2024-02-19T07:21:47+00:00","description":"Spole\u010dnost Xometry Europe nab\u00edz\u00ed r\u016fzn\u00e9 dokon\u010dovac\u00ed slu\u017eby pro va\u0161e obr\u00e1b\u011bn\u00e9 d\u00edly, pro CNC obr\u00e1b\u011bn\u00ed a slu\u017eby v oblasti plech\u016f.","breadcrumb":{"@id":"https:\/\/xometry.eu\/cs\/sluzby-povrchovych-uprav\/#breadcrumb"},"inLanguage":"cs","potentialAction":[{"@type":"ReadAction","target":["https:\/\/xometry.eu\/cs\/sluzby-povrchovych-uprav\/"]}]},{"@type":"ImageObject","inLanguage":"cs","@id":"https:\/\/xometry.eu\/cs\/sluzby-povrchovych-uprav\/#primaryimage","url":"https:\/\/xometry.eu\/wp-content\/uploads\/2024\/02\/CS-Post-processing-service-page.jpg","contentUrl":"https:\/\/xometry.eu\/wp-content\/uploads\/2024\/02\/CS-Post-processing-service-page.jpg","width":2400,"height":1230},{"@type":"BreadcrumbList","@id":"https:\/\/xometry.eu\/cs\/sluzby-povrchovych-uprav\/#breadcrumb","itemListElement":[{"@type":"ListItem","position":1,"name":"Home","item":"https:\/\/xometry.eu\/cs\/"},{"@type":"ListItem","position":2,"name":"Post Processing &amp; Finishes"}]},{"@type":"WebSite","@id":"https:\/\/xometry.eu\/cs\/#website","url":"https:\/\/xometry.eu\/cs\/","name":"Xometry Europe","description":"","publisher":{"@id":"https:\/\/xometry.eu\/cs\/#organization"},"potentialAction":[{"@type":"SearchAction","target":{"@type":"EntryPoint","urlTemplate":"https:\/\/xometry.eu\/cs\/?s={search_term_string}"},"query-input":{"@type":"PropertyValueSpecification","valueRequired":true,"valueName":"search_term_string"}}],"inLanguage":"cs"}]}},"_links":{"self":[{"href":"https:\/\/xometry.eu\/cs\/wp-json\/wp\/v2\/pages\/128769","targetHints":{"allow":["GET"]}}],"collection":[{"href":"https:\/\/xometry.eu\/cs\/wp-json\/wp\/v2\/pages"}],"about":[{"href":"https:\/\/xometry.eu\/cs\/wp-json\/wp\/v2\/types\/page"}],"author":[{"embeddable":true,"href":"https:\/\/xometry.eu\/cs\/wp-json\/wp\/v2\/users\/1"}],"replies":[{"embeddable":true,"href":"https:\/\/xometry.eu\/cs\/wp-json\/wp\/v2\/comments?post=128769"}],"version-history":[{"count":0,"href":"https:\/\/xometry.eu\/cs\/wp-json\/wp\/v2\/pages\/128769\/revisions"}],"wp:featuredmedia":[{"embeddable":true,"href":"https:\/\/xometry.eu\/cs\/wp-json\/wp\/v2\/media\/136176"}],"wp:attachment":[{"href":"https:\/\/xometry.eu\/cs\/wp-json\/wp\/v2\/media?parent=128769"}],"curies":[{"name":"wp","href":"https:\/\/api.w.org\/{rel}","templated":true}]}}