{"id":128744,"date":"2020-04-21T08:17:11","date_gmt":"2020-04-21T08:17:11","guid":{"rendered":"https:\/\/xometry.eu\/landing\/"},"modified":"2026-03-13T18:30:12","modified_gmt":"2026-03-13T16:30:12","slug":"landing","status":"publish","type":"page","link":"https:\/\/xometry.eu\/cs\/","title":{"rendered":"Homepage"},"content":{"rendered":"\n<script type=\"application\/ld+json\" class=\"schemantra\">{\n  \"@context\": \"https:\/\/schema.org\",\n  \"@type\": \"Organization\",\n  \"@id\": \"Xometry Europe\",\n  \"address\": \"Ada-Lovelace-Str. 9, 85521 Ottobrunn, Germany\",\n  \"award\": \"ISO 9001:2015\",\n  \"description\": \"Tr\u017ei\u0161t\u011b s um\u011blou inteligenc\u00ed a sada cloudov\u00fdch slu\u017eeb spole\u010dnosti Xometry (NASDAQ: XMTR) rychle digitalizuj\u00ed v\u00fdrobn\u00ed pr\u016fmysl. Spole\u010dnost Xometry nab\u00edz\u00ed v\u00fdrobc\u016fm d\u016fle\u017eit\u00e9 zdroje, kter\u00e9 pot\u0159ebuj\u00ed k rozvoji sv\u00e9ho podnik\u00e1n\u00ed, a kupuj\u00edc\u00edm usnad\u0148uje p\u0159\u00edstup ke glob\u00e1ln\u00edm v\u00fdrobn\u00edm kapacit\u00e1m a vytv\u00e1\u0159en\u00ed odoln\u00fdch dodavatelsk\u00fdch \u0159et\u011bzc\u016f.\",\n  \"email\": \"info@xometry.eu\",\n  \"legalName\": \"Xometry Europe GmbH\",\n  \"logo\": \"https:\/\/xometry.eu\/wp-content\/uploads\/2021\/12\/Logomark_Xometry_Blue-1.svg\",\n  \"name\": \"Xometry Europe\",\n  \"sameAs\": \"[https:\/\/www.facebook.com\/xometryeurope,https:\/\/www.linkedin.com\/company\/xometry-europe\/,https:\/\/www.youtube.com\/@xometry-europe,https:\/\/twitter.com\/XometryEU]\",\n  \"slogan\": \"Where Big Ideas are Built\",\n  \"telephone\": \"+49 89-3803-4818\",\n  \"url\": \"https:\/\/xometry.eu\/cs\/\",\n  \"vatID\": \"DE318027185\",\n  \"parentOrganization\": {\n    \"@context\": \"https:\/\/schema.org\",\n    \"@type\": \"Organization\",\n    \"@id\": \"Xometry\",\n    \"address\": \"6116 Executive Blvd, Ste. 800, North Bethesda, MD, 20852, United States of America\",\n    \"award\": \"[ITAR-registered,ISO 9001:2015,ISO 13485:2016,AS9100D]\",\n    \"description\": \"Xometry's (NASDAQ: XMTR) AI-powered marketplace, popular Thomasnet industrial sourcing platform and suite of cloud-based services are rapidly digitizing the $2.4 trillion manufacturing industry. Xometry provides manufacturers the critical resources they need to grow their business and makes it easy for buyers to access global manufacturing capacity and create locally resilient supply chains. The Xometry Instant Quoting Engine\u00ae leverages millions of pieces of data to quickly and effectively analyze complex parts in real-time, match buyers with the right suppliers globally and provide accurate pricing and lead times. Through its extensible marketplace, Xometry continuously scales its offerings, delivering an ever-expanding menu of manufacturing capabilities. Learn more at www.xometry.com or follow @xometry.\",\n    \"email\": \"support@xometry.com\",\n    \"legalName\": \"Xometry, Inc.\",\n    \"logo\": \"https:\/\/www.xometry.com\/condensed-wbib-logo.svg\",\n    \"name\": \"Xometry\",\n    \"sameAs\": \"[https:\/\/www.facebook.com\/xometry\/,https:\/\/www.linkedin.com\/company\/xometry,https:\/\/www.youtube.com\/@XometryHQ,https:\/\/twitter.com\/Xometry]\",\n    \"slogan\": \"Where Big Ideas are Built\",\n    \"telephone\": \"+1-800-983-1959\",\n    \"url\": \"https:\/\/www.xometry.com\"\n  }\n}<\/script>\n","protected":false},"excerpt":{"rendered":"","protected":false},"author":1,"featured_media":135287,"parent":0,"menu_order":0,"comment_status":"closed","ping_status":"closed","template":"","meta":{"_acf_changed":false,"inline_featured_image":false,"footnotes":""},"class_list":["post-128744","page","type-page","status-publish","has-post-thumbnail","hentry"],"acf":[],"yoast_head":"<!-- This site is optimized with the Yoast SEO Premium plugin v20.5 (Yoast SEO v27.3) - https:\/\/yoast.com\/product\/yoast-seo-premium-wordpress\/ -->\n<title>Xometry Europe - V\u00fdrobn\u00ed slu\u017eby: CNC, plechov\u00fd tisk, 3D tisk<\/title>\n<meta name=\"description\" content=\"Spole\u010dnost Xometry Europe nab\u00edz\u00ed online slu\u017eby CNC obr\u00e1b\u011bn\u00ed, 3D tisku, zpracov\u00e1n\u00ed plech\u016f a vst\u0159ikov\u00e1n\u00ed plast\u016f. Nahrajte sv\u00e9 soubory a z\u00edskejte okam\u017eitou nab\u00eddku!\" \/>\n<meta name=\"robots\" content=\"index, follow, max-snippet:-1, max-image-preview:large, max-video-preview:-1\" \/>\n<link rel=\"canonical\" href=\"https:\/\/xometry.eu\/cs\/\" \/>\n<meta property=\"og:locale\" content=\"cs_CZ\" \/>\n<meta property=\"og:type\" content=\"article\" \/>\n<meta property=\"og:title\" content=\"Xometry Europe \u2013 Manufacturing Services: CNC, Sheet Metal, 3D Printing, Injection Moulding\" \/>\n<meta property=\"og:description\" content=\"Xometry Europe offers CNC Machining, 3D Printing, Sheet Metal and Injection Moulding services online. Upload your files for an instant quote!\" \/>\n<meta property=\"og:url\" content=\"https:\/\/xometry.eu\/cs\/\" \/>\n<meta property=\"og:site_name\" content=\"Xometry Europe\" \/>\n<meta property=\"article:modified_time\" content=\"2026-03-13T16:30:12+00:00\" \/>\n<meta property=\"og:image\" content=\"http:\/\/xometryeuuktr.kinsta.cloud\/wp-content\/uploads\/2023\/02\/EN-Main-page-1440x738.png\" \/>\n<meta name=\"twitter:card\" content=\"summary_large_image\" \/>\n<meta name=\"twitter:title\" content=\"Homepage\" \/>\n<meta name=\"twitter:label1\" content=\"Odhadovan\u00e1 doba \u010dten\u00ed\" \/>\n\t<meta name=\"twitter:data1\" content=\"2 minuty\" \/>\n<script type=\"application\/ld+json\" class=\"yoast-schema-graph\">{\"@context\":\"https:\\\/\\\/schema.org\",\"@graph\":[{\"@type\":\"WebPage\",\"@id\":\"https:\\\/\\\/xometry.eu\\\/cs\\\/\",\"url\":\"https:\\\/\\\/xometry.eu\\\/cs\\\/\",\"name\":\"Xometry Europe - V\u00fdrobn\u00ed slu\u017eby: CNC, plechov\u00fd tisk, 3D tisk\",\"isPartOf\":{\"@id\":\"https:\\\/\\\/xometry.eu\\\/cs\\\/#website\"},\"primaryImageOfPage\":{\"@id\":\"https:\\\/\\\/xometry.eu\\\/cs\\\/#primaryimage\"},\"image\":{\"@id\":\"https:\\\/\\\/xometry.eu\\\/cs\\\/#primaryimage\"},\"thumbnailUrl\":\"https:\\\/\\\/xometry.eu\\\/wp-content\\\/uploads\\\/2024\\\/02\\\/CS-Homepage-service-page.jpg\",\"datePublished\":\"2020-04-21T08:17:11+00:00\",\"dateModified\":\"2026-03-13T16:30:12+00:00\",\"description\":\"Spole\u010dnost Xometry Europe nab\u00edz\u00ed online slu\u017eby CNC obr\u00e1b\u011bn\u00ed, 3D tisku, zpracov\u00e1n\u00ed plech\u016f a vst\u0159ikov\u00e1n\u00ed plast\u016f. Nahrajte sv\u00e9 soubory a z\u00edskejte okam\u017eitou nab\u00eddku!\",\"breadcrumb\":{\"@id\":\"https:\\\/\\\/xometry.eu\\\/cs\\\/#breadcrumb\"},\"inLanguage\":\"cs\",\"potentialAction\":[{\"@type\":\"ReadAction\",\"target\":[\"https:\\\/\\\/xometry.eu\\\/cs\\\/\"]}]},{\"@type\":\"ImageObject\",\"inLanguage\":\"cs\",\"@id\":\"https:\\\/\\\/xometry.eu\\\/cs\\\/#primaryimage\",\"url\":\"https:\\\/\\\/xometry.eu\\\/wp-content\\\/uploads\\\/2024\\\/02\\\/CS-Homepage-service-page.jpg\",\"contentUrl\":\"https:\\\/\\\/xometry.eu\\\/wp-content\\\/uploads\\\/2024\\\/02\\\/CS-Homepage-service-page.jpg\",\"width\":2400,\"height\":1230},{\"@type\":\"BreadcrumbList\",\"@id\":\"https:\\\/\\\/xometry.eu\\\/cs\\\/#breadcrumb\",\"itemListElement\":[{\"@type\":\"ListItem\",\"position\":1,\"name\":\"Home\",\"item\":\"https:\\\/\\\/xometry.eu\\\/cs\\\/\"},{\"@type\":\"ListItem\",\"position\":2,\"name\":\"Homepage\"}]},{\"@type\":\"WebSite\",\"@id\":\"https:\\\/\\\/xometry.eu\\\/cs\\\/#website\",\"url\":\"https:\\\/\\\/xometry.eu\\\/cs\\\/\",\"name\":\"Xometry Europe\",\"description\":\"\",\"publisher\":{\"@id\":\"https:\\\/\\\/xometry.eu\\\/cs\\\/#organization\"},\"potentialAction\":[{\"@type\":\"SearchAction\",\"target\":{\"@type\":\"EntryPoint\",\"urlTemplate\":\"https:\\\/\\\/xometry.eu\\\/cs\\\/?s={search_term_string}\"},\"query-input\":{\"@type\":\"PropertyValueSpecification\",\"valueRequired\":true,\"valueName\":\"search_term_string\"}}],\"inLanguage\":\"cs\"}]}<\/script>\n<!-- \/ Yoast SEO Premium plugin. -->","yoast_head_json":{"title":"Xometry Europe - V\u00fdrobn\u00ed slu\u017eby: CNC, plechov\u00fd tisk, 3D tisk","description":"Spole\u010dnost Xometry Europe nab\u00edz\u00ed online slu\u017eby CNC obr\u00e1b\u011bn\u00ed, 3D tisku, zpracov\u00e1n\u00ed plech\u016f a vst\u0159ikov\u00e1n\u00ed plast\u016f. Nahrajte sv\u00e9 soubory a z\u00edskejte okam\u017eitou nab\u00eddku!","robots":{"index":"index","follow":"follow","max-snippet":"max-snippet:-1","max-image-preview":"max-image-preview:large","max-video-preview":"max-video-preview:-1"},"canonical":"https:\/\/xometry.eu\/cs\/","og_locale":"cs_CZ","og_type":"article","og_title":"Xometry Europe \u2013 Manufacturing Services: CNC, Sheet Metal, 3D Printing, Injection Moulding","og_description":"Xometry Europe offers CNC Machining, 3D Printing, Sheet Metal and Injection Moulding services online. Upload your files for an instant quote!","og_url":"https:\/\/xometry.eu\/cs\/","og_site_name":"Xometry Europe","article_modified_time":"2026-03-13T16:30:12+00:00","og_image":[{"url":"http:\/\/xometryeuuktr.kinsta.cloud\/wp-content\/uploads\/2023\/02\/EN-Main-page-1440x738.png","type":"","width":"","height":""}],"twitter_card":"summary_large_image","twitter_title":"Homepage","twitter_misc":{"Odhadovan\u00e1 doba \u010dten\u00ed":"2 minuty"},"schema":{"@context":"https:\/\/schema.org","@graph":[{"@type":"WebPage","@id":"https:\/\/xometry.eu\/cs\/","url":"https:\/\/xometry.eu\/cs\/","name":"Xometry Europe - V\u00fdrobn\u00ed slu\u017eby: CNC, plechov\u00fd tisk, 3D tisk","isPartOf":{"@id":"https:\/\/xometry.eu\/cs\/#website"},"primaryImageOfPage":{"@id":"https:\/\/xometry.eu\/cs\/#primaryimage"},"image":{"@id":"https:\/\/xometry.eu\/cs\/#primaryimage"},"thumbnailUrl":"https:\/\/xometry.eu\/wp-content\/uploads\/2024\/02\/CS-Homepage-service-page.jpg","datePublished":"2020-04-21T08:17:11+00:00","dateModified":"2026-03-13T16:30:12+00:00","description":"Spole\u010dnost Xometry Europe nab\u00edz\u00ed online slu\u017eby CNC obr\u00e1b\u011bn\u00ed, 3D tisku, zpracov\u00e1n\u00ed plech\u016f a vst\u0159ikov\u00e1n\u00ed plast\u016f. Nahrajte sv\u00e9 soubory a z\u00edskejte okam\u017eitou nab\u00eddku!","breadcrumb":{"@id":"https:\/\/xometry.eu\/cs\/#breadcrumb"},"inLanguage":"cs","potentialAction":[{"@type":"ReadAction","target":["https:\/\/xometry.eu\/cs\/"]}]},{"@type":"ImageObject","inLanguage":"cs","@id":"https:\/\/xometry.eu\/cs\/#primaryimage","url":"https:\/\/xometry.eu\/wp-content\/uploads\/2024\/02\/CS-Homepage-service-page.jpg","contentUrl":"https:\/\/xometry.eu\/wp-content\/uploads\/2024\/02\/CS-Homepage-service-page.jpg","width":2400,"height":1230},{"@type":"BreadcrumbList","@id":"https:\/\/xometry.eu\/cs\/#breadcrumb","itemListElement":[{"@type":"ListItem","position":1,"name":"Home","item":"https:\/\/xometry.eu\/cs\/"},{"@type":"ListItem","position":2,"name":"Homepage"}]},{"@type":"WebSite","@id":"https:\/\/xometry.eu\/cs\/#website","url":"https:\/\/xometry.eu\/cs\/","name":"Xometry Europe","description":"","publisher":{"@id":"https:\/\/xometry.eu\/cs\/#organization"},"potentialAction":[{"@type":"SearchAction","target":{"@type":"EntryPoint","urlTemplate":"https:\/\/xometry.eu\/cs\/?s={search_term_string}"},"query-input":{"@type":"PropertyValueSpecification","valueRequired":true,"valueName":"search_term_string"}}],"inLanguage":"cs"}]}},"_links":{"self":[{"href":"https:\/\/xometry.eu\/cs\/wp-json\/wp\/v2\/pages\/128744","targetHints":{"allow":["GET"]}}],"collection":[{"href":"https:\/\/xometry.eu\/cs\/wp-json\/wp\/v2\/pages"}],"about":[{"href":"https:\/\/xometry.eu\/cs\/wp-json\/wp\/v2\/types\/page"}],"author":[{"embeddable":true,"href":"https:\/\/xometry.eu\/cs\/wp-json\/wp\/v2\/users\/1"}],"replies":[{"embeddable":true,"href":"https:\/\/xometry.eu\/cs\/wp-json\/wp\/v2\/comments?post=128744"}],"version-history":[{"count":0,"href":"https:\/\/xometry.eu\/cs\/wp-json\/wp\/v2\/pages\/128744\/revisions"}],"wp:featuredmedia":[{"embeddable":true,"href":"https:\/\/xometry.eu\/cs\/wp-json\/wp\/v2\/media\/135287"}],"wp:attachment":[{"href":"https:\/\/xometry.eu\/cs\/wp-json\/wp\/v2\/media?parent=128744"}],"curies":[{"name":"wp","href":"https:\/\/api.w.org\/{rel}","templated":true}]}}