{"id":128494,"date":"2024-01-26T11:35:34","date_gmt":"2024-01-26T09:35:34","guid":{"rendered":"https:\/\/xometry.eu\/formative-manufacturing\/"},"modified":"2026-02-03T17:33:05","modified_gmt":"2026-02-03T15:33:05","slug":"sluzby-tvareci-vyroby","status":"publish","type":"page","link":"https:\/\/xometry.eu\/cs\/sluzby-tvareci-vyroby\/","title":{"rendered":"Formative Manufacturing"},"content":{"rendered":"","protected":false},"excerpt":{"rendered":"","protected":false},"author":10,"featured_media":0,"parent":0,"menu_order":0,"comment_status":"closed","ping_status":"closed","template":"","meta":{"_acf_changed":false,"inline_featured_image":false,"footnotes":""},"class_list":["post-128494","page","type-page","status-publish","hentry"],"acf":[],"yoast_head":"<!-- This site is optimized with the Yoast SEO Premium plugin v20.5 (Yoast SEO v27.3) - https:\/\/yoast.com\/product\/yoast-seo-premium-wordpress\/ -->\n<title>Slu\u017eby tv\u00e1\u0159ec\u00ed v\u00fdroby | 4 Technologie | Xometry Europe<\/title>\n<meta name=\"description\" content=\"Spole\u010dnost Xometry Europe nab\u00edz\u00ed 4 formovac\u00ed v\u00fdrobn\u00ed technologie v\u010detn\u011b vst\u0159ikov\u00e1n\u00ed, tlakov\u00e9ho lit\u00ed, vyfukov\u00e1n\u00ed a vytla\u010dov\u00e1n\u00ed plast\u016f.\" \/>\n<meta name=\"robots\" content=\"index, follow, max-snippet:-1, max-image-preview:large, max-video-preview:-1\" \/>\n<link rel=\"canonical\" href=\"https:\/\/xometry.eu\/cs\/sluzby-tvareci-vyroby\/\" \/>\n<meta property=\"og:locale\" content=\"cs_CZ\" \/>\n<meta property=\"og:type\" content=\"article\" \/>\n<meta property=\"og:title\" content=\"Formative Manufacturing\" \/>\n<meta property=\"og:description\" content=\"Spole\u010dnost Xometry Europe nab\u00edz\u00ed 4 formovac\u00ed v\u00fdrobn\u00ed technologie v\u010detn\u011b vst\u0159ikov\u00e1n\u00ed, tlakov\u00e9ho lit\u00ed, vyfukov\u00e1n\u00ed a vytla\u010dov\u00e1n\u00ed plast\u016f.\" \/>\n<meta property=\"og:url\" content=\"https:\/\/xometry.eu\/cs\/sluzby-tvareci-vyroby\/\" \/>\n<meta property=\"og:site_name\" content=\"Xometry Europe\" \/>\n<meta property=\"article:modified_time\" content=\"2026-02-03T15:33:05+00:00\" \/>\n<meta name=\"twitter:card\" content=\"summary_large_image\" \/>\n<script type=\"application\/ld+json\" class=\"yoast-schema-graph\">{\"@context\":\"https:\\\/\\\/schema.org\",\"@graph\":[{\"@type\":\"WebPage\",\"@id\":\"https:\\\/\\\/xometry.eu\\\/cs\\\/sluzby-tvareci-vyroby\\\/\",\"url\":\"https:\\\/\\\/xometry.eu\\\/cs\\\/sluzby-tvareci-vyroby\\\/\",\"name\":\"Slu\u017eby tv\u00e1\u0159ec\u00ed v\u00fdroby | 4 Technologie | Xometry Europe\",\"isPartOf\":{\"@id\":\"https:\\\/\\\/xometry.eu\\\/cs\\\/#website\"},\"datePublished\":\"2024-01-26T09:35:34+00:00\",\"dateModified\":\"2026-02-03T15:33:05+00:00\",\"description\":\"Spole\u010dnost Xometry Europe nab\u00edz\u00ed 4 formovac\u00ed v\u00fdrobn\u00ed technologie v\u010detn\u011b vst\u0159ikov\u00e1n\u00ed, tlakov\u00e9ho lit\u00ed, vyfukov\u00e1n\u00ed a vytla\u010dov\u00e1n\u00ed plast\u016f.\",\"breadcrumb\":{\"@id\":\"https:\\\/\\\/xometry.eu\\\/cs\\\/sluzby-tvareci-vyroby\\\/#breadcrumb\"},\"inLanguage\":\"cs\",\"potentialAction\":[{\"@type\":\"ReadAction\",\"target\":[\"https:\\\/\\\/xometry.eu\\\/cs\\\/sluzby-tvareci-vyroby\\\/\"]}]},{\"@type\":\"BreadcrumbList\",\"@id\":\"https:\\\/\\\/xometry.eu\\\/cs\\\/sluzby-tvareci-vyroby\\\/#breadcrumb\",\"itemListElement\":[{\"@type\":\"ListItem\",\"position\":1,\"name\":\"Home\",\"item\":\"https:\\\/\\\/xometry.eu\\\/cs\\\/\"},{\"@type\":\"ListItem\",\"position\":2,\"name\":\"Formative Manufacturing\"}]},{\"@type\":\"WebSite\",\"@id\":\"https:\\\/\\\/xometry.eu\\\/cs\\\/#website\",\"url\":\"https:\\\/\\\/xometry.eu\\\/cs\\\/\",\"name\":\"Xometry Europe\",\"description\":\"\",\"publisher\":{\"@id\":\"https:\\\/\\\/xometry.eu\\\/cs\\\/#organization\"},\"potentialAction\":[{\"@type\":\"SearchAction\",\"target\":{\"@type\":\"EntryPoint\",\"urlTemplate\":\"https:\\\/\\\/xometry.eu\\\/cs\\\/?s={search_term_string}\"},\"query-input\":{\"@type\":\"PropertyValueSpecification\",\"valueRequired\":true,\"valueName\":\"search_term_string\"}}],\"inLanguage\":\"cs\"}]}<\/script>\n<!-- \/ Yoast SEO Premium plugin. -->","yoast_head_json":{"title":"Slu\u017eby tv\u00e1\u0159ec\u00ed v\u00fdroby | 4 Technologie | Xometry Europe","description":"Spole\u010dnost Xometry Europe nab\u00edz\u00ed 4 formovac\u00ed v\u00fdrobn\u00ed technologie v\u010detn\u011b vst\u0159ikov\u00e1n\u00ed, tlakov\u00e9ho lit\u00ed, vyfukov\u00e1n\u00ed a vytla\u010dov\u00e1n\u00ed plast\u016f.","robots":{"index":"index","follow":"follow","max-snippet":"max-snippet:-1","max-image-preview":"max-image-preview:large","max-video-preview":"max-video-preview:-1"},"canonical":"https:\/\/xometry.eu\/cs\/sluzby-tvareci-vyroby\/","og_locale":"cs_CZ","og_type":"article","og_title":"Formative Manufacturing","og_description":"Spole\u010dnost Xometry Europe nab\u00edz\u00ed 4 formovac\u00ed v\u00fdrobn\u00ed technologie v\u010detn\u011b vst\u0159ikov\u00e1n\u00ed, tlakov\u00e9ho lit\u00ed, vyfukov\u00e1n\u00ed a vytla\u010dov\u00e1n\u00ed plast\u016f.","og_url":"https:\/\/xometry.eu\/cs\/sluzby-tvareci-vyroby\/","og_site_name":"Xometry Europe","article_modified_time":"2026-02-03T15:33:05+00:00","twitter_card":"summary_large_image","schema":{"@context":"https:\/\/schema.org","@graph":[{"@type":"WebPage","@id":"https:\/\/xometry.eu\/cs\/sluzby-tvareci-vyroby\/","url":"https:\/\/xometry.eu\/cs\/sluzby-tvareci-vyroby\/","name":"Slu\u017eby tv\u00e1\u0159ec\u00ed v\u00fdroby | 4 Technologie | Xometry Europe","isPartOf":{"@id":"https:\/\/xometry.eu\/cs\/#website"},"datePublished":"2024-01-26T09:35:34+00:00","dateModified":"2026-02-03T15:33:05+00:00","description":"Spole\u010dnost Xometry Europe nab\u00edz\u00ed 4 formovac\u00ed v\u00fdrobn\u00ed technologie v\u010detn\u011b vst\u0159ikov\u00e1n\u00ed, tlakov\u00e9ho lit\u00ed, vyfukov\u00e1n\u00ed a vytla\u010dov\u00e1n\u00ed plast\u016f.","breadcrumb":{"@id":"https:\/\/xometry.eu\/cs\/sluzby-tvareci-vyroby\/#breadcrumb"},"inLanguage":"cs","potentialAction":[{"@type":"ReadAction","target":["https:\/\/xometry.eu\/cs\/sluzby-tvareci-vyroby\/"]}]},{"@type":"BreadcrumbList","@id":"https:\/\/xometry.eu\/cs\/sluzby-tvareci-vyroby\/#breadcrumb","itemListElement":[{"@type":"ListItem","position":1,"name":"Home","item":"https:\/\/xometry.eu\/cs\/"},{"@type":"ListItem","position":2,"name":"Formative Manufacturing"}]},{"@type":"WebSite","@id":"https:\/\/xometry.eu\/cs\/#website","url":"https:\/\/xometry.eu\/cs\/","name":"Xometry Europe","description":"","publisher":{"@id":"https:\/\/xometry.eu\/cs\/#organization"},"potentialAction":[{"@type":"SearchAction","target":{"@type":"EntryPoint","urlTemplate":"https:\/\/xometry.eu\/cs\/?s={search_term_string}"},"query-input":{"@type":"PropertyValueSpecification","valueRequired":true,"valueName":"search_term_string"}}],"inLanguage":"cs"}]}},"_links":{"self":[{"href":"https:\/\/xometry.eu\/cs\/wp-json\/wp\/v2\/pages\/128494","targetHints":{"allow":["GET"]}}],"collection":[{"href":"https:\/\/xometry.eu\/cs\/wp-json\/wp\/v2\/pages"}],"about":[{"href":"https:\/\/xometry.eu\/cs\/wp-json\/wp\/v2\/types\/page"}],"author":[{"embeddable":true,"href":"https:\/\/xometry.eu\/cs\/wp-json\/wp\/v2\/users\/10"}],"replies":[{"embeddable":true,"href":"https:\/\/xometry.eu\/cs\/wp-json\/wp\/v2\/comments?post=128494"}],"version-history":[{"count":0,"href":"https:\/\/xometry.eu\/cs\/wp-json\/wp\/v2\/pages\/128494\/revisions"}],"wp:attachment":[{"href":"https:\/\/xometry.eu\/cs\/wp-json\/wp\/v2\/media?parent=128494"}],"curies":[{"name":"wp","href":"https:\/\/api.w.org\/{rel}","templated":true}]}}