{"id":128463,"date":"2022-11-18T15:19:46","date_gmt":"2022-11-18T13:19:46","guid":{"rendered":"https:\/\/xometry.eu\/compression-moulding\/"},"modified":"2026-02-03T13:38:12","modified_gmt":"2026-02-03T11:38:12","slug":"sluzby-tlakoveho-lisovani-silikonu","status":"publish","type":"page","link":"https:\/\/xometry.eu\/cs\/sluzby-tlakoveho-lisovani-silikonu\/","title":{"rendered":"Compression Moulding"},"content":{"rendered":"","protected":false},"excerpt":{"rendered":"","protected":false},"author":10,"featured_media":136154,"parent":0,"menu_order":0,"comment_status":"closed","ping_status":"closed","template":"","meta":{"_acf_changed":false,"inline_featured_image":false,"footnotes":""},"class_list":["post-128463","page","type-page","status-publish","has-post-thumbnail","hentry"],"acf":[],"yoast_head":"<!-- This site is optimized with the Yoast SEO Premium plugin v20.5 (Yoast SEO v27.3) - https:\/\/yoast.com\/product\/yoast-seo-premium-wordpress\/ -->\n<title>Slu\u017eby tlakov\u00e9ho lisov\u00e1n\u00ed silikonu | Xometry Europe<\/title>\n<meta name=\"description\" content=\"Slu\u017eby tlakov\u00e9ho lisov\u00e1n\u00ed silikonov\u00fdch d\u00edl\u016f na zak\u00e1zku. S\u00ed\u0165 dodavatel\u016f vst\u0159ikovac\u00edch forem spole\u010dnosti Xometry m\u00e1 vedouc\u00ed postaven\u00ed v prototypov\u00e9 a malos\u00e9riov\u00e9 v\u00fdrob\u011b.\" \/>\n<meta name=\"robots\" content=\"index, follow, max-snippet:-1, max-image-preview:large, max-video-preview:-1\" \/>\n<link rel=\"canonical\" href=\"https:\/\/xometry.eu\/cs\/sluzby-tlakoveho-lisovani-silikonu\/\" \/>\n<meta property=\"og:locale\" content=\"cs_CZ\" \/>\n<meta property=\"og:type\" content=\"article\" \/>\n<meta property=\"og:title\" content=\"Compression Moulding\" \/>\n<meta property=\"og:description\" content=\"Slu\u017eby tlakov\u00e9ho lisov\u00e1n\u00ed silikonov\u00fdch d\u00edl\u016f na zak\u00e1zku. S\u00ed\u0165 dodavatel\u016f vst\u0159ikovac\u00edch forem spole\u010dnosti Xometry m\u00e1 vedouc\u00ed postaven\u00ed v prototypov\u00e9 a malos\u00e9riov\u00e9 v\u00fdrob\u011b.\" \/>\n<meta property=\"og:url\" content=\"https:\/\/xometry.eu\/cs\/sluzby-tlakoveho-lisovani-silikonu\/\" \/>\n<meta property=\"og:site_name\" content=\"Xometry Europe\" \/>\n<meta property=\"article:modified_time\" content=\"2026-02-03T11:38:12+00:00\" \/>\n<meta property=\"og:image\" content=\"http:\/\/xometry.eu\/wp-content\/uploads\/2023\/02\/EN-Compression-Moulding-service-page-1440x738.jpg\" \/>\n<meta name=\"twitter:card\" content=\"summary_large_image\" \/>\n<script type=\"application\/ld+json\" class=\"yoast-schema-graph\">{\"@context\":\"https:\\\/\\\/schema.org\",\"@graph\":[{\"@type\":\"WebPage\",\"@id\":\"https:\\\/\\\/xometry.eu\\\/cs\\\/sluzby-tlakoveho-lisovani-silikonu\\\/\",\"url\":\"https:\\\/\\\/xometry.eu\\\/cs\\\/sluzby-tlakoveho-lisovani-silikonu\\\/\",\"name\":\"Slu\u017eby tlakov\u00e9ho lisov\u00e1n\u00ed silikonu | Xometry Europe\",\"isPartOf\":{\"@id\":\"https:\\\/\\\/xometry.eu\\\/cs\\\/#website\"},\"primaryImageOfPage\":{\"@id\":\"https:\\\/\\\/xometry.eu\\\/cs\\\/sluzby-tlakoveho-lisovani-silikonu\\\/#primaryimage\"},\"image\":{\"@id\":\"https:\\\/\\\/xometry.eu\\\/cs\\\/sluzby-tlakoveho-lisovani-silikonu\\\/#primaryimage\"},\"thumbnailUrl\":\"https:\\\/\\\/xometry.eu\\\/wp-content\\\/uploads\\\/2024\\\/02\\\/CS-Compression-Moulding-service-page.jpg\",\"datePublished\":\"2022-11-18T13:19:46+00:00\",\"dateModified\":\"2026-02-03T11:38:12+00:00\",\"description\":\"Slu\u017eby tlakov\u00e9ho lisov\u00e1n\u00ed silikonov\u00fdch d\u00edl\u016f na zak\u00e1zku. S\u00ed\u0165 dodavatel\u016f vst\u0159ikovac\u00edch forem spole\u010dnosti Xometry m\u00e1 vedouc\u00ed postaven\u00ed v prototypov\u00e9 a malos\u00e9riov\u00e9 v\u00fdrob\u011b.\",\"breadcrumb\":{\"@id\":\"https:\\\/\\\/xometry.eu\\\/cs\\\/sluzby-tlakoveho-lisovani-silikonu\\\/#breadcrumb\"},\"inLanguage\":\"cs\",\"potentialAction\":[{\"@type\":\"ReadAction\",\"target\":[\"https:\\\/\\\/xometry.eu\\\/cs\\\/sluzby-tlakoveho-lisovani-silikonu\\\/\"]}]},{\"@type\":\"ImageObject\",\"inLanguage\":\"cs\",\"@id\":\"https:\\\/\\\/xometry.eu\\\/cs\\\/sluzby-tlakoveho-lisovani-silikonu\\\/#primaryimage\",\"url\":\"https:\\\/\\\/xometry.eu\\\/wp-content\\\/uploads\\\/2024\\\/02\\\/CS-Compression-Moulding-service-page.jpg\",\"contentUrl\":\"https:\\\/\\\/xometry.eu\\\/wp-content\\\/uploads\\\/2024\\\/02\\\/CS-Compression-Moulding-service-page.jpg\",\"width\":2400,\"height\":1230},{\"@type\":\"BreadcrumbList\",\"@id\":\"https:\\\/\\\/xometry.eu\\\/cs\\\/sluzby-tlakoveho-lisovani-silikonu\\\/#breadcrumb\",\"itemListElement\":[{\"@type\":\"ListItem\",\"position\":1,\"name\":\"Home\",\"item\":\"https:\\\/\\\/xometry.eu\\\/cs\\\/\"},{\"@type\":\"ListItem\",\"position\":2,\"name\":\"Compression Moulding\"}]},{\"@type\":\"WebSite\",\"@id\":\"https:\\\/\\\/xometry.eu\\\/cs\\\/#website\",\"url\":\"https:\\\/\\\/xometry.eu\\\/cs\\\/\",\"name\":\"Xometry Europe\",\"description\":\"\",\"publisher\":{\"@id\":\"https:\\\/\\\/xometry.eu\\\/cs\\\/#organization\"},\"potentialAction\":[{\"@type\":\"SearchAction\",\"target\":{\"@type\":\"EntryPoint\",\"urlTemplate\":\"https:\\\/\\\/xometry.eu\\\/cs\\\/?s={search_term_string}\"},\"query-input\":{\"@type\":\"PropertyValueSpecification\",\"valueRequired\":true,\"valueName\":\"search_term_string\"}}],\"inLanguage\":\"cs\"}]}<\/script>\n<!-- \/ Yoast SEO Premium plugin. -->","yoast_head_json":{"title":"Slu\u017eby tlakov\u00e9ho lisov\u00e1n\u00ed silikonu | Xometry Europe","description":"Slu\u017eby tlakov\u00e9ho lisov\u00e1n\u00ed silikonov\u00fdch d\u00edl\u016f na zak\u00e1zku. S\u00ed\u0165 dodavatel\u016f vst\u0159ikovac\u00edch forem spole\u010dnosti Xometry m\u00e1 vedouc\u00ed postaven\u00ed v prototypov\u00e9 a malos\u00e9riov\u00e9 v\u00fdrob\u011b.","robots":{"index":"index","follow":"follow","max-snippet":"max-snippet:-1","max-image-preview":"max-image-preview:large","max-video-preview":"max-video-preview:-1"},"canonical":"https:\/\/xometry.eu\/cs\/sluzby-tlakoveho-lisovani-silikonu\/","og_locale":"cs_CZ","og_type":"article","og_title":"Compression Moulding","og_description":"Slu\u017eby tlakov\u00e9ho lisov\u00e1n\u00ed silikonov\u00fdch d\u00edl\u016f na zak\u00e1zku. S\u00ed\u0165 dodavatel\u016f vst\u0159ikovac\u00edch forem spole\u010dnosti Xometry m\u00e1 vedouc\u00ed postaven\u00ed v prototypov\u00e9 a malos\u00e9riov\u00e9 v\u00fdrob\u011b.","og_url":"https:\/\/xometry.eu\/cs\/sluzby-tlakoveho-lisovani-silikonu\/","og_site_name":"Xometry Europe","article_modified_time":"2026-02-03T11:38:12+00:00","og_image":[{"url":"http:\/\/xometry.eu\/wp-content\/uploads\/2023\/02\/EN-Compression-Moulding-service-page-1440x738.jpg","type":"","width":"","height":""}],"twitter_card":"summary_large_image","schema":{"@context":"https:\/\/schema.org","@graph":[{"@type":"WebPage","@id":"https:\/\/xometry.eu\/cs\/sluzby-tlakoveho-lisovani-silikonu\/","url":"https:\/\/xometry.eu\/cs\/sluzby-tlakoveho-lisovani-silikonu\/","name":"Slu\u017eby tlakov\u00e9ho lisov\u00e1n\u00ed silikonu | Xometry Europe","isPartOf":{"@id":"https:\/\/xometry.eu\/cs\/#website"},"primaryImageOfPage":{"@id":"https:\/\/xometry.eu\/cs\/sluzby-tlakoveho-lisovani-silikonu\/#primaryimage"},"image":{"@id":"https:\/\/xometry.eu\/cs\/sluzby-tlakoveho-lisovani-silikonu\/#primaryimage"},"thumbnailUrl":"https:\/\/xometry.eu\/wp-content\/uploads\/2024\/02\/CS-Compression-Moulding-service-page.jpg","datePublished":"2022-11-18T13:19:46+00:00","dateModified":"2026-02-03T11:38:12+00:00","description":"Slu\u017eby tlakov\u00e9ho lisov\u00e1n\u00ed silikonov\u00fdch d\u00edl\u016f na zak\u00e1zku. S\u00ed\u0165 dodavatel\u016f vst\u0159ikovac\u00edch forem spole\u010dnosti Xometry m\u00e1 vedouc\u00ed postaven\u00ed v prototypov\u00e9 a malos\u00e9riov\u00e9 v\u00fdrob\u011b.","breadcrumb":{"@id":"https:\/\/xometry.eu\/cs\/sluzby-tlakoveho-lisovani-silikonu\/#breadcrumb"},"inLanguage":"cs","potentialAction":[{"@type":"ReadAction","target":["https:\/\/xometry.eu\/cs\/sluzby-tlakoveho-lisovani-silikonu\/"]}]},{"@type":"ImageObject","inLanguage":"cs","@id":"https:\/\/xometry.eu\/cs\/sluzby-tlakoveho-lisovani-silikonu\/#primaryimage","url":"https:\/\/xometry.eu\/wp-content\/uploads\/2024\/02\/CS-Compression-Moulding-service-page.jpg","contentUrl":"https:\/\/xometry.eu\/wp-content\/uploads\/2024\/02\/CS-Compression-Moulding-service-page.jpg","width":2400,"height":1230},{"@type":"BreadcrumbList","@id":"https:\/\/xometry.eu\/cs\/sluzby-tlakoveho-lisovani-silikonu\/#breadcrumb","itemListElement":[{"@type":"ListItem","position":1,"name":"Home","item":"https:\/\/xometry.eu\/cs\/"},{"@type":"ListItem","position":2,"name":"Compression Moulding"}]},{"@type":"WebSite","@id":"https:\/\/xometry.eu\/cs\/#website","url":"https:\/\/xometry.eu\/cs\/","name":"Xometry Europe","description":"","publisher":{"@id":"https:\/\/xometry.eu\/cs\/#organization"},"potentialAction":[{"@type":"SearchAction","target":{"@type":"EntryPoint","urlTemplate":"https:\/\/xometry.eu\/cs\/?s={search_term_string}"},"query-input":{"@type":"PropertyValueSpecification","valueRequired":true,"valueName":"search_term_string"}}],"inLanguage":"cs"}]}},"_links":{"self":[{"href":"https:\/\/xometry.eu\/cs\/wp-json\/wp\/v2\/pages\/128463","targetHints":{"allow":["GET"]}}],"collection":[{"href":"https:\/\/xometry.eu\/cs\/wp-json\/wp\/v2\/pages"}],"about":[{"href":"https:\/\/xometry.eu\/cs\/wp-json\/wp\/v2\/types\/page"}],"author":[{"embeddable":true,"href":"https:\/\/xometry.eu\/cs\/wp-json\/wp\/v2\/users\/10"}],"replies":[{"embeddable":true,"href":"https:\/\/xometry.eu\/cs\/wp-json\/wp\/v2\/comments?post=128463"}],"version-history":[{"count":0,"href":"https:\/\/xometry.eu\/cs\/wp-json\/wp\/v2\/pages\/128463\/revisions"}],"wp:featuredmedia":[{"embeddable":true,"href":"https:\/\/xometry.eu\/cs\/wp-json\/wp\/v2\/media\/136154"}],"wp:attachment":[{"href":"https:\/\/xometry.eu\/cs\/wp-json\/wp\/v2\/media?parent=128463"}],"curies":[{"name":"wp","href":"https:\/\/api.w.org\/{rel}","templated":true}]}}