{"id":128450,"date":"2021-10-26T17:41:02","date_gmt":"2021-10-26T17:41:02","guid":{"rendered":"https:\/\/xometry.eu\/die-casting\/"},"modified":"2026-02-03T14:04:47","modified_gmt":"2026-02-03T12:04:47","slug":"tlakove-liti","status":"publish","type":"page","link":"https:\/\/xometry.eu\/cs\/tlakove-liti\/","title":{"rendered":"Die Casting"},"content":{"rendered":"","protected":false},"excerpt":{"rendered":"","protected":false},"author":10,"featured_media":136109,"parent":0,"menu_order":0,"comment_status":"closed","ping_status":"closed","template":"","meta":{"_acf_changed":false,"inline_featured_image":false,"footnotes":""},"class_list":["post-128450","page","type-page","status-publish","has-post-thumbnail","hentry"],"acf":[],"yoast_head":"<!-- This site is optimized with the Yoast SEO Premium plugin v20.5 (Yoast SEO v27.1.1) - https:\/\/yoast.com\/product\/yoast-seo-premium-wordpress\/ -->\n<title>Tlakov\u00e9 lit\u00ed | Hlin\u00edk, slitiny zinku | Xometry Europe<\/title>\n<meta name=\"description\" content=\"Online slu\u017eby tlakov\u00e9ho lit\u00ed hlin\u00edkov\u00fdch a zinkov\u00fdch slitin. Nahrajte sv\u00e9 soubory CAD a z\u00edskejte okam\u017eitou nab\u00eddku na odlitky pod tlakem.\" \/>\n<meta name=\"robots\" content=\"index, follow, max-snippet:-1, max-image-preview:large, max-video-preview:-1\" \/>\n<link rel=\"canonical\" href=\"https:\/\/xometry.eu\/cs\/tlakove-liti\/\" \/>\n<meta property=\"og:locale\" content=\"cs_CZ\" \/>\n<meta property=\"og:type\" content=\"article\" \/>\n<meta property=\"og:title\" content=\"Die Casting\" \/>\n<meta property=\"og:description\" content=\"Online slu\u017eby tlakov\u00e9ho lit\u00ed hlin\u00edkov\u00fdch a zinkov\u00fdch slitin. Nahrajte sv\u00e9 soubory CAD a z\u00edskejte okam\u017eitou nab\u00eddku na odlitky pod tlakem.\" \/>\n<meta property=\"og:url\" content=\"https:\/\/xometry.eu\/cs\/tlakove-liti\/\" \/>\n<meta property=\"og:site_name\" content=\"Xometry Europe\" \/>\n<meta property=\"article:modified_time\" content=\"2026-02-03T12:04:47+00:00\" \/>\n<meta property=\"og:image\" content=\"http:\/\/xometry.eu\/wp-content\/uploads\/2023\/02\/EN-Die-Casting-service-page-1440x737.jpg\" \/>\n<meta name=\"twitter:card\" content=\"summary_large_image\" \/>\n<script type=\"application\/ld+json\" class=\"yoast-schema-graph\">{\"@context\":\"https:\/\/schema.org\",\"@graph\":[{\"@type\":\"WebPage\",\"@id\":\"https:\/\/xometry.eu\/cs\/tlakove-liti\/\",\"url\":\"https:\/\/xometry.eu\/cs\/tlakove-liti\/\",\"name\":\"Tlakov\u00e9 lit\u00ed | Hlin\u00edk, slitiny zinku | Xometry Europe\",\"isPartOf\":{\"@id\":\"https:\/\/xometry.eu\/cs\/#website\"},\"primaryImageOfPage\":{\"@id\":\"https:\/\/xometry.eu\/cs\/tlakove-liti\/#primaryimage\"},\"image\":{\"@id\":\"https:\/\/xometry.eu\/cs\/tlakove-liti\/#primaryimage\"},\"thumbnailUrl\":\"https:\/\/xometry.eu\/wp-content\/uploads\/2024\/02\/CS-Die-Casting-service-page.jpg\",\"datePublished\":\"2021-10-26T17:41:02+00:00\",\"dateModified\":\"2026-02-03T12:04:47+00:00\",\"description\":\"Online slu\u017eby tlakov\u00e9ho lit\u00ed hlin\u00edkov\u00fdch a zinkov\u00fdch slitin. Nahrajte sv\u00e9 soubory CAD a z\u00edskejte okam\u017eitou nab\u00eddku na odlitky pod tlakem.\",\"breadcrumb\":{\"@id\":\"https:\/\/xometry.eu\/cs\/tlakove-liti\/#breadcrumb\"},\"inLanguage\":\"cs\",\"potentialAction\":[{\"@type\":\"ReadAction\",\"target\":[\"https:\/\/xometry.eu\/cs\/tlakove-liti\/\"]}]},{\"@type\":\"ImageObject\",\"inLanguage\":\"cs\",\"@id\":\"https:\/\/xometry.eu\/cs\/tlakove-liti\/#primaryimage\",\"url\":\"https:\/\/xometry.eu\/wp-content\/uploads\/2024\/02\/CS-Die-Casting-service-page.jpg\",\"contentUrl\":\"https:\/\/xometry.eu\/wp-content\/uploads\/2024\/02\/CS-Die-Casting-service-page.jpg\",\"width\":2400,\"height\":1229},{\"@type\":\"BreadcrumbList\",\"@id\":\"https:\/\/xometry.eu\/cs\/tlakove-liti\/#breadcrumb\",\"itemListElement\":[{\"@type\":\"ListItem\",\"position\":1,\"name\":\"Home\",\"item\":\"https:\/\/xometry.eu\/cs\/\"},{\"@type\":\"ListItem\",\"position\":2,\"name\":\"Die Casting\"}]},{\"@type\":\"WebSite\",\"@id\":\"https:\/\/xometry.eu\/cs\/#website\",\"url\":\"https:\/\/xometry.eu\/cs\/\",\"name\":\"Xometry Europe\",\"description\":\"\",\"publisher\":{\"@id\":\"https:\/\/xometry.eu\/cs\/#organization\"},\"potentialAction\":[{\"@type\":\"SearchAction\",\"target\":{\"@type\":\"EntryPoint\",\"urlTemplate\":\"https:\/\/xometry.eu\/cs\/?s={search_term_string}\"},\"query-input\":{\"@type\":\"PropertyValueSpecification\",\"valueRequired\":true,\"valueName\":\"search_term_string\"}}],\"inLanguage\":\"cs\"}]}<\/script>\n<!-- \/ Yoast SEO Premium plugin. -->","yoast_head_json":{"title":"Tlakov\u00e9 lit\u00ed | Hlin\u00edk, slitiny zinku | Xometry Europe","description":"Online slu\u017eby tlakov\u00e9ho lit\u00ed hlin\u00edkov\u00fdch a zinkov\u00fdch slitin. Nahrajte sv\u00e9 soubory CAD a z\u00edskejte okam\u017eitou nab\u00eddku na odlitky pod tlakem.","robots":{"index":"index","follow":"follow","max-snippet":"max-snippet:-1","max-image-preview":"max-image-preview:large","max-video-preview":"max-video-preview:-1"},"canonical":"https:\/\/xometry.eu\/cs\/tlakove-liti\/","og_locale":"cs_CZ","og_type":"article","og_title":"Die Casting","og_description":"Online slu\u017eby tlakov\u00e9ho lit\u00ed hlin\u00edkov\u00fdch a zinkov\u00fdch slitin. Nahrajte sv\u00e9 soubory CAD a z\u00edskejte okam\u017eitou nab\u00eddku na odlitky pod tlakem.","og_url":"https:\/\/xometry.eu\/cs\/tlakove-liti\/","og_site_name":"Xometry Europe","article_modified_time":"2026-02-03T12:04:47+00:00","og_image":[{"url":"http:\/\/xometry.eu\/wp-content\/uploads\/2023\/02\/EN-Die-Casting-service-page-1440x737.jpg","type":"","width":"","height":""}],"twitter_card":"summary_large_image","schema":{"@context":"https:\/\/schema.org","@graph":[{"@type":"WebPage","@id":"https:\/\/xometry.eu\/cs\/tlakove-liti\/","url":"https:\/\/xometry.eu\/cs\/tlakove-liti\/","name":"Tlakov\u00e9 lit\u00ed | Hlin\u00edk, slitiny zinku | Xometry Europe","isPartOf":{"@id":"https:\/\/xometry.eu\/cs\/#website"},"primaryImageOfPage":{"@id":"https:\/\/xometry.eu\/cs\/tlakove-liti\/#primaryimage"},"image":{"@id":"https:\/\/xometry.eu\/cs\/tlakove-liti\/#primaryimage"},"thumbnailUrl":"https:\/\/xometry.eu\/wp-content\/uploads\/2024\/02\/CS-Die-Casting-service-page.jpg","datePublished":"2021-10-26T17:41:02+00:00","dateModified":"2026-02-03T12:04:47+00:00","description":"Online slu\u017eby tlakov\u00e9ho lit\u00ed hlin\u00edkov\u00fdch a zinkov\u00fdch slitin. Nahrajte sv\u00e9 soubory CAD a z\u00edskejte okam\u017eitou nab\u00eddku na odlitky pod tlakem.","breadcrumb":{"@id":"https:\/\/xometry.eu\/cs\/tlakove-liti\/#breadcrumb"},"inLanguage":"cs","potentialAction":[{"@type":"ReadAction","target":["https:\/\/xometry.eu\/cs\/tlakove-liti\/"]}]},{"@type":"ImageObject","inLanguage":"cs","@id":"https:\/\/xometry.eu\/cs\/tlakove-liti\/#primaryimage","url":"https:\/\/xometry.eu\/wp-content\/uploads\/2024\/02\/CS-Die-Casting-service-page.jpg","contentUrl":"https:\/\/xometry.eu\/wp-content\/uploads\/2024\/02\/CS-Die-Casting-service-page.jpg","width":2400,"height":1229},{"@type":"BreadcrumbList","@id":"https:\/\/xometry.eu\/cs\/tlakove-liti\/#breadcrumb","itemListElement":[{"@type":"ListItem","position":1,"name":"Home","item":"https:\/\/xometry.eu\/cs\/"},{"@type":"ListItem","position":2,"name":"Die Casting"}]},{"@type":"WebSite","@id":"https:\/\/xometry.eu\/cs\/#website","url":"https:\/\/xometry.eu\/cs\/","name":"Xometry Europe","description":"","publisher":{"@id":"https:\/\/xometry.eu\/cs\/#organization"},"potentialAction":[{"@type":"SearchAction","target":{"@type":"EntryPoint","urlTemplate":"https:\/\/xometry.eu\/cs\/?s={search_term_string}"},"query-input":{"@type":"PropertyValueSpecification","valueRequired":true,"valueName":"search_term_string"}}],"inLanguage":"cs"}]}},"_links":{"self":[{"href":"https:\/\/xometry.eu\/cs\/wp-json\/wp\/v2\/pages\/128450","targetHints":{"allow":["GET"]}}],"collection":[{"href":"https:\/\/xometry.eu\/cs\/wp-json\/wp\/v2\/pages"}],"about":[{"href":"https:\/\/xometry.eu\/cs\/wp-json\/wp\/v2\/types\/page"}],"author":[{"embeddable":true,"href":"https:\/\/xometry.eu\/cs\/wp-json\/wp\/v2\/users\/10"}],"replies":[{"embeddable":true,"href":"https:\/\/xometry.eu\/cs\/wp-json\/wp\/v2\/comments?post=128450"}],"version-history":[{"count":2,"href":"https:\/\/xometry.eu\/cs\/wp-json\/wp\/v2\/pages\/128450\/revisions"}],"predecessor-version":[{"id":169685,"href":"https:\/\/xometry.eu\/cs\/wp-json\/wp\/v2\/pages\/128450\/revisions\/169685"}],"wp:featuredmedia":[{"embeddable":true,"href":"https:\/\/xometry.eu\/cs\/wp-json\/wp\/v2\/media\/136109"}],"wp:attachment":[{"href":"https:\/\/xometry.eu\/cs\/wp-json\/wp\/v2\/media?parent=128450"}],"curies":[{"name":"wp","href":"https:\/\/api.w.org\/{rel}","templated":true}]}}