{"id":128430,"date":"2021-04-30T09:47:55","date_gmt":"2021-04-30T09:47:55","guid":{"rendered":"https:\/\/xometry.eu\/polyjet-3d-printing\/"},"modified":"2026-02-05T15:50:51","modified_gmt":"2026-02-05T13:50:51","slug":"polyjet-3d-tisk","status":"publish","type":"page","link":"https:\/\/xometry.eu\/cs\/polyjet-3d-tisk\/","title":{"rendered":"Polyjet"},"content":{"rendered":"","protected":false},"excerpt":{"rendered":"","protected":false},"author":10,"featured_media":136087,"parent":0,"menu_order":0,"comment_status":"closed","ping_status":"closed","template":"","meta":{"_acf_changed":false,"inline_featured_image":false,"footnotes":""},"class_list":["post-128430","page","type-page","status-publish","has-post-thumbnail","hentry"],"acf":[],"yoast_head":"<!-- This site is optimized with the Yoast SEO Premium plugin v20.5 (Yoast SEO v27.3) - https:\/\/yoast.com\/product\/yoast-seo-premium-wordpress\/ -->\n<title>Online slu\u017eby 3D tisku Polyjet | 7 dn\u00ed v\u00fdroby | Xometry Europe<\/title>\n<meta name=\"description\" content=\"\u0160pi\u010dkov\u00e9 slu\u017eby 3D tisku Polyjet: prototypy a s\u00e9rie d\u00edl\u016f s fotopolymery. Nahrajte sv\u00e9 3D modely a z\u00edskejte okam\u017eitou nab\u00eddku!\" \/>\n<meta name=\"robots\" content=\"index, follow, max-snippet:-1, max-image-preview:large, max-video-preview:-1\" \/>\n<link rel=\"canonical\" href=\"https:\/\/xometry.eu\/cs\/polyjet-3d-tisk\/\" \/>\n<meta property=\"og:locale\" content=\"cs_CZ\" \/>\n<meta property=\"og:type\" content=\"article\" \/>\n<meta property=\"og:title\" content=\"Polyjet\" \/>\n<meta property=\"og:description\" content=\"\u0160pi\u010dkov\u00e9 slu\u017eby 3D tisku Polyjet: prototypy a s\u00e9rie d\u00edl\u016f s fotopolymery. Nahrajte sv\u00e9 3D modely a z\u00edskejte okam\u017eitou nab\u00eddku!\" \/>\n<meta property=\"og:url\" content=\"https:\/\/xometry.eu\/cs\/polyjet-3d-tisk\/\" \/>\n<meta property=\"og:site_name\" content=\"Xometry Europe\" \/>\n<meta property=\"article:modified_time\" content=\"2026-02-05T13:50:51+00:00\" \/>\n<meta property=\"og:image\" content=\"http:\/\/xometry.eu\/wp-content\/uploads\/2023\/02\/EN-Polyjet-service-page-1440x738.jpg\" \/>\n<meta name=\"twitter:card\" content=\"summary_large_image\" \/>\n<script type=\"application\/ld+json\" class=\"yoast-schema-graph\">{\"@context\":\"https:\\\/\\\/schema.org\",\"@graph\":[{\"@type\":\"WebPage\",\"@id\":\"https:\\\/\\\/xometry.eu\\\/cs\\\/polyjet-3d-tisk\\\/\",\"url\":\"https:\\\/\\\/xometry.eu\\\/cs\\\/polyjet-3d-tisk\\\/\",\"name\":\"Online slu\u017eby 3D tisku Polyjet | 7 dn\u00ed v\u00fdroby | Xometry Europe\",\"isPartOf\":{\"@id\":\"https:\\\/\\\/xometry.eu\\\/cs\\\/#website\"},\"primaryImageOfPage\":{\"@id\":\"https:\\\/\\\/xometry.eu\\\/cs\\\/polyjet-3d-tisk\\\/#primaryimage\"},\"image\":{\"@id\":\"https:\\\/\\\/xometry.eu\\\/cs\\\/polyjet-3d-tisk\\\/#primaryimage\"},\"thumbnailUrl\":\"https:\\\/\\\/xometry.eu\\\/wp-content\\\/uploads\\\/2024\\\/02\\\/CS-Polyjet-service-page.jpg\",\"datePublished\":\"2021-04-30T09:47:55+00:00\",\"dateModified\":\"2026-02-05T13:50:51+00:00\",\"description\":\"\u0160pi\u010dkov\u00e9 slu\u017eby 3D tisku Polyjet: prototypy a s\u00e9rie d\u00edl\u016f s fotopolymery. Nahrajte sv\u00e9 3D modely a z\u00edskejte okam\u017eitou nab\u00eddku!\",\"breadcrumb\":{\"@id\":\"https:\\\/\\\/xometry.eu\\\/cs\\\/polyjet-3d-tisk\\\/#breadcrumb\"},\"inLanguage\":\"cs\",\"potentialAction\":[{\"@type\":\"ReadAction\",\"target\":[\"https:\\\/\\\/xometry.eu\\\/cs\\\/polyjet-3d-tisk\\\/\"]}]},{\"@type\":\"ImageObject\",\"inLanguage\":\"cs\",\"@id\":\"https:\\\/\\\/xometry.eu\\\/cs\\\/polyjet-3d-tisk\\\/#primaryimage\",\"url\":\"https:\\\/\\\/xometry.eu\\\/wp-content\\\/uploads\\\/2024\\\/02\\\/CS-Polyjet-service-page.jpg\",\"contentUrl\":\"https:\\\/\\\/xometry.eu\\\/wp-content\\\/uploads\\\/2024\\\/02\\\/CS-Polyjet-service-page.jpg\",\"width\":2400,\"height\":1230},{\"@type\":\"BreadcrumbList\",\"@id\":\"https:\\\/\\\/xometry.eu\\\/cs\\\/polyjet-3d-tisk\\\/#breadcrumb\",\"itemListElement\":[{\"@type\":\"ListItem\",\"position\":1,\"name\":\"Home\",\"item\":\"https:\\\/\\\/xometry.eu\\\/cs\\\/\"},{\"@type\":\"ListItem\",\"position\":2,\"name\":\"Polyjet\"}]},{\"@type\":\"WebSite\",\"@id\":\"https:\\\/\\\/xometry.eu\\\/cs\\\/#website\",\"url\":\"https:\\\/\\\/xometry.eu\\\/cs\\\/\",\"name\":\"Xometry Europe\",\"description\":\"\",\"publisher\":{\"@id\":\"https:\\\/\\\/xometry.eu\\\/cs\\\/#organization\"},\"potentialAction\":[{\"@type\":\"SearchAction\",\"target\":{\"@type\":\"EntryPoint\",\"urlTemplate\":\"https:\\\/\\\/xometry.eu\\\/cs\\\/?s={search_term_string}\"},\"query-input\":{\"@type\":\"PropertyValueSpecification\",\"valueRequired\":true,\"valueName\":\"search_term_string\"}}],\"inLanguage\":\"cs\"}]}<\/script>\n<!-- \/ Yoast SEO Premium plugin. -->","yoast_head_json":{"title":"Online slu\u017eby 3D tisku Polyjet | 7 dn\u00ed v\u00fdroby | Xometry Europe","description":"\u0160pi\u010dkov\u00e9 slu\u017eby 3D tisku Polyjet: prototypy a s\u00e9rie d\u00edl\u016f s fotopolymery. Nahrajte sv\u00e9 3D modely a z\u00edskejte okam\u017eitou nab\u00eddku!","robots":{"index":"index","follow":"follow","max-snippet":"max-snippet:-1","max-image-preview":"max-image-preview:large","max-video-preview":"max-video-preview:-1"},"canonical":"https:\/\/xometry.eu\/cs\/polyjet-3d-tisk\/","og_locale":"cs_CZ","og_type":"article","og_title":"Polyjet","og_description":"\u0160pi\u010dkov\u00e9 slu\u017eby 3D tisku Polyjet: prototypy a s\u00e9rie d\u00edl\u016f s fotopolymery. Nahrajte sv\u00e9 3D modely a z\u00edskejte okam\u017eitou nab\u00eddku!","og_url":"https:\/\/xometry.eu\/cs\/polyjet-3d-tisk\/","og_site_name":"Xometry Europe","article_modified_time":"2026-02-05T13:50:51+00:00","og_image":[{"url":"http:\/\/xometry.eu\/wp-content\/uploads\/2023\/02\/EN-Polyjet-service-page-1440x738.jpg","type":"","width":"","height":""}],"twitter_card":"summary_large_image","schema":{"@context":"https:\/\/schema.org","@graph":[{"@type":"WebPage","@id":"https:\/\/xometry.eu\/cs\/polyjet-3d-tisk\/","url":"https:\/\/xometry.eu\/cs\/polyjet-3d-tisk\/","name":"Online slu\u017eby 3D tisku Polyjet | 7 dn\u00ed v\u00fdroby | Xometry Europe","isPartOf":{"@id":"https:\/\/xometry.eu\/cs\/#website"},"primaryImageOfPage":{"@id":"https:\/\/xometry.eu\/cs\/polyjet-3d-tisk\/#primaryimage"},"image":{"@id":"https:\/\/xometry.eu\/cs\/polyjet-3d-tisk\/#primaryimage"},"thumbnailUrl":"https:\/\/xometry.eu\/wp-content\/uploads\/2024\/02\/CS-Polyjet-service-page.jpg","datePublished":"2021-04-30T09:47:55+00:00","dateModified":"2026-02-05T13:50:51+00:00","description":"\u0160pi\u010dkov\u00e9 slu\u017eby 3D tisku Polyjet: prototypy a s\u00e9rie d\u00edl\u016f s fotopolymery. Nahrajte sv\u00e9 3D modely a z\u00edskejte okam\u017eitou nab\u00eddku!","breadcrumb":{"@id":"https:\/\/xometry.eu\/cs\/polyjet-3d-tisk\/#breadcrumb"},"inLanguage":"cs","potentialAction":[{"@type":"ReadAction","target":["https:\/\/xometry.eu\/cs\/polyjet-3d-tisk\/"]}]},{"@type":"ImageObject","inLanguage":"cs","@id":"https:\/\/xometry.eu\/cs\/polyjet-3d-tisk\/#primaryimage","url":"https:\/\/xometry.eu\/wp-content\/uploads\/2024\/02\/CS-Polyjet-service-page.jpg","contentUrl":"https:\/\/xometry.eu\/wp-content\/uploads\/2024\/02\/CS-Polyjet-service-page.jpg","width":2400,"height":1230},{"@type":"BreadcrumbList","@id":"https:\/\/xometry.eu\/cs\/polyjet-3d-tisk\/#breadcrumb","itemListElement":[{"@type":"ListItem","position":1,"name":"Home","item":"https:\/\/xometry.eu\/cs\/"},{"@type":"ListItem","position":2,"name":"Polyjet"}]},{"@type":"WebSite","@id":"https:\/\/xometry.eu\/cs\/#website","url":"https:\/\/xometry.eu\/cs\/","name":"Xometry Europe","description":"","publisher":{"@id":"https:\/\/xometry.eu\/cs\/#organization"},"potentialAction":[{"@type":"SearchAction","target":{"@type":"EntryPoint","urlTemplate":"https:\/\/xometry.eu\/cs\/?s={search_term_string}"},"query-input":{"@type":"PropertyValueSpecification","valueRequired":true,"valueName":"search_term_string"}}],"inLanguage":"cs"}]}},"_links":{"self":[{"href":"https:\/\/xometry.eu\/cs\/wp-json\/wp\/v2\/pages\/128430","targetHints":{"allow":["GET"]}}],"collection":[{"href":"https:\/\/xometry.eu\/cs\/wp-json\/wp\/v2\/pages"}],"about":[{"href":"https:\/\/xometry.eu\/cs\/wp-json\/wp\/v2\/types\/page"}],"author":[{"embeddable":true,"href":"https:\/\/xometry.eu\/cs\/wp-json\/wp\/v2\/users\/10"}],"replies":[{"embeddable":true,"href":"https:\/\/xometry.eu\/cs\/wp-json\/wp\/v2\/comments?post=128430"}],"version-history":[{"count":0,"href":"https:\/\/xometry.eu\/cs\/wp-json\/wp\/v2\/pages\/128430\/revisions"}],"wp:featuredmedia":[{"embeddable":true,"href":"https:\/\/xometry.eu\/cs\/wp-json\/wp\/v2\/media\/136087"}],"wp:attachment":[{"href":"https:\/\/xometry.eu\/cs\/wp-json\/wp\/v2\/media?parent=128430"}],"curies":[{"name":"wp","href":"https:\/\/api.w.org\/{rel}","templated":true}]}}