{"id":128419,"date":"2020-07-15T07:20:26","date_gmt":"2020-07-15T07:20:26","guid":{"rendered":"https:\/\/xometry.eu\/carbon-dls\/"},"modified":"2026-02-02T14:12:41","modified_gmt":"2026-02-02T12:12:41","slug":"carbon-dls","status":"publish","type":"page","link":"https:\/\/xometry.eu\/cs\/carbon-dls\/","title":{"rendered":"Carbon DLS\u2122 3D Printing"},"content":{"rendered":"","protected":false},"excerpt":{"rendered":"","protected":false},"author":3,"featured_media":136065,"parent":0,"menu_order":0,"comment_status":"closed","ping_status":"closed","template":"","meta":{"_acf_changed":false,"inline_featured_image":false,"footnotes":""},"class_list":["post-128419","page","type-page","status-publish","has-post-thumbnail","hentry"],"acf":[],"yoast_head":"<!-- This site is optimized with the Yoast SEO Premium plugin v20.5 (Yoast SEO v27.1.1) - https:\/\/yoast.com\/product\/yoast-seo-premium-wordpress\/ -->\n<title>Slu\u017eba 3D tisku DLS z uhl\u00edku online | Xometry \u010cesko<\/title>\n<meta name=\"description\" content=\"\u0160pi\u010dkov\u00e9 slu\u017eby 3D tisku DLS z uhl\u00edku: prototypy a s\u00e9rie d\u00edl\u016f. Nahrajte sv\u00e9 3D modely a z\u00edskejte okam\u017eitou nab\u00eddku!\" \/>\n<meta name=\"robots\" content=\"index, follow, max-snippet:-1, max-image-preview:large, max-video-preview:-1\" \/>\n<link rel=\"canonical\" href=\"https:\/\/xometry.eu\/cs\/carbon-dls\/\" \/>\n<meta property=\"og:locale\" content=\"cs_CZ\" \/>\n<meta property=\"og:type\" content=\"article\" \/>\n<meta property=\"og:title\" content=\"Carbon DLS 3D Printing Services Online | 5 Days Production | Xometry Europe\" \/>\n<meta property=\"og:description\" content=\"Top-notch Carbon DSL 3D printing services: prototypes and series of parts. Upload your 3D models to get an instant quote!\" \/>\n<meta property=\"og:url\" content=\"https:\/\/xometry.eu\/cs\/carbon-dls\/\" \/>\n<meta property=\"og:site_name\" content=\"Xometry Europe\" \/>\n<meta property=\"article:modified_time\" content=\"2026-02-02T12:12:41+00:00\" \/>\n<meta property=\"og:image\" content=\"http:\/\/xometry.eu\/wp-content\/uploads\/2023\/02\/EN-Carbon-DLS-service-page-1440x738.jpg\" \/>\n<meta name=\"twitter:card\" content=\"summary_large_image\" \/>\n<meta name=\"twitter:title\" content=\"Carbon DLS\u2122 3D Printing\" \/>\n<meta name=\"twitter:image\" content=\"http:\/\/xometry.eu\/wp-content\/uploads\/2023\/02\/EN-Carbon-DLS-service-page-1440x738.jpg\" \/>\n<script type=\"application\/ld+json\" class=\"yoast-schema-graph\">{\"@context\":\"https:\/\/schema.org\",\"@graph\":[{\"@type\":\"WebPage\",\"@id\":\"https:\/\/xometry.eu\/cs\/carbon-dls\/\",\"url\":\"https:\/\/xometry.eu\/cs\/carbon-dls\/\",\"name\":\"Slu\u017eba 3D tisku DLS z uhl\u00edku online | Xometry \u010cesko\",\"isPartOf\":{\"@id\":\"https:\/\/xometry.eu\/cs\/#website\"},\"primaryImageOfPage\":{\"@id\":\"https:\/\/xometry.eu\/cs\/carbon-dls\/#primaryimage\"},\"image\":{\"@id\":\"https:\/\/xometry.eu\/cs\/carbon-dls\/#primaryimage\"},\"thumbnailUrl\":\"https:\/\/xometry.eu\/wp-content\/uploads\/2024\/02\/CS-Carbon-DSL-service-page.jpg\",\"datePublished\":\"2020-07-15T07:20:26+00:00\",\"dateModified\":\"2026-02-02T12:12:41+00:00\",\"description\":\"\u0160pi\u010dkov\u00e9 slu\u017eby 3D tisku DLS z uhl\u00edku: prototypy a s\u00e9rie d\u00edl\u016f. Nahrajte sv\u00e9 3D modely a z\u00edskejte okam\u017eitou nab\u00eddku!\",\"breadcrumb\":{\"@id\":\"https:\/\/xometry.eu\/cs\/carbon-dls\/#breadcrumb\"},\"inLanguage\":\"cs\",\"potentialAction\":[{\"@type\":\"ReadAction\",\"target\":[\"https:\/\/xometry.eu\/cs\/carbon-dls\/\"]}]},{\"@type\":\"ImageObject\",\"inLanguage\":\"cs\",\"@id\":\"https:\/\/xometry.eu\/cs\/carbon-dls\/#primaryimage\",\"url\":\"https:\/\/xometry.eu\/wp-content\/uploads\/2024\/02\/CS-Carbon-DSL-service-page.jpg\",\"contentUrl\":\"https:\/\/xometry.eu\/wp-content\/uploads\/2024\/02\/CS-Carbon-DSL-service-page.jpg\",\"width\":2400,\"height\":1230},{\"@type\":\"BreadcrumbList\",\"@id\":\"https:\/\/xometry.eu\/cs\/carbon-dls\/#breadcrumb\",\"itemListElement\":[{\"@type\":\"ListItem\",\"position\":1,\"name\":\"Home\",\"item\":\"https:\/\/xometry.eu\/cs\/\"},{\"@type\":\"ListItem\",\"position\":2,\"name\":\"Carbon DLS\u2122 3D Printing\"}]},{\"@type\":\"WebSite\",\"@id\":\"https:\/\/xometry.eu\/cs\/#website\",\"url\":\"https:\/\/xometry.eu\/cs\/\",\"name\":\"Xometry Europe\",\"description\":\"\",\"publisher\":{\"@id\":\"https:\/\/xometry.eu\/cs\/#organization\"},\"potentialAction\":[{\"@type\":\"SearchAction\",\"target\":{\"@type\":\"EntryPoint\",\"urlTemplate\":\"https:\/\/xometry.eu\/cs\/?s={search_term_string}\"},\"query-input\":{\"@type\":\"PropertyValueSpecification\",\"valueRequired\":true,\"valueName\":\"search_term_string\"}}],\"inLanguage\":\"cs\"}]}<\/script>\n<!-- \/ Yoast SEO Premium plugin. -->","yoast_head_json":{"title":"Slu\u017eba 3D tisku DLS z uhl\u00edku online | Xometry \u010cesko","description":"\u0160pi\u010dkov\u00e9 slu\u017eby 3D tisku DLS z uhl\u00edku: prototypy a s\u00e9rie d\u00edl\u016f. Nahrajte sv\u00e9 3D modely a z\u00edskejte okam\u017eitou nab\u00eddku!","robots":{"index":"index","follow":"follow","max-snippet":"max-snippet:-1","max-image-preview":"max-image-preview:large","max-video-preview":"max-video-preview:-1"},"canonical":"https:\/\/xometry.eu\/cs\/carbon-dls\/","og_locale":"cs_CZ","og_type":"article","og_title":"Carbon DLS 3D Printing Services Online | 5 Days Production | Xometry Europe","og_description":"Top-notch Carbon DSL 3D printing services: prototypes and series of parts. Upload your 3D models to get an instant quote!","og_url":"https:\/\/xometry.eu\/cs\/carbon-dls\/","og_site_name":"Xometry Europe","article_modified_time":"2026-02-02T12:12:41+00:00","og_image":[{"url":"http:\/\/xometry.eu\/wp-content\/uploads\/2023\/02\/EN-Carbon-DLS-service-page-1440x738.jpg","type":"","width":"","height":""}],"twitter_card":"summary_large_image","twitter_title":"Carbon DLS\u2122 3D Printing","twitter_image":"http:\/\/xometry.eu\/wp-content\/uploads\/2023\/02\/EN-Carbon-DLS-service-page-1440x738.jpg","schema":{"@context":"https:\/\/schema.org","@graph":[{"@type":"WebPage","@id":"https:\/\/xometry.eu\/cs\/carbon-dls\/","url":"https:\/\/xometry.eu\/cs\/carbon-dls\/","name":"Slu\u017eba 3D tisku DLS z uhl\u00edku online | Xometry \u010cesko","isPartOf":{"@id":"https:\/\/xometry.eu\/cs\/#website"},"primaryImageOfPage":{"@id":"https:\/\/xometry.eu\/cs\/carbon-dls\/#primaryimage"},"image":{"@id":"https:\/\/xometry.eu\/cs\/carbon-dls\/#primaryimage"},"thumbnailUrl":"https:\/\/xometry.eu\/wp-content\/uploads\/2024\/02\/CS-Carbon-DSL-service-page.jpg","datePublished":"2020-07-15T07:20:26+00:00","dateModified":"2026-02-02T12:12:41+00:00","description":"\u0160pi\u010dkov\u00e9 slu\u017eby 3D tisku DLS z uhl\u00edku: prototypy a s\u00e9rie d\u00edl\u016f. Nahrajte sv\u00e9 3D modely a z\u00edskejte okam\u017eitou nab\u00eddku!","breadcrumb":{"@id":"https:\/\/xometry.eu\/cs\/carbon-dls\/#breadcrumb"},"inLanguage":"cs","potentialAction":[{"@type":"ReadAction","target":["https:\/\/xometry.eu\/cs\/carbon-dls\/"]}]},{"@type":"ImageObject","inLanguage":"cs","@id":"https:\/\/xometry.eu\/cs\/carbon-dls\/#primaryimage","url":"https:\/\/xometry.eu\/wp-content\/uploads\/2024\/02\/CS-Carbon-DSL-service-page.jpg","contentUrl":"https:\/\/xometry.eu\/wp-content\/uploads\/2024\/02\/CS-Carbon-DSL-service-page.jpg","width":2400,"height":1230},{"@type":"BreadcrumbList","@id":"https:\/\/xometry.eu\/cs\/carbon-dls\/#breadcrumb","itemListElement":[{"@type":"ListItem","position":1,"name":"Home","item":"https:\/\/xometry.eu\/cs\/"},{"@type":"ListItem","position":2,"name":"Carbon DLS\u2122 3D Printing"}]},{"@type":"WebSite","@id":"https:\/\/xometry.eu\/cs\/#website","url":"https:\/\/xometry.eu\/cs\/","name":"Xometry Europe","description":"","publisher":{"@id":"https:\/\/xometry.eu\/cs\/#organization"},"potentialAction":[{"@type":"SearchAction","target":{"@type":"EntryPoint","urlTemplate":"https:\/\/xometry.eu\/cs\/?s={search_term_string}"},"query-input":{"@type":"PropertyValueSpecification","valueRequired":true,"valueName":"search_term_string"}}],"inLanguage":"cs"}]}},"_links":{"self":[{"href":"https:\/\/xometry.eu\/cs\/wp-json\/wp\/v2\/pages\/128419","targetHints":{"allow":["GET"]}}],"collection":[{"href":"https:\/\/xometry.eu\/cs\/wp-json\/wp\/v2\/pages"}],"about":[{"href":"https:\/\/xometry.eu\/cs\/wp-json\/wp\/v2\/types\/page"}],"author":[{"embeddable":true,"href":"https:\/\/xometry.eu\/cs\/wp-json\/wp\/v2\/users\/3"}],"replies":[{"embeddable":true,"href":"https:\/\/xometry.eu\/cs\/wp-json\/wp\/v2\/comments?post=128419"}],"version-history":[{"count":2,"href":"https:\/\/xometry.eu\/cs\/wp-json\/wp\/v2\/pages\/128419\/revisions"}],"predecessor-version":[{"id":169561,"href":"https:\/\/xometry.eu\/cs\/wp-json\/wp\/v2\/pages\/128419\/revisions\/169561"}],"wp:featuredmedia":[{"embeddable":true,"href":"https:\/\/xometry.eu\/cs\/wp-json\/wp\/v2\/media\/136065"}],"wp:attachment":[{"href":"https:\/\/xometry.eu\/cs\/wp-json\/wp\/v2\/media?parent=128419"}],"curies":[{"name":"wp","href":"https:\/\/api.w.org\/{rel}","templated":true}]}}