{"id":128182,"date":"2020-05-15T09:20:18","date_gmt":"2020-05-15T09:20:18","guid":{"rendered":"https:\/\/xometry.eu\/waterjet-cutting\/"},"modified":"2026-02-04T12:48:20","modified_gmt":"2026-02-04T10:48:20","slug":"rezani-vodnim-paprskem","status":"publish","type":"page","link":"https:\/\/xometry.eu\/cs\/rezani-vodnim-paprskem\/","title":{"rendered":"Waterjet Cutting"},"content":{"rendered":"","protected":false},"excerpt":{"rendered":"","protected":false},"author":1,"featured_media":135931,"parent":0,"menu_order":0,"comment_status":"closed","ping_status":"closed","template":"","meta":{"_acf_changed":false,"inline_featured_image":false,"footnotes":""},"class_list":["post-128182","page","type-page","status-publish","has-post-thumbnail","hentry"],"acf":[],"yoast_head":"<!-- This site is optimized with the Yoast SEO Premium plugin v20.5 (Yoast SEO v27.3) - https:\/\/yoast.com\/product\/yoast-seo-premium-wordpress\/ -->\n<title>\u0158ez\u00e1n\u00ed vodn\u00edm paprskem | Objedn\u00e1vka d\u00edl\u016f online | Xometry Europe<\/title>\n<meta name=\"description\" content=\"Nab\u00edz\u00edme vysoce p\u0159esn\u00e9 CNC \u0159ez\u00e1n\u00ed vodn\u00edm paprskem jak pro m\u011bkk\u00e9 materi\u00e1ly, tak pro plechy, jako je hlin\u00edk, ocel a m\u011b\u010f.\" \/>\n<meta name=\"robots\" content=\"index, follow, max-snippet:-1, max-image-preview:large, max-video-preview:-1\" \/>\n<link rel=\"canonical\" href=\"https:\/\/xometry.eu\/cs\/rezani-vodnim-paprskem\/\" \/>\n<meta property=\"og:locale\" content=\"cs_CZ\" \/>\n<meta property=\"og:type\" content=\"article\" \/>\n<meta property=\"og:title\" content=\"Waterjet Cutting\" \/>\n<meta property=\"og:description\" content=\"Nab\u00edz\u00edme vysoce p\u0159esn\u00e9 CNC \u0159ez\u00e1n\u00ed vodn\u00edm paprskem jak pro m\u011bkk\u00e9 materi\u00e1ly, tak pro plechy, jako je hlin\u00edk, ocel a m\u011b\u010f.\" \/>\n<meta property=\"og:url\" content=\"https:\/\/xometry.eu\/cs\/rezani-vodnim-paprskem\/\" \/>\n<meta property=\"og:site_name\" content=\"Xometry Europe\" \/>\n<meta property=\"article:modified_time\" content=\"2026-02-04T10:48:20+00:00\" \/>\n<meta property=\"og:image\" content=\"http:\/\/xometry.eu\/wp-content\/uploads\/2023\/02\/EN-Waterjet-cutting-service-page-1440x738.jpg\" \/>\n<meta name=\"twitter:card\" content=\"summary_large_image\" \/>\n<meta name=\"twitter:image\" content=\"https:\/\/xometry.de\/wp-content\/uploads\/2020\/08\/waterjet-cutting-sheet-metal-services.jpg\" \/>\n<script type=\"application\/ld+json\" class=\"yoast-schema-graph\">{\"@context\":\"https:\\\/\\\/schema.org\",\"@graph\":[{\"@type\":\"WebPage\",\"@id\":\"https:\\\/\\\/xometry.eu\\\/cs\\\/rezani-vodnim-paprskem\\\/\",\"url\":\"https:\\\/\\\/xometry.eu\\\/cs\\\/rezani-vodnim-paprskem\\\/\",\"name\":\"\u0158ez\u00e1n\u00ed vodn\u00edm paprskem | Objedn\u00e1vka d\u00edl\u016f online | Xometry Europe\",\"isPartOf\":{\"@id\":\"https:\\\/\\\/xometry.eu\\\/cs\\\/#website\"},\"primaryImageOfPage\":{\"@id\":\"https:\\\/\\\/xometry.eu\\\/cs\\\/rezani-vodnim-paprskem\\\/#primaryimage\"},\"image\":{\"@id\":\"https:\\\/\\\/xometry.eu\\\/cs\\\/rezani-vodnim-paprskem\\\/#primaryimage\"},\"thumbnailUrl\":\"https:\\\/\\\/xometry.eu\\\/wp-content\\\/uploads\\\/2024\\\/02\\\/CS-Waterjet-cutting-service-page.jpg\",\"datePublished\":\"2020-05-15T09:20:18+00:00\",\"dateModified\":\"2026-02-04T10:48:20+00:00\",\"description\":\"Nab\u00edz\u00edme vysoce p\u0159esn\u00e9 CNC \u0159ez\u00e1n\u00ed vodn\u00edm paprskem jak pro m\u011bkk\u00e9 materi\u00e1ly, tak pro plechy, jako je hlin\u00edk, ocel a m\u011b\u010f.\",\"breadcrumb\":{\"@id\":\"https:\\\/\\\/xometry.eu\\\/cs\\\/rezani-vodnim-paprskem\\\/#breadcrumb\"},\"inLanguage\":\"cs\",\"potentialAction\":[{\"@type\":\"ReadAction\",\"target\":[\"https:\\\/\\\/xometry.eu\\\/cs\\\/rezani-vodnim-paprskem\\\/\"]}]},{\"@type\":\"ImageObject\",\"inLanguage\":\"cs\",\"@id\":\"https:\\\/\\\/xometry.eu\\\/cs\\\/rezani-vodnim-paprskem\\\/#primaryimage\",\"url\":\"https:\\\/\\\/xometry.eu\\\/wp-content\\\/uploads\\\/2024\\\/02\\\/CS-Waterjet-cutting-service-page.jpg\",\"contentUrl\":\"https:\\\/\\\/xometry.eu\\\/wp-content\\\/uploads\\\/2024\\\/02\\\/CS-Waterjet-cutting-service-page.jpg\",\"width\":2400,\"height\":1230},{\"@type\":\"BreadcrumbList\",\"@id\":\"https:\\\/\\\/xometry.eu\\\/cs\\\/rezani-vodnim-paprskem\\\/#breadcrumb\",\"itemListElement\":[{\"@type\":\"ListItem\",\"position\":1,\"name\":\"Home\",\"item\":\"https:\\\/\\\/xometry.eu\\\/cs\\\/\"},{\"@type\":\"ListItem\",\"position\":2,\"name\":\"Waterjet Cutting\"}]},{\"@type\":\"WebSite\",\"@id\":\"https:\\\/\\\/xometry.eu\\\/cs\\\/#website\",\"url\":\"https:\\\/\\\/xometry.eu\\\/cs\\\/\",\"name\":\"Xometry Europe\",\"description\":\"\",\"publisher\":{\"@id\":\"https:\\\/\\\/xometry.eu\\\/cs\\\/#organization\"},\"potentialAction\":[{\"@type\":\"SearchAction\",\"target\":{\"@type\":\"EntryPoint\",\"urlTemplate\":\"https:\\\/\\\/xometry.eu\\\/cs\\\/?s={search_term_string}\"},\"query-input\":{\"@type\":\"PropertyValueSpecification\",\"valueRequired\":true,\"valueName\":\"search_term_string\"}}],\"inLanguage\":\"cs\"}]}<\/script>\n<!-- \/ Yoast SEO Premium plugin. -->","yoast_head_json":{"title":"\u0158ez\u00e1n\u00ed vodn\u00edm paprskem | Objedn\u00e1vka d\u00edl\u016f online | Xometry Europe","description":"Nab\u00edz\u00edme vysoce p\u0159esn\u00e9 CNC \u0159ez\u00e1n\u00ed vodn\u00edm paprskem jak pro m\u011bkk\u00e9 materi\u00e1ly, tak pro plechy, jako je hlin\u00edk, ocel a m\u011b\u010f.","robots":{"index":"index","follow":"follow","max-snippet":"max-snippet:-1","max-image-preview":"max-image-preview:large","max-video-preview":"max-video-preview:-1"},"canonical":"https:\/\/xometry.eu\/cs\/rezani-vodnim-paprskem\/","og_locale":"cs_CZ","og_type":"article","og_title":"Waterjet Cutting","og_description":"Nab\u00edz\u00edme vysoce p\u0159esn\u00e9 CNC \u0159ez\u00e1n\u00ed vodn\u00edm paprskem jak pro m\u011bkk\u00e9 materi\u00e1ly, tak pro plechy, jako je hlin\u00edk, ocel a m\u011b\u010f.","og_url":"https:\/\/xometry.eu\/cs\/rezani-vodnim-paprskem\/","og_site_name":"Xometry Europe","article_modified_time":"2026-02-04T10:48:20+00:00","og_image":[{"url":"http:\/\/xometry.eu\/wp-content\/uploads\/2023\/02\/EN-Waterjet-cutting-service-page-1440x738.jpg","type":"","width":"","height":""}],"twitter_card":"summary_large_image","twitter_image":"https:\/\/xometry.de\/wp-content\/uploads\/2020\/08\/waterjet-cutting-sheet-metal-services.jpg","schema":{"@context":"https:\/\/schema.org","@graph":[{"@type":"WebPage","@id":"https:\/\/xometry.eu\/cs\/rezani-vodnim-paprskem\/","url":"https:\/\/xometry.eu\/cs\/rezani-vodnim-paprskem\/","name":"\u0158ez\u00e1n\u00ed vodn\u00edm paprskem | Objedn\u00e1vka d\u00edl\u016f online | Xometry Europe","isPartOf":{"@id":"https:\/\/xometry.eu\/cs\/#website"},"primaryImageOfPage":{"@id":"https:\/\/xometry.eu\/cs\/rezani-vodnim-paprskem\/#primaryimage"},"image":{"@id":"https:\/\/xometry.eu\/cs\/rezani-vodnim-paprskem\/#primaryimage"},"thumbnailUrl":"https:\/\/xometry.eu\/wp-content\/uploads\/2024\/02\/CS-Waterjet-cutting-service-page.jpg","datePublished":"2020-05-15T09:20:18+00:00","dateModified":"2026-02-04T10:48:20+00:00","description":"Nab\u00edz\u00edme vysoce p\u0159esn\u00e9 CNC \u0159ez\u00e1n\u00ed vodn\u00edm paprskem jak pro m\u011bkk\u00e9 materi\u00e1ly, tak pro plechy, jako je hlin\u00edk, ocel a m\u011b\u010f.","breadcrumb":{"@id":"https:\/\/xometry.eu\/cs\/rezani-vodnim-paprskem\/#breadcrumb"},"inLanguage":"cs","potentialAction":[{"@type":"ReadAction","target":["https:\/\/xometry.eu\/cs\/rezani-vodnim-paprskem\/"]}]},{"@type":"ImageObject","inLanguage":"cs","@id":"https:\/\/xometry.eu\/cs\/rezani-vodnim-paprskem\/#primaryimage","url":"https:\/\/xometry.eu\/wp-content\/uploads\/2024\/02\/CS-Waterjet-cutting-service-page.jpg","contentUrl":"https:\/\/xometry.eu\/wp-content\/uploads\/2024\/02\/CS-Waterjet-cutting-service-page.jpg","width":2400,"height":1230},{"@type":"BreadcrumbList","@id":"https:\/\/xometry.eu\/cs\/rezani-vodnim-paprskem\/#breadcrumb","itemListElement":[{"@type":"ListItem","position":1,"name":"Home","item":"https:\/\/xometry.eu\/cs\/"},{"@type":"ListItem","position":2,"name":"Waterjet Cutting"}]},{"@type":"WebSite","@id":"https:\/\/xometry.eu\/cs\/#website","url":"https:\/\/xometry.eu\/cs\/","name":"Xometry Europe","description":"","publisher":{"@id":"https:\/\/xometry.eu\/cs\/#organization"},"potentialAction":[{"@type":"SearchAction","target":{"@type":"EntryPoint","urlTemplate":"https:\/\/xometry.eu\/cs\/?s={search_term_string}"},"query-input":{"@type":"PropertyValueSpecification","valueRequired":true,"valueName":"search_term_string"}}],"inLanguage":"cs"}]}},"_links":{"self":[{"href":"https:\/\/xometry.eu\/cs\/wp-json\/wp\/v2\/pages\/128182","targetHints":{"allow":["GET"]}}],"collection":[{"href":"https:\/\/xometry.eu\/cs\/wp-json\/wp\/v2\/pages"}],"about":[{"href":"https:\/\/xometry.eu\/cs\/wp-json\/wp\/v2\/types\/page"}],"author":[{"embeddable":true,"href":"https:\/\/xometry.eu\/cs\/wp-json\/wp\/v2\/users\/1"}],"replies":[{"embeddable":true,"href":"https:\/\/xometry.eu\/cs\/wp-json\/wp\/v2\/comments?post=128182"}],"version-history":[{"count":0,"href":"https:\/\/xometry.eu\/cs\/wp-json\/wp\/v2\/pages\/128182\/revisions"}],"wp:featuredmedia":[{"embeddable":true,"href":"https:\/\/xometry.eu\/cs\/wp-json\/wp\/v2\/media\/135931"}],"wp:attachment":[{"href":"https:\/\/xometry.eu\/cs\/wp-json\/wp\/v2\/media?parent=128182"}],"curies":[{"name":"wp","href":"https:\/\/api.w.org\/{rel}","templated":true}]}}