{"id":128175,"date":"2020-05-15T09:16:54","date_gmt":"2020-05-15T09:16:54","guid":{"rendered":"https:\/\/xometry.eu\/plasma-cutting\/"},"modified":"2026-02-05T15:18:21","modified_gmt":"2026-02-05T13:18:21","slug":"plazmoveho-rezani","status":"publish","type":"page","link":"https:\/\/xometry.eu\/cs\/plazmoveho-rezani\/","title":{"rendered":"Plasma Cutting"},"content":{"rendered":"","protected":false},"excerpt":{"rendered":"","protected":false},"author":1,"featured_media":135886,"parent":0,"menu_order":0,"comment_status":"closed","ping_status":"closed","template":"","meta":{"_acf_changed":false,"inline_featured_image":false,"footnotes":""},"class_list":["post-128175","page","type-page","status-publish","has-post-thumbnail","hentry"],"acf":[],"yoast_head":"<!-- This site is optimized with the Yoast SEO Premium plugin v20.5 (Yoast SEO v27.1.1) - https:\/\/yoast.com\/product\/yoast-seo-premium-wordpress\/ -->\n<title>Servis plazmov\u00e9ho \u0159ez\u00e1n\u00ed | Objedn\u00e1vka d\u00edl\u016f online | Xometry Europe<\/title>\n<meta name=\"description\" content=\"Poskytujeme slu\u017eby plazmov\u00e9ho \u0159ez\u00e1n\u00ed pro v\u00fdrobu s\u00e9riov\u00fdch d\u00edl\u016f i prototyp\u016f z hlin\u00edku, oceli a slitin m\u011bdi.\" \/>\n<meta name=\"robots\" content=\"index, follow, max-snippet:-1, max-image-preview:large, max-video-preview:-1\" \/>\n<link rel=\"canonical\" href=\"https:\/\/xometry.eu\/cs\/plazmoveho-rezani\/\" \/>\n<meta property=\"og:locale\" content=\"cs_CZ\" \/>\n<meta property=\"og:type\" content=\"article\" \/>\n<meta property=\"og:title\" content=\"Plasma Cutting\" \/>\n<meta property=\"og:description\" content=\"Poskytujeme slu\u017eby plazmov\u00e9ho \u0159ez\u00e1n\u00ed pro v\u00fdrobu s\u00e9riov\u00fdch d\u00edl\u016f i prototyp\u016f z hlin\u00edku, oceli a slitin m\u011bdi.\" \/>\n<meta property=\"og:url\" content=\"https:\/\/xometry.eu\/cs\/plazmoveho-rezani\/\" \/>\n<meta property=\"og:site_name\" content=\"Xometry Europe\" \/>\n<meta property=\"article:modified_time\" content=\"2026-02-05T13:18:21+00:00\" \/>\n<meta property=\"og:image\" content=\"http:\/\/xometry.eu\/wp-content\/uploads\/2023\/02\/EN-Plasma-cutting-service-page-1440x738.jpg\" \/>\n<meta name=\"twitter:card\" content=\"summary_large_image\" \/>\n<meta name=\"twitter:image\" content=\"https:\/\/xometry.de\/wp-content\/uploads\/2020\/08\/plasma-cutting-sheet-metal-services-.jpg\" \/>\n<script type=\"application\/ld+json\" class=\"yoast-schema-graph\">{\"@context\":\"https:\/\/schema.org\",\"@graph\":[{\"@type\":\"WebPage\",\"@id\":\"https:\/\/xometry.eu\/cs\/plazmoveho-rezani\/\",\"url\":\"https:\/\/xometry.eu\/cs\/plazmoveho-rezani\/\",\"name\":\"Servis plazmov\u00e9ho \u0159ez\u00e1n\u00ed | Objedn\u00e1vka d\u00edl\u016f online | Xometry Europe\",\"isPartOf\":{\"@id\":\"https:\/\/xometry.eu\/cs\/#website\"},\"primaryImageOfPage\":{\"@id\":\"https:\/\/xometry.eu\/cs\/plazmoveho-rezani\/#primaryimage\"},\"image\":{\"@id\":\"https:\/\/xometry.eu\/cs\/plazmoveho-rezani\/#primaryimage\"},\"thumbnailUrl\":\"https:\/\/xometry.eu\/wp-content\/uploads\/2024\/02\/CS-Plasma-cutting-service-page.jpg\",\"datePublished\":\"2020-05-15T09:16:54+00:00\",\"dateModified\":\"2026-02-05T13:18:21+00:00\",\"description\":\"Poskytujeme slu\u017eby plazmov\u00e9ho \u0159ez\u00e1n\u00ed pro v\u00fdrobu s\u00e9riov\u00fdch d\u00edl\u016f i prototyp\u016f z hlin\u00edku, oceli a slitin m\u011bdi.\",\"breadcrumb\":{\"@id\":\"https:\/\/xometry.eu\/cs\/plazmoveho-rezani\/#breadcrumb\"},\"inLanguage\":\"cs\",\"potentialAction\":[{\"@type\":\"ReadAction\",\"target\":[\"https:\/\/xometry.eu\/cs\/plazmoveho-rezani\/\"]}]},{\"@type\":\"ImageObject\",\"inLanguage\":\"cs\",\"@id\":\"https:\/\/xometry.eu\/cs\/plazmoveho-rezani\/#primaryimage\",\"url\":\"https:\/\/xometry.eu\/wp-content\/uploads\/2024\/02\/CS-Plasma-cutting-service-page.jpg\",\"contentUrl\":\"https:\/\/xometry.eu\/wp-content\/uploads\/2024\/02\/CS-Plasma-cutting-service-page.jpg\",\"width\":2400,\"height\":1230},{\"@type\":\"BreadcrumbList\",\"@id\":\"https:\/\/xometry.eu\/cs\/plazmoveho-rezani\/#breadcrumb\",\"itemListElement\":[{\"@type\":\"ListItem\",\"position\":1,\"name\":\"Home\",\"item\":\"https:\/\/xometry.eu\/cs\/\"},{\"@type\":\"ListItem\",\"position\":2,\"name\":\"Plasma Cutting\"}]},{\"@type\":\"WebSite\",\"@id\":\"https:\/\/xometry.eu\/cs\/#website\",\"url\":\"https:\/\/xometry.eu\/cs\/\",\"name\":\"Xometry Europe\",\"description\":\"\",\"publisher\":{\"@id\":\"https:\/\/xometry.eu\/cs\/#organization\"},\"potentialAction\":[{\"@type\":\"SearchAction\",\"target\":{\"@type\":\"EntryPoint\",\"urlTemplate\":\"https:\/\/xometry.eu\/cs\/?s={search_term_string}\"},\"query-input\":{\"@type\":\"PropertyValueSpecification\",\"valueRequired\":true,\"valueName\":\"search_term_string\"}}],\"inLanguage\":\"cs\"}]}<\/script>\n<!-- \/ Yoast SEO Premium plugin. -->","yoast_head_json":{"title":"Servis plazmov\u00e9ho \u0159ez\u00e1n\u00ed | Objedn\u00e1vka d\u00edl\u016f online | Xometry Europe","description":"Poskytujeme slu\u017eby plazmov\u00e9ho \u0159ez\u00e1n\u00ed pro v\u00fdrobu s\u00e9riov\u00fdch d\u00edl\u016f i prototyp\u016f z hlin\u00edku, oceli a slitin m\u011bdi.","robots":{"index":"index","follow":"follow","max-snippet":"max-snippet:-1","max-image-preview":"max-image-preview:large","max-video-preview":"max-video-preview:-1"},"canonical":"https:\/\/xometry.eu\/cs\/plazmoveho-rezani\/","og_locale":"cs_CZ","og_type":"article","og_title":"Plasma Cutting","og_description":"Poskytujeme slu\u017eby plazmov\u00e9ho \u0159ez\u00e1n\u00ed pro v\u00fdrobu s\u00e9riov\u00fdch d\u00edl\u016f i prototyp\u016f z hlin\u00edku, oceli a slitin m\u011bdi.","og_url":"https:\/\/xometry.eu\/cs\/plazmoveho-rezani\/","og_site_name":"Xometry Europe","article_modified_time":"2026-02-05T13:18:21+00:00","og_image":[{"url":"http:\/\/xometry.eu\/wp-content\/uploads\/2023\/02\/EN-Plasma-cutting-service-page-1440x738.jpg","type":"","width":"","height":""}],"twitter_card":"summary_large_image","twitter_image":"https:\/\/xometry.de\/wp-content\/uploads\/2020\/08\/plasma-cutting-sheet-metal-services-.jpg","schema":{"@context":"https:\/\/schema.org","@graph":[{"@type":"WebPage","@id":"https:\/\/xometry.eu\/cs\/plazmoveho-rezani\/","url":"https:\/\/xometry.eu\/cs\/plazmoveho-rezani\/","name":"Servis plazmov\u00e9ho \u0159ez\u00e1n\u00ed | Objedn\u00e1vka d\u00edl\u016f online | Xometry Europe","isPartOf":{"@id":"https:\/\/xometry.eu\/cs\/#website"},"primaryImageOfPage":{"@id":"https:\/\/xometry.eu\/cs\/plazmoveho-rezani\/#primaryimage"},"image":{"@id":"https:\/\/xometry.eu\/cs\/plazmoveho-rezani\/#primaryimage"},"thumbnailUrl":"https:\/\/xometry.eu\/wp-content\/uploads\/2024\/02\/CS-Plasma-cutting-service-page.jpg","datePublished":"2020-05-15T09:16:54+00:00","dateModified":"2026-02-05T13:18:21+00:00","description":"Poskytujeme slu\u017eby plazmov\u00e9ho \u0159ez\u00e1n\u00ed pro v\u00fdrobu s\u00e9riov\u00fdch d\u00edl\u016f i prototyp\u016f z hlin\u00edku, oceli a slitin m\u011bdi.","breadcrumb":{"@id":"https:\/\/xometry.eu\/cs\/plazmoveho-rezani\/#breadcrumb"},"inLanguage":"cs","potentialAction":[{"@type":"ReadAction","target":["https:\/\/xometry.eu\/cs\/plazmoveho-rezani\/"]}]},{"@type":"ImageObject","inLanguage":"cs","@id":"https:\/\/xometry.eu\/cs\/plazmoveho-rezani\/#primaryimage","url":"https:\/\/xometry.eu\/wp-content\/uploads\/2024\/02\/CS-Plasma-cutting-service-page.jpg","contentUrl":"https:\/\/xometry.eu\/wp-content\/uploads\/2024\/02\/CS-Plasma-cutting-service-page.jpg","width":2400,"height":1230},{"@type":"BreadcrumbList","@id":"https:\/\/xometry.eu\/cs\/plazmoveho-rezani\/#breadcrumb","itemListElement":[{"@type":"ListItem","position":1,"name":"Home","item":"https:\/\/xometry.eu\/cs\/"},{"@type":"ListItem","position":2,"name":"Plasma Cutting"}]},{"@type":"WebSite","@id":"https:\/\/xometry.eu\/cs\/#website","url":"https:\/\/xometry.eu\/cs\/","name":"Xometry Europe","description":"","publisher":{"@id":"https:\/\/xometry.eu\/cs\/#organization"},"potentialAction":[{"@type":"SearchAction","target":{"@type":"EntryPoint","urlTemplate":"https:\/\/xometry.eu\/cs\/?s={search_term_string}"},"query-input":{"@type":"PropertyValueSpecification","valueRequired":true,"valueName":"search_term_string"}}],"inLanguage":"cs"}]}},"_links":{"self":[{"href":"https:\/\/xometry.eu\/cs\/wp-json\/wp\/v2\/pages\/128175","targetHints":{"allow":["GET"]}}],"collection":[{"href":"https:\/\/xometry.eu\/cs\/wp-json\/wp\/v2\/pages"}],"about":[{"href":"https:\/\/xometry.eu\/cs\/wp-json\/wp\/v2\/types\/page"}],"author":[{"embeddable":true,"href":"https:\/\/xometry.eu\/cs\/wp-json\/wp\/v2\/users\/1"}],"replies":[{"embeddable":true,"href":"https:\/\/xometry.eu\/cs\/wp-json\/wp\/v2\/comments?post=128175"}],"version-history":[{"count":4,"href":"https:\/\/xometry.eu\/cs\/wp-json\/wp\/v2\/pages\/128175\/revisions"}],"predecessor-version":[{"id":169980,"href":"https:\/\/xometry.eu\/cs\/wp-json\/wp\/v2\/pages\/128175\/revisions\/169980"}],"wp:featuredmedia":[{"embeddable":true,"href":"https:\/\/xometry.eu\/cs\/wp-json\/wp\/v2\/media\/135886"}],"wp:attachment":[{"href":"https:\/\/xometry.eu\/cs\/wp-json\/wp\/v2\/media?parent=128175"}],"curies":[{"name":"wp","href":"https:\/\/api.w.org\/{rel}","templated":true}]}}