{"id":128149,"date":"2020-05-14T08:36:09","date_gmt":"2020-05-14T08:36:09","guid":{"rendered":"https:\/\/xometry.eu\/cnc-milling\/"},"modified":"2026-02-02T16:01:10","modified_gmt":"2026-02-02T14:01:10","slug":"cnc-frezovani","status":"publish","type":"page","link":"https:\/\/xometry.eu\/cs\/cnc-frezovani\/","title":{"rendered":"CNC Milling"},"content":{"rendered":"","protected":false},"excerpt":{"rendered":"","protected":false},"author":1,"featured_media":135819,"parent":0,"menu_order":0,"comment_status":"closed","ping_status":"closed","template":"","meta":{"_acf_changed":false,"inline_featured_image":false,"footnotes":""},"class_list":["post-128149","page","type-page","status-publish","has-post-thumbnail","hentry"],"acf":[],"yoast_head":"<!-- This site is optimized with the Yoast SEO Premium plugin v20.5 (Yoast SEO v27.3) - https:\/\/yoast.com\/product\/yoast-seo-premium-wordpress\/ -->\n<title>Slu\u017eby CNC fr\u00e9zov\u00e1n\u00ed online | Objedn\u00e1vka fr\u00e9zovan\u00fdch d\u00edl\u016f | Xometry Europe<\/title>\n<meta name=\"description\" content=\"Poskytujeme slu\u017eby CNC fr\u00e9zov\u00e1n\u00ed libovoln\u00e9 slo\u017eitosti pro v\u00fdrobu s\u00e9riov\u00fdch d\u00edl\u016f i prototyp\u016f. Z\u00edskejte okam\u017eitou cenovou nab\u00eddku!\" \/>\n<meta name=\"robots\" content=\"index, follow, max-snippet:-1, max-image-preview:large, max-video-preview:-1\" \/>\n<link rel=\"canonical\" href=\"https:\/\/xometry.eu\/cs\/cnc-frezovani\/\" \/>\n<meta property=\"og:locale\" content=\"cs_CZ\" \/>\n<meta property=\"og:type\" content=\"article\" \/>\n<meta property=\"og:title\" content=\"CNC Milling\" \/>\n<meta property=\"og:description\" content=\"Poskytujeme slu\u017eby CNC fr\u00e9zov\u00e1n\u00ed libovoln\u00e9 slo\u017eitosti pro v\u00fdrobu s\u00e9riov\u00fdch d\u00edl\u016f i prototyp\u016f. Z\u00edskejte okam\u017eitou cenovou nab\u00eddku!\" \/>\n<meta property=\"og:url\" content=\"https:\/\/xometry.eu\/cs\/cnc-frezovani\/\" \/>\n<meta property=\"og:site_name\" content=\"Xometry Europe\" \/>\n<meta property=\"article:modified_time\" content=\"2026-02-02T14:01:10+00:00\" \/>\n<meta property=\"og:image\" content=\"http:\/\/xometry.eu\/wp-content\/uploads\/2023\/02\/EN-CNC-Milling-service-page-1440x737.jpg\" \/>\n<meta name=\"twitter:card\" content=\"summary_large_image\" \/>\n<script type=\"application\/ld+json\" class=\"yoast-schema-graph\">{\"@context\":\"https:\\\/\\\/schema.org\",\"@graph\":[{\"@type\":\"WebPage\",\"@id\":\"https:\\\/\\\/xometry.eu\\\/cs\\\/cnc-frezovani\\\/\",\"url\":\"https:\\\/\\\/xometry.eu\\\/cs\\\/cnc-frezovani\\\/\",\"name\":\"Slu\u017eby CNC fr\u00e9zov\u00e1n\u00ed online | Objedn\u00e1vka fr\u00e9zovan\u00fdch d\u00edl\u016f | Xometry Europe\",\"isPartOf\":{\"@id\":\"https:\\\/\\\/xometry.eu\\\/cs\\\/#website\"},\"primaryImageOfPage\":{\"@id\":\"https:\\\/\\\/xometry.eu\\\/cs\\\/cnc-frezovani\\\/#primaryimage\"},\"image\":{\"@id\":\"https:\\\/\\\/xometry.eu\\\/cs\\\/cnc-frezovani\\\/#primaryimage\"},\"thumbnailUrl\":\"https:\\\/\\\/xometry.eu\\\/wp-content\\\/uploads\\\/2024\\\/02\\\/CS-CNC-Milling-service-page.jpg\",\"datePublished\":\"2020-05-14T08:36:09+00:00\",\"dateModified\":\"2026-02-02T14:01:10+00:00\",\"description\":\"Poskytujeme slu\u017eby CNC fr\u00e9zov\u00e1n\u00ed libovoln\u00e9 slo\u017eitosti pro v\u00fdrobu s\u00e9riov\u00fdch d\u00edl\u016f i prototyp\u016f. Z\u00edskejte okam\u017eitou cenovou nab\u00eddku!\",\"breadcrumb\":{\"@id\":\"https:\\\/\\\/xometry.eu\\\/cs\\\/cnc-frezovani\\\/#breadcrumb\"},\"inLanguage\":\"cs\",\"potentialAction\":[{\"@type\":\"ReadAction\",\"target\":[\"https:\\\/\\\/xometry.eu\\\/cs\\\/cnc-frezovani\\\/\"]}]},{\"@type\":\"ImageObject\",\"inLanguage\":\"cs\",\"@id\":\"https:\\\/\\\/xometry.eu\\\/cs\\\/cnc-frezovani\\\/#primaryimage\",\"url\":\"https:\\\/\\\/xometry.eu\\\/wp-content\\\/uploads\\\/2024\\\/02\\\/CS-CNC-Milling-service-page.jpg\",\"contentUrl\":\"https:\\\/\\\/xometry.eu\\\/wp-content\\\/uploads\\\/2024\\\/02\\\/CS-CNC-Milling-service-page.jpg\",\"width\":2400,\"height\":1229},{\"@type\":\"BreadcrumbList\",\"@id\":\"https:\\\/\\\/xometry.eu\\\/cs\\\/cnc-frezovani\\\/#breadcrumb\",\"itemListElement\":[{\"@type\":\"ListItem\",\"position\":1,\"name\":\"Home\",\"item\":\"https:\\\/\\\/xometry.eu\\\/cs\\\/\"},{\"@type\":\"ListItem\",\"position\":2,\"name\":\"CNC Milling\"}]},{\"@type\":\"WebSite\",\"@id\":\"https:\\\/\\\/xometry.eu\\\/cs\\\/#website\",\"url\":\"https:\\\/\\\/xometry.eu\\\/cs\\\/\",\"name\":\"Xometry Europe\",\"description\":\"\",\"publisher\":{\"@id\":\"https:\\\/\\\/xometry.eu\\\/cs\\\/#organization\"},\"potentialAction\":[{\"@type\":\"SearchAction\",\"target\":{\"@type\":\"EntryPoint\",\"urlTemplate\":\"https:\\\/\\\/xometry.eu\\\/cs\\\/?s={search_term_string}\"},\"query-input\":{\"@type\":\"PropertyValueSpecification\",\"valueRequired\":true,\"valueName\":\"search_term_string\"}}],\"inLanguage\":\"cs\"}]}<\/script>\n<!-- \/ Yoast SEO Premium plugin. -->","yoast_head_json":{"title":"Slu\u017eby CNC fr\u00e9zov\u00e1n\u00ed online | Objedn\u00e1vka fr\u00e9zovan\u00fdch d\u00edl\u016f | Xometry Europe","description":"Poskytujeme slu\u017eby CNC fr\u00e9zov\u00e1n\u00ed libovoln\u00e9 slo\u017eitosti pro v\u00fdrobu s\u00e9riov\u00fdch d\u00edl\u016f i prototyp\u016f. Z\u00edskejte okam\u017eitou cenovou nab\u00eddku!","robots":{"index":"index","follow":"follow","max-snippet":"max-snippet:-1","max-image-preview":"max-image-preview:large","max-video-preview":"max-video-preview:-1"},"canonical":"https:\/\/xometry.eu\/cs\/cnc-frezovani\/","og_locale":"cs_CZ","og_type":"article","og_title":"CNC Milling","og_description":"Poskytujeme slu\u017eby CNC fr\u00e9zov\u00e1n\u00ed libovoln\u00e9 slo\u017eitosti pro v\u00fdrobu s\u00e9riov\u00fdch d\u00edl\u016f i prototyp\u016f. Z\u00edskejte okam\u017eitou cenovou nab\u00eddku!","og_url":"https:\/\/xometry.eu\/cs\/cnc-frezovani\/","og_site_name":"Xometry Europe","article_modified_time":"2026-02-02T14:01:10+00:00","og_image":[{"url":"http:\/\/xometry.eu\/wp-content\/uploads\/2023\/02\/EN-CNC-Milling-service-page-1440x737.jpg","type":"","width":"","height":""}],"twitter_card":"summary_large_image","schema":{"@context":"https:\/\/schema.org","@graph":[{"@type":"WebPage","@id":"https:\/\/xometry.eu\/cs\/cnc-frezovani\/","url":"https:\/\/xometry.eu\/cs\/cnc-frezovani\/","name":"Slu\u017eby CNC fr\u00e9zov\u00e1n\u00ed online | Objedn\u00e1vka fr\u00e9zovan\u00fdch d\u00edl\u016f | Xometry Europe","isPartOf":{"@id":"https:\/\/xometry.eu\/cs\/#website"},"primaryImageOfPage":{"@id":"https:\/\/xometry.eu\/cs\/cnc-frezovani\/#primaryimage"},"image":{"@id":"https:\/\/xometry.eu\/cs\/cnc-frezovani\/#primaryimage"},"thumbnailUrl":"https:\/\/xometry.eu\/wp-content\/uploads\/2024\/02\/CS-CNC-Milling-service-page.jpg","datePublished":"2020-05-14T08:36:09+00:00","dateModified":"2026-02-02T14:01:10+00:00","description":"Poskytujeme slu\u017eby CNC fr\u00e9zov\u00e1n\u00ed libovoln\u00e9 slo\u017eitosti pro v\u00fdrobu s\u00e9riov\u00fdch d\u00edl\u016f i prototyp\u016f. Z\u00edskejte okam\u017eitou cenovou nab\u00eddku!","breadcrumb":{"@id":"https:\/\/xometry.eu\/cs\/cnc-frezovani\/#breadcrumb"},"inLanguage":"cs","potentialAction":[{"@type":"ReadAction","target":["https:\/\/xometry.eu\/cs\/cnc-frezovani\/"]}]},{"@type":"ImageObject","inLanguage":"cs","@id":"https:\/\/xometry.eu\/cs\/cnc-frezovani\/#primaryimage","url":"https:\/\/xometry.eu\/wp-content\/uploads\/2024\/02\/CS-CNC-Milling-service-page.jpg","contentUrl":"https:\/\/xometry.eu\/wp-content\/uploads\/2024\/02\/CS-CNC-Milling-service-page.jpg","width":2400,"height":1229},{"@type":"BreadcrumbList","@id":"https:\/\/xometry.eu\/cs\/cnc-frezovani\/#breadcrumb","itemListElement":[{"@type":"ListItem","position":1,"name":"Home","item":"https:\/\/xometry.eu\/cs\/"},{"@type":"ListItem","position":2,"name":"CNC Milling"}]},{"@type":"WebSite","@id":"https:\/\/xometry.eu\/cs\/#website","url":"https:\/\/xometry.eu\/cs\/","name":"Xometry Europe","description":"","publisher":{"@id":"https:\/\/xometry.eu\/cs\/#organization"},"potentialAction":[{"@type":"SearchAction","target":{"@type":"EntryPoint","urlTemplate":"https:\/\/xometry.eu\/cs\/?s={search_term_string}"},"query-input":{"@type":"PropertyValueSpecification","valueRequired":true,"valueName":"search_term_string"}}],"inLanguage":"cs"}]}},"_links":{"self":[{"href":"https:\/\/xometry.eu\/cs\/wp-json\/wp\/v2\/pages\/128149","targetHints":{"allow":["GET"]}}],"collection":[{"href":"https:\/\/xometry.eu\/cs\/wp-json\/wp\/v2\/pages"}],"about":[{"href":"https:\/\/xometry.eu\/cs\/wp-json\/wp\/v2\/types\/page"}],"author":[{"embeddable":true,"href":"https:\/\/xometry.eu\/cs\/wp-json\/wp\/v2\/users\/1"}],"replies":[{"embeddable":true,"href":"https:\/\/xometry.eu\/cs\/wp-json\/wp\/v2\/comments?post=128149"}],"version-history":[{"count":0,"href":"https:\/\/xometry.eu\/cs\/wp-json\/wp\/v2\/pages\/128149\/revisions"}],"wp:featuredmedia":[{"embeddable":true,"href":"https:\/\/xometry.eu\/cs\/wp-json\/wp\/v2\/media\/135819"}],"wp:attachment":[{"href":"https:\/\/xometry.eu\/cs\/wp-json\/wp\/v2\/media?parent=128149"}],"curies":[{"name":"wp","href":"https:\/\/api.w.org\/{rel}","templated":true}]}}